{"id":9681,"date":"2018-10-07T17:38:22","date_gmt":"2018-10-07T15:38:22","guid":{"rendered":"https:\/\/produccion.librosdelzorrorojo.com\/catalogo\/cuentos-de-mama-osa\/"},"modified":"2026-05-08T17:11:37","modified_gmt":"2026-05-08T15:11:37","slug":"els-contes-de-la-mare-ossa","status":"publish","type":"product","link":"https:\/\/librosdelzorrorojo.com\/ca\/cataleg\/els-contes-de-la-mare-ossa\/","title":{"rendered":"Els contes de la Mare Ossa"},"content":{"rendered":"<p>\u2014Mare, explica\u2019m tres contes \u2014diu l\u2019Osset.<\/p>\n<p>\u2014Tres contes? No s\u00f3n pas pocs! \u2014exclama la Mare Ossa.<\/p>\n<p>\u2014Si us plau, si us plau, si us plau. Te\u2019ls he demanat \u00absi us plau\u00bb tres cops!<\/p>\n<p>\u00c9s hora d\u2019anar dormir, per\u00f2 qu\u00e8 podem fer quan ens costa agafar el son? Els contes de la Mare Ossa narren hist\u00f2ries senzilles de la nit que, entre xiuxiuejos, ajuden els m\u00e9s petits a allargar aquest moment m\u00e0gic d\u2019abans d\u2019anar a dormir. El bosc es prepara per dormir: els peixos, les formigues, l\u2019ermini\u2026 La guardiana de la nit els recorda amb el seu gong que \u00abja \u00e9s hora de dormir\u00bb i que dem\u00e0 els espera un m\u00f3n de sorpreses. No obstant aix\u00f2, no tots aconsegueixen agafar el son. De vegades la nit cau de sobte, quan l\u2019aventura tot just ha comen\u00e7at. D\u2019altres, simplement, els ulls es queden oberts com els d\u2019una \u00f2liba. Qu\u00e8 es pot fer per travessar la nit fins al mat\u00ed?<\/p>\n<p>Els personatges creats per Kitty Crowther irradien tendresa, m\u00e0gia i poesia. La nit dels seus contes \u00e9s tan fosca com un misteri, i al mateix temps, brilla amb un rosa llumin\u00f3s que recorda que el crepuscle tamb\u00e9 \u00e9s l\u2019hora de la fantasia, dels somnis estranys i dels secrets meravellosos.<\/p>\n<p>&#8211;<\/p>\n<p>Ressenya a <em>Ara Llegim<\/em> <span style=\"color: #ff0000;\"><a href=\"https:\/\/librosdelzorrorojo.com\/ca\/els-contes-de-la-mare-ossa\/\" style=\"color: #ff0000;\">aqu\u00ed.<\/a><\/span><\/p>\n","protected":false},"excerpt":{"rendered":"Els personatges creats per Kitty Crowther irradien tendresa, m\u00e0gia i poesia. La nit dels seus contes \u00e9s tan fosca com un misteri, i al mateix temps, brilla amb un rosa llumin\u00f3s que recorda que el crepuscle tamb\u00e9 \u00e9s l\u2019hora de la fantasia, dels somnis estranys i dels secrets meravellosos.","protected":false},"featured_media":9475,"template":"","meta":{"_acf_changed":false},"product_brand":[],"product_cat":[840],"product_tag":[],"class_list":{"0":"post-9681","1":"product","2":"type-product","3":"status-publish","4":"has-post-thumbnail","6":"product_cat-catala","7":"vinculo-cuentos-de-mama-osa","9":"first","10":"instock","11":"taxable","12":"shipping-taxable","13":"purchasable","14":"product-type-simple"},"acf":[],"yoast_head":"<!-- This site is optimized with the Yoast SEO plugin v25.1 - https:\/\/yoast.com\/wordpress\/plugins\/seo\/ -->\n<title>Els contes de la Mare Ossa - Libros del Zorro Rojo<\/title>\n<meta name=\"description\" content=\"\u00c9s hora d\u2019anar dormir, per\u00f2 qu\u00e8 podem fer quan ens costa agafar el son? Els contes de la Mare Ossa narren hist\u00f2ries senzilles de la nit que\" \/>\n<meta name=\"robots\" content=\"index, follow, max-snippet:-1, max-image-preview:large, max-video-preview:-1\" \/>\n<link rel=\"canonical\" href=\"https:\/\/librosdelzorrorojo.com\/ca\/cataleg\/els-contes-de-la-mare-ossa\/\" \/>\n<meta property=\"og:locale\" content=\"ca_ES\" \/>\n<meta property=\"og:type\" content=\"article\" \/>\n<meta property=\"og:title\" content=\"Els contes de la Mare Ossa - Libros del Zorro Rojo\" \/>\n<meta property=\"og:description\" content=\"\u00c9s hora d\u2019anar dormir, per\u00f2 qu\u00e8 podem fer quan ens costa agafar el son? Els contes de la Mare Ossa narren hist\u00f2ries senzilles de la nit que\" \/>\n<meta property=\"og:url\" content=\"https:\/\/librosdelzorrorojo.com\/ca\/cataleg\/els-contes-de-la-mare-ossa\/\" \/>\n<meta property=\"og:site_name\" content=\"Libros del Zorro Rojo\" \/>\n<meta property=\"article:modified_time\" content=\"2026-05-08T15:11:37+00:00\" \/>\n<meta property=\"og:image\" content=\"https:\/\/librosdelzorrorojo.com\/wp-content\/uploads\/2018\/08\/Cover_ElsContesDeLaMareOssa.png\" \/>\n\t<meta property=\"og:image:width\" content=\"850\" \/>\n\t<meta property=\"og:image:height\" content=\"1022\" \/>\n\t<meta property=\"og:image:type\" content=\"image\/png\" \/>\n<meta name=\"twitter:card\" content=\"summary_large_image\" \/>\n<meta name=\"twitter:label1\" content=\"Temps estimat de lectura\" \/>\n\t<meta name=\"twitter:data1\" content=\"2 minuts\" \/>\n<script type=\"application\/ld+json\" class=\"yoast-schema-graph\">{\"@context\":\"https:\/\/schema.org\",\"@graph\":[{\"@type\":\"WebPage\",\"@id\":\"https:\/\/librosdelzorrorojo.com\/ca\/cataleg\/els-contes-de-la-mare-ossa\/\",\"url\":\"https:\/\/librosdelzorrorojo.com\/ca\/cataleg\/els-contes-de-la-mare-ossa\/\",\"name\":\"Els contes de la Mare Ossa - Libros del Zorro Rojo\",\"isPartOf\":{\"@id\":\"https:\/\/librosdelzorrorojo.com\/#website\"},\"primaryImageOfPage\":{\"@id\":\"https:\/\/librosdelzorrorojo.com\/ca\/cataleg\/els-contes-de-la-mare-ossa\/#primaryimage\"},\"image\":{\"@id\":\"https:\/\/librosdelzorrorojo.com\/ca\/cataleg\/els-contes-de-la-mare-ossa\/#primaryimage\"},\"thumbnailUrl\":\"https:\/\/librosdelzorrorojo.com\/wp-content\/uploads\/2018\/08\/Cover_ElsContesDeLaMareOssa.png\",\"datePublished\":\"2018-10-07T15:38:22+00:00\",\"dateModified\":\"2026-05-08T15:11:37+00:00\",\"description\":\"\u00c9s hora d\u2019anar dormir, per\u00f2 qu\u00e8 podem fer quan ens costa agafar el son? Els contes de la Mare Ossa narren hist\u00f2ries senzilles de la nit que\",\"breadcrumb\":{\"@id\":\"https:\/\/librosdelzorrorojo.com\/ca\/cataleg\/els-contes-de-la-mare-ossa\/#breadcrumb\"},\"inLanguage\":\"ca\",\"potentialAction\":[{\"@type\":\"ReadAction\",\"target\":[\"https:\/\/librosdelzorrorojo.com\/ca\/cataleg\/els-contes-de-la-mare-ossa\/\"]}]},{\"@type\":\"ImageObject\",\"inLanguage\":\"ca\",\"@id\":\"https:\/\/librosdelzorrorojo.com\/ca\/cataleg\/els-contes-de-la-mare-ossa\/#primaryimage\",\"url\":\"https:\/\/librosdelzorrorojo.com\/wp-content\/uploads\/2018\/08\/Cover_ElsContesDeLaMareOssa.png\",\"contentUrl\":\"https:\/\/librosdelzorrorojo.com\/wp-content\/uploads\/2018\/08\/Cover_ElsContesDeLaMareOssa.png\",\"width\":850,\"height\":1022,\"caption\":\"Cover ElsContesDeLaMareOssa\"},{\"@type\":\"BreadcrumbList\",\"@id\":\"https:\/\/librosdelzorrorojo.com\/ca\/cataleg\/els-contes-de-la-mare-ossa\/#breadcrumb\",\"itemListElement\":[{\"@type\":\"ListItem\",\"position\":1,\"name\":\"Portada\",\"item\":\"https:\/\/librosdelzorrorojo.com\/ca\/\"},{\"@type\":\"ListItem\",\"position\":2,\"name\":\"Cat\u00e0leg\",\"item\":\"https:\/\/librosdelzorrorojo.com\/ca\/cataleg\/\"},{\"@type\":\"ListItem\",\"position\":3,\"name\":\"Els contes de la Mare Ossa\"}]},{\"@type\":\"WebSite\",\"@id\":\"https:\/\/librosdelzorrorojo.com\/#website\",\"url\":\"https:\/\/librosdelzorrorojo.com\/\",\"name\":\"Libros del Zorro Rojo\",\"description\":\"Libros ilustrados\",\"potentialAction\":[{\"@type\":\"SearchAction\",\"target\":{\"@type\":\"EntryPoint\",\"urlTemplate\":\"https:\/\/librosdelzorrorojo.com\/?s={search_term_string}\"},\"query-input\":{\"@type\":\"PropertyValueSpecification\",\"valueRequired\":true,\"valueName\":\"search_term_string\"}}],\"inLanguage\":\"ca\"}]}<\/script>\n<!-- \/ Yoast SEO plugin. -->","yoast_head_json":{"title":"Els contes de la Mare Ossa - Libros del Zorro Rojo","description":"\u00c9s hora d\u2019anar dormir, per\u00f2 qu\u00e8 podem fer quan ens costa agafar el son? Els contes de la Mare Ossa narren hist\u00f2ries senzilles de la nit que","robots":{"index":"index","follow":"follow","max-snippet":"max-snippet:-1","max-image-preview":"max-image-preview:large","max-video-preview":"max-video-preview:-1"},"canonical":"https:\/\/librosdelzorrorojo.com\/ca\/cataleg\/els-contes-de-la-mare-ossa\/","og_locale":"ca_ES","og_type":"article","og_title":"Els contes de la Mare Ossa - Libros del Zorro Rojo","og_description":"\u00c9s hora d\u2019anar dormir, per\u00f2 qu\u00e8 podem fer quan ens costa agafar el son? Els contes de la Mare Ossa narren hist\u00f2ries senzilles de la nit que","og_url":"https:\/\/librosdelzorrorojo.com\/ca\/cataleg\/els-contes-de-la-mare-ossa\/","og_site_name":"Libros del Zorro Rojo","article_modified_time":"2026-05-08T15:11:37+00:00","og_image":[{"width":850,"height":1022,"url":"https:\/\/librosdelzorrorojo.com\/wp-content\/uploads\/2018\/08\/Cover_ElsContesDeLaMareOssa.png","type":"image\/png"}],"twitter_card":"summary_large_image","twitter_misc":{"Temps estimat de lectura":"2 minuts"},"schema":{"@context":"https:\/\/schema.org","@graph":[{"@type":"WebPage","@id":"https:\/\/librosdelzorrorojo.com\/ca\/cataleg\/els-contes-de-la-mare-ossa\/","url":"https:\/\/librosdelzorrorojo.com\/ca\/cataleg\/els-contes-de-la-mare-ossa\/","name":"Els contes de la Mare Ossa - Libros del Zorro Rojo","isPartOf":{"@id":"https:\/\/librosdelzorrorojo.com\/#website"},"primaryImageOfPage":{"@id":"https:\/\/librosdelzorrorojo.com\/ca\/cataleg\/els-contes-de-la-mare-ossa\/#primaryimage"},"image":{"@id":"https:\/\/librosdelzorrorojo.com\/ca\/cataleg\/els-contes-de-la-mare-ossa\/#primaryimage"},"thumbnailUrl":"https:\/\/librosdelzorrorojo.com\/wp-content\/uploads\/2018\/08\/Cover_ElsContesDeLaMareOssa.png","datePublished":"2018-10-07T15:38:22+00:00","dateModified":"2026-05-08T15:11:37+00:00","description":"\u00c9s hora d\u2019anar dormir, per\u00f2 qu\u00e8 podem fer quan ens costa agafar el son? Els contes de la Mare Ossa narren hist\u00f2ries senzilles de la nit que","breadcrumb":{"@id":"https:\/\/librosdelzorrorojo.com\/ca\/cataleg\/els-contes-de-la-mare-ossa\/#breadcrumb"},"inLanguage":"ca","potentialAction":[{"@type":"ReadAction","target":["https:\/\/librosdelzorrorojo.com\/ca\/cataleg\/els-contes-de-la-mare-ossa\/"]}]},{"@type":"ImageObject","inLanguage":"ca","@id":"https:\/\/librosdelzorrorojo.com\/ca\/cataleg\/els-contes-de-la-mare-ossa\/#primaryimage","url":"https:\/\/librosdelzorrorojo.com\/wp-content\/uploads\/2018\/08\/Cover_ElsContesDeLaMareOssa.png","contentUrl":"https:\/\/librosdelzorrorojo.com\/wp-content\/uploads\/2018\/08\/Cover_ElsContesDeLaMareOssa.png","width":850,"height":1022,"caption":"Cover ElsContesDeLaMareOssa"},{"@type":"BreadcrumbList","@id":"https:\/\/librosdelzorrorojo.com\/ca\/cataleg\/els-contes-de-la-mare-ossa\/#breadcrumb","itemListElement":[{"@type":"ListItem","position":1,"name":"Portada","item":"https:\/\/librosdelzorrorojo.com\/ca\/"},{"@type":"ListItem","position":2,"name":"Cat\u00e0leg","item":"https:\/\/librosdelzorrorojo.com\/ca\/cataleg\/"},{"@type":"ListItem","position":3,"name":"Els contes de la Mare Ossa"}]},{"@type":"WebSite","@id":"https:\/\/librosdelzorrorojo.com\/#website","url":"https:\/\/librosdelzorrorojo.com\/","name":"Libros del Zorro Rojo","description":"Libros ilustrados","potentialAction":[{"@type":"SearchAction","target":{"@type":"EntryPoint","urlTemplate":"https:\/\/librosdelzorrorojo.com\/?s={search_term_string}"},"query-input":{"@type":"PropertyValueSpecification","valueRequired":true,"valueName":"search_term_string"}}],"inLanguage":"ca"}]}},"_links":{"self":[{"href":"https:\/\/librosdelzorrorojo.com\/ca\/wp-json\/wp\/v2\/product\/9681","targetHints":{"allow":["GET"]}}],"collection":[{"href":"https:\/\/librosdelzorrorojo.com\/ca\/wp-json\/wp\/v2\/product"}],"about":[{"href":"https:\/\/librosdelzorrorojo.com\/ca\/wp-json\/wp\/v2\/types\/product"}],"wp:featuredmedia":[{"embeddable":true,"href":"https:\/\/librosdelzorrorojo.com\/ca\/wp-json\/wp\/v2\/media\/9475"}],"wp:attachment":[{"href":"https:\/\/librosdelzorrorojo.com\/ca\/wp-json\/wp\/v2\/media?parent=9681"}],"wp:term":[{"taxonomy":"product_brand","embeddable":true,"href":"https:\/\/librosdelzorrorojo.com\/ca\/wp-json\/wp\/v2\/product_brand?post=9681"},{"taxonomy":"product_cat","embeddable":true,"href":"https:\/\/librosdelzorrorojo.com\/ca\/wp-json\/wp\/v2\/product_cat?post=9681"},{"taxonomy":"product_tag","embeddable":true,"href":"https:\/\/librosdelzorrorojo.com\/ca\/wp-json\/wp\/v2\/product_tag?post=9681"}],"curies":[{"name":"wp","href":"https:\/\/api.w.org\/{rel}","templated":true}]}}