{"id":8620,"date":"2018-09-01T18:14:27","date_gmt":"2018-09-01T16:14:27","guid":{"rendered":"https:\/\/produccion.librosdelzorrorojo.com\/?post_type=product&#038;p=8620"},"modified":"2024-03-01T09:19:25","modified_gmt":"2024-03-01T08:19:25","slug":"lluny-ben-lluny-daqui","status":"publish","type":"product","link":"https:\/\/librosdelzorrorojo.com\/ca\/cataleg\/lluny-ben-lluny-daqui\/","title":{"rendered":"Lluny, ben lluny d&#8217;aqu\u00ed"},"content":{"rendered":"<p class=\"p2\">El dia a dia est\u00e0 ple de situacions que ens provoquen un ventall d\u2019emocions a tots plegats, tamb\u00e9 als m\u00e9s petits. La protagonista d\u2019aquest llibre \u00e0lbum descriu com, en una sola jornada, pot passar d\u2019un estat d\u2019euf\u00f2ria a un altre de tristesa, i entremig, experimentar un munt de sentiments contradictoris que poden provocar frustraci\u00f3 i fins i tot ganes de desapar\u00e8ixer.\u00a0No obstant aix\u00f2, existeix un lloc, dins nostre, on \u00e9s possible transformar aquest desig en una sensaci\u00f3 positiva i saludable: \u00abSer petita o estar furiosa, trista i atabalada tampoc \u00e9s tan terrible\u00bb.<\/p>\n<p>Mira el booktrailer <span style=\"color: #ff0000;\"><a href=\"https:\/\/www.youtube.com\/watch?v=5GyxJSPhYG0&amp;t=16s\" style=\"color: #ff0000;\">aqu\u00ed.<\/a><\/span><\/p>\n<p>&#8211;<\/p>\n<p>Ressenya a <em>Llibreria Al\u00b7lots<\/em> <span style=\"color: #ff0000;\"><a href=\"https:\/\/librosdelzorrorojo.com\/ca\/el-text-condueix-al-lector-cap-a-la-reflexio\/\" style=\"color: #ff0000;\">aqu\u00ed.<\/a><\/span><\/p>\n<p>&nbsp;<\/p>\n","protected":false},"excerpt":{"rendered":"<p class=\"p2\">El dia a dia est\u00e0 ple de situacions que ens provoquen un ventall d\u2019emocions a tots plegats, tamb\u00e9 als m\u00e9s petits. La protagonista d\u2019aquest llibre \u00e0lbum descriu com, en una sola jornada, pot passar d\u2019un estat d\u2019euf\u00f2ria a un altre de tristesa, i entremig, experimentar un munt de sentiments contradictoris que poden provocar frustraci\u00f3 i fins i tot ganes de desapar\u00e8ixer.\u00a0No obstant aix\u00f2, existeix un lloc, dins nostre, on \u00e9s possible transformar aquest desig en una sensaci\u00f3 positiva i saludable: \u00abSer petita o estar furiosa, trista i atabalada tampoc \u00e9s tan terrible\u00bb.<\/p>","protected":false},"featured_media":9442,"template":"","meta":{"_acf_changed":false},"product_brand":[],"product_cat":[840,843],"product_tag":[],"class_list":{"0":"post-8620","1":"product","2":"type-product","3":"status-publish","4":"has-post-thumbnail","6":"product_cat-catala","7":"product_cat-infantiles-ca","8":"vinculo-lejos-lejos-de-casa","10":"first","11":"outofstock","12":"taxable","13":"shipping-taxable","14":"purchasable","15":"product-type-simple"},"acf":[],"yoast_head":"<!-- This site is optimized with the Yoast SEO plugin v25.1 - https:\/\/yoast.com\/wordpress\/plugins\/seo\/ -->\n<title>Lluny, ben lluny d&#039;aqu\u00ed - Rachel Woodworth - Libros del Zorro Rojo<\/title>\n<meta name=\"description\" content=\"El dia a dia est\u00e0 ple de situacions que ens provoquen un ventall d\u2019emocions a tots plegats, tamb\u00e9 als m\u00e9s petits. La protagonista d\u2019aquest llibre\" \/>\n<meta name=\"robots\" content=\"index, follow, max-snippet:-1, max-image-preview:large, max-video-preview:-1\" \/>\n<link rel=\"canonical\" href=\"https:\/\/librosdelzorrorojo.com\/ca\/cataleg\/lluny-ben-lluny-daqui\/\" \/>\n<meta property=\"og:locale\" content=\"ca_ES\" \/>\n<meta property=\"og:type\" content=\"article\" \/>\n<meta property=\"og:title\" content=\"Lluny, ben lluny d&#039;aqu\u00ed - Rachel Woodworth - Libros del Zorro Rojo\" \/>\n<meta property=\"og:description\" content=\"El d\u00eda a d\u00eda est\u00e1 lleno de situaciones que nos provocan un abanico de emociones, tambi\u00e9n a los m\u00e1s peque\u00f1os. La protagonista de este libro-\u00e1lbum describe c\u00f3mo, en una sola jornada, puede pasar de un estado de euforia a otro de tristeza, y, en medio, experimentar un sinf\u00edn de sentimientos contradictorios que pueden provocar frustraci\u00f3n e incluso deseos de desaparecer...\" \/>\n<meta property=\"og:url\" content=\"https:\/\/librosdelzorrorojo.com\/ca\/cataleg\/lluny-ben-lluny-daqui\/\" \/>\n<meta property=\"og:site_name\" content=\"Libros del Zorro Rojo\" \/>\n<meta property=\"article:modified_time\" content=\"2024-03-01T08:19:25+00:00\" \/>\n<meta property=\"og:image\" content=\"https:\/\/librosdelzorrorojo.com\/wp-content\/uploads\/2018\/08\/LejosLejos03-01-1024x581.png\" \/>\n\t<meta property=\"og:image:width\" content=\"1024\" \/>\n\t<meta property=\"og:image:height\" content=\"581\" \/>\n\t<meta property=\"og:image:type\" content=\"image\/png\" \/>\n<meta name=\"twitter:card\" content=\"summary_large_image\" \/>\n<meta name=\"twitter:label1\" content=\"Temps estimat de lectura\" \/>\n\t<meta name=\"twitter:data1\" content=\"1 minut\" \/>\n<script type=\"application\/ld+json\" class=\"yoast-schema-graph\">{\"@context\":\"https:\/\/schema.org\",\"@graph\":[{\"@type\":\"WebPage\",\"@id\":\"https:\/\/librosdelzorrorojo.com\/ca\/cataleg\/lluny-ben-lluny-daqui\/\",\"url\":\"https:\/\/librosdelzorrorojo.com\/ca\/cataleg\/lluny-ben-lluny-daqui\/\",\"name\":\"Lluny, ben lluny d'aqu\u00ed - Rachel Woodworth - Libros del Zorro Rojo\",\"isPartOf\":{\"@id\":\"https:\/\/librosdelzorrorojo.com\/#website\"},\"primaryImageOfPage\":{\"@id\":\"https:\/\/librosdelzorrorojo.com\/ca\/cataleg\/lluny-ben-lluny-daqui\/#primaryimage\"},\"image\":{\"@id\":\"https:\/\/librosdelzorrorojo.com\/ca\/cataleg\/lluny-ben-lluny-daqui\/#primaryimage\"},\"thumbnailUrl\":\"https:\/\/librosdelzorrorojo.com\/wp-content\/uploads\/2018\/08\/Cover-Lluny-ben-lluny-1.png\",\"datePublished\":\"2018-09-01T16:14:27+00:00\",\"dateModified\":\"2024-03-01T08:19:25+00:00\",\"description\":\"El dia a dia est\u00e0 ple de situacions que ens provoquen un ventall d\u2019emocions a tots plegats, tamb\u00e9 als m\u00e9s petits. La protagonista d\u2019aquest llibre\",\"breadcrumb\":{\"@id\":\"https:\/\/librosdelzorrorojo.com\/ca\/cataleg\/lluny-ben-lluny-daqui\/#breadcrumb\"},\"inLanguage\":\"ca\",\"potentialAction\":[{\"@type\":\"ReadAction\",\"target\":[\"https:\/\/librosdelzorrorojo.com\/ca\/cataleg\/lluny-ben-lluny-daqui\/\"]}]},{\"@type\":\"ImageObject\",\"inLanguage\":\"ca\",\"@id\":\"https:\/\/librosdelzorrorojo.com\/ca\/cataleg\/lluny-ben-lluny-daqui\/#primaryimage\",\"url\":\"https:\/\/librosdelzorrorojo.com\/wp-content\/uploads\/2018\/08\/Cover-Lluny-ben-lluny-1.png\",\"contentUrl\":\"https:\/\/librosdelzorrorojo.com\/wp-content\/uploads\/2018\/08\/Cover-Lluny-ben-lluny-1.png\",\"width\":850,\"height\":998,\"caption\":\"Cover Lluny ben lluny 1\"},{\"@type\":\"BreadcrumbList\",\"@id\":\"https:\/\/librosdelzorrorojo.com\/ca\/cataleg\/lluny-ben-lluny-daqui\/#breadcrumb\",\"itemListElement\":[{\"@type\":\"ListItem\",\"position\":1,\"name\":\"Portada\",\"item\":\"https:\/\/librosdelzorrorojo.com\/ca\/\"},{\"@type\":\"ListItem\",\"position\":2,\"name\":\"Cat\u00e0leg\",\"item\":\"https:\/\/librosdelzorrorojo.com\/ca\/cataleg\/\"},{\"@type\":\"ListItem\",\"position\":3,\"name\":\"Lluny, ben lluny d&#8217;aqu\u00ed\"}]},{\"@type\":\"WebSite\",\"@id\":\"https:\/\/librosdelzorrorojo.com\/#website\",\"url\":\"https:\/\/librosdelzorrorojo.com\/\",\"name\":\"Libros del Zorro Rojo\",\"description\":\"Libros ilustrados\",\"potentialAction\":[{\"@type\":\"SearchAction\",\"target\":{\"@type\":\"EntryPoint\",\"urlTemplate\":\"https:\/\/librosdelzorrorojo.com\/?s={search_term_string}\"},\"query-input\":{\"@type\":\"PropertyValueSpecification\",\"valueRequired\":true,\"valueName\":\"search_term_string\"}}],\"inLanguage\":\"ca\"}]}<\/script>\n<!-- \/ Yoast SEO plugin. -->","yoast_head_json":{"title":"Lluny, ben lluny d'aqu\u00ed - Rachel Woodworth - Libros del Zorro Rojo","description":"El dia a dia est\u00e0 ple de situacions que ens provoquen un ventall d\u2019emocions a tots plegats, tamb\u00e9 als m\u00e9s petits. La protagonista d\u2019aquest llibre","robots":{"index":"index","follow":"follow","max-snippet":"max-snippet:-1","max-image-preview":"max-image-preview:large","max-video-preview":"max-video-preview:-1"},"canonical":"https:\/\/librosdelzorrorojo.com\/ca\/cataleg\/lluny-ben-lluny-daqui\/","og_locale":"ca_ES","og_type":"article","og_title":"Lluny, ben lluny d'aqu\u00ed - Rachel Woodworth - Libros del Zorro Rojo","og_description":"El d\u00eda a d\u00eda est\u00e1 lleno de situaciones que nos provocan un abanico de emociones, tambi\u00e9n a los m\u00e1s peque\u00f1os. La protagonista de este libro-\u00e1lbum describe c\u00f3mo, en una sola jornada, puede pasar de un estado de euforia a otro de tristeza, y, en medio, experimentar un sinf\u00edn de sentimientos contradictorios que pueden provocar frustraci\u00f3n e incluso deseos de desaparecer...","og_url":"https:\/\/librosdelzorrorojo.com\/ca\/cataleg\/lluny-ben-lluny-daqui\/","og_site_name":"Libros del Zorro Rojo","article_modified_time":"2024-03-01T08:19:25+00:00","og_image":[{"width":1024,"height":581,"url":"https:\/\/librosdelzorrorojo.com\/wp-content\/uploads\/2018\/08\/LejosLejos03-01-1024x581.png","type":"image\/png"}],"twitter_card":"summary_large_image","twitter_misc":{"Temps estimat de lectura":"1 minut"},"schema":{"@context":"https:\/\/schema.org","@graph":[{"@type":"WebPage","@id":"https:\/\/librosdelzorrorojo.com\/ca\/cataleg\/lluny-ben-lluny-daqui\/","url":"https:\/\/librosdelzorrorojo.com\/ca\/cataleg\/lluny-ben-lluny-daqui\/","name":"Lluny, ben lluny d'aqu\u00ed - Rachel Woodworth - Libros del Zorro Rojo","isPartOf":{"@id":"https:\/\/librosdelzorrorojo.com\/#website"},"primaryImageOfPage":{"@id":"https:\/\/librosdelzorrorojo.com\/ca\/cataleg\/lluny-ben-lluny-daqui\/#primaryimage"},"image":{"@id":"https:\/\/librosdelzorrorojo.com\/ca\/cataleg\/lluny-ben-lluny-daqui\/#primaryimage"},"thumbnailUrl":"https:\/\/librosdelzorrorojo.com\/wp-content\/uploads\/2018\/08\/Cover-Lluny-ben-lluny-1.png","datePublished":"2018-09-01T16:14:27+00:00","dateModified":"2024-03-01T08:19:25+00:00","description":"El dia a dia est\u00e0 ple de situacions que ens provoquen un ventall d\u2019emocions a tots plegats, tamb\u00e9 als m\u00e9s petits. La protagonista d\u2019aquest llibre","breadcrumb":{"@id":"https:\/\/librosdelzorrorojo.com\/ca\/cataleg\/lluny-ben-lluny-daqui\/#breadcrumb"},"inLanguage":"ca","potentialAction":[{"@type":"ReadAction","target":["https:\/\/librosdelzorrorojo.com\/ca\/cataleg\/lluny-ben-lluny-daqui\/"]}]},{"@type":"ImageObject","inLanguage":"ca","@id":"https:\/\/librosdelzorrorojo.com\/ca\/cataleg\/lluny-ben-lluny-daqui\/#primaryimage","url":"https:\/\/librosdelzorrorojo.com\/wp-content\/uploads\/2018\/08\/Cover-Lluny-ben-lluny-1.png","contentUrl":"https:\/\/librosdelzorrorojo.com\/wp-content\/uploads\/2018\/08\/Cover-Lluny-ben-lluny-1.png","width":850,"height":998,"caption":"Cover Lluny ben lluny 1"},{"@type":"BreadcrumbList","@id":"https:\/\/librosdelzorrorojo.com\/ca\/cataleg\/lluny-ben-lluny-daqui\/#breadcrumb","itemListElement":[{"@type":"ListItem","position":1,"name":"Portada","item":"https:\/\/librosdelzorrorojo.com\/ca\/"},{"@type":"ListItem","position":2,"name":"Cat\u00e0leg","item":"https:\/\/librosdelzorrorojo.com\/ca\/cataleg\/"},{"@type":"ListItem","position":3,"name":"Lluny, ben lluny d&#8217;aqu\u00ed"}]},{"@type":"WebSite","@id":"https:\/\/librosdelzorrorojo.com\/#website","url":"https:\/\/librosdelzorrorojo.com\/","name":"Libros del Zorro Rojo","description":"Libros ilustrados","potentialAction":[{"@type":"SearchAction","target":{"@type":"EntryPoint","urlTemplate":"https:\/\/librosdelzorrorojo.com\/?s={search_term_string}"},"query-input":{"@type":"PropertyValueSpecification","valueRequired":true,"valueName":"search_term_string"}}],"inLanguage":"ca"}]}},"_links":{"self":[{"href":"https:\/\/librosdelzorrorojo.com\/ca\/wp-json\/wp\/v2\/product\/8620","targetHints":{"allow":["GET"]}}],"collection":[{"href":"https:\/\/librosdelzorrorojo.com\/ca\/wp-json\/wp\/v2\/product"}],"about":[{"href":"https:\/\/librosdelzorrorojo.com\/ca\/wp-json\/wp\/v2\/types\/product"}],"wp:featuredmedia":[{"embeddable":true,"href":"https:\/\/librosdelzorrorojo.com\/ca\/wp-json\/wp\/v2\/media\/9442"}],"wp:attachment":[{"href":"https:\/\/librosdelzorrorojo.com\/ca\/wp-json\/wp\/v2\/media?parent=8620"}],"wp:term":[{"taxonomy":"product_brand","embeddable":true,"href":"https:\/\/librosdelzorrorojo.com\/ca\/wp-json\/wp\/v2\/product_brand?post=8620"},{"taxonomy":"product_cat","embeddable":true,"href":"https:\/\/librosdelzorrorojo.com\/ca\/wp-json\/wp\/v2\/product_cat?post=8620"},{"taxonomy":"product_tag","embeddable":true,"href":"https:\/\/librosdelzorrorojo.com\/ca\/wp-json\/wp\/v2\/product_tag?post=8620"}],"curies":[{"name":"wp","href":"https:\/\/api.w.org\/{rel}","templated":true}]}}