{"id":4054,"date":"2000-03-07T12:00:23","date_gmt":"2000-03-07T11:00:23","guid":{"rendered":"https:\/\/produccion.librosdelzorrorojo.com\/?post_type=product&#038;p=4054"},"modified":"2024-03-01T09:18:20","modified_gmt":"2024-03-01T08:18:20","slug":"lentrada-de-crist-a-brussel%c2%b7les","status":"publish","type":"product","link":"https:\/\/librosdelzorrorojo.com\/ca\/cataleg\/lentrada-de-crist-a-brussel%c2%b7les\/","title":{"rendered":"L\u2019entrada de Crist a Brussel\u00b7les"},"content":{"rendered":"<p class=\"p2\">Sabies que Crist va arribar a Brussel\u00b7les sobre un ase? La ciutat sencera va participar en els preparatius de la celebraci\u00f3; una festa com D\u00e9u mana: amb la Gran Orquestra, saltimbanquis, alguns convidats il\u00b7lustres, un elefant afric\u00e0 (per qu\u00e8 diantre volen un elefant afric\u00e0?); i els aven\u00e7os tecnol\u00f2gics m\u00e9s sofisticats, com ara una m\u00e0quina de pedals per fer bombolles de sab\u00f3 sonores!<\/p>\n<p class=\"p2\">Aquest \u00e0lbum il\u00b7lustrat, colorista i desenfadat, est\u00e0 inspirat en la pintura hom\u00f2nima de finals del segle XIX L\u2019entrada de Crist a Brussel\u00b7les l\u2019any 1889, obra del pintor belga James Ensor, precursor de l\u2019expressionisme del segle XX, i conegut pel seu esperit avantguardista i el seu afany provocador.<\/p>\n<p class=\"p2\">Andrea Antinori agafa el relleu de l\u2019artista belga, recreant en aquest llibre el context previ a \u00abl\u2019entrada\u00bb amb una lectura visual, carregada d\u2019ironia, d\u2019un quadre que tamb\u00e9 \u00e9s una caricatura de la hipocresia i els convencionalismes socials.<\/p>\n<p>&#8211;<\/p>\n<p>Ressenya a <em>Llibres al repl\u00e0<\/em> <span style=\"color: #ff0000;\"><a href=\"https:\/\/librosdelzorrorojo.com\/ca\/manifestacions-civiques-i-pacifiques-lentrada-de-crist-a-brussel%c2%b7les\/\" style=\"color: #ff0000;\">aqu\u00ed.<\/a><\/span><\/p>\n","protected":false},"excerpt":{"rendered":"Sabies que Crist va arribar a Brussel\u00b7les sobre un ase? La ciutat sencera va participar en els preparatius de la celebraci\u00f3; una festa com D\u00e9u mana: amb la Gran Orquestra, saltimbanquis, alguns convidats il\u00b7lustres, un elefant afric\u00e0 (per qu\u00e8 diantre volen un elefant afric\u00e0?); i els aven\u00e7os tecnol\u00f2gics m\u00e9s sofisticats, com ara una m\u00e0quina de pedals per fer bombolles de sab\u00f3 sonores!\r\n\r\n&nbsp;","protected":false},"featured_media":4421,"template":"","meta":{"_acf_changed":false},"product_brand":[],"product_cat":[840],"product_tag":[],"class_list":{"0":"post-4054","1":"product","2":"type-product","3":"status-publish","4":"has-post-thumbnail","6":"product_cat-catala","7":"vinculo-la-entrada-de-cristo-en-bruselas","9":"first","10":"instock","11":"taxable","12":"shipping-taxable","13":"purchasable","14":"product-type-simple"},"acf":[],"yoast_head":"<!-- This site is optimized with the Yoast SEO plugin v25.1 - https:\/\/yoast.com\/wordpress\/plugins\/seo\/ -->\n<title>L\u2019entrada de Crist a Brussel\u00b7les - Libros del Zorro Rojo<\/title>\n<meta name=\"description\" content=\"Sabies que Crist va arribar a Brussel\u00b7les sobre un ase? La ciutat sencera va participar en els preparatius de la celebraci\u00f3; una festa com D\u00e9u mana\" \/>\n<meta name=\"robots\" content=\"index, follow, max-snippet:-1, max-image-preview:large, max-video-preview:-1\" \/>\n<link rel=\"canonical\" href=\"https:\/\/librosdelzorrorojo.com\/ca\/cataleg\/lentrada-de-crist-a-brussel\u00b7les\/\" \/>\n<meta property=\"og:locale\" content=\"ca_ES\" \/>\n<meta property=\"og:type\" content=\"article\" \/>\n<meta property=\"og:title\" content=\"L\u2019entrada de Crist a Brussel\u00b7les - Libros del Zorro Rojo\" \/>\n<meta property=\"og:description\" content=\"Sabies que Crist va arribar a Brussel\u00b7les sobre un ase? La ciutat sencera va participar en els preparatius de la celebraci\u00f3; una festa com D\u00e9u mana\" \/>\n<meta property=\"og:url\" content=\"https:\/\/librosdelzorrorojo.com\/ca\/cataleg\/lentrada-de-crist-a-brussel\u00b7les\/\" \/>\n<meta property=\"og:site_name\" content=\"Libros del Zorro Rojo\" \/>\n<meta property=\"article:modified_time\" content=\"2024-03-01T08:18:20+00:00\" \/>\n<meta property=\"og:image\" content=\"https:\/\/librosdelzorrorojo.com\/wp-content\/uploads\/2018\/03\/Lentrada-de-crist-a-brussel\u00b7les-e1525360178929.jpg\" \/>\n\t<meta property=\"og:image:width\" content=\"850\" \/>\n\t<meta property=\"og:image:height\" content=\"948\" \/>\n\t<meta property=\"og:image:type\" content=\"image\/jpeg\" \/>\n<meta name=\"twitter:card\" content=\"summary_large_image\" \/>\n<meta name=\"twitter:label1\" content=\"Temps estimat de lectura\" \/>\n\t<meta name=\"twitter:data1\" content=\"1 minut\" \/>\n<script type=\"application\/ld+json\" class=\"yoast-schema-graph\">{\"@context\":\"https:\/\/schema.org\",\"@graph\":[{\"@type\":\"WebPage\",\"@id\":\"https:\/\/librosdelzorrorojo.com\/ca\/cataleg\/lentrada-de-crist-a-brussel%c2%b7les\/\",\"url\":\"https:\/\/librosdelzorrorojo.com\/ca\/cataleg\/lentrada-de-crist-a-brussel%c2%b7les\/\",\"name\":\"L\u2019entrada de Crist a Brussel\u00b7les - Libros del Zorro Rojo\",\"isPartOf\":{\"@id\":\"https:\/\/librosdelzorrorojo.com\/#website\"},\"primaryImageOfPage\":{\"@id\":\"https:\/\/librosdelzorrorojo.com\/ca\/cataleg\/lentrada-de-crist-a-brussel%c2%b7les\/#primaryimage\"},\"image\":{\"@id\":\"https:\/\/librosdelzorrorojo.com\/ca\/cataleg\/lentrada-de-crist-a-brussel%c2%b7les\/#primaryimage\"},\"thumbnailUrl\":\"https:\/\/librosdelzorrorojo.com\/wp-content\/uploads\/2018\/03\/Lentrada-de-crist-a-brussel\u00b7les-e1525360178929.jpg\",\"datePublished\":\"2000-03-07T11:00:23+00:00\",\"dateModified\":\"2024-03-01T08:18:20+00:00\",\"description\":\"Sabies que Crist va arribar a Brussel\u00b7les sobre un ase? La ciutat sencera va participar en els preparatius de la celebraci\u00f3; una festa com D\u00e9u mana\",\"breadcrumb\":{\"@id\":\"https:\/\/librosdelzorrorojo.com\/ca\/cataleg\/lentrada-de-crist-a-brussel%c2%b7les\/#breadcrumb\"},\"inLanguage\":\"ca\",\"potentialAction\":[{\"@type\":\"ReadAction\",\"target\":[\"https:\/\/librosdelzorrorojo.com\/ca\/cataleg\/lentrada-de-crist-a-brussel%c2%b7les\/\"]}]},{\"@type\":\"ImageObject\",\"inLanguage\":\"ca\",\"@id\":\"https:\/\/librosdelzorrorojo.com\/ca\/cataleg\/lentrada-de-crist-a-brussel%c2%b7les\/#primaryimage\",\"url\":\"https:\/\/librosdelzorrorojo.com\/wp-content\/uploads\/2018\/03\/Lentrada-de-crist-a-brussel\u00b7les-e1525360178929.jpg\",\"contentUrl\":\"https:\/\/librosdelzorrorojo.com\/wp-content\/uploads\/2018\/03\/Lentrada-de-crist-a-brussel\u00b7les-e1525360178929.jpg\",\"width\":850,\"height\":948,\"caption\":\"Lentrada de crist a brussel\u00b7les e1525360178929\"},{\"@type\":\"BreadcrumbList\",\"@id\":\"https:\/\/librosdelzorrorojo.com\/ca\/cataleg\/lentrada-de-crist-a-brussel%c2%b7les\/#breadcrumb\",\"itemListElement\":[{\"@type\":\"ListItem\",\"position\":1,\"name\":\"Portada\",\"item\":\"https:\/\/librosdelzorrorojo.com\/ca\/\"},{\"@type\":\"ListItem\",\"position\":2,\"name\":\"Cat\u00e0leg\",\"item\":\"https:\/\/librosdelzorrorojo.com\/ca\/cataleg\/\"},{\"@type\":\"ListItem\",\"position\":3,\"name\":\"L\u2019entrada de Crist a Brussel\u00b7les\"}]},{\"@type\":\"WebSite\",\"@id\":\"https:\/\/librosdelzorrorojo.com\/#website\",\"url\":\"https:\/\/librosdelzorrorojo.com\/\",\"name\":\"Libros del Zorro Rojo\",\"description\":\"Libros ilustrados\",\"potentialAction\":[{\"@type\":\"SearchAction\",\"target\":{\"@type\":\"EntryPoint\",\"urlTemplate\":\"https:\/\/librosdelzorrorojo.com\/?s={search_term_string}\"},\"query-input\":{\"@type\":\"PropertyValueSpecification\",\"valueRequired\":true,\"valueName\":\"search_term_string\"}}],\"inLanguage\":\"ca\"}]}<\/script>\n<!-- \/ Yoast SEO plugin. -->","yoast_head_json":{"title":"L\u2019entrada de Crist a Brussel\u00b7les - Libros del Zorro Rojo","description":"Sabies que Crist va arribar a Brussel\u00b7les sobre un ase? La ciutat sencera va participar en els preparatius de la celebraci\u00f3; una festa com D\u00e9u mana","robots":{"index":"index","follow":"follow","max-snippet":"max-snippet:-1","max-image-preview":"max-image-preview:large","max-video-preview":"max-video-preview:-1"},"canonical":"https:\/\/librosdelzorrorojo.com\/ca\/cataleg\/lentrada-de-crist-a-brussel\u00b7les\/","og_locale":"ca_ES","og_type":"article","og_title":"L\u2019entrada de Crist a Brussel\u00b7les - Libros del Zorro Rojo","og_description":"Sabies que Crist va arribar a Brussel\u00b7les sobre un ase? La ciutat sencera va participar en els preparatius de la celebraci\u00f3; una festa com D\u00e9u mana","og_url":"https:\/\/librosdelzorrorojo.com\/ca\/cataleg\/lentrada-de-crist-a-brussel\u00b7les\/","og_site_name":"Libros del Zorro Rojo","article_modified_time":"2024-03-01T08:18:20+00:00","og_image":[{"width":850,"height":948,"url":"https:\/\/librosdelzorrorojo.com\/wp-content\/uploads\/2018\/03\/Lentrada-de-crist-a-brussel\u00b7les-e1525360178929.jpg","type":"image\/jpeg"}],"twitter_card":"summary_large_image","twitter_misc":{"Temps estimat de lectura":"1 minut"},"schema":{"@context":"https:\/\/schema.org","@graph":[{"@type":"WebPage","@id":"https:\/\/librosdelzorrorojo.com\/ca\/cataleg\/lentrada-de-crist-a-brussel%c2%b7les\/","url":"https:\/\/librosdelzorrorojo.com\/ca\/cataleg\/lentrada-de-crist-a-brussel%c2%b7les\/","name":"L\u2019entrada de Crist a Brussel\u00b7les - Libros del Zorro Rojo","isPartOf":{"@id":"https:\/\/librosdelzorrorojo.com\/#website"},"primaryImageOfPage":{"@id":"https:\/\/librosdelzorrorojo.com\/ca\/cataleg\/lentrada-de-crist-a-brussel%c2%b7les\/#primaryimage"},"image":{"@id":"https:\/\/librosdelzorrorojo.com\/ca\/cataleg\/lentrada-de-crist-a-brussel%c2%b7les\/#primaryimage"},"thumbnailUrl":"https:\/\/librosdelzorrorojo.com\/wp-content\/uploads\/2018\/03\/Lentrada-de-crist-a-brussel\u00b7les-e1525360178929.jpg","datePublished":"2000-03-07T11:00:23+00:00","dateModified":"2024-03-01T08:18:20+00:00","description":"Sabies que Crist va arribar a Brussel\u00b7les sobre un ase? La ciutat sencera va participar en els preparatius de la celebraci\u00f3; una festa com D\u00e9u mana","breadcrumb":{"@id":"https:\/\/librosdelzorrorojo.com\/ca\/cataleg\/lentrada-de-crist-a-brussel%c2%b7les\/#breadcrumb"},"inLanguage":"ca","potentialAction":[{"@type":"ReadAction","target":["https:\/\/librosdelzorrorojo.com\/ca\/cataleg\/lentrada-de-crist-a-brussel%c2%b7les\/"]}]},{"@type":"ImageObject","inLanguage":"ca","@id":"https:\/\/librosdelzorrorojo.com\/ca\/cataleg\/lentrada-de-crist-a-brussel%c2%b7les\/#primaryimage","url":"https:\/\/librosdelzorrorojo.com\/wp-content\/uploads\/2018\/03\/Lentrada-de-crist-a-brussel\u00b7les-e1525360178929.jpg","contentUrl":"https:\/\/librosdelzorrorojo.com\/wp-content\/uploads\/2018\/03\/Lentrada-de-crist-a-brussel\u00b7les-e1525360178929.jpg","width":850,"height":948,"caption":"Lentrada de crist a brussel\u00b7les e1525360178929"},{"@type":"BreadcrumbList","@id":"https:\/\/librosdelzorrorojo.com\/ca\/cataleg\/lentrada-de-crist-a-brussel%c2%b7les\/#breadcrumb","itemListElement":[{"@type":"ListItem","position":1,"name":"Portada","item":"https:\/\/librosdelzorrorojo.com\/ca\/"},{"@type":"ListItem","position":2,"name":"Cat\u00e0leg","item":"https:\/\/librosdelzorrorojo.com\/ca\/cataleg\/"},{"@type":"ListItem","position":3,"name":"L\u2019entrada de Crist a Brussel\u00b7les"}]},{"@type":"WebSite","@id":"https:\/\/librosdelzorrorojo.com\/#website","url":"https:\/\/librosdelzorrorojo.com\/","name":"Libros del Zorro Rojo","description":"Libros ilustrados","potentialAction":[{"@type":"SearchAction","target":{"@type":"EntryPoint","urlTemplate":"https:\/\/librosdelzorrorojo.com\/?s={search_term_string}"},"query-input":{"@type":"PropertyValueSpecification","valueRequired":true,"valueName":"search_term_string"}}],"inLanguage":"ca"}]}},"_links":{"self":[{"href":"https:\/\/librosdelzorrorojo.com\/ca\/wp-json\/wp\/v2\/product\/4054","targetHints":{"allow":["GET"]}}],"collection":[{"href":"https:\/\/librosdelzorrorojo.com\/ca\/wp-json\/wp\/v2\/product"}],"about":[{"href":"https:\/\/librosdelzorrorojo.com\/ca\/wp-json\/wp\/v2\/types\/product"}],"wp:featuredmedia":[{"embeddable":true,"href":"https:\/\/librosdelzorrorojo.com\/ca\/wp-json\/wp\/v2\/media\/4421"}],"wp:attachment":[{"href":"https:\/\/librosdelzorrorojo.com\/ca\/wp-json\/wp\/v2\/media?parent=4054"}],"wp:term":[{"taxonomy":"product_brand","embeddable":true,"href":"https:\/\/librosdelzorrorojo.com\/ca\/wp-json\/wp\/v2\/product_brand?post=4054"},{"taxonomy":"product_cat","embeddable":true,"href":"https:\/\/librosdelzorrorojo.com\/ca\/wp-json\/wp\/v2\/product_cat?post=4054"},{"taxonomy":"product_tag","embeddable":true,"href":"https:\/\/librosdelzorrorojo.com\/ca\/wp-json\/wp\/v2\/product_tag?post=4054"}],"curies":[{"name":"wp","href":"https:\/\/api.w.org\/{rel}","templated":true}]}}