{"id":4050,"date":"2000-03-14T12:00:05","date_gmt":"2000-03-14T11:00:05","guid":{"rendered":"https:\/\/produccion.librosdelzorrorojo.com\/?post_type=product&#038;p=4050"},"modified":"2024-03-01T09:18:32","modified_gmt":"2024-03-01T08:18:32","slug":"el-fil-invisible-de-la-natura","status":"publish","type":"product","link":"https:\/\/librosdelzorrorojo.com\/ca\/cataleg\/el-fil-invisible-de-la-natura\/","title":{"rendered":"El fil invisible de la natura"},"content":{"rendered":"<p class=\"p2\">Diu un conegut proverbi xin\u00e8s que \u00abl\u2019aleteig de les ales d\u2019una papallona es pot sentir a l\u2019altre costat del m\u00f3n\u00bb. La imatge \u00e9s preciosa. No obstant aix\u00f2, aquest fenomen, anomenat \u00abefecte papallona\u00bb, va ser l\u2019inici de la teoria del caos, formulada per Edward Norton Lorenz: qualsevol \u00ednfim esdeveniment esdevingut al nostre planeta tindr\u00e0 un efecte a llarg termini en algun lloc remot. O tal com proposa aquest llibre, dit d\u2019una manera m\u00e9s positiva: a la natura no hi ha res independent, els \u00e9ssers vius estan units per un nombre infinit de fils invisibles, uns vincles que l\u2019\u00e9sser hum\u00e0 hauria de respectar.<\/p>\n<p class=\"p2\">El fil invisible desenreda aquesta metaf\u00f2rica troca a trav\u00e9s de divuit sorprenents cap\u00edtols. El primer es titula \u00abUna papallona salva Austr\u00e0lia\u00bb i relata la incre\u00efble cadena d\u2019esdeveniments que des del segle XVIII van tenir lloc, en els quals van intervenir actors tan dispars com ara l\u2019Ex\u00e8rcit Brit\u00e0nic, els precursors del comer\u00e7 de pigments a Espanya i Portugal, un ferroviari amant de la jardineria, un cactus invasiu i, per \u00faltim, una arna brasilera anomenada <em>Cactoblastis cactorum.<\/em><\/p>\n<p class=\"p2\">Relats que despleguen histories incre\u00efbles, protagonitzades per granotes d\u2019or, gats caiguts del cel, aranyes astronautes i escarabats que s\u2019han guanyat una est\u00e0tua commemorativa, que destaquen la import\u00e0ncia de l\u2019\u00e9sser hum\u00e0 en la conservaci\u00f3 de la natura, convidant aix\u00ed a la reflexi\u00f3 per evitar futures cat\u00e0strofes.<\/p>\n<p>&nbsp;<\/p>\n<p>&nbsp;<\/p>\n<p>&nbsp;<\/p>\n<p>&nbsp;<\/p>\n","protected":false},"excerpt":{"rendered":"Diu un conegut proverbi xin\u00e8s que \u00abl\u2019aleteig de les ales d\u2019una papallona es pot sentir a l\u2019altre costat del m\u00f3n\u00bb. La imatge \u00e9s preciosa. No obstant aix\u00f2, aquest fenomen, anomenat \u00abefecte papallona\u00bb, va ser l\u2019inici de la teoria del caos, formulada per Edward Norton Lorenz: qualsevol \u00ednfim esdeveniment esdevingut al nostre planeta tindr\u00e0 un efecte a llarg termini en algun lloc remot. O tal com proposa aquest llibre, dit d\u2019una manera m\u00e9s positiva: a la natura no hi ha res independent, els \u00e9ssers vius estan units per un nombre infinit de fils invisibles, uns vincles que l\u2019\u00e9sser hum\u00e0 hauria de respectar.","protected":false},"featured_media":4389,"template":"","meta":{"_acf_changed":false},"product_brand":[],"product_cat":[840,845],"product_tag":[],"class_list":{"0":"post-4050","1":"product","2":"type-product","3":"status-publish","4":"has-post-thumbnail","6":"product_cat-catala","7":"product_cat-imperdible-ca","8":"vinculo-el-hilo-invisible-de-la-naturaleza","10":"first","11":"instock","12":"taxable","13":"shipping-taxable","14":"purchasable","15":"product-type-simple"},"acf":[],"yoast_head":"<!-- This site is optimized with the Yoast SEO plugin v25.1 - https:\/\/yoast.com\/wordpress\/plugins\/seo\/ -->\n<title>El fil invisible de la natura - Libros del Zorro Rojo<\/title>\n<meta name=\"description\" content=\"Diu un conegut proverbi xin\u00e8s que \u00abl\u2019aleteig de les ales d\u2019una papallona es pot sentir a l\u2019altre costat del m\u00f3n\u00bb. La imatge \u00e9s preciosa. No obstant aix\u00f2...\" \/>\n<meta name=\"robots\" content=\"index, follow, max-snippet:-1, max-image-preview:large, max-video-preview:-1\" \/>\n<link rel=\"canonical\" href=\"https:\/\/librosdelzorrorojo.com\/ca\/cataleg\/el-fil-invisible-de-la-natura\/\" \/>\n<meta property=\"og:locale\" content=\"ca_ES\" \/>\n<meta property=\"og:type\" content=\"article\" \/>\n<meta property=\"og:title\" content=\"El fil invisible de la natura - Libros del Zorro Rojo\" \/>\n<meta property=\"og:description\" content=\"Diu un conegut proverbi xin\u00e8s que \u00abl\u2019aleteig de les ales d\u2019una papallona es pot sentir a l\u2019altre costat del m\u00f3n\u00bb. La imatge \u00e9s preciosa. No obstant aix\u00f2...\" \/>\n<meta property=\"og:url\" content=\"https:\/\/librosdelzorrorojo.com\/ca\/cataleg\/el-fil-invisible-de-la-natura\/\" \/>\n<meta property=\"og:site_name\" content=\"Libros del Zorro Rojo\" \/>\n<meta property=\"article:modified_time\" content=\"2024-03-01T08:18:32+00:00\" \/>\n<meta property=\"og:image\" content=\"https:\/\/librosdelzorrorojo.com\/wp-content\/uploads\/2018\/03\/Cover-Hilo-invisible-CATALAN-New-e1525274787446.jpg\" \/>\n\t<meta property=\"og:image:width\" content=\"850\" \/>\n\t<meta property=\"og:image:height\" content=\"1149\" \/>\n\t<meta property=\"og:image:type\" content=\"image\/jpeg\" \/>\n<meta name=\"twitter:card\" content=\"summary_large_image\" \/>\n<meta name=\"twitter:label1\" content=\"Temps estimat de lectura\" \/>\n\t<meta name=\"twitter:data1\" content=\"1 minut\" \/>\n<script type=\"application\/ld+json\" class=\"yoast-schema-graph\">{\"@context\":\"https:\/\/schema.org\",\"@graph\":[{\"@type\":\"WebPage\",\"@id\":\"https:\/\/librosdelzorrorojo.com\/ca\/cataleg\/el-fil-invisible-de-la-natura\/\",\"url\":\"https:\/\/librosdelzorrorojo.com\/ca\/cataleg\/el-fil-invisible-de-la-natura\/\",\"name\":\"El fil invisible de la natura - Libros del Zorro Rojo\",\"isPartOf\":{\"@id\":\"https:\/\/librosdelzorrorojo.com\/#website\"},\"primaryImageOfPage\":{\"@id\":\"https:\/\/librosdelzorrorojo.com\/ca\/cataleg\/el-fil-invisible-de-la-natura\/#primaryimage\"},\"image\":{\"@id\":\"https:\/\/librosdelzorrorojo.com\/ca\/cataleg\/el-fil-invisible-de-la-natura\/#primaryimage\"},\"thumbnailUrl\":\"https:\/\/librosdelzorrorojo.com\/wp-content\/uploads\/2018\/03\/Cover-Hilo-invisible-CATALAN-New-e1525274787446.jpg\",\"datePublished\":\"2000-03-14T11:00:05+00:00\",\"dateModified\":\"2024-03-01T08:18:32+00:00\",\"description\":\"Diu un conegut proverbi xin\u00e8s que \u00abl\u2019aleteig de les ales d\u2019una papallona es pot sentir a l\u2019altre costat del m\u00f3n\u00bb. La imatge \u00e9s preciosa. No obstant aix\u00f2...\",\"breadcrumb\":{\"@id\":\"https:\/\/librosdelzorrorojo.com\/ca\/cataleg\/el-fil-invisible-de-la-natura\/#breadcrumb\"},\"inLanguage\":\"ca\",\"potentialAction\":[{\"@type\":\"ReadAction\",\"target\":[\"https:\/\/librosdelzorrorojo.com\/ca\/cataleg\/el-fil-invisible-de-la-natura\/\"]}]},{\"@type\":\"ImageObject\",\"inLanguage\":\"ca\",\"@id\":\"https:\/\/librosdelzorrorojo.com\/ca\/cataleg\/el-fil-invisible-de-la-natura\/#primaryimage\",\"url\":\"https:\/\/librosdelzorrorojo.com\/wp-content\/uploads\/2018\/03\/Cover-Hilo-invisible-CATALAN-New-e1525274787446.jpg\",\"contentUrl\":\"https:\/\/librosdelzorrorojo.com\/wp-content\/uploads\/2018\/03\/Cover-Hilo-invisible-CATALAN-New-e1525274787446.jpg\",\"width\":850,\"height\":1149,\"caption\":\"Cover Hilo invisible CATALAN New e1525274787446\"},{\"@type\":\"BreadcrumbList\",\"@id\":\"https:\/\/librosdelzorrorojo.com\/ca\/cataleg\/el-fil-invisible-de-la-natura\/#breadcrumb\",\"itemListElement\":[{\"@type\":\"ListItem\",\"position\":1,\"name\":\"Portada\",\"item\":\"https:\/\/librosdelzorrorojo.com\/ca\/\"},{\"@type\":\"ListItem\",\"position\":2,\"name\":\"Cat\u00e0leg\",\"item\":\"https:\/\/librosdelzorrorojo.com\/ca\/cataleg\/\"},{\"@type\":\"ListItem\",\"position\":3,\"name\":\"El fil invisible de la natura\"}]},{\"@type\":\"WebSite\",\"@id\":\"https:\/\/librosdelzorrorojo.com\/#website\",\"url\":\"https:\/\/librosdelzorrorojo.com\/\",\"name\":\"Libros del Zorro Rojo\",\"description\":\"Libros ilustrados\",\"potentialAction\":[{\"@type\":\"SearchAction\",\"target\":{\"@type\":\"EntryPoint\",\"urlTemplate\":\"https:\/\/librosdelzorrorojo.com\/?s={search_term_string}\"},\"query-input\":{\"@type\":\"PropertyValueSpecification\",\"valueRequired\":true,\"valueName\":\"search_term_string\"}}],\"inLanguage\":\"ca\"}]}<\/script>\n<!-- \/ Yoast SEO plugin. -->","yoast_head_json":{"title":"El fil invisible de la natura - Libros del Zorro Rojo","description":"Diu un conegut proverbi xin\u00e8s que \u00abl\u2019aleteig de les ales d\u2019una papallona es pot sentir a l\u2019altre costat del m\u00f3n\u00bb. La imatge \u00e9s preciosa. No obstant aix\u00f2...","robots":{"index":"index","follow":"follow","max-snippet":"max-snippet:-1","max-image-preview":"max-image-preview:large","max-video-preview":"max-video-preview:-1"},"canonical":"https:\/\/librosdelzorrorojo.com\/ca\/cataleg\/el-fil-invisible-de-la-natura\/","og_locale":"ca_ES","og_type":"article","og_title":"El fil invisible de la natura - Libros del Zorro Rojo","og_description":"Diu un conegut proverbi xin\u00e8s que \u00abl\u2019aleteig de les ales d\u2019una papallona es pot sentir a l\u2019altre costat del m\u00f3n\u00bb. La imatge \u00e9s preciosa. No obstant aix\u00f2...","og_url":"https:\/\/librosdelzorrorojo.com\/ca\/cataleg\/el-fil-invisible-de-la-natura\/","og_site_name":"Libros del Zorro Rojo","article_modified_time":"2024-03-01T08:18:32+00:00","og_image":[{"width":850,"height":1149,"url":"https:\/\/librosdelzorrorojo.com\/wp-content\/uploads\/2018\/03\/Cover-Hilo-invisible-CATALAN-New-e1525274787446.jpg","type":"image\/jpeg"}],"twitter_card":"summary_large_image","twitter_misc":{"Temps estimat de lectura":"1 minut"},"schema":{"@context":"https:\/\/schema.org","@graph":[{"@type":"WebPage","@id":"https:\/\/librosdelzorrorojo.com\/ca\/cataleg\/el-fil-invisible-de-la-natura\/","url":"https:\/\/librosdelzorrorojo.com\/ca\/cataleg\/el-fil-invisible-de-la-natura\/","name":"El fil invisible de la natura - Libros del Zorro Rojo","isPartOf":{"@id":"https:\/\/librosdelzorrorojo.com\/#website"},"primaryImageOfPage":{"@id":"https:\/\/librosdelzorrorojo.com\/ca\/cataleg\/el-fil-invisible-de-la-natura\/#primaryimage"},"image":{"@id":"https:\/\/librosdelzorrorojo.com\/ca\/cataleg\/el-fil-invisible-de-la-natura\/#primaryimage"},"thumbnailUrl":"https:\/\/librosdelzorrorojo.com\/wp-content\/uploads\/2018\/03\/Cover-Hilo-invisible-CATALAN-New-e1525274787446.jpg","datePublished":"2000-03-14T11:00:05+00:00","dateModified":"2024-03-01T08:18:32+00:00","description":"Diu un conegut proverbi xin\u00e8s que \u00abl\u2019aleteig de les ales d\u2019una papallona es pot sentir a l\u2019altre costat del m\u00f3n\u00bb. La imatge \u00e9s preciosa. No obstant aix\u00f2...","breadcrumb":{"@id":"https:\/\/librosdelzorrorojo.com\/ca\/cataleg\/el-fil-invisible-de-la-natura\/#breadcrumb"},"inLanguage":"ca","potentialAction":[{"@type":"ReadAction","target":["https:\/\/librosdelzorrorojo.com\/ca\/cataleg\/el-fil-invisible-de-la-natura\/"]}]},{"@type":"ImageObject","inLanguage":"ca","@id":"https:\/\/librosdelzorrorojo.com\/ca\/cataleg\/el-fil-invisible-de-la-natura\/#primaryimage","url":"https:\/\/librosdelzorrorojo.com\/wp-content\/uploads\/2018\/03\/Cover-Hilo-invisible-CATALAN-New-e1525274787446.jpg","contentUrl":"https:\/\/librosdelzorrorojo.com\/wp-content\/uploads\/2018\/03\/Cover-Hilo-invisible-CATALAN-New-e1525274787446.jpg","width":850,"height":1149,"caption":"Cover Hilo invisible CATALAN New e1525274787446"},{"@type":"BreadcrumbList","@id":"https:\/\/librosdelzorrorojo.com\/ca\/cataleg\/el-fil-invisible-de-la-natura\/#breadcrumb","itemListElement":[{"@type":"ListItem","position":1,"name":"Portada","item":"https:\/\/librosdelzorrorojo.com\/ca\/"},{"@type":"ListItem","position":2,"name":"Cat\u00e0leg","item":"https:\/\/librosdelzorrorojo.com\/ca\/cataleg\/"},{"@type":"ListItem","position":3,"name":"El fil invisible de la natura"}]},{"@type":"WebSite","@id":"https:\/\/librosdelzorrorojo.com\/#website","url":"https:\/\/librosdelzorrorojo.com\/","name":"Libros del Zorro Rojo","description":"Libros ilustrados","potentialAction":[{"@type":"SearchAction","target":{"@type":"EntryPoint","urlTemplate":"https:\/\/librosdelzorrorojo.com\/?s={search_term_string}"},"query-input":{"@type":"PropertyValueSpecification","valueRequired":true,"valueName":"search_term_string"}}],"inLanguage":"ca"}]}},"_links":{"self":[{"href":"https:\/\/librosdelzorrorojo.com\/ca\/wp-json\/wp\/v2\/product\/4050","targetHints":{"allow":["GET"]}}],"collection":[{"href":"https:\/\/librosdelzorrorojo.com\/ca\/wp-json\/wp\/v2\/product"}],"about":[{"href":"https:\/\/librosdelzorrorojo.com\/ca\/wp-json\/wp\/v2\/types\/product"}],"wp:featuredmedia":[{"embeddable":true,"href":"https:\/\/librosdelzorrorojo.com\/ca\/wp-json\/wp\/v2\/media\/4389"}],"wp:attachment":[{"href":"https:\/\/librosdelzorrorojo.com\/ca\/wp-json\/wp\/v2\/media?parent=4050"}],"wp:term":[{"taxonomy":"product_brand","embeddable":true,"href":"https:\/\/librosdelzorrorojo.com\/ca\/wp-json\/wp\/v2\/product_brand?post=4050"},{"taxonomy":"product_cat","embeddable":true,"href":"https:\/\/librosdelzorrorojo.com\/ca\/wp-json\/wp\/v2\/product_cat?post=4050"},{"taxonomy":"product_tag","embeddable":true,"href":"https:\/\/librosdelzorrorojo.com\/ca\/wp-json\/wp\/v2\/product_tag?post=4050"}],"curies":[{"name":"wp","href":"https:\/\/api.w.org\/{rel}","templated":true}]}}