{"id":4044,"date":"2018-01-10T12:00:31","date_gmt":"2018-01-10T11:00:31","guid":{"rendered":"https:\/\/produccion.librosdelzorrorojo.com\/?post_type=product&#038;p=4044"},"modified":"2024-03-01T09:20:23","modified_gmt":"2024-03-01T08:20:23","slug":"onada-blava","status":"publish","type":"product","link":"https:\/\/librosdelzorrorojo.com\/ca\/cataleg\/onada-blava\/","title":{"rendered":"Onada Blava"},"content":{"rendered":"<p class=\"p2\">Una matinada neix a les quadres d\u2019un poblet un cavall blau. En veure\u2019l, el rei proclama que es tracta d\u2019una benedicci\u00f3 de D\u00e9u i ordena que l\u2019entrenin fins a convertir-lo en un aut\u00e8ntic cavall de guerra. L\u2019<em>Onada Blava,<\/em> com tothom el coneix, sembra el p\u00e0nic al camp de batalla; per\u00f2 amb ell la guerra es fa interminable i l\u2019alegria de la gent en veure\u2019l s\u2019esvaeix enmig de la fam i el sofriment. Un dia, l\u2019<em>Onada Blava<\/em> es veu reflectit en els ulls d\u2019un jove soldat. A partir d\u2019aquell moment, el seu dest\u00ed es transforma, i aconsegueix que el seu nom es quedi al cor de la gent amb un significat diferent.<\/p>\n<p class=\"p2\">Hi conviuen la for\u00e7a i la tensi\u00f3 de la l\u00ednia i el dibuix, amb el simbolisme del color. El blanc, el negre i el blau representen respectivament la bondat, la maldat i l\u2019ideal. Un joc de contrastos amb el qual l\u2019il\u00b7lustrador core\u00e0 Yoo Jun-Jae ret un homenatge a la pintura de Picasso, i en particular, al <em>Guernica<\/em>, a m\u00e9s de donar profunditat a la hist\u00f2ria, que mant\u00e9 sempre en alerta l\u2019atenci\u00f3 del lector.<\/p>\n<p class=\"p2\">Un llibre per parlar de la pau i la responsabilitat que cadasc\u00fa t\u00e9 sobre el seu propi dest\u00ed, el final del qual, positiu i encoratjador, com adverteix l\u2019autor, ens insta a \u00abdespertar el cavall blau que dorm al fons dels nostres cors\u00bb.<\/p>\n<p>&nbsp;<\/p>\n","protected":false},"excerpt":{"rendered":"Una matinada neix a les quadres d\u2019un poblet un cavall blau. En veure\u2019l, el rei proclama que es tracta d\u2019una benedicci\u00f3 de D\u00e9u i ordena que l\u2019entrenin fins a convertir-lo en un aut\u00e8ntic cavall de guerra. L\u2019<em>Onada Blava,<\/em> com tothom el coneix, sembra el p\u00e0nic al camp de batalla; per\u00f2 amb ell la guerra es fa interminable i l\u2019alegria de la gent en veure\u2019l s\u2019esvaeix enmig de la fam i el sofriment. Un dia, l\u2019<em>Onada Blava<\/em> es veu reflectit en els ulls d\u2019un jove soldat. A partir d\u2019aquell moment, el seu dest\u00ed es transforma, i aconsegueix que el seu nom es quedi al cor de la gent amb un significat diferent.","protected":false},"featured_media":4387,"template":"","meta":{"_acf_changed":false},"product_brand":[],"product_cat":[840,843],"product_tag":[],"class_list":{"0":"post-4044","1":"product","2":"type-product","3":"status-publish","4":"has-post-thumbnail","6":"product_cat-catala","7":"product_cat-infantiles-ca","8":"vinculo-ola-azul","10":"first","11":"instock","12":"taxable","13":"shipping-taxable","14":"purchasable","15":"product-type-simple"},"acf":[],"yoast_head":"<!-- This site is optimized with the Yoast SEO plugin v25.1 - https:\/\/yoast.com\/wordpress\/plugins\/seo\/ -->\n<title>Onada Blava - Libros del Zorro Rojo<\/title>\n<meta name=\"robots\" content=\"index, follow, max-snippet:-1, max-image-preview:large, max-video-preview:-1\" \/>\n<link rel=\"canonical\" href=\"https:\/\/librosdelzorrorojo.com\/ca\/cataleg\/onada-blava\/\" \/>\n<meta property=\"og:locale\" content=\"ca_ES\" \/>\n<meta property=\"og:type\" content=\"article\" \/>\n<meta property=\"og:title\" content=\"Onada Blava - Libros del Zorro Rojo\" \/>\n<meta property=\"og:description\" content=\"Una matinada neix a les quadres d\u2019un poblet un cavall blau. En veure\u2019l, el rei proclama que es tracta d\u2019una benedicci\u00f3 de D\u00e9u i ordena que l\u2019entrenin fins a convertir-lo en un aut\u00e8ntic cavall de guerra. L\u2019Onada Blava, com tothom el coneix, sembra el p\u00e0nic al camp de batalla; per\u00f2 amb ell la guerra es fa interminable i l\u2019alegria de la gent en veure\u2019l s\u2019esvaeix enmig de la fam i el sofriment. Un dia, l\u2019Onada Blava es veu reflectit en els ulls d\u2019un jove soldat. A partir d\u2019aquell moment, el seu dest\u00ed es transforma, i aconsegueix que el seu nom es quedi al cor de la gent amb un significat diferent.\" \/>\n<meta property=\"og:url\" content=\"https:\/\/librosdelzorrorojo.com\/ca\/cataleg\/onada-blava\/\" \/>\n<meta property=\"og:site_name\" content=\"Libros del Zorro Rojo\" \/>\n<meta property=\"article:modified_time\" content=\"2024-03-01T08:20:23+00:00\" \/>\n<meta property=\"og:image\" content=\"https:\/\/librosdelzorrorojo.com\/wp-content\/uploads\/2018\/03\/Cover-Ola-Azul-CAT-Blue-e1525274484996.jpg\" \/>\n\t<meta property=\"og:image:width\" content=\"850\" \/>\n\t<meta property=\"og:image:height\" content=\"1025\" \/>\n\t<meta property=\"og:image:type\" content=\"image\/jpeg\" \/>\n<meta name=\"twitter:card\" content=\"summary_large_image\" \/>\n<meta name=\"twitter:label1\" content=\"Temps estimat de lectura\" \/>\n\t<meta name=\"twitter:data1\" content=\"1 minut\" \/>\n<script type=\"application\/ld+json\" class=\"yoast-schema-graph\">{\"@context\":\"https:\/\/schema.org\",\"@graph\":[{\"@type\":\"WebPage\",\"@id\":\"https:\/\/librosdelzorrorojo.com\/ca\/cataleg\/onada-blava\/\",\"url\":\"https:\/\/librosdelzorrorojo.com\/ca\/cataleg\/onada-blava\/\",\"name\":\"Onada Blava - Libros del Zorro Rojo\",\"isPartOf\":{\"@id\":\"https:\/\/librosdelzorrorojo.com\/#website\"},\"primaryImageOfPage\":{\"@id\":\"https:\/\/librosdelzorrorojo.com\/ca\/cataleg\/onada-blava\/#primaryimage\"},\"image\":{\"@id\":\"https:\/\/librosdelzorrorojo.com\/ca\/cataleg\/onada-blava\/#primaryimage\"},\"thumbnailUrl\":\"https:\/\/librosdelzorrorojo.com\/wp-content\/uploads\/2018\/03\/Cover-Ola-Azul-CAT-Blue-e1525274484996.jpg\",\"datePublished\":\"2018-01-10T11:00:31+00:00\",\"dateModified\":\"2024-03-01T08:20:23+00:00\",\"breadcrumb\":{\"@id\":\"https:\/\/librosdelzorrorojo.com\/ca\/cataleg\/onada-blava\/#breadcrumb\"},\"inLanguage\":\"ca\",\"potentialAction\":[{\"@type\":\"ReadAction\",\"target\":[\"https:\/\/librosdelzorrorojo.com\/ca\/cataleg\/onada-blava\/\"]}]},{\"@type\":\"ImageObject\",\"inLanguage\":\"ca\",\"@id\":\"https:\/\/librosdelzorrorojo.com\/ca\/cataleg\/onada-blava\/#primaryimage\",\"url\":\"https:\/\/librosdelzorrorojo.com\/wp-content\/uploads\/2018\/03\/Cover-Ola-Azul-CAT-Blue-e1525274484996.jpg\",\"contentUrl\":\"https:\/\/librosdelzorrorojo.com\/wp-content\/uploads\/2018\/03\/Cover-Ola-Azul-CAT-Blue-e1525274484996.jpg\",\"width\":850,\"height\":1025,\"caption\":\"Cover Ola Azul CAT Blue e1525274484996\"},{\"@type\":\"BreadcrumbList\",\"@id\":\"https:\/\/librosdelzorrorojo.com\/ca\/cataleg\/onada-blava\/#breadcrumb\",\"itemListElement\":[{\"@type\":\"ListItem\",\"position\":1,\"name\":\"Portada\",\"item\":\"https:\/\/librosdelzorrorojo.com\/ca\/\"},{\"@type\":\"ListItem\",\"position\":2,\"name\":\"Cat\u00e0leg\",\"item\":\"https:\/\/librosdelzorrorojo.com\/ca\/cataleg\/\"},{\"@type\":\"ListItem\",\"position\":3,\"name\":\"Onada Blava\"}]},{\"@type\":\"WebSite\",\"@id\":\"https:\/\/librosdelzorrorojo.com\/#website\",\"url\":\"https:\/\/librosdelzorrorojo.com\/\",\"name\":\"Libros del Zorro Rojo\",\"description\":\"Libros ilustrados\",\"potentialAction\":[{\"@type\":\"SearchAction\",\"target\":{\"@type\":\"EntryPoint\",\"urlTemplate\":\"https:\/\/librosdelzorrorojo.com\/?s={search_term_string}\"},\"query-input\":{\"@type\":\"PropertyValueSpecification\",\"valueRequired\":true,\"valueName\":\"search_term_string\"}}],\"inLanguage\":\"ca\"}]}<\/script>\n<!-- \/ Yoast SEO plugin. -->","yoast_head_json":{"title":"Onada Blava - Libros del Zorro Rojo","robots":{"index":"index","follow":"follow","max-snippet":"max-snippet:-1","max-image-preview":"max-image-preview:large","max-video-preview":"max-video-preview:-1"},"canonical":"https:\/\/librosdelzorrorojo.com\/ca\/cataleg\/onada-blava\/","og_locale":"ca_ES","og_type":"article","og_title":"Onada Blava - Libros del Zorro Rojo","og_description":"Una matinada neix a les quadres d\u2019un poblet un cavall blau. En veure\u2019l, el rei proclama que es tracta d\u2019una benedicci\u00f3 de D\u00e9u i ordena que l\u2019entrenin fins a convertir-lo en un aut\u00e8ntic cavall de guerra. L\u2019Onada Blava, com tothom el coneix, sembra el p\u00e0nic al camp de batalla; per\u00f2 amb ell la guerra es fa interminable i l\u2019alegria de la gent en veure\u2019l s\u2019esvaeix enmig de la fam i el sofriment. Un dia, l\u2019Onada Blava es veu reflectit en els ulls d\u2019un jove soldat. A partir d\u2019aquell moment, el seu dest\u00ed es transforma, i aconsegueix que el seu nom es quedi al cor de la gent amb un significat diferent.","og_url":"https:\/\/librosdelzorrorojo.com\/ca\/cataleg\/onada-blava\/","og_site_name":"Libros del Zorro Rojo","article_modified_time":"2024-03-01T08:20:23+00:00","og_image":[{"width":850,"height":1025,"url":"https:\/\/librosdelzorrorojo.com\/wp-content\/uploads\/2018\/03\/Cover-Ola-Azul-CAT-Blue-e1525274484996.jpg","type":"image\/jpeg"}],"twitter_card":"summary_large_image","twitter_misc":{"Temps estimat de lectura":"1 minut"},"schema":{"@context":"https:\/\/schema.org","@graph":[{"@type":"WebPage","@id":"https:\/\/librosdelzorrorojo.com\/ca\/cataleg\/onada-blava\/","url":"https:\/\/librosdelzorrorojo.com\/ca\/cataleg\/onada-blava\/","name":"Onada Blava - Libros del Zorro Rojo","isPartOf":{"@id":"https:\/\/librosdelzorrorojo.com\/#website"},"primaryImageOfPage":{"@id":"https:\/\/librosdelzorrorojo.com\/ca\/cataleg\/onada-blava\/#primaryimage"},"image":{"@id":"https:\/\/librosdelzorrorojo.com\/ca\/cataleg\/onada-blava\/#primaryimage"},"thumbnailUrl":"https:\/\/librosdelzorrorojo.com\/wp-content\/uploads\/2018\/03\/Cover-Ola-Azul-CAT-Blue-e1525274484996.jpg","datePublished":"2018-01-10T11:00:31+00:00","dateModified":"2024-03-01T08:20:23+00:00","breadcrumb":{"@id":"https:\/\/librosdelzorrorojo.com\/ca\/cataleg\/onada-blava\/#breadcrumb"},"inLanguage":"ca","potentialAction":[{"@type":"ReadAction","target":["https:\/\/librosdelzorrorojo.com\/ca\/cataleg\/onada-blava\/"]}]},{"@type":"ImageObject","inLanguage":"ca","@id":"https:\/\/librosdelzorrorojo.com\/ca\/cataleg\/onada-blava\/#primaryimage","url":"https:\/\/librosdelzorrorojo.com\/wp-content\/uploads\/2018\/03\/Cover-Ola-Azul-CAT-Blue-e1525274484996.jpg","contentUrl":"https:\/\/librosdelzorrorojo.com\/wp-content\/uploads\/2018\/03\/Cover-Ola-Azul-CAT-Blue-e1525274484996.jpg","width":850,"height":1025,"caption":"Cover Ola Azul CAT Blue e1525274484996"},{"@type":"BreadcrumbList","@id":"https:\/\/librosdelzorrorojo.com\/ca\/cataleg\/onada-blava\/#breadcrumb","itemListElement":[{"@type":"ListItem","position":1,"name":"Portada","item":"https:\/\/librosdelzorrorojo.com\/ca\/"},{"@type":"ListItem","position":2,"name":"Cat\u00e0leg","item":"https:\/\/librosdelzorrorojo.com\/ca\/cataleg\/"},{"@type":"ListItem","position":3,"name":"Onada Blava"}]},{"@type":"WebSite","@id":"https:\/\/librosdelzorrorojo.com\/#website","url":"https:\/\/librosdelzorrorojo.com\/","name":"Libros del Zorro Rojo","description":"Libros ilustrados","potentialAction":[{"@type":"SearchAction","target":{"@type":"EntryPoint","urlTemplate":"https:\/\/librosdelzorrorojo.com\/?s={search_term_string}"},"query-input":{"@type":"PropertyValueSpecification","valueRequired":true,"valueName":"search_term_string"}}],"inLanguage":"ca"}]}},"_links":{"self":[{"href":"https:\/\/librosdelzorrorojo.com\/ca\/wp-json\/wp\/v2\/product\/4044","targetHints":{"allow":["GET"]}}],"collection":[{"href":"https:\/\/librosdelzorrorojo.com\/ca\/wp-json\/wp\/v2\/product"}],"about":[{"href":"https:\/\/librosdelzorrorojo.com\/ca\/wp-json\/wp\/v2\/types\/product"}],"wp:featuredmedia":[{"embeddable":true,"href":"https:\/\/librosdelzorrorojo.com\/ca\/wp-json\/wp\/v2\/media\/4387"}],"wp:attachment":[{"href":"https:\/\/librosdelzorrorojo.com\/ca\/wp-json\/wp\/v2\/media?parent=4044"}],"wp:term":[{"taxonomy":"product_brand","embeddable":true,"href":"https:\/\/librosdelzorrorojo.com\/ca\/wp-json\/wp\/v2\/product_brand?post=4044"},{"taxonomy":"product_cat","embeddable":true,"href":"https:\/\/librosdelzorrorojo.com\/ca\/wp-json\/wp\/v2\/product_cat?post=4044"},{"taxonomy":"product_tag","embeddable":true,"href":"https:\/\/librosdelzorrorojo.com\/ca\/wp-json\/wp\/v2\/product_tag?post=4044"}],"curies":[{"name":"wp","href":"https:\/\/api.w.org\/{rel}","templated":true}]}}