{"id":4040,"date":"2000-02-21T12:00:20","date_gmt":"2000-02-21T11:00:20","guid":{"rendered":"https:\/\/produccion.librosdelzorrorojo.com\/?post_type=product&#038;p=4040"},"modified":"2024-03-01T09:18:54","modified_gmt":"2024-03-01T08:18:54","slug":"herbari","status":"publish","type":"product","link":"https:\/\/librosdelzorrorojo.com\/ca\/cataleg\/herbari\/","title":{"rendered":"Herbari"},"content":{"rendered":"<p class=\"p2\">Despr\u00e9s de l\u2019\u00e8xit de<span>\u00a0<\/span><em>Bestiario<\/em>, arriba<span>\u00a0<\/span><em>Herbari<\/em>, la nova enciclop\u00e8dia visual d\u2019Adrienne Barman, aquest cop dedicada a una gran varietat de plantes i flors. Un llibre que mant\u00e9 la vivesa i l\u2019humor que caracteritzen el seu estil, augmentat per l\u2019original composici\u00f3 de m\u00faltiples escenaris naturals, en els quals la il\u00b7lustradora belga ha tingut l\u2019encert d\u2019incloure alguns dels personatges de la seva simp\u00e0tica fauna.<\/p>\n<p class=\"p2\">Des de la primera p\u00e0gina, Barman ens convida a explorar el m\u00f3n de la bot\u00e0nica amb uns altres ulls, gr\u00e0cies a una classificaci\u00f3 de continguts tan senzilla i intu\u00eftiva \u2014a m\u00e9s d\u2019esbojarrada\u2014 que ens fa oblidar el seu car\u00e0cter \u00abcient\u00edfic\u00bb. Hi tenen cabuda plantes sorprenents com \u00ables cuirassades\u00bb (amb la pinya o la pitaya), \u00ables indecises\u00bb (hortalisses que s\u00f3n gaireb\u00e9 fruites) o els temuts \u00abfalsos bessons\u00bb (compte!, no confonguis el cerfull amb la cicuta); les purificadores, les velles, les aut\u00f2ctones, les m\u00e0giques, les pudents\u2026 Heu sentit a parlar de les \u00abenamorades de l\u2019aigua\u00bb?<\/p>\n<p class=\"p2\">Un viatge carregat de sorpreses a trav\u00e9s de dues-centes p\u00e0gines d\u2019il\u00b7lustracions molt atractives, l\u00fadiques i, al mateix temps, informatives, que s\u2019atura a diferents racons del jard\u00ed, del parc, del bosc\u2026, que travessa tots els continents, que aconsegueix fer un salt en el temps (sab\u00edeu que la ceba era moneda de canvi a l\u2019Antic Egipte?), i que inclou fins i tot un berenar campestre en un hort ple de verdures i hortalisses.<\/p>\n<p class=\"p2\">Una publicaci\u00f3 amb la qual gaudir\u00e0 tota la fam\u00edlia, indispensable a l\u2019aula i la biblioteca escolar, que reuneix en un sol volum una guia de camp, una enciclop\u00e8dia de consulta, un diccionari visual i, sobretot, un llibre divertit que estimula la curiositat, l\u2019observaci\u00f3 del nostre entorn i que serveix per prendre consci\u00e8ncia de la riquesa natural del nostre planeta.<\/p>\n<p><img decoding=\"async\" src=\"https:\/\/librosdelzorrorojo.com\/wp-content\/uploads\/2021\/09\/DC-ICEC-horitzontal-cos12-bn-1-600x80.png\" alt=\"\" width=\"555\" height=\"74\" class=\"alignnone  wp-image-23704\" srcset=\"https:\/\/librosdelzorrorojo.com\/wp-content\/uploads\/2021\/09\/DC-ICEC-horitzontal-cos12-bn-1-600x80.png 600w, https:\/\/librosdelzorrorojo.com\/wp-content\/uploads\/2021\/09\/DC-ICEC-horitzontal-cos12-bn-1-1024x137.png 1024w, https:\/\/librosdelzorrorojo.com\/wp-content\/uploads\/2021\/09\/DC-ICEC-horitzontal-cos12-bn-1-768x103.png 768w, https:\/\/librosdelzorrorojo.com\/wp-content\/uploads\/2021\/09\/DC-ICEC-horitzontal-cos12-bn-1-800x107.png 800w, https:\/\/librosdelzorrorojo.com\/wp-content\/uploads\/2021\/09\/DC-ICEC-horitzontal-cos12-bn-1.png 1482w\" sizes=\"(max-width: 555px) 100vw, 555px\" \/><\/p>\n<p>&#8211;<\/p>\n<p>Ressenya a <em>El Pa\u00eds<\/em> <span style=\"color: #ff0000;\"><a href=\"https:\/\/librosdelzorrorojo.com\/ca\/una-obra-que-estimula-la-curiositat-lobservacio-i-el-somriure\/\" style=\"color: #ff0000;\">aqu\u00ed.<\/a><\/span><\/p>\n<p>&nbsp;<\/p>\n","protected":false},"excerpt":{"rendered":"Despr\u00e9s de l\u2019\u00e8xit de<span>\u00a0<\/span><em>Bestiario<\/em>, arriba<span>\u00a0<\/span><em>Herbari<\/em>, la nova enciclop\u00e8dia visual d\u2019Adrienne Barman, aquest cop dedicada a una gran varietat de plantes i flors. Un llibre que mant\u00e9 la vivesa i l\u2019humor que caracteritzen el seu estil, augmentat per l\u2019original composici\u00f3 de m\u00faltiples escenaris naturals, en els quals la il\u00b7lustradora belga ha tingut l\u2019encert d\u2019incloure alguns dels personatges de la seva simp\u00e0tica fauna.","protected":false},"featured_media":4424,"template":"","meta":{"_acf_changed":false},"product_brand":[],"product_cat":[840,843],"product_tag":[],"class_list":{"0":"post-4040","1":"product","2":"type-product","3":"status-publish","4":"has-post-thumbnail","6":"product_cat-catala","7":"product_cat-infantiles-ca","8":"vinculo-herbario-ca-2","10":"first","11":"instock","12":"taxable","13":"shipping-taxable","14":"purchasable","15":"product-type-simple"},"acf":[],"yoast_head":"<!-- This site is optimized with the Yoast SEO plugin v25.1 - https:\/\/yoast.com\/wordpress\/plugins\/seo\/ -->\n<title>Herbari - Libros del Zorro Rojo Herbari<\/title>\n<meta name=\"description\" content=\"Despr\u00e9s de l\u2019\u00e8xit de\u00a0Bestiario, arriba\u00a0Herbari, la nova enciclop\u00e8dia visual d\u2019Adrienne Barman, aquest cop dedicada a una gran varietat de plantes i flors.\" \/>\n<meta name=\"robots\" content=\"index, follow, max-snippet:-1, max-image-preview:large, max-video-preview:-1\" \/>\n<link rel=\"canonical\" href=\"https:\/\/librosdelzorrorojo.com\/ca\/cataleg\/herbari\/\" \/>\n<meta property=\"og:locale\" content=\"ca_ES\" \/>\n<meta property=\"og:type\" content=\"article\" \/>\n<meta property=\"og:title\" content=\"Herbari - Libros del Zorro Rojo Herbari\" \/>\n<meta property=\"og:description\" content=\"Despr\u00e9s de l\u2019\u00e8xit de\u00a0Bestiario, arriba\u00a0Herbari, la nova enciclop\u00e8dia visual d\u2019Adrienne Barman, aquest cop dedicada a una gran varietat de plantes i flors.\" \/>\n<meta property=\"og:url\" content=\"https:\/\/librosdelzorrorojo.com\/ca\/cataleg\/herbari\/\" \/>\n<meta property=\"og:site_name\" content=\"Libros del Zorro Rojo\" \/>\n<meta property=\"article:modified_time\" content=\"2024-03-01T08:18:54+00:00\" \/>\n<meta property=\"og:image\" content=\"https:\/\/librosdelzorrorojo.com\/wp-content\/uploads\/2018\/02\/Herbari-e1525360638246.jpg\" \/>\n\t<meta property=\"og:image:width\" content=\"850\" \/>\n\t<meta property=\"og:image:height\" content=\"1176\" \/>\n\t<meta property=\"og:image:type\" content=\"image\/jpeg\" \/>\n<meta name=\"twitter:card\" content=\"summary_large_image\" \/>\n<meta name=\"twitter:label1\" content=\"Temps estimat de lectura\" \/>\n\t<meta name=\"twitter:data1\" content=\"2 minuts\" \/>\n<script type=\"application\/ld+json\" class=\"yoast-schema-graph\">{\"@context\":\"https:\/\/schema.org\",\"@graph\":[{\"@type\":\"WebPage\",\"@id\":\"https:\/\/librosdelzorrorojo.com\/ca\/cataleg\/herbari\/\",\"url\":\"https:\/\/librosdelzorrorojo.com\/ca\/cataleg\/herbari\/\",\"name\":\"Herbari - Libros del Zorro Rojo Herbari\",\"isPartOf\":{\"@id\":\"https:\/\/librosdelzorrorojo.com\/#website\"},\"primaryImageOfPage\":{\"@id\":\"https:\/\/librosdelzorrorojo.com\/ca\/cataleg\/herbari\/#primaryimage\"},\"image\":{\"@id\":\"https:\/\/librosdelzorrorojo.com\/ca\/cataleg\/herbari\/#primaryimage\"},\"thumbnailUrl\":\"https:\/\/librosdelzorrorojo.com\/wp-content\/uploads\/2018\/02\/Herbari-e1525360638246.jpg\",\"datePublished\":\"2000-02-21T11:00:20+00:00\",\"dateModified\":\"2024-03-01T08:18:54+00:00\",\"description\":\"Despr\u00e9s de l\u2019\u00e8xit de\u00a0Bestiario, arriba\u00a0Herbari, la nova enciclop\u00e8dia visual d\u2019Adrienne Barman, aquest cop dedicada a una gran varietat de plantes i flors.\",\"breadcrumb\":{\"@id\":\"https:\/\/librosdelzorrorojo.com\/ca\/cataleg\/herbari\/#breadcrumb\"},\"inLanguage\":\"ca\",\"potentialAction\":[{\"@type\":\"ReadAction\",\"target\":[\"https:\/\/librosdelzorrorojo.com\/ca\/cataleg\/herbari\/\"]}]},{\"@type\":\"ImageObject\",\"inLanguage\":\"ca\",\"@id\":\"https:\/\/librosdelzorrorojo.com\/ca\/cataleg\/herbari\/#primaryimage\",\"url\":\"https:\/\/librosdelzorrorojo.com\/wp-content\/uploads\/2018\/02\/Herbari-e1525360638246.jpg\",\"contentUrl\":\"https:\/\/librosdelzorrorojo.com\/wp-content\/uploads\/2018\/02\/Herbari-e1525360638246.jpg\",\"width\":850,\"height\":1176,\"caption\":\"Herbari e1525360638246\"},{\"@type\":\"BreadcrumbList\",\"@id\":\"https:\/\/librosdelzorrorojo.com\/ca\/cataleg\/herbari\/#breadcrumb\",\"itemListElement\":[{\"@type\":\"ListItem\",\"position\":1,\"name\":\"Portada\",\"item\":\"https:\/\/librosdelzorrorojo.com\/ca\/\"},{\"@type\":\"ListItem\",\"position\":2,\"name\":\"Cat\u00e0leg\",\"item\":\"https:\/\/librosdelzorrorojo.com\/ca\/cataleg\/\"},{\"@type\":\"ListItem\",\"position\":3,\"name\":\"Herbari\"}]},{\"@type\":\"WebSite\",\"@id\":\"https:\/\/librosdelzorrorojo.com\/#website\",\"url\":\"https:\/\/librosdelzorrorojo.com\/\",\"name\":\"Libros del Zorro Rojo\",\"description\":\"Libros ilustrados\",\"potentialAction\":[{\"@type\":\"SearchAction\",\"target\":{\"@type\":\"EntryPoint\",\"urlTemplate\":\"https:\/\/librosdelzorrorojo.com\/?s={search_term_string}\"},\"query-input\":{\"@type\":\"PropertyValueSpecification\",\"valueRequired\":true,\"valueName\":\"search_term_string\"}}],\"inLanguage\":\"ca\"}]}<\/script>\n<!-- \/ Yoast SEO plugin. -->","yoast_head_json":{"title":"Herbari - Libros del Zorro Rojo Herbari","description":"Despr\u00e9s de l\u2019\u00e8xit de\u00a0Bestiario, arriba\u00a0Herbari, la nova enciclop\u00e8dia visual d\u2019Adrienne Barman, aquest cop dedicada a una gran varietat de plantes i flors.","robots":{"index":"index","follow":"follow","max-snippet":"max-snippet:-1","max-image-preview":"max-image-preview:large","max-video-preview":"max-video-preview:-1"},"canonical":"https:\/\/librosdelzorrorojo.com\/ca\/cataleg\/herbari\/","og_locale":"ca_ES","og_type":"article","og_title":"Herbari - Libros del Zorro Rojo Herbari","og_description":"Despr\u00e9s de l\u2019\u00e8xit de\u00a0Bestiario, arriba\u00a0Herbari, la nova enciclop\u00e8dia visual d\u2019Adrienne Barman, aquest cop dedicada a una gran varietat de plantes i flors.","og_url":"https:\/\/librosdelzorrorojo.com\/ca\/cataleg\/herbari\/","og_site_name":"Libros del Zorro Rojo","article_modified_time":"2024-03-01T08:18:54+00:00","og_image":[{"width":850,"height":1176,"url":"https:\/\/librosdelzorrorojo.com\/wp-content\/uploads\/2018\/02\/Herbari-e1525360638246.jpg","type":"image\/jpeg"}],"twitter_card":"summary_large_image","twitter_misc":{"Temps estimat de lectura":"2 minuts"},"schema":{"@context":"https:\/\/schema.org","@graph":[{"@type":"WebPage","@id":"https:\/\/librosdelzorrorojo.com\/ca\/cataleg\/herbari\/","url":"https:\/\/librosdelzorrorojo.com\/ca\/cataleg\/herbari\/","name":"Herbari - Libros del Zorro Rojo Herbari","isPartOf":{"@id":"https:\/\/librosdelzorrorojo.com\/#website"},"primaryImageOfPage":{"@id":"https:\/\/librosdelzorrorojo.com\/ca\/cataleg\/herbari\/#primaryimage"},"image":{"@id":"https:\/\/librosdelzorrorojo.com\/ca\/cataleg\/herbari\/#primaryimage"},"thumbnailUrl":"https:\/\/librosdelzorrorojo.com\/wp-content\/uploads\/2018\/02\/Herbari-e1525360638246.jpg","datePublished":"2000-02-21T11:00:20+00:00","dateModified":"2024-03-01T08:18:54+00:00","description":"Despr\u00e9s de l\u2019\u00e8xit de\u00a0Bestiario, arriba\u00a0Herbari, la nova enciclop\u00e8dia visual d\u2019Adrienne Barman, aquest cop dedicada a una gran varietat de plantes i flors.","breadcrumb":{"@id":"https:\/\/librosdelzorrorojo.com\/ca\/cataleg\/herbari\/#breadcrumb"},"inLanguage":"ca","potentialAction":[{"@type":"ReadAction","target":["https:\/\/librosdelzorrorojo.com\/ca\/cataleg\/herbari\/"]}]},{"@type":"ImageObject","inLanguage":"ca","@id":"https:\/\/librosdelzorrorojo.com\/ca\/cataleg\/herbari\/#primaryimage","url":"https:\/\/librosdelzorrorojo.com\/wp-content\/uploads\/2018\/02\/Herbari-e1525360638246.jpg","contentUrl":"https:\/\/librosdelzorrorojo.com\/wp-content\/uploads\/2018\/02\/Herbari-e1525360638246.jpg","width":850,"height":1176,"caption":"Herbari e1525360638246"},{"@type":"BreadcrumbList","@id":"https:\/\/librosdelzorrorojo.com\/ca\/cataleg\/herbari\/#breadcrumb","itemListElement":[{"@type":"ListItem","position":1,"name":"Portada","item":"https:\/\/librosdelzorrorojo.com\/ca\/"},{"@type":"ListItem","position":2,"name":"Cat\u00e0leg","item":"https:\/\/librosdelzorrorojo.com\/ca\/cataleg\/"},{"@type":"ListItem","position":3,"name":"Herbari"}]},{"@type":"WebSite","@id":"https:\/\/librosdelzorrorojo.com\/#website","url":"https:\/\/librosdelzorrorojo.com\/","name":"Libros del Zorro Rojo","description":"Libros ilustrados","potentialAction":[{"@type":"SearchAction","target":{"@type":"EntryPoint","urlTemplate":"https:\/\/librosdelzorrorojo.com\/?s={search_term_string}"},"query-input":{"@type":"PropertyValueSpecification","valueRequired":true,"valueName":"search_term_string"}}],"inLanguage":"ca"}]}},"_links":{"self":[{"href":"https:\/\/librosdelzorrorojo.com\/ca\/wp-json\/wp\/v2\/product\/4040","targetHints":{"allow":["GET"]}}],"collection":[{"href":"https:\/\/librosdelzorrorojo.com\/ca\/wp-json\/wp\/v2\/product"}],"about":[{"href":"https:\/\/librosdelzorrorojo.com\/ca\/wp-json\/wp\/v2\/types\/product"}],"wp:featuredmedia":[{"embeddable":true,"href":"https:\/\/librosdelzorrorojo.com\/ca\/wp-json\/wp\/v2\/media\/4424"}],"wp:attachment":[{"href":"https:\/\/librosdelzorrorojo.com\/ca\/wp-json\/wp\/v2\/media?parent=4040"}],"wp:term":[{"taxonomy":"product_brand","embeddable":true,"href":"https:\/\/librosdelzorrorojo.com\/ca\/wp-json\/wp\/v2\/product_brand?post=4040"},{"taxonomy":"product_cat","embeddable":true,"href":"https:\/\/librosdelzorrorojo.com\/ca\/wp-json\/wp\/v2\/product_cat?post=4040"},{"taxonomy":"product_tag","embeddable":true,"href":"https:\/\/librosdelzorrorojo.com\/ca\/wp-json\/wp\/v2\/product_tag?post=4040"}],"curies":[{"name":"wp","href":"https:\/\/api.w.org\/{rel}","templated":true}]}}