{"id":4038,"date":"2017-11-01T12:00:21","date_gmt":"2017-11-01T11:00:21","guid":{"rendered":"https:\/\/produccion.librosdelzorrorojo.com\/?post_type=product&#038;p=4038"},"modified":"2024-03-01T09:21:31","modified_gmt":"2024-03-01T08:21:31","slug":"soc-un-animal","status":"publish","type":"product","link":"https:\/\/librosdelzorrorojo.com\/ca\/cataleg\/soc-un-animal\/","title":{"rendered":"Soc un animal"},"content":{"rendered":"<p class=\"p2\">En aquest llibre infantil, els animals son els protagonistes.\u00a0Sense la intenci\u00f3 de revelar la sorpresa final, podem avan\u00e7ar que, efectivament, a les seves p\u00e0gines nom\u00e9s hi apareixen animals: una \u00f2liba que observa la foscor, un os ensopit al seu cau; un papagai que xerra sense parar; un mico que riu salvatgement i un peix distret amb les seves bombolles\u2026<\/p>\n<p class=\"p2\">Aquesta s\u00e8rie de setze il\u00b7lustracions d\u2019animals real\u00e7a amb humor i expressivitat accions i actituds rutin\u00e0ries (menjar, riure, jugar, cantar\u2026 i, fins i tot, somiar i oblidar), que s\u2019enumeren en una divertida lletania en forma de can\u00e7\u00f3 i ens connecta amb el m\u00e9s profund de la nostra natura\u00a0 \u00absalvatge\u00bb.<\/p>\n<p class=\"p2\">Un llibre original i sorprenent que recull la millor tradici\u00f3 de l\u2019\u00e0lbum il\u00b7lustrat, on el text i la imatge s\u00f3n inseparables a la creaci\u00f3 de significat, per\u00f2 que trenca amb gaireb\u00e9 tots els t\u00f2pics dels llibres d\u2019animals per a nens, ja que es dirigeix a un ampli ventall de p\u00fablic, amb un missatge obert que convida a fugir dels prejudicis i a confiar en l\u2019instint.<\/p>\n<p>&nbsp;<\/p>\n<p>&nbsp;<\/p>\n<p>&nbsp;<\/p>\n","protected":false},"excerpt":{"rendered":"En aquest llibre infantil, els animals son els protagonistes.\u00a0Sense la intenci\u00f3 de revelar la sorpresa final, podem avan\u00e7ar que, efectivament, a les seves p\u00e0gines nom\u00e9s hi apareixen animals: una \u00f2liba que observa la foscor, un os ensopit al seu cau; un papagai que xerra sense parar; un mico que riu salvatgement i un peix distret amb les seves bombolles\u2026","protected":false},"featured_media":4425,"template":"","meta":{"_acf_changed":false},"product_brand":[],"product_cat":[840,839],"product_tag":[],"class_list":{"0":"post-4038","1":"product","2":"type-product","3":"status-publish","4":"has-post-thumbnail","6":"product_cat-catala","7":"product_cat-zona-kids-ca","8":"vinculo-soy-un-animal","10":"first","11":"instock","12":"taxable","13":"shipping-taxable","14":"purchasable","15":"product-type-simple"},"acf":[],"yoast_head":"<!-- This site is optimized with the Yoast SEO plugin v25.1 - https:\/\/yoast.com\/wordpress\/plugins\/seo\/ -->\n<title>Soc un animal - Libros del Zorro Rojo<\/title>\n<meta name=\"robots\" content=\"index, follow, max-snippet:-1, max-image-preview:large, max-video-preview:-1\" \/>\n<link rel=\"canonical\" href=\"https:\/\/librosdelzorrorojo.com\/ca\/cataleg\/soc-un-animal\/\" \/>\n<meta property=\"og:locale\" content=\"ca_ES\" \/>\n<meta property=\"og:type\" content=\"article\" \/>\n<meta property=\"og:title\" content=\"Soc un animal - Libros del Zorro Rojo\" \/>\n<meta property=\"og:description\" content=\"En aquest llibre infantil, els animals son els protagonistes.\u00a0Sense la intenci\u00f3 de revelar la sorpresa final, podem avan\u00e7ar que, efectivament, a les seves p\u00e0gines nom\u00e9s hi apareixen animals: una \u00f2liba que observa la foscor, un os ensopit al seu cau; un papagai que xerra sense parar; un mico que riu salvatgement i un peix distret amb les seves bombolles\u2026\" \/>\n<meta property=\"og:url\" content=\"https:\/\/librosdelzorrorojo.com\/ca\/cataleg\/soc-un-animal\/\" \/>\n<meta property=\"og:site_name\" content=\"Libros del Zorro Rojo\" \/>\n<meta property=\"article:modified_time\" content=\"2024-03-01T08:21:31+00:00\" \/>\n<meta property=\"og:image\" content=\"https:\/\/librosdelzorrorojo.com\/wp-content\/uploads\/2018\/02\/Soc-un-animal-e1525360833651.jpg\" \/>\n\t<meta property=\"og:image:width\" content=\"850\" \/>\n\t<meta property=\"og:image:height\" content=\"843\" \/>\n\t<meta property=\"og:image:type\" content=\"image\/jpeg\" \/>\n<meta name=\"twitter:card\" content=\"summary_large_image\" \/>\n<meta name=\"twitter:label1\" content=\"Temps estimat de lectura\" \/>\n\t<meta name=\"twitter:data1\" content=\"1 minut\" \/>\n<script type=\"application\/ld+json\" class=\"yoast-schema-graph\">{\"@context\":\"https:\/\/schema.org\",\"@graph\":[{\"@type\":\"WebPage\",\"@id\":\"https:\/\/librosdelzorrorojo.com\/ca\/cataleg\/soc-un-animal\/\",\"url\":\"https:\/\/librosdelzorrorojo.com\/ca\/cataleg\/soc-un-animal\/\",\"name\":\"Soc un animal - Libros del Zorro Rojo\",\"isPartOf\":{\"@id\":\"https:\/\/librosdelzorrorojo.com\/#website\"},\"primaryImageOfPage\":{\"@id\":\"https:\/\/librosdelzorrorojo.com\/ca\/cataleg\/soc-un-animal\/#primaryimage\"},\"image\":{\"@id\":\"https:\/\/librosdelzorrorojo.com\/ca\/cataleg\/soc-un-animal\/#primaryimage\"},\"thumbnailUrl\":\"https:\/\/librosdelzorrorojo.com\/wp-content\/uploads\/2018\/02\/Soc-un-animal-e1525360833651.jpg\",\"datePublished\":\"2017-11-01T11:00:21+00:00\",\"dateModified\":\"2024-03-01T08:21:31+00:00\",\"breadcrumb\":{\"@id\":\"https:\/\/librosdelzorrorojo.com\/ca\/cataleg\/soc-un-animal\/#breadcrumb\"},\"inLanguage\":\"ca\",\"potentialAction\":[{\"@type\":\"ReadAction\",\"target\":[\"https:\/\/librosdelzorrorojo.com\/ca\/cataleg\/soc-un-animal\/\"]}]},{\"@type\":\"ImageObject\",\"inLanguage\":\"ca\",\"@id\":\"https:\/\/librosdelzorrorojo.com\/ca\/cataleg\/soc-un-animal\/#primaryimage\",\"url\":\"https:\/\/librosdelzorrorojo.com\/wp-content\/uploads\/2018\/02\/Soc-un-animal-e1525360833651.jpg\",\"contentUrl\":\"https:\/\/librosdelzorrorojo.com\/wp-content\/uploads\/2018\/02\/Soc-un-animal-e1525360833651.jpg\",\"width\":850,\"height\":843,\"caption\":\"Soc un animal e1525360833651\"},{\"@type\":\"BreadcrumbList\",\"@id\":\"https:\/\/librosdelzorrorojo.com\/ca\/cataleg\/soc-un-animal\/#breadcrumb\",\"itemListElement\":[{\"@type\":\"ListItem\",\"position\":1,\"name\":\"Portada\",\"item\":\"https:\/\/librosdelzorrorojo.com\/ca\/\"},{\"@type\":\"ListItem\",\"position\":2,\"name\":\"Cat\u00e0leg\",\"item\":\"https:\/\/librosdelzorrorojo.com\/ca\/cataleg\/\"},{\"@type\":\"ListItem\",\"position\":3,\"name\":\"Soc un animal\"}]},{\"@type\":\"WebSite\",\"@id\":\"https:\/\/librosdelzorrorojo.com\/#website\",\"url\":\"https:\/\/librosdelzorrorojo.com\/\",\"name\":\"Libros del Zorro Rojo\",\"description\":\"Libros ilustrados\",\"potentialAction\":[{\"@type\":\"SearchAction\",\"target\":{\"@type\":\"EntryPoint\",\"urlTemplate\":\"https:\/\/librosdelzorrorojo.com\/?s={search_term_string}\"},\"query-input\":{\"@type\":\"PropertyValueSpecification\",\"valueRequired\":true,\"valueName\":\"search_term_string\"}}],\"inLanguage\":\"ca\"}]}<\/script>\n<!-- \/ Yoast SEO plugin. -->","yoast_head_json":{"title":"Soc un animal - Libros del Zorro Rojo","robots":{"index":"index","follow":"follow","max-snippet":"max-snippet:-1","max-image-preview":"max-image-preview:large","max-video-preview":"max-video-preview:-1"},"canonical":"https:\/\/librosdelzorrorojo.com\/ca\/cataleg\/soc-un-animal\/","og_locale":"ca_ES","og_type":"article","og_title":"Soc un animal - Libros del Zorro Rojo","og_description":"En aquest llibre infantil, els animals son els protagonistes.\u00a0Sense la intenci\u00f3 de revelar la sorpresa final, podem avan\u00e7ar que, efectivament, a les seves p\u00e0gines nom\u00e9s hi apareixen animals: una \u00f2liba que observa la foscor, un os ensopit al seu cau; un papagai que xerra sense parar; un mico que riu salvatgement i un peix distret amb les seves bombolles\u2026","og_url":"https:\/\/librosdelzorrorojo.com\/ca\/cataleg\/soc-un-animal\/","og_site_name":"Libros del Zorro Rojo","article_modified_time":"2024-03-01T08:21:31+00:00","og_image":[{"width":850,"height":843,"url":"https:\/\/librosdelzorrorojo.com\/wp-content\/uploads\/2018\/02\/Soc-un-animal-e1525360833651.jpg","type":"image\/jpeg"}],"twitter_card":"summary_large_image","twitter_misc":{"Temps estimat de lectura":"1 minut"},"schema":{"@context":"https:\/\/schema.org","@graph":[{"@type":"WebPage","@id":"https:\/\/librosdelzorrorojo.com\/ca\/cataleg\/soc-un-animal\/","url":"https:\/\/librosdelzorrorojo.com\/ca\/cataleg\/soc-un-animal\/","name":"Soc un animal - Libros del Zorro Rojo","isPartOf":{"@id":"https:\/\/librosdelzorrorojo.com\/#website"},"primaryImageOfPage":{"@id":"https:\/\/librosdelzorrorojo.com\/ca\/cataleg\/soc-un-animal\/#primaryimage"},"image":{"@id":"https:\/\/librosdelzorrorojo.com\/ca\/cataleg\/soc-un-animal\/#primaryimage"},"thumbnailUrl":"https:\/\/librosdelzorrorojo.com\/wp-content\/uploads\/2018\/02\/Soc-un-animal-e1525360833651.jpg","datePublished":"2017-11-01T11:00:21+00:00","dateModified":"2024-03-01T08:21:31+00:00","breadcrumb":{"@id":"https:\/\/librosdelzorrorojo.com\/ca\/cataleg\/soc-un-animal\/#breadcrumb"},"inLanguage":"ca","potentialAction":[{"@type":"ReadAction","target":["https:\/\/librosdelzorrorojo.com\/ca\/cataleg\/soc-un-animal\/"]}]},{"@type":"ImageObject","inLanguage":"ca","@id":"https:\/\/librosdelzorrorojo.com\/ca\/cataleg\/soc-un-animal\/#primaryimage","url":"https:\/\/librosdelzorrorojo.com\/wp-content\/uploads\/2018\/02\/Soc-un-animal-e1525360833651.jpg","contentUrl":"https:\/\/librosdelzorrorojo.com\/wp-content\/uploads\/2018\/02\/Soc-un-animal-e1525360833651.jpg","width":850,"height":843,"caption":"Soc un animal e1525360833651"},{"@type":"BreadcrumbList","@id":"https:\/\/librosdelzorrorojo.com\/ca\/cataleg\/soc-un-animal\/#breadcrumb","itemListElement":[{"@type":"ListItem","position":1,"name":"Portada","item":"https:\/\/librosdelzorrorojo.com\/ca\/"},{"@type":"ListItem","position":2,"name":"Cat\u00e0leg","item":"https:\/\/librosdelzorrorojo.com\/ca\/cataleg\/"},{"@type":"ListItem","position":3,"name":"Soc un animal"}]},{"@type":"WebSite","@id":"https:\/\/librosdelzorrorojo.com\/#website","url":"https:\/\/librosdelzorrorojo.com\/","name":"Libros del Zorro Rojo","description":"Libros ilustrados","potentialAction":[{"@type":"SearchAction","target":{"@type":"EntryPoint","urlTemplate":"https:\/\/librosdelzorrorojo.com\/?s={search_term_string}"},"query-input":{"@type":"PropertyValueSpecification","valueRequired":true,"valueName":"search_term_string"}}],"inLanguage":"ca"}]}},"_links":{"self":[{"href":"https:\/\/librosdelzorrorojo.com\/ca\/wp-json\/wp\/v2\/product\/4038","targetHints":{"allow":["GET"]}}],"collection":[{"href":"https:\/\/librosdelzorrorojo.com\/ca\/wp-json\/wp\/v2\/product"}],"about":[{"href":"https:\/\/librosdelzorrorojo.com\/ca\/wp-json\/wp\/v2\/types\/product"}],"wp:featuredmedia":[{"embeddable":true,"href":"https:\/\/librosdelzorrorojo.com\/ca\/wp-json\/wp\/v2\/media\/4425"}],"wp:attachment":[{"href":"https:\/\/librosdelzorrorojo.com\/ca\/wp-json\/wp\/v2\/media?parent=4038"}],"wp:term":[{"taxonomy":"product_brand","embeddable":true,"href":"https:\/\/librosdelzorrorojo.com\/ca\/wp-json\/wp\/v2\/product_brand?post=4038"},{"taxonomy":"product_cat","embeddable":true,"href":"https:\/\/librosdelzorrorojo.com\/ca\/wp-json\/wp\/v2\/product_cat?post=4038"},{"taxonomy":"product_tag","embeddable":true,"href":"https:\/\/librosdelzorrorojo.com\/ca\/wp-json\/wp\/v2\/product_tag?post=4038"}],"curies":[{"name":"wp","href":"https:\/\/api.w.org\/{rel}","templated":true}]}}