{"id":32286,"date":"2026-01-19T13:37:27","date_gmt":"2026-05-08T09:01:15","guid":{"rendered":"https:\/\/librosdelzorrorojo.com\/?post_type=product&#038;p=32286"},"modified":"2026-05-08T11:01:57","modified_gmt":"2026-05-08T09:01:57","slug":"auca-de-gabriela-sanci-la-veina-metzinera","status":"publish","type":"product","link":"https:\/\/librosdelzorrorojo.com\/ca\/cataleg\/auca-de-gabriela-sanci-la-veina-metzinera\/","title":{"rendered":"Auca de Gabriela Sanci, la ve\u00efna metzinera"},"content":{"rendered":"<p class=\"p1\">Aquesta auca commemora l\u2019aniversari de la llei de bruixeria m\u00e9s antiga d\u2019Europa, origin\u00e0ria de les Valls d\u2019\u00c0neu, mitjan\u00e7ant una hist\u00f2ria il\u00b7lustrada en seq\u00fc\u00e8ncia i versos breus del proc\u00e9s contra Gabriela Sanci, ve\u00efna d\u2019Esterri d\u2019\u00c0neu al segle XVI. Creada per Luci Guti\u00e9rrez \u2014Premi Nacional d\u2019Il\u00b7lustraci\u00f3 2023\u2014, l\u2019obra parteix dels interrogatoris conservats del tribunal del castell de Val\u00e8ncia d\u2019\u00c0neu per reconstruir un dels casos m\u00e9s ben documentats de la regi\u00f3.<\/p>\n<p class=\"p1\">La pe\u00e7a converteix l\u2019expedient judicial en un relat visual intens i evocador que, tenint en compte la sensibilitat contempor\u00e0nia, permet comprendre la viol\u00e8ncia que va travessar aquells processos al Pirineu del segle XVI. Aquesta auca retorna la pres\u00e8ncia a dones excloses de la narrativa oficial i proposa una mirada cr\u00edtica a un temps en qu\u00e8 la just\u00edcia es veia condicionada per la por, l\u2019arbitrarietat i un sistema disposat a castigar amb la mort qualsevol desviaci\u00f3 del que era normatiu.<\/p>\n","protected":false},"excerpt":{"rendered":"<p class=\"p1\">Aquesta auca commemora l\u2019aniversari de la llei de bruixeria m\u00e9s antiga d\u2019Europa, origin\u00e0ria de les Valls d\u2019\u00c0neu, mitjan\u00e7ant una hist\u00f2ria il\u00b7lustrada en seq\u00fc\u00e8ncia i versos breus del proc\u00e9s contra Gabriela Sanci, ve\u00efna d\u2019Esterri d\u2019\u00c0neu al segle XVI. Creada per Luci Guti\u00e9rrez \u2014Premi Nacional d\u2019Il\u00b7lustraci\u00f3 2023\u2014, l\u2019obra parteix dels interrogatoris conservats del tribunal del castell de Val\u00e8ncia d\u2019\u00c0neu per reconstruir un dels casos m\u00e9s ben documentats de la regi\u00f3.<\/p>\r\n<p class=\"p1\">La pe\u00e7a converteix l\u2019expedient judicial en un relat visual intens i evocador que, tenint en compte la sensibilitat contempor\u00e0nia, permet comprendre la viol\u00e8ncia que va travessar aquells processos al Pirineu del segle XVI. Aquesta auca retorna la pres\u00e8ncia a dones excloses de la narrativa oficial i proposa una mirada cr\u00edtica a un temps en qu\u00e8 la just\u00edcia es veia condicionada per la por, l\u2019arbitrarietat i un sistema disposat a castigar amb la mort qualsevol desviaci\u00f3 del que era normatiu.<\/p>","protected":false},"featured_media":31376,"template":"","meta":{"_acf_changed":false},"product_brand":[],"product_cat":[840,3156,846,842],"product_tag":[],"class_list":{"0":"post-32286","1":"product","2":"type-product","3":"status-publish","4":"has-post-thumbnail","6":"product_cat-catala","7":"product_cat-juvenil-adult","8":"product_cat-novedades-ca","9":"product_cat-en-preparacion-ca","10":"vinculo-auca-de-gabriela-sanci","12":"first","13":"instock","14":"taxable","15":"shipping-taxable","16":"purchasable","17":"product-type-simple"},"acf":[],"yoast_head":"<!-- This site is optimized with the Yoast SEO plugin v25.1 - https:\/\/yoast.com\/wordpress\/plugins\/seo\/ -->\n<title>Auca de Gabriela Sanci, la ve\u00efna metzinera - Libros del Zorro Rojo<\/title>\n<meta name=\"robots\" content=\"index, follow, max-snippet:-1, max-image-preview:large, max-video-preview:-1\" \/>\n<link rel=\"canonical\" href=\"https:\/\/librosdelzorrorojo.com\/ca\/cataleg\/auca-de-gabriela-sanci-la-veina-metzinera\/\" \/>\n<meta property=\"og:locale\" content=\"ca_ES\" \/>\n<meta property=\"og:type\" content=\"article\" \/>\n<meta property=\"og:title\" content=\"Auca de Gabriela Sanci, la ve\u00efna metzinera - Libros del Zorro Rojo\" \/>\n<meta property=\"og:description\" content=\"Aquesta auca commemora l\u2019aniversari de la llei de bruixeria m\u00e9s antiga d\u2019Europa, origin\u00e0ria de les Valls d\u2019\u00c0neu, mitjan\u00e7ant una hist\u00f2ria il\u00b7lustrada en seq\u00fc\u00e8ncia i versos breus del proc\u00e9s contra Gabriela Sanci, ve\u00efna d\u2019Esterri d\u2019\u00c0neu al segle XVI. Creada per Luci Guti\u00e9rrez \u2014Premi Nacional d\u2019Il\u00b7lustraci\u00f3 2023\u2014, l\u2019obra parteix dels interrogatoris conservats del tribunal del castell de Val\u00e8ncia d\u2019\u00c0neu per reconstruir un dels casos m\u00e9s ben documentats de la regi\u00f3. La pe\u00e7a converteix l\u2019expedient judicial en un relat visual intens i evocador que, tenint en compte la sensibilitat contempor\u00e0nia, permet comprendre la viol\u00e8ncia que va travessar aquells processos al Pirineu del segle XVI. Aquesta auca retorna la pres\u00e8ncia a dones excloses de la narrativa oficial i proposa una mirada cr\u00edtica a un temps en qu\u00e8 la just\u00edcia es veia condicionada per la por, l\u2019arbitrarietat i un sistema disposat a castigar amb la mort qualsevol desviaci\u00f3 del que era normatiu.\" \/>\n<meta property=\"og:url\" content=\"https:\/\/librosdelzorrorojo.com\/ca\/cataleg\/auca-de-gabriela-sanci-la-veina-metzinera\/\" \/>\n<meta property=\"og:site_name\" content=\"Libros del Zorro Rojo\" \/>\n<meta property=\"article:modified_time\" content=\"2026-05-08T09:01:57+00:00\" \/>\n<meta name=\"twitter:card\" content=\"summary_large_image\" \/>\n<meta name=\"twitter:label1\" content=\"Temps estimat de lectura\" \/>\n\t<meta name=\"twitter:data1\" content=\"1 minut\" \/>\n<script type=\"application\/ld+json\" class=\"yoast-schema-graph\">{\"@context\":\"https:\/\/schema.org\",\"@graph\":[{\"@type\":\"WebPage\",\"@id\":\"https:\/\/librosdelzorrorojo.com\/ca\/cataleg\/auca-de-gabriela-sanci-la-veina-metzinera\/\",\"url\":\"https:\/\/librosdelzorrorojo.com\/ca\/cataleg\/auca-de-gabriela-sanci-la-veina-metzinera\/\",\"name\":\"Auca de Gabriela Sanci, la ve\u00efna metzinera - Libros del Zorro Rojo\",\"isPartOf\":{\"@id\":\"https:\/\/librosdelzorrorojo.com\/#website\"},\"primaryImageOfPage\":{\"@id\":\"https:\/\/librosdelzorrorojo.com\/ca\/cataleg\/auca-de-gabriela-sanci-la-veina-metzinera\/#primaryimage\"},\"image\":{\"@id\":\"https:\/\/librosdelzorrorojo.com\/ca\/cataleg\/auca-de-gabriela-sanci-la-veina-metzinera\/#primaryimage\"},\"thumbnailUrl\":\"https:\/\/librosdelzorrorojo.com\/wp-content\/uploads\/2026\/01\/Cubierta_AUCApg-scaled.jpg\",\"datePublished\":\"2026-05-08T09:01:15+00:00\",\"dateModified\":\"2026-05-08T09:01:57+00:00\",\"breadcrumb\":{\"@id\":\"https:\/\/librosdelzorrorojo.com\/ca\/cataleg\/auca-de-gabriela-sanci-la-veina-metzinera\/#breadcrumb\"},\"inLanguage\":\"ca\",\"potentialAction\":[{\"@type\":\"ReadAction\",\"target\":[\"https:\/\/librosdelzorrorojo.com\/ca\/cataleg\/auca-de-gabriela-sanci-la-veina-metzinera\/\"]}]},{\"@type\":\"ImageObject\",\"inLanguage\":\"ca\",\"@id\":\"https:\/\/librosdelzorrorojo.com\/ca\/cataleg\/auca-de-gabriela-sanci-la-veina-metzinera\/#primaryimage\",\"url\":\"https:\/\/librosdelzorrorojo.com\/wp-content\/uploads\/2026\/01\/Cubierta_AUCApg-scaled.jpg\",\"contentUrl\":\"https:\/\/librosdelzorrorojo.com\/wp-content\/uploads\/2026\/01\/Cubierta_AUCApg-scaled.jpg\",\"width\":2291,\"height\":2560,\"caption\":\"Cubierta AUCApg\"},{\"@type\":\"BreadcrumbList\",\"@id\":\"https:\/\/librosdelzorrorojo.com\/ca\/cataleg\/auca-de-gabriela-sanci-la-veina-metzinera\/#breadcrumb\",\"itemListElement\":[{\"@type\":\"ListItem\",\"position\":1,\"name\":\"Portada\",\"item\":\"https:\/\/librosdelzorrorojo.com\/ca\/\"},{\"@type\":\"ListItem\",\"position\":2,\"name\":\"Cat\u00e0leg\",\"item\":\"https:\/\/librosdelzorrorojo.com\/ca\/cataleg\/\"},{\"@type\":\"ListItem\",\"position\":3,\"name\":\"Auca de Gabriela Sanci, la ve\u00efna metzinera\"}]},{\"@type\":\"WebSite\",\"@id\":\"https:\/\/librosdelzorrorojo.com\/#website\",\"url\":\"https:\/\/librosdelzorrorojo.com\/\",\"name\":\"Libros del Zorro Rojo\",\"description\":\"Libros ilustrados\",\"potentialAction\":[{\"@type\":\"SearchAction\",\"target\":{\"@type\":\"EntryPoint\",\"urlTemplate\":\"https:\/\/librosdelzorrorojo.com\/?s={search_term_string}\"},\"query-input\":{\"@type\":\"PropertyValueSpecification\",\"valueRequired\":true,\"valueName\":\"search_term_string\"}}],\"inLanguage\":\"ca\"}]}<\/script>\n<!-- \/ Yoast SEO plugin. -->","yoast_head_json":{"title":"Auca de Gabriela Sanci, la ve\u00efna metzinera - Libros del Zorro Rojo","robots":{"index":"index","follow":"follow","max-snippet":"max-snippet:-1","max-image-preview":"max-image-preview:large","max-video-preview":"max-video-preview:-1"},"canonical":"https:\/\/librosdelzorrorojo.com\/ca\/cataleg\/auca-de-gabriela-sanci-la-veina-metzinera\/","og_locale":"ca_ES","og_type":"article","og_title":"Auca de Gabriela Sanci, la ve\u00efna metzinera - Libros del Zorro Rojo","og_description":"Aquesta auca commemora l\u2019aniversari de la llei de bruixeria m\u00e9s antiga d\u2019Europa, origin\u00e0ria de les Valls d\u2019\u00c0neu, mitjan\u00e7ant una hist\u00f2ria il\u00b7lustrada en seq\u00fc\u00e8ncia i versos breus del proc\u00e9s contra Gabriela Sanci, ve\u00efna d\u2019Esterri d\u2019\u00c0neu al segle XVI. Creada per Luci Guti\u00e9rrez \u2014Premi Nacional d\u2019Il\u00b7lustraci\u00f3 2023\u2014, l\u2019obra parteix dels interrogatoris conservats del tribunal del castell de Val\u00e8ncia d\u2019\u00c0neu per reconstruir un dels casos m\u00e9s ben documentats de la regi\u00f3. La pe\u00e7a converteix l\u2019expedient judicial en un relat visual intens i evocador que, tenint en compte la sensibilitat contempor\u00e0nia, permet comprendre la viol\u00e8ncia que va travessar aquells processos al Pirineu del segle XVI. Aquesta auca retorna la pres\u00e8ncia a dones excloses de la narrativa oficial i proposa una mirada cr\u00edtica a un temps en qu\u00e8 la just\u00edcia es veia condicionada per la por, l\u2019arbitrarietat i un sistema disposat a castigar amb la mort qualsevol desviaci\u00f3 del que era normatiu.","og_url":"https:\/\/librosdelzorrorojo.com\/ca\/cataleg\/auca-de-gabriela-sanci-la-veina-metzinera\/","og_site_name":"Libros del Zorro Rojo","article_modified_time":"2026-05-08T09:01:57+00:00","twitter_card":"summary_large_image","twitter_misc":{"Temps estimat de lectura":"1 minut"},"schema":{"@context":"https:\/\/schema.org","@graph":[{"@type":"WebPage","@id":"https:\/\/librosdelzorrorojo.com\/ca\/cataleg\/auca-de-gabriela-sanci-la-veina-metzinera\/","url":"https:\/\/librosdelzorrorojo.com\/ca\/cataleg\/auca-de-gabriela-sanci-la-veina-metzinera\/","name":"Auca de Gabriela Sanci, la ve\u00efna metzinera - Libros del Zorro Rojo","isPartOf":{"@id":"https:\/\/librosdelzorrorojo.com\/#website"},"primaryImageOfPage":{"@id":"https:\/\/librosdelzorrorojo.com\/ca\/cataleg\/auca-de-gabriela-sanci-la-veina-metzinera\/#primaryimage"},"image":{"@id":"https:\/\/librosdelzorrorojo.com\/ca\/cataleg\/auca-de-gabriela-sanci-la-veina-metzinera\/#primaryimage"},"thumbnailUrl":"https:\/\/librosdelzorrorojo.com\/wp-content\/uploads\/2026\/01\/Cubierta_AUCApg-scaled.jpg","datePublished":"2026-05-08T09:01:15+00:00","dateModified":"2026-05-08T09:01:57+00:00","breadcrumb":{"@id":"https:\/\/librosdelzorrorojo.com\/ca\/cataleg\/auca-de-gabriela-sanci-la-veina-metzinera\/#breadcrumb"},"inLanguage":"ca","potentialAction":[{"@type":"ReadAction","target":["https:\/\/librosdelzorrorojo.com\/ca\/cataleg\/auca-de-gabriela-sanci-la-veina-metzinera\/"]}]},{"@type":"ImageObject","inLanguage":"ca","@id":"https:\/\/librosdelzorrorojo.com\/ca\/cataleg\/auca-de-gabriela-sanci-la-veina-metzinera\/#primaryimage","url":"https:\/\/librosdelzorrorojo.com\/wp-content\/uploads\/2026\/01\/Cubierta_AUCApg-scaled.jpg","contentUrl":"https:\/\/librosdelzorrorojo.com\/wp-content\/uploads\/2026\/01\/Cubierta_AUCApg-scaled.jpg","width":2291,"height":2560,"caption":"Cubierta AUCApg"},{"@type":"BreadcrumbList","@id":"https:\/\/librosdelzorrorojo.com\/ca\/cataleg\/auca-de-gabriela-sanci-la-veina-metzinera\/#breadcrumb","itemListElement":[{"@type":"ListItem","position":1,"name":"Portada","item":"https:\/\/librosdelzorrorojo.com\/ca\/"},{"@type":"ListItem","position":2,"name":"Cat\u00e0leg","item":"https:\/\/librosdelzorrorojo.com\/ca\/cataleg\/"},{"@type":"ListItem","position":3,"name":"Auca de Gabriela Sanci, la ve\u00efna metzinera"}]},{"@type":"WebSite","@id":"https:\/\/librosdelzorrorojo.com\/#website","url":"https:\/\/librosdelzorrorojo.com\/","name":"Libros del Zorro Rojo","description":"Libros ilustrados","potentialAction":[{"@type":"SearchAction","target":{"@type":"EntryPoint","urlTemplate":"https:\/\/librosdelzorrorojo.com\/?s={search_term_string}"},"query-input":{"@type":"PropertyValueSpecification","valueRequired":true,"valueName":"search_term_string"}}],"inLanguage":"ca"}]}},"_links":{"self":[{"href":"https:\/\/librosdelzorrorojo.com\/ca\/wp-json\/wp\/v2\/product\/32286","targetHints":{"allow":["GET"]}}],"collection":[{"href":"https:\/\/librosdelzorrorojo.com\/ca\/wp-json\/wp\/v2\/product"}],"about":[{"href":"https:\/\/librosdelzorrorojo.com\/ca\/wp-json\/wp\/v2\/types\/product"}],"wp:featuredmedia":[{"embeddable":true,"href":"https:\/\/librosdelzorrorojo.com\/ca\/wp-json\/wp\/v2\/media\/31376"}],"wp:attachment":[{"href":"https:\/\/librosdelzorrorojo.com\/ca\/wp-json\/wp\/v2\/media?parent=32286"}],"wp:term":[{"taxonomy":"product_brand","embeddable":true,"href":"https:\/\/librosdelzorrorojo.com\/ca\/wp-json\/wp\/v2\/product_brand?post=32286"},{"taxonomy":"product_cat","embeddable":true,"href":"https:\/\/librosdelzorrorojo.com\/ca\/wp-json\/wp\/v2\/product_cat?post=32286"},{"taxonomy":"product_tag","embeddable":true,"href":"https:\/\/librosdelzorrorojo.com\/ca\/wp-json\/wp\/v2\/product_tag?post=32286"}],"curies":[{"name":"wp","href":"https:\/\/api.w.org\/{rel}","templated":true}]}}