{"id":32144,"date":"2026-01-20T10:21:39","date_gmt":"2026-03-31T08:24:16","guid":{"rendered":"https:\/\/librosdelzorrorojo.com\/?post_type=product&#038;p=32144"},"modified":"2026-03-31T10:24:16","modified_gmt":"2026-03-31T08:24:16","slug":"el-misteri-de-leucaliptus-les-aventures-del-coala-arxibald-a-lilla-de-rastepap","status":"publish","type":"product","link":"https:\/\/librosdelzorrorojo.com\/ca\/cataleg\/el-misteri-de-leucaliptus-les-aventures-del-coala-arxibald-a-lilla-de-rastepap\/","title":{"rendered":"El misteri de l\u2019eucaliptus: Les aventures del coala Arxibald a l\u2019illa de Rastepap"},"content":{"rendered":"<p>A la id\u00edl\u00b7lica illa de Rastepap, on coales i teixons conviuen en perfecta harmonia, un fet desconcertant altera la rutina: les fulles dels eucaliptus han desaparegut sense deixar rastre! Arxibald, el perspica\u00e7 detectiu coala, \u00e9s convocat per investigar el cas.<\/p>\n<p>Amb el seu inseparable quadern de pistes, recorre l\u2019illa interrogant ve\u00efns exc\u00e8ntrics, seguint traces sospitoses i descartant teories absurdes. Entre girs inesperats, humor irreverent i escenaris plens de vida, Arxibald arriba al fons del misteri i revela qu\u00e8 \u2014o, millor dit, qui\u2014 hi ha darrere del robatori. Per\u00f2 la veritat no nom\u00e9s resoldr\u00e0 el cas, tamb\u00e9 posar\u00e0 en perill la conviv\u00e8ncia entre coales i teixons.<\/p>\n<p>Aquesta aventura combina una imaginaci\u00f3 desbordant amb il\u00b7lustracions expressives, i convida els lectors m\u00e9s joves a exercitar la seva l\u00f2gica deductiva a cada p\u00e0gina. Les trames entrellacen humor, fantasia i misteri, amb una est\u00e8tica visual que evoca l\u2019encant dels dibuixos animats cl\u00e0ssics de mitjan segle XX.<\/p>\n","protected":false},"excerpt":{"rendered":"A la id\u00edl\u00b7lica illa de Rastepap, on coales i teixons conviuen en perfecta harmonia, un fet desconcertant altera la rutina: les fulles dels eucaliptus han desaparegut sense deixar rastre! Arxibald, el perspica\u00e7 detectiu coala, \u00e9s convocat per investigar el cas.\r\n\r\nAmb el seu inseparable quadern de pistes, recorre l\u2019illa interrogant ve\u00efns exc\u00e8ntrics, seguint traces sospitoses i descartant teories absurdes. Entre girs inesperats, humor irreverent i escenaris plens de vida, Arxibald arriba al fons del misteri i revela qu\u00e8 \u2014o, millor dit, qui\u2014 hi ha darrere del robatori. Per\u00f2 la veritat no nom\u00e9s resoldr\u00e0 el cas, tamb\u00e9 posar\u00e0 en perill la conviv\u00e8ncia entre coales i teixons.\r\n\r\nAquesta aventura combina una imaginaci\u00f3 desbordant amb il\u00b7lustracions expressives, i convida els lectors m\u00e9s joves a exercitar la seva l\u00f2gica deductiva a cada p\u00e0gina. Les trames entrellacen humor, fantasia i misteri, amb una est\u00e8tica visual que evoca l\u2019encant dels dibuixos animats cl\u00e0ssics de mitjan segle XX.","protected":false},"featured_media":31379,"template":"","meta":{"_acf_changed":false},"product_brand":[],"product_cat":[840,843,839,846],"product_tag":[],"class_list":{"0":"post-32144","1":"product","2":"type-product","3":"status-publish","4":"has-post-thumbnail","6":"product_cat-catala","7":"product_cat-infantiles-ca","8":"product_cat-zona-kids-ca","9":"product_cat-novedades-ca","10":"vinculo-el-enigma-eucalipto","12":"first","13":"instock","14":"taxable","15":"shipping-taxable","16":"purchasable","17":"product-type-simple"},"acf":[],"yoast_head":"<!-- This site is optimized with the Yoast SEO plugin v25.1 - https:\/\/yoast.com\/wordpress\/plugins\/seo\/ -->\n<title>El misteri de l\u2019eucaliptus: Les aventures del coala Arxibald a l\u2019illa de Rastepap - Libros del Zorro Rojo<\/title>\n<meta name=\"description\" content=\"A l&#039;illa de Rastepap, les fulles dels eucaliptus han desaparegut i el detectiu coala Arxibald s&#039;encarrega del cas. Una aventura de misteri i humor per als lectors m\u00e9s joves, amb il\u00b7lustracions que evoquen els dibuixos animats cl\u00e0ssics i una trama que convida a pensar a cada p\u00e0gina.\" \/>\n<meta name=\"robots\" content=\"index, follow, max-snippet:-1, max-image-preview:large, max-video-preview:-1\" \/>\n<link rel=\"canonical\" href=\"https:\/\/librosdelzorrorojo.com\/ca\/cataleg\/el-misteri-de-leucaliptus-les-aventures-del-coala-arxibald-a-lilla-de-rastepap\/\" \/>\n<meta property=\"og:locale\" content=\"ca_ES\" \/>\n<meta property=\"og:type\" content=\"article\" \/>\n<meta property=\"og:title\" content=\"El misteri de l\u2019eucaliptus: Les aventures del coala Arxibald a l\u2019illa de Rastepap - Libros del Zorro Rojo\" \/>\n<meta property=\"og:description\" content=\"A l&#039;illa de Rastepap, les fulles dels eucaliptus han desaparegut i el detectiu coala Arxibald s&#039;encarrega del cas. Una aventura de misteri i humor per als lectors m\u00e9s joves, amb il\u00b7lustracions que evoquen els dibuixos animats cl\u00e0ssics i una trama que convida a pensar a cada p\u00e0gina.\" \/>\n<meta property=\"og:url\" content=\"https:\/\/librosdelzorrorojo.com\/ca\/cataleg\/el-misteri-de-leucaliptus-les-aventures-del-coala-arxibald-a-lilla-de-rastepap\/\" \/>\n<meta property=\"og:site_name\" content=\"Libros del Zorro Rojo\" \/>\n<meta name=\"twitter:card\" content=\"summary_large_image\" \/>\n<meta name=\"twitter:label1\" content=\"Temps estimat de lectura\" \/>\n\t<meta name=\"twitter:data1\" content=\"1 minut\" \/>\n<script type=\"application\/ld+json\" class=\"yoast-schema-graph\">{\"@context\":\"https:\/\/schema.org\",\"@graph\":[{\"@type\":\"WebPage\",\"@id\":\"https:\/\/librosdelzorrorojo.com\/ca\/cataleg\/el-misteri-de-leucaliptus-les-aventures-del-coala-arxibald-a-lilla-de-rastepap\/\",\"url\":\"https:\/\/librosdelzorrorojo.com\/ca\/cataleg\/el-misteri-de-leucaliptus-les-aventures-del-coala-arxibald-a-lilla-de-rastepap\/\",\"name\":\"El misteri de l\u2019eucaliptus: Les aventures del coala Arxibald a l\u2019illa de Rastepap - Libros del Zorro Rojo\",\"isPartOf\":{\"@id\":\"https:\/\/librosdelzorrorojo.com\/#website\"},\"primaryImageOfPage\":{\"@id\":\"https:\/\/librosdelzorrorojo.com\/ca\/cataleg\/el-misteri-de-leucaliptus-les-aventures-del-coala-arxibald-a-lilla-de-rastepap\/#primaryimage\"},\"image\":{\"@id\":\"https:\/\/librosdelzorrorojo.com\/ca\/cataleg\/el-misteri-de-leucaliptus-les-aventures-del-coala-arxibald-a-lilla-de-rastepap\/#primaryimage\"},\"thumbnailUrl\":\"https:\/\/librosdelzorrorojo.com\/wp-content\/uploads\/2026\/01\/Cubierta_cat_-scaled.jpg\",\"datePublished\":\"2026-03-31T08:24:16+00:00\",\"description\":\"A l'illa de Rastepap, les fulles dels eucaliptus han desaparegut i el detectiu coala Arxibald s'encarrega del cas. Una aventura de misteri i humor per als lectors m\u00e9s joves, amb il\u00b7lustracions que evoquen els dibuixos animats cl\u00e0ssics i una trama que convida a pensar a cada p\u00e0gina.\",\"breadcrumb\":{\"@id\":\"https:\/\/librosdelzorrorojo.com\/ca\/cataleg\/el-misteri-de-leucaliptus-les-aventures-del-coala-arxibald-a-lilla-de-rastepap\/#breadcrumb\"},\"inLanguage\":\"ca\",\"potentialAction\":[{\"@type\":\"ReadAction\",\"target\":[\"https:\/\/librosdelzorrorojo.com\/ca\/cataleg\/el-misteri-de-leucaliptus-les-aventures-del-coala-arxibald-a-lilla-de-rastepap\/\"]}]},{\"@type\":\"ImageObject\",\"inLanguage\":\"ca\",\"@id\":\"https:\/\/librosdelzorrorojo.com\/ca\/cataleg\/el-misteri-de-leucaliptus-les-aventures-del-coala-arxibald-a-lilla-de-rastepap\/#primaryimage\",\"url\":\"https:\/\/librosdelzorrorojo.com\/wp-content\/uploads\/2026\/01\/Cubierta_cat_-scaled.jpg\",\"contentUrl\":\"https:\/\/librosdelzorrorojo.com\/wp-content\/uploads\/2026\/01\/Cubierta_cat_-scaled.jpg\",\"width\":1820,\"height\":2560,\"caption\":\"El Misteri del eucaliptus COVER CAT.indd\"},{\"@type\":\"BreadcrumbList\",\"@id\":\"https:\/\/librosdelzorrorojo.com\/ca\/cataleg\/el-misteri-de-leucaliptus-les-aventures-del-coala-arxibald-a-lilla-de-rastepap\/#breadcrumb\",\"itemListElement\":[{\"@type\":\"ListItem\",\"position\":1,\"name\":\"Portada\",\"item\":\"https:\/\/librosdelzorrorojo.com\/ca\/\"},{\"@type\":\"ListItem\",\"position\":2,\"name\":\"Cat\u00e0leg\",\"item\":\"https:\/\/librosdelzorrorojo.com\/ca\/cataleg\/\"},{\"@type\":\"ListItem\",\"position\":3,\"name\":\"El misteri de l\u2019eucaliptus: Les aventures del coala Arxibald a l\u2019illa de Rastepap\"}]},{\"@type\":\"WebSite\",\"@id\":\"https:\/\/librosdelzorrorojo.com\/#website\",\"url\":\"https:\/\/librosdelzorrorojo.com\/\",\"name\":\"Libros del Zorro Rojo\",\"description\":\"Libros ilustrados\",\"potentialAction\":[{\"@type\":\"SearchAction\",\"target\":{\"@type\":\"EntryPoint\",\"urlTemplate\":\"https:\/\/librosdelzorrorojo.com\/?s={search_term_string}\"},\"query-input\":{\"@type\":\"PropertyValueSpecification\",\"valueRequired\":true,\"valueName\":\"search_term_string\"}}],\"inLanguage\":\"ca\"}]}<\/script>\n<!-- \/ Yoast SEO plugin. -->","yoast_head_json":{"title":"El misteri de l\u2019eucaliptus: Les aventures del coala Arxibald a l\u2019illa de Rastepap - Libros del Zorro Rojo","description":"A l'illa de Rastepap, les fulles dels eucaliptus han desaparegut i el detectiu coala Arxibald s'encarrega del cas. Una aventura de misteri i humor per als lectors m\u00e9s joves, amb il\u00b7lustracions que evoquen els dibuixos animats cl\u00e0ssics i una trama que convida a pensar a cada p\u00e0gina.","robots":{"index":"index","follow":"follow","max-snippet":"max-snippet:-1","max-image-preview":"max-image-preview:large","max-video-preview":"max-video-preview:-1"},"canonical":"https:\/\/librosdelzorrorojo.com\/ca\/cataleg\/el-misteri-de-leucaliptus-les-aventures-del-coala-arxibald-a-lilla-de-rastepap\/","og_locale":"ca_ES","og_type":"article","og_title":"El misteri de l\u2019eucaliptus: Les aventures del coala Arxibald a l\u2019illa de Rastepap - Libros del Zorro Rojo","og_description":"A l'illa de Rastepap, les fulles dels eucaliptus han desaparegut i el detectiu coala Arxibald s'encarrega del cas. Una aventura de misteri i humor per als lectors m\u00e9s joves, amb il\u00b7lustracions que evoquen els dibuixos animats cl\u00e0ssics i una trama que convida a pensar a cada p\u00e0gina.","og_url":"https:\/\/librosdelzorrorojo.com\/ca\/cataleg\/el-misteri-de-leucaliptus-les-aventures-del-coala-arxibald-a-lilla-de-rastepap\/","og_site_name":"Libros del Zorro Rojo","twitter_card":"summary_large_image","twitter_misc":{"Temps estimat de lectura":"1 minut"},"schema":{"@context":"https:\/\/schema.org","@graph":[{"@type":"WebPage","@id":"https:\/\/librosdelzorrorojo.com\/ca\/cataleg\/el-misteri-de-leucaliptus-les-aventures-del-coala-arxibald-a-lilla-de-rastepap\/","url":"https:\/\/librosdelzorrorojo.com\/ca\/cataleg\/el-misteri-de-leucaliptus-les-aventures-del-coala-arxibald-a-lilla-de-rastepap\/","name":"El misteri de l\u2019eucaliptus: Les aventures del coala Arxibald a l\u2019illa de Rastepap - Libros del Zorro Rojo","isPartOf":{"@id":"https:\/\/librosdelzorrorojo.com\/#website"},"primaryImageOfPage":{"@id":"https:\/\/librosdelzorrorojo.com\/ca\/cataleg\/el-misteri-de-leucaliptus-les-aventures-del-coala-arxibald-a-lilla-de-rastepap\/#primaryimage"},"image":{"@id":"https:\/\/librosdelzorrorojo.com\/ca\/cataleg\/el-misteri-de-leucaliptus-les-aventures-del-coala-arxibald-a-lilla-de-rastepap\/#primaryimage"},"thumbnailUrl":"https:\/\/librosdelzorrorojo.com\/wp-content\/uploads\/2026\/01\/Cubierta_cat_-scaled.jpg","datePublished":"2026-03-31T08:24:16+00:00","description":"A l'illa de Rastepap, les fulles dels eucaliptus han desaparegut i el detectiu coala Arxibald s'encarrega del cas. Una aventura de misteri i humor per als lectors m\u00e9s joves, amb il\u00b7lustracions que evoquen els dibuixos animats cl\u00e0ssics i una trama que convida a pensar a cada p\u00e0gina.","breadcrumb":{"@id":"https:\/\/librosdelzorrorojo.com\/ca\/cataleg\/el-misteri-de-leucaliptus-les-aventures-del-coala-arxibald-a-lilla-de-rastepap\/#breadcrumb"},"inLanguage":"ca","potentialAction":[{"@type":"ReadAction","target":["https:\/\/librosdelzorrorojo.com\/ca\/cataleg\/el-misteri-de-leucaliptus-les-aventures-del-coala-arxibald-a-lilla-de-rastepap\/"]}]},{"@type":"ImageObject","inLanguage":"ca","@id":"https:\/\/librosdelzorrorojo.com\/ca\/cataleg\/el-misteri-de-leucaliptus-les-aventures-del-coala-arxibald-a-lilla-de-rastepap\/#primaryimage","url":"https:\/\/librosdelzorrorojo.com\/wp-content\/uploads\/2026\/01\/Cubierta_cat_-scaled.jpg","contentUrl":"https:\/\/librosdelzorrorojo.com\/wp-content\/uploads\/2026\/01\/Cubierta_cat_-scaled.jpg","width":1820,"height":2560,"caption":"El Misteri del eucaliptus COVER CAT.indd"},{"@type":"BreadcrumbList","@id":"https:\/\/librosdelzorrorojo.com\/ca\/cataleg\/el-misteri-de-leucaliptus-les-aventures-del-coala-arxibald-a-lilla-de-rastepap\/#breadcrumb","itemListElement":[{"@type":"ListItem","position":1,"name":"Portada","item":"https:\/\/librosdelzorrorojo.com\/ca\/"},{"@type":"ListItem","position":2,"name":"Cat\u00e0leg","item":"https:\/\/librosdelzorrorojo.com\/ca\/cataleg\/"},{"@type":"ListItem","position":3,"name":"El misteri de l\u2019eucaliptus: Les aventures del coala Arxibald a l\u2019illa de Rastepap"}]},{"@type":"WebSite","@id":"https:\/\/librosdelzorrorojo.com\/#website","url":"https:\/\/librosdelzorrorojo.com\/","name":"Libros del Zorro Rojo","description":"Libros ilustrados","potentialAction":[{"@type":"SearchAction","target":{"@type":"EntryPoint","urlTemplate":"https:\/\/librosdelzorrorojo.com\/?s={search_term_string}"},"query-input":{"@type":"PropertyValueSpecification","valueRequired":true,"valueName":"search_term_string"}}],"inLanguage":"ca"}]}},"_links":{"self":[{"href":"https:\/\/librosdelzorrorojo.com\/ca\/wp-json\/wp\/v2\/product\/32144","targetHints":{"allow":["GET"]}}],"collection":[{"href":"https:\/\/librosdelzorrorojo.com\/ca\/wp-json\/wp\/v2\/product"}],"about":[{"href":"https:\/\/librosdelzorrorojo.com\/ca\/wp-json\/wp\/v2\/types\/product"}],"wp:featuredmedia":[{"embeddable":true,"href":"https:\/\/librosdelzorrorojo.com\/ca\/wp-json\/wp\/v2\/media\/31379"}],"wp:attachment":[{"href":"https:\/\/librosdelzorrorojo.com\/ca\/wp-json\/wp\/v2\/media?parent=32144"}],"wp:term":[{"taxonomy":"product_brand","embeddable":true,"href":"https:\/\/librosdelzorrorojo.com\/ca\/wp-json\/wp\/v2\/product_brand?post=32144"},{"taxonomy":"product_cat","embeddable":true,"href":"https:\/\/librosdelzorrorojo.com\/ca\/wp-json\/wp\/v2\/product_cat?post=32144"},{"taxonomy":"product_tag","embeddable":true,"href":"https:\/\/librosdelzorrorojo.com\/ca\/wp-json\/wp\/v2\/product_tag?post=32144"}],"curies":[{"name":"wp","href":"https:\/\/api.w.org\/{rel}","templated":true}]}}