{"id":32133,"date":"2026-02-06T14:21:48","date_gmt":"2026-03-30T12:47:26","guid":{"rendered":"https:\/\/librosdelzorrorojo.com\/?post_type=product&#038;p=32133"},"modified":"2026-04-17T08:27:11","modified_gmt":"2026-04-17T06:27:11","slug":"la-historia-den-mo-2-un-dia-destiu","status":"publish","type":"product","link":"https:\/\/librosdelzorrorojo.com\/ca\/cataleg\/la-historia-den-mo-2-un-dia-destiu\/","title":{"rendered":"La hist\u00f2ria d\u2019en Mo 2. Un dia d\u2019estiu"},"content":{"rendered":"<p><span lang=\"CA\">Despr\u00e9s de conquistar milers de lectors amb<span>\u00a0<\/span><i>La hist\u00f2ria d\u2019en Mo<\/i><\/span><span lang=\"CA\">\u00a0\u2013guanyadora d\u2019una menci\u00f3 especial a la Fira del Llibre Infantil<span>\u00a0<\/span><\/span><span lang=\"CA\">de Bolonya, i amb vendes excel\u00b7lents a tot el m\u00f3n\u2013, el gatet ha tornat, aquesta vegada amb un enc\u00e0rrec: portar uns cargols per reparar el ventilador del seu avi, que viu en una illa propera.<\/span><\/p>\n<p><span lang=\"CA\">Amb un mapa que li ha fet la seva mare i un gran determini, en Mo empr\u00e8n el viatge. La calor l\u2019afeixuga, el mapa es fa malb\u00e9, i perd el rumb, per\u00f2 amb l\u2019ajuda d\u2019uns nous amics<\/span><span lang=\"CA\"><span>\u00a0<\/span>\u2013en<\/span><span lang=\"CA\"><span>\u00a0<\/span>Mono<\/span><span lang=\"CA\"><span>\u00a0<\/span>i l\u2019\u00c0via Tortuga\u2013 pot tirar endavant.<\/span><\/p>\n<p><span lang=\"CA\">Una hist\u00f2ria de perseveran\u00e7a, tendresa i petites hero\u00efcitats de cada dia, explicada amb sensibilitat i calidesa.<\/span><\/p>\n","protected":false},"excerpt":{"rendered":"<span lang=\"CA\">Despr\u00e9s de conquistar milers de lectors amb<span>\u00a0<\/span><i>La hist\u00f2ria d\u2019en Mo<\/i><\/span><span lang=\"CA\">\u00a0\u2013guanyadora d\u2019una menci\u00f3 especial a la Fira del Llibre Infantil<span>\u00a0<\/span><\/span><span lang=\"CA\">de Bolonya, i amb vendes excel\u00b7lents a tot el m\u00f3n\u2013, el gatet ha tornat, aquesta vegada amb un enc\u00e0rrec: portar uns cargols per reparar el ventilador del seu avi, que viu en una illa propera.<\/span>\r\n\r\n<span lang=\"CA\">Amb un mapa que li ha fet la seva mare i un gran determini, en Mo empr\u00e8n el viatge. La calor l\u2019afeixuga, el mapa es fa malb\u00e9, i perd el rumb, per\u00f2 amb l\u2019ajuda d\u2019uns nous amics<\/span><span lang=\"CA\"><span>\u00a0<\/span>\u2013en<\/span><span lang=\"CA\"><span>\u00a0<\/span>Mono<\/span><span lang=\"CA\"><span>\u00a0<\/span>i l\u2019\u00c0via Tortuga\u2013 pot tirar endavant.<\/span>\r\n\r\n<span lang=\"CA\">Una hist\u00f2ria de perseveran\u00e7a, tendresa i petites hero\u00efcitats de cada dia, explicada amb sensibilitat i calidesa.<\/span>","protected":false},"featured_media":31493,"template":"","meta":{"_acf_changed":false},"product_brand":[],"product_cat":[840,843,846],"product_tag":[],"class_list":{"0":"post-32133","1":"product","2":"type-product","3":"status-publish","4":"has-post-thumbnail","6":"product_cat-catala","7":"product_cat-infantiles-ca","8":"product_cat-novedades-ca","9":"vinculo-historia-de-mo-2","11":"first","12":"instock","13":"taxable","14":"shipping-taxable","15":"purchasable","16":"product-type-simple"},"acf":[],"yoast_head":"<!-- This site is optimized with the Yoast SEO plugin v25.1 - https:\/\/yoast.com\/wordpress\/plugins\/seo\/ -->\n<title>La hist\u00f2ria d\u2019en Mo 2. Un dia d\u2019estiu - Libros del Zorro Rojo<\/title>\n<meta name=\"description\" content=\"Despr\u00e9s de conquistar milers de lectors amb\u00a0&quot;La hist\u00f2ria d\u2019en Mo&quot;, el gatet ha tornat, aquesta vegada amb un enc\u00e0rrec: portar uns cargols per reparar el ventilador del seu avi, que viu en una illa propera.\" \/>\n<meta name=\"robots\" content=\"index, follow, max-snippet:-1, max-image-preview:large, max-video-preview:-1\" \/>\n<link rel=\"canonical\" href=\"https:\/\/librosdelzorrorojo.com\/ca\/cataleg\/la-historia-den-mo-2-un-dia-destiu\/\" \/>\n<meta property=\"og:locale\" content=\"ca_ES\" \/>\n<meta property=\"og:type\" content=\"article\" \/>\n<meta property=\"og:title\" content=\"La hist\u00f2ria d\u2019en Mo 2. Un dia d\u2019estiu - Libros del Zorro Rojo\" \/>\n<meta property=\"og:description\" content=\"Despr\u00e9s de conquistar milers de lectors amb\u00a0&quot;La hist\u00f2ria d\u2019en Mo&quot;, el gatet ha tornat, aquesta vegada amb un enc\u00e0rrec: portar uns cargols per reparar el ventilador del seu avi, que viu en una illa propera.\" \/>\n<meta property=\"og:url\" content=\"https:\/\/librosdelzorrorojo.com\/ca\/cataleg\/la-historia-den-mo-2-un-dia-destiu\/\" \/>\n<meta property=\"og:site_name\" content=\"Libros del Zorro Rojo\" \/>\n<meta property=\"article:modified_time\" content=\"2026-04-17T06:27:11+00:00\" \/>\n<meta name=\"twitter:card\" content=\"summary_large_image\" \/>\n<meta name=\"twitter:label1\" content=\"Temps estimat de lectura\" \/>\n\t<meta name=\"twitter:data1\" content=\"1 minut\" \/>\n<script type=\"application\/ld+json\" class=\"yoast-schema-graph\">{\"@context\":\"https:\/\/schema.org\",\"@graph\":[{\"@type\":\"WebPage\",\"@id\":\"https:\/\/librosdelzorrorojo.com\/ca\/cataleg\/la-historia-den-mo-2-un-dia-destiu\/\",\"url\":\"https:\/\/librosdelzorrorojo.com\/ca\/cataleg\/la-historia-den-mo-2-un-dia-destiu\/\",\"name\":\"La hist\u00f2ria d\u2019en Mo 2. Un dia d\u2019estiu - Libros del Zorro Rojo\",\"isPartOf\":{\"@id\":\"https:\/\/librosdelzorrorojo.com\/#website\"},\"primaryImageOfPage\":{\"@id\":\"https:\/\/librosdelzorrorojo.com\/ca\/cataleg\/la-historia-den-mo-2-un-dia-destiu\/#primaryimage\"},\"image\":{\"@id\":\"https:\/\/librosdelzorrorojo.com\/ca\/cataleg\/la-historia-den-mo-2-un-dia-destiu\/#primaryimage\"},\"thumbnailUrl\":\"https:\/\/librosdelzorrorojo.com\/wp-content\/uploads\/2026\/02\/Cub_Mo2_CAT.jpg\",\"datePublished\":\"2026-03-30T12:47:26+00:00\",\"dateModified\":\"2026-04-17T06:27:11+00:00\",\"description\":\"Despr\u00e9s de conquistar milers de lectors amb\u00a0\\\"La hist\u00f2ria d\u2019en Mo\\\", el gatet ha tornat, aquesta vegada amb un enc\u00e0rrec: portar uns cargols per reparar el ventilador del seu avi, que viu en una illa propera.\",\"breadcrumb\":{\"@id\":\"https:\/\/librosdelzorrorojo.com\/ca\/cataleg\/la-historia-den-mo-2-un-dia-destiu\/#breadcrumb\"},\"inLanguage\":\"ca\",\"potentialAction\":[{\"@type\":\"ReadAction\",\"target\":[\"https:\/\/librosdelzorrorojo.com\/ca\/cataleg\/la-historia-den-mo-2-un-dia-destiu\/\"]}]},{\"@type\":\"ImageObject\",\"inLanguage\":\"ca\",\"@id\":\"https:\/\/librosdelzorrorojo.com\/ca\/cataleg\/la-historia-den-mo-2-un-dia-destiu\/#primaryimage\",\"url\":\"https:\/\/librosdelzorrorojo.com\/wp-content\/uploads\/2026\/02\/Cub_Mo2_CAT.jpg\",\"contentUrl\":\"https:\/\/librosdelzorrorojo.com\/wp-content\/uploads\/2026\/02\/Cub_Mo2_CAT.jpg\",\"width\":759,\"height\":1011,\"caption\":\"Cub Mo2 CAT\"},{\"@type\":\"BreadcrumbList\",\"@id\":\"https:\/\/librosdelzorrorojo.com\/ca\/cataleg\/la-historia-den-mo-2-un-dia-destiu\/#breadcrumb\",\"itemListElement\":[{\"@type\":\"ListItem\",\"position\":1,\"name\":\"Portada\",\"item\":\"https:\/\/librosdelzorrorojo.com\/ca\/\"},{\"@type\":\"ListItem\",\"position\":2,\"name\":\"Cat\u00e0leg\",\"item\":\"https:\/\/librosdelzorrorojo.com\/ca\/cataleg\/\"},{\"@type\":\"ListItem\",\"position\":3,\"name\":\"La hist\u00f2ria d\u2019en Mo 2. Un dia d\u2019estiu\"}]},{\"@type\":\"WebSite\",\"@id\":\"https:\/\/librosdelzorrorojo.com\/#website\",\"url\":\"https:\/\/librosdelzorrorojo.com\/\",\"name\":\"Libros del Zorro Rojo\",\"description\":\"Libros ilustrados\",\"potentialAction\":[{\"@type\":\"SearchAction\",\"target\":{\"@type\":\"EntryPoint\",\"urlTemplate\":\"https:\/\/librosdelzorrorojo.com\/?s={search_term_string}\"},\"query-input\":{\"@type\":\"PropertyValueSpecification\",\"valueRequired\":true,\"valueName\":\"search_term_string\"}}],\"inLanguage\":\"ca\"}]}<\/script>\n<!-- \/ Yoast SEO plugin. -->","yoast_head_json":{"title":"La hist\u00f2ria d\u2019en Mo 2. Un dia d\u2019estiu - Libros del Zorro Rojo","description":"Despr\u00e9s de conquistar milers de lectors amb\u00a0\"La hist\u00f2ria d\u2019en Mo\", el gatet ha tornat, aquesta vegada amb un enc\u00e0rrec: portar uns cargols per reparar el ventilador del seu avi, que viu en una illa propera.","robots":{"index":"index","follow":"follow","max-snippet":"max-snippet:-1","max-image-preview":"max-image-preview:large","max-video-preview":"max-video-preview:-1"},"canonical":"https:\/\/librosdelzorrorojo.com\/ca\/cataleg\/la-historia-den-mo-2-un-dia-destiu\/","og_locale":"ca_ES","og_type":"article","og_title":"La hist\u00f2ria d\u2019en Mo 2. Un dia d\u2019estiu - Libros del Zorro Rojo","og_description":"Despr\u00e9s de conquistar milers de lectors amb\u00a0\"La hist\u00f2ria d\u2019en Mo\", el gatet ha tornat, aquesta vegada amb un enc\u00e0rrec: portar uns cargols per reparar el ventilador del seu avi, que viu en una illa propera.","og_url":"https:\/\/librosdelzorrorojo.com\/ca\/cataleg\/la-historia-den-mo-2-un-dia-destiu\/","og_site_name":"Libros del Zorro Rojo","article_modified_time":"2026-04-17T06:27:11+00:00","twitter_card":"summary_large_image","twitter_misc":{"Temps estimat de lectura":"1 minut"},"schema":{"@context":"https:\/\/schema.org","@graph":[{"@type":"WebPage","@id":"https:\/\/librosdelzorrorojo.com\/ca\/cataleg\/la-historia-den-mo-2-un-dia-destiu\/","url":"https:\/\/librosdelzorrorojo.com\/ca\/cataleg\/la-historia-den-mo-2-un-dia-destiu\/","name":"La hist\u00f2ria d\u2019en Mo 2. Un dia d\u2019estiu - Libros del Zorro Rojo","isPartOf":{"@id":"https:\/\/librosdelzorrorojo.com\/#website"},"primaryImageOfPage":{"@id":"https:\/\/librosdelzorrorojo.com\/ca\/cataleg\/la-historia-den-mo-2-un-dia-destiu\/#primaryimage"},"image":{"@id":"https:\/\/librosdelzorrorojo.com\/ca\/cataleg\/la-historia-den-mo-2-un-dia-destiu\/#primaryimage"},"thumbnailUrl":"https:\/\/librosdelzorrorojo.com\/wp-content\/uploads\/2026\/02\/Cub_Mo2_CAT.jpg","datePublished":"2026-03-30T12:47:26+00:00","dateModified":"2026-04-17T06:27:11+00:00","description":"Despr\u00e9s de conquistar milers de lectors amb\u00a0\"La hist\u00f2ria d\u2019en Mo\", el gatet ha tornat, aquesta vegada amb un enc\u00e0rrec: portar uns cargols per reparar el ventilador del seu avi, que viu en una illa propera.","breadcrumb":{"@id":"https:\/\/librosdelzorrorojo.com\/ca\/cataleg\/la-historia-den-mo-2-un-dia-destiu\/#breadcrumb"},"inLanguage":"ca","potentialAction":[{"@type":"ReadAction","target":["https:\/\/librosdelzorrorojo.com\/ca\/cataleg\/la-historia-den-mo-2-un-dia-destiu\/"]}]},{"@type":"ImageObject","inLanguage":"ca","@id":"https:\/\/librosdelzorrorojo.com\/ca\/cataleg\/la-historia-den-mo-2-un-dia-destiu\/#primaryimage","url":"https:\/\/librosdelzorrorojo.com\/wp-content\/uploads\/2026\/02\/Cub_Mo2_CAT.jpg","contentUrl":"https:\/\/librosdelzorrorojo.com\/wp-content\/uploads\/2026\/02\/Cub_Mo2_CAT.jpg","width":759,"height":1011,"caption":"Cub Mo2 CAT"},{"@type":"BreadcrumbList","@id":"https:\/\/librosdelzorrorojo.com\/ca\/cataleg\/la-historia-den-mo-2-un-dia-destiu\/#breadcrumb","itemListElement":[{"@type":"ListItem","position":1,"name":"Portada","item":"https:\/\/librosdelzorrorojo.com\/ca\/"},{"@type":"ListItem","position":2,"name":"Cat\u00e0leg","item":"https:\/\/librosdelzorrorojo.com\/ca\/cataleg\/"},{"@type":"ListItem","position":3,"name":"La hist\u00f2ria d\u2019en Mo 2. Un dia d\u2019estiu"}]},{"@type":"WebSite","@id":"https:\/\/librosdelzorrorojo.com\/#website","url":"https:\/\/librosdelzorrorojo.com\/","name":"Libros del Zorro Rojo","description":"Libros ilustrados","potentialAction":[{"@type":"SearchAction","target":{"@type":"EntryPoint","urlTemplate":"https:\/\/librosdelzorrorojo.com\/?s={search_term_string}"},"query-input":{"@type":"PropertyValueSpecification","valueRequired":true,"valueName":"search_term_string"}}],"inLanguage":"ca"}]}},"_links":{"self":[{"href":"https:\/\/librosdelzorrorojo.com\/ca\/wp-json\/wp\/v2\/product\/32133","targetHints":{"allow":["GET"]}}],"collection":[{"href":"https:\/\/librosdelzorrorojo.com\/ca\/wp-json\/wp\/v2\/product"}],"about":[{"href":"https:\/\/librosdelzorrorojo.com\/ca\/wp-json\/wp\/v2\/types\/product"}],"wp:featuredmedia":[{"embeddable":true,"href":"https:\/\/librosdelzorrorojo.com\/ca\/wp-json\/wp\/v2\/media\/31493"}],"wp:attachment":[{"href":"https:\/\/librosdelzorrorojo.com\/ca\/wp-json\/wp\/v2\/media?parent=32133"}],"wp:term":[{"taxonomy":"product_brand","embeddable":true,"href":"https:\/\/librosdelzorrorojo.com\/ca\/wp-json\/wp\/v2\/product_brand?post=32133"},{"taxonomy":"product_cat","embeddable":true,"href":"https:\/\/librosdelzorrorojo.com\/ca\/wp-json\/wp\/v2\/product_cat?post=32133"},{"taxonomy":"product_tag","embeddable":true,"href":"https:\/\/librosdelzorrorojo.com\/ca\/wp-json\/wp\/v2\/product_tag?post=32133"}],"curies":[{"name":"wp","href":"https:\/\/api.w.org\/{rel}","templated":true}]}}