{"id":30799,"date":"2025-08-21T11:32:58","date_gmt":"2025-08-21T09:43:12","guid":{"rendered":"https:\/\/librosdelzorrorojo.com\/?post_type=product&#038;p=30799"},"modified":"2025-08-21T11:43:12","modified_gmt":"2025-08-21T09:43:12","slug":"juan-rex","status":"publish","type":"product","link":"https:\/\/librosdelzorrorojo.com\/ca\/cataleg\/juan-rex\/","title":{"rendered":"Juan Rex"},"content":{"rendered":"<p>Pobre Juan Rex. La suya es una ilustre familia de profesionales del miedo, pero no se lo pasa muy bien cuando le llega el turno de asustar a la gente.<\/p>\n<p>Sus verdaderos intereses tienen que ver con el espect\u00e1culo, pero uno que se aleja de la tradici\u00f3n familiar. Por eso mismo, Juan Rex tiene miedo de defraudar a sus padres, as\u00ed que con la ayuda de una nueva amiga y de los vecinos del barrio, intentar\u00e1 hacerles creer que, como todo su linaje antes que \u00e9l, desde Juan Kam\u00f3n y Juandertal hasta hoy, solo hay un oficio posible. Pero casi siempre es mejor la sinceridad.<\/p>\n<p>En este gigantesco libro, en el que un h\u00e9roe gigantesco ocupa el lugar de honor, Joaqu\u00edn Camp juega con algunos c\u00f3digos de esas pel\u00edculas en las que unas criaturas enormes tienen la molesta costumbre de pisotear metr\u00f3polis, y con ello y una buena dosis de ternura y humor consigue crear una oda a la diferencia; un libro repleto de alegr\u00eda, libertad y poes\u00eda.<\/p>\n","protected":false},"excerpt":{"rendered":"Pobre Juan Rex. La suya es una ilustre familia de profesionales del miedo, pero no se lo pasa muy bien cuando le llega el turno de asustar a la gente. Sus verdaderos intereses tienen que ver con el espect\u00e1culo, pero uno que se aleja de la tradici\u00f3n familiar. Por eso mismo, Juan Rex tiene miedo [&hellip;]","protected":false},"featured_media":30798,"template":"","meta":{"_acf_changed":false},"product_brand":[],"product_cat":[844,843,839,846],"product_tag":[],"class_list":{"0":"post-30799","1":"product","2":"type-product","3":"status-publish","4":"has-post-thumbnail","6":"product_cat-castella","7":"product_cat-infantiles-ca","8":"product_cat-zona-kids-ca","9":"product_cat-novedades-ca","10":"vinculo-jean-rex","12":"first","13":"instock","14":"taxable","15":"shipping-taxable","16":"purchasable","17":"product-type-simple"},"acf":[],"yoast_head":"<!-- This site is optimized with the Yoast SEO plugin v25.1 - https:\/\/yoast.com\/wordpress\/plugins\/seo\/ -->\n<title>Juan Rex - Libros del Zorro Rojo<\/title>\n<meta name=\"robots\" content=\"index, follow, max-snippet:-1, max-image-preview:large, max-video-preview:-1\" \/>\n<link rel=\"canonical\" href=\"https:\/\/librosdelzorrorojo.com\/ca\/cataleg\/juan-rex\/\" \/>\n<meta property=\"og:locale\" content=\"ca_ES\" \/>\n<meta property=\"og:type\" content=\"article\" \/>\n<meta property=\"og:title\" content=\"Juan Rex - Libros del Zorro Rojo\" \/>\n<meta property=\"og:description\" content=\"Pobre Juan Rex. La suya es una ilustre familia de profesionales del miedo, pero no se lo pasa muy bien cuando le llega el turno de asustar a la gente. Sus verdaderos intereses tienen que ver con el espect\u00e1culo, pero uno que se aleja de la tradici\u00f3n familiar. Por eso mismo, Juan Rex tiene miedo [&hellip;]\" \/>\n<meta property=\"og:url\" content=\"https:\/\/librosdelzorrorojo.com\/ca\/cataleg\/juan-rex\/\" \/>\n<meta property=\"og:site_name\" content=\"Libros del Zorro Rojo\" \/>\n<meta property=\"og:image\" content=\"https:\/\/librosdelzorrorojo.com\/wp-content\/uploads\/2025\/08\/Juan-Rex_Cover_CAST-scaled.jpg\" \/>\n\t<meta property=\"og:image:width\" content=\"1916\" \/>\n\t<meta property=\"og:image:height\" content=\"2560\" \/>\n\t<meta property=\"og:image:type\" content=\"image\/jpeg\" \/>\n<meta name=\"twitter:card\" content=\"summary_large_image\" \/>\n<meta name=\"twitter:label1\" content=\"Temps estimat de lectura\" \/>\n\t<meta name=\"twitter:data1\" content=\"1 minut\" \/>\n<script type=\"application\/ld+json\" class=\"yoast-schema-graph\">{\"@context\":\"https:\/\/schema.org\",\"@graph\":[{\"@type\":\"WebPage\",\"@id\":\"https:\/\/librosdelzorrorojo.com\/ca\/cataleg\/juan-rex\/\",\"url\":\"https:\/\/librosdelzorrorojo.com\/ca\/cataleg\/juan-rex\/\",\"name\":\"Juan Rex - Libros del Zorro Rojo\",\"isPartOf\":{\"@id\":\"https:\/\/librosdelzorrorojo.com\/#website\"},\"primaryImageOfPage\":{\"@id\":\"https:\/\/librosdelzorrorojo.com\/ca\/cataleg\/juan-rex\/#primaryimage\"},\"image\":{\"@id\":\"https:\/\/librosdelzorrorojo.com\/ca\/cataleg\/juan-rex\/#primaryimage\"},\"thumbnailUrl\":\"https:\/\/librosdelzorrorojo.com\/wp-content\/uploads\/2025\/08\/Juan-Rex_Cover_CAST-scaled.jpg\",\"datePublished\":\"2025-08-21T09:43:12+00:00\",\"breadcrumb\":{\"@id\":\"https:\/\/librosdelzorrorojo.com\/ca\/cataleg\/juan-rex\/#breadcrumb\"},\"inLanguage\":\"ca\",\"potentialAction\":[{\"@type\":\"ReadAction\",\"target\":[\"https:\/\/librosdelzorrorojo.com\/ca\/cataleg\/juan-rex\/\"]}]},{\"@type\":\"ImageObject\",\"inLanguage\":\"ca\",\"@id\":\"https:\/\/librosdelzorrorojo.com\/ca\/cataleg\/juan-rex\/#primaryimage\",\"url\":\"https:\/\/librosdelzorrorojo.com\/wp-content\/uploads\/2025\/08\/Juan-Rex_Cover_CAST-scaled.jpg\",\"contentUrl\":\"https:\/\/librosdelzorrorojo.com\/wp-content\/uploads\/2025\/08\/Juan-Rex_Cover_CAST-scaled.jpg\",\"width\":1916,\"height\":2560,\"caption\":\"Juan Rex Cover CAST scaled\"},{\"@type\":\"BreadcrumbList\",\"@id\":\"https:\/\/librosdelzorrorojo.com\/ca\/cataleg\/juan-rex\/#breadcrumb\",\"itemListElement\":[{\"@type\":\"ListItem\",\"position\":1,\"name\":\"Portada\",\"item\":\"https:\/\/librosdelzorrorojo.com\/ca\/\"},{\"@type\":\"ListItem\",\"position\":2,\"name\":\"Cat\u00e0leg\",\"item\":\"https:\/\/librosdelzorrorojo.com\/ca\/cataleg\/\"},{\"@type\":\"ListItem\",\"position\":3,\"name\":\"Juan Rex\"}]},{\"@type\":\"WebSite\",\"@id\":\"https:\/\/librosdelzorrorojo.com\/#website\",\"url\":\"https:\/\/librosdelzorrorojo.com\/\",\"name\":\"Libros del Zorro Rojo\",\"description\":\"Libros ilustrados\",\"potentialAction\":[{\"@type\":\"SearchAction\",\"target\":{\"@type\":\"EntryPoint\",\"urlTemplate\":\"https:\/\/librosdelzorrorojo.com\/?s={search_term_string}\"},\"query-input\":{\"@type\":\"PropertyValueSpecification\",\"valueRequired\":true,\"valueName\":\"search_term_string\"}}],\"inLanguage\":\"ca\"}]}<\/script>\n<!-- \/ Yoast SEO plugin. -->","yoast_head_json":{"title":"Juan Rex - Libros del Zorro Rojo","robots":{"index":"index","follow":"follow","max-snippet":"max-snippet:-1","max-image-preview":"max-image-preview:large","max-video-preview":"max-video-preview:-1"},"canonical":"https:\/\/librosdelzorrorojo.com\/ca\/cataleg\/juan-rex\/","og_locale":"ca_ES","og_type":"article","og_title":"Juan Rex - Libros del Zorro Rojo","og_description":"Pobre Juan Rex. La suya es una ilustre familia de profesionales del miedo, pero no se lo pasa muy bien cuando le llega el turno de asustar a la gente. Sus verdaderos intereses tienen que ver con el espect\u00e1culo, pero uno que se aleja de la tradici\u00f3n familiar. Por eso mismo, Juan Rex tiene miedo [&hellip;]","og_url":"https:\/\/librosdelzorrorojo.com\/ca\/cataleg\/juan-rex\/","og_site_name":"Libros del Zorro Rojo","og_image":[{"width":1916,"height":2560,"url":"https:\/\/librosdelzorrorojo.com\/wp-content\/uploads\/2025\/08\/Juan-Rex_Cover_CAST-scaled.jpg","type":"image\/jpeg"}],"twitter_card":"summary_large_image","twitter_misc":{"Temps estimat de lectura":"1 minut"},"schema":{"@context":"https:\/\/schema.org","@graph":[{"@type":"WebPage","@id":"https:\/\/librosdelzorrorojo.com\/ca\/cataleg\/juan-rex\/","url":"https:\/\/librosdelzorrorojo.com\/ca\/cataleg\/juan-rex\/","name":"Juan Rex - Libros del Zorro Rojo","isPartOf":{"@id":"https:\/\/librosdelzorrorojo.com\/#website"},"primaryImageOfPage":{"@id":"https:\/\/librosdelzorrorojo.com\/ca\/cataleg\/juan-rex\/#primaryimage"},"image":{"@id":"https:\/\/librosdelzorrorojo.com\/ca\/cataleg\/juan-rex\/#primaryimage"},"thumbnailUrl":"https:\/\/librosdelzorrorojo.com\/wp-content\/uploads\/2025\/08\/Juan-Rex_Cover_CAST-scaled.jpg","datePublished":"2025-08-21T09:43:12+00:00","breadcrumb":{"@id":"https:\/\/librosdelzorrorojo.com\/ca\/cataleg\/juan-rex\/#breadcrumb"},"inLanguage":"ca","potentialAction":[{"@type":"ReadAction","target":["https:\/\/librosdelzorrorojo.com\/ca\/cataleg\/juan-rex\/"]}]},{"@type":"ImageObject","inLanguage":"ca","@id":"https:\/\/librosdelzorrorojo.com\/ca\/cataleg\/juan-rex\/#primaryimage","url":"https:\/\/librosdelzorrorojo.com\/wp-content\/uploads\/2025\/08\/Juan-Rex_Cover_CAST-scaled.jpg","contentUrl":"https:\/\/librosdelzorrorojo.com\/wp-content\/uploads\/2025\/08\/Juan-Rex_Cover_CAST-scaled.jpg","width":1916,"height":2560,"caption":"Juan Rex Cover CAST scaled"},{"@type":"BreadcrumbList","@id":"https:\/\/librosdelzorrorojo.com\/ca\/cataleg\/juan-rex\/#breadcrumb","itemListElement":[{"@type":"ListItem","position":1,"name":"Portada","item":"https:\/\/librosdelzorrorojo.com\/ca\/"},{"@type":"ListItem","position":2,"name":"Cat\u00e0leg","item":"https:\/\/librosdelzorrorojo.com\/ca\/cataleg\/"},{"@type":"ListItem","position":3,"name":"Juan Rex"}]},{"@type":"WebSite","@id":"https:\/\/librosdelzorrorojo.com\/#website","url":"https:\/\/librosdelzorrorojo.com\/","name":"Libros del Zorro Rojo","description":"Libros ilustrados","potentialAction":[{"@type":"SearchAction","target":{"@type":"EntryPoint","urlTemplate":"https:\/\/librosdelzorrorojo.com\/?s={search_term_string}"},"query-input":{"@type":"PropertyValueSpecification","valueRequired":true,"valueName":"search_term_string"}}],"inLanguage":"ca"}]}},"_links":{"self":[{"href":"https:\/\/librosdelzorrorojo.com\/ca\/wp-json\/wp\/v2\/product\/30799","targetHints":{"allow":["GET"]}}],"collection":[{"href":"https:\/\/librosdelzorrorojo.com\/ca\/wp-json\/wp\/v2\/product"}],"about":[{"href":"https:\/\/librosdelzorrorojo.com\/ca\/wp-json\/wp\/v2\/types\/product"}],"wp:featuredmedia":[{"embeddable":true,"href":"https:\/\/librosdelzorrorojo.com\/ca\/wp-json\/wp\/v2\/media\/30798"}],"wp:attachment":[{"href":"https:\/\/librosdelzorrorojo.com\/ca\/wp-json\/wp\/v2\/media?parent=30799"}],"wp:term":[{"taxonomy":"product_brand","embeddable":true,"href":"https:\/\/librosdelzorrorojo.com\/ca\/wp-json\/wp\/v2\/product_brand?post=30799"},{"taxonomy":"product_cat","embeddable":true,"href":"https:\/\/librosdelzorrorojo.com\/ca\/wp-json\/wp\/v2\/product_cat?post=30799"},{"taxonomy":"product_tag","embeddable":true,"href":"https:\/\/librosdelzorrorojo.com\/ca\/wp-json\/wp\/v2\/product_tag?post=30799"}],"curies":[{"name":"wp","href":"https:\/\/api.w.org\/{rel}","templated":true}]}}