{"id":30791,"date":"2025-08-21T11:31:49","date_gmt":"2025-08-21T09:40:26","guid":{"rendered":"https:\/\/librosdelzorrorojo.com\/?post_type=product&#038;p=30791"},"modified":"2025-08-21T11:40:26","modified_gmt":"2025-08-21T09:40:26","slug":"per-que-els-peixos-no-tenen-llengua","status":"publish","type":"product","link":"https:\/\/librosdelzorrorojo.com\/ca\/cataleg\/per-que-els-peixos-no-tenen-llengua\/","title":{"rendered":"Per qu\u00e8 els peixos no tenen llengua?"},"content":{"rendered":"<p>L\u2019os Regany\u00f3s es desperta de la migdiada sota un arbre amb el desig de ser una altra cosa: un faig frond\u00f3s, amb fulles refrescants en lloc de pelatge, una abella que vola per la prada i pot tastar tota la mel que li vingui de gust. O b\u00e9 una carpa del rierol, que sempre juga dins l\u2019aigua fresca i els seus pares no l\u2019obliguen a rentar-se quan s\u2019embruta. Per\u00f2 els intents d\u2019en Regany\u00f3s per transformar-se en una cosa que no \u00e9s no acaben de funcionar. No pot volar com una abella i, segons li explica una carpa, ser com ella li representaria massa sacrifici. Hauria de desprendre\u2019s per sempre del seu pelatge i nedar nu pel riu, deixaria de tenir bra\u00e7os i cames, i li tocaria mantenir els ulls oberts en tot moment, fins i tot dormint, sense poder parpellejar ni una sola vegada. El que m\u00e9s aterreix a en Regany\u00f3s, per\u00f2, \u00e9s la idea de quedar-se sense llengua, una cosa que les carpes no tenen. I \u00e9s millor poder assaborir la mel, i tenir bra\u00e7os per abra\u00e7ar la Mama. I, en definitiva, estar content de ser un \u00f3s.<\/p>\n","protected":false},"excerpt":{"rendered":"L\u2019os Regany\u00f3s es desperta de la migdiada sota un arbre amb el desig de ser una altra cosa: un faig frond\u00f3s, amb fulles refrescants en lloc de pelatge, una abella que vola per la prada i pot tastar tota la mel que li vingui de gust. O b\u00e9 una carpa del rierol, que sempre juga [&hellip;]","protected":false},"featured_media":30789,"template":"","meta":{"_acf_changed":false},"product_brand":[],"product_cat":[840,843,846],"product_tag":[],"class_list":{"0":"post-30791","1":"product","2":"type-product","3":"status-publish","4":"has-post-thumbnail","6":"product_cat-catala","7":"product_cat-infantiles-ca","8":"product_cat-novedades-ca","9":"vinculo-por-que-los-peces-no-tienen-lengua","11":"first","12":"instock","13":"taxable","14":"shipping-taxable","15":"purchasable","16":"product-type-simple"},"acf":[],"yoast_head":"<!-- This site is optimized with the Yoast SEO plugin v25.1 - https:\/\/yoast.com\/wordpress\/plugins\/seo\/ -->\n<title>Per qu\u00e8 els peixos no tenen llengua? - Libros del Zorro Rojo<\/title>\n<meta name=\"robots\" content=\"index, follow, max-snippet:-1, max-image-preview:large, max-video-preview:-1\" \/>\n<link rel=\"canonical\" href=\"https:\/\/librosdelzorrorojo.com\/ca\/cataleg\/per-que-els-peixos-no-tenen-llengua\/\" \/>\n<meta property=\"og:locale\" content=\"ca_ES\" \/>\n<meta property=\"og:type\" content=\"article\" \/>\n<meta property=\"og:title\" content=\"Per qu\u00e8 els peixos no tenen llengua? - Libros del Zorro Rojo\" \/>\n<meta property=\"og:description\" content=\"L\u2019os Regany\u00f3s es desperta de la migdiada sota un arbre amb el desig de ser una altra cosa: un faig frond\u00f3s, amb fulles refrescants en lloc de pelatge, una abella que vola per la prada i pot tastar tota la mel que li vingui de gust. O b\u00e9 una carpa del rierol, que sempre juga [&hellip;]\" \/>\n<meta property=\"og:url\" content=\"https:\/\/librosdelzorrorojo.com\/ca\/cataleg\/per-que-els-peixos-no-tenen-llengua\/\" \/>\n<meta property=\"og:site_name\" content=\"Libros del Zorro Rojo\" \/>\n<meta property=\"og:image\" content=\"https:\/\/librosdelzorrorojo.com\/wp-content\/uploads\/2025\/08\/COVER_Osito_Cat-scaled.jpg\" \/>\n\t<meta property=\"og:image:width\" content=\"1998\" \/>\n\t<meta property=\"og:image:height\" content=\"2560\" \/>\n\t<meta property=\"og:image:type\" content=\"image\/jpeg\" \/>\n<meta name=\"twitter:card\" content=\"summary_large_image\" \/>\n<meta name=\"twitter:label1\" content=\"Temps estimat de lectura\" \/>\n\t<meta name=\"twitter:data1\" content=\"2 minuts\" \/>\n<script type=\"application\/ld+json\" class=\"yoast-schema-graph\">{\"@context\":\"https:\/\/schema.org\",\"@graph\":[{\"@type\":\"WebPage\",\"@id\":\"https:\/\/librosdelzorrorojo.com\/ca\/cataleg\/per-que-els-peixos-no-tenen-llengua\/\",\"url\":\"https:\/\/librosdelzorrorojo.com\/ca\/cataleg\/per-que-els-peixos-no-tenen-llengua\/\",\"name\":\"Per qu\u00e8 els peixos no tenen llengua? - Libros del Zorro Rojo\",\"isPartOf\":{\"@id\":\"https:\/\/librosdelzorrorojo.com\/#website\"},\"primaryImageOfPage\":{\"@id\":\"https:\/\/librosdelzorrorojo.com\/ca\/cataleg\/per-que-els-peixos-no-tenen-llengua\/#primaryimage\"},\"image\":{\"@id\":\"https:\/\/librosdelzorrorojo.com\/ca\/cataleg\/per-que-els-peixos-no-tenen-llengua\/#primaryimage\"},\"thumbnailUrl\":\"https:\/\/librosdelzorrorojo.com\/wp-content\/uploads\/2025\/08\/COVER_Osito_Cat-scaled.jpg\",\"datePublished\":\"2025-08-21T09:40:26+00:00\",\"breadcrumb\":{\"@id\":\"https:\/\/librosdelzorrorojo.com\/ca\/cataleg\/per-que-els-peixos-no-tenen-llengua\/#breadcrumb\"},\"inLanguage\":\"ca\",\"potentialAction\":[{\"@type\":\"ReadAction\",\"target\":[\"https:\/\/librosdelzorrorojo.com\/ca\/cataleg\/per-que-els-peixos-no-tenen-llengua\/\"]}]},{\"@type\":\"ImageObject\",\"inLanguage\":\"ca\",\"@id\":\"https:\/\/librosdelzorrorojo.com\/ca\/cataleg\/per-que-els-peixos-no-tenen-llengua\/#primaryimage\",\"url\":\"https:\/\/librosdelzorrorojo.com\/wp-content\/uploads\/2025\/08\/COVER_Osito_Cat-scaled.jpg\",\"contentUrl\":\"https:\/\/librosdelzorrorojo.com\/wp-content\/uploads\/2025\/08\/COVER_Osito_Cat-scaled.jpg\",\"width\":1998,\"height\":2560,\"caption\":\"COVER Osito Cat scaled\"},{\"@type\":\"BreadcrumbList\",\"@id\":\"https:\/\/librosdelzorrorojo.com\/ca\/cataleg\/per-que-els-peixos-no-tenen-llengua\/#breadcrumb\",\"itemListElement\":[{\"@type\":\"ListItem\",\"position\":1,\"name\":\"Portada\",\"item\":\"https:\/\/librosdelzorrorojo.com\/ca\/\"},{\"@type\":\"ListItem\",\"position\":2,\"name\":\"Cat\u00e0leg\",\"item\":\"https:\/\/librosdelzorrorojo.com\/ca\/cataleg\/\"},{\"@type\":\"ListItem\",\"position\":3,\"name\":\"Per qu\u00e8 els peixos no tenen llengua?\"}]},{\"@type\":\"WebSite\",\"@id\":\"https:\/\/librosdelzorrorojo.com\/#website\",\"url\":\"https:\/\/librosdelzorrorojo.com\/\",\"name\":\"Libros del Zorro Rojo\",\"description\":\"Libros ilustrados\",\"potentialAction\":[{\"@type\":\"SearchAction\",\"target\":{\"@type\":\"EntryPoint\",\"urlTemplate\":\"https:\/\/librosdelzorrorojo.com\/?s={search_term_string}\"},\"query-input\":{\"@type\":\"PropertyValueSpecification\",\"valueRequired\":true,\"valueName\":\"search_term_string\"}}],\"inLanguage\":\"ca\"}]}<\/script>\n<!-- \/ Yoast SEO plugin. -->","yoast_head_json":{"title":"Per qu\u00e8 els peixos no tenen llengua? - Libros del Zorro Rojo","robots":{"index":"index","follow":"follow","max-snippet":"max-snippet:-1","max-image-preview":"max-image-preview:large","max-video-preview":"max-video-preview:-1"},"canonical":"https:\/\/librosdelzorrorojo.com\/ca\/cataleg\/per-que-els-peixos-no-tenen-llengua\/","og_locale":"ca_ES","og_type":"article","og_title":"Per qu\u00e8 els peixos no tenen llengua? - Libros del Zorro Rojo","og_description":"L\u2019os Regany\u00f3s es desperta de la migdiada sota un arbre amb el desig de ser una altra cosa: un faig frond\u00f3s, amb fulles refrescants en lloc de pelatge, una abella que vola per la prada i pot tastar tota la mel que li vingui de gust. O b\u00e9 una carpa del rierol, que sempre juga [&hellip;]","og_url":"https:\/\/librosdelzorrorojo.com\/ca\/cataleg\/per-que-els-peixos-no-tenen-llengua\/","og_site_name":"Libros del Zorro Rojo","og_image":[{"width":1998,"height":2560,"url":"https:\/\/librosdelzorrorojo.com\/wp-content\/uploads\/2025\/08\/COVER_Osito_Cat-scaled.jpg","type":"image\/jpeg"}],"twitter_card":"summary_large_image","twitter_misc":{"Temps estimat de lectura":"2 minuts"},"schema":{"@context":"https:\/\/schema.org","@graph":[{"@type":"WebPage","@id":"https:\/\/librosdelzorrorojo.com\/ca\/cataleg\/per-que-els-peixos-no-tenen-llengua\/","url":"https:\/\/librosdelzorrorojo.com\/ca\/cataleg\/per-que-els-peixos-no-tenen-llengua\/","name":"Per qu\u00e8 els peixos no tenen llengua? - Libros del Zorro Rojo","isPartOf":{"@id":"https:\/\/librosdelzorrorojo.com\/#website"},"primaryImageOfPage":{"@id":"https:\/\/librosdelzorrorojo.com\/ca\/cataleg\/per-que-els-peixos-no-tenen-llengua\/#primaryimage"},"image":{"@id":"https:\/\/librosdelzorrorojo.com\/ca\/cataleg\/per-que-els-peixos-no-tenen-llengua\/#primaryimage"},"thumbnailUrl":"https:\/\/librosdelzorrorojo.com\/wp-content\/uploads\/2025\/08\/COVER_Osito_Cat-scaled.jpg","datePublished":"2025-08-21T09:40:26+00:00","breadcrumb":{"@id":"https:\/\/librosdelzorrorojo.com\/ca\/cataleg\/per-que-els-peixos-no-tenen-llengua\/#breadcrumb"},"inLanguage":"ca","potentialAction":[{"@type":"ReadAction","target":["https:\/\/librosdelzorrorojo.com\/ca\/cataleg\/per-que-els-peixos-no-tenen-llengua\/"]}]},{"@type":"ImageObject","inLanguage":"ca","@id":"https:\/\/librosdelzorrorojo.com\/ca\/cataleg\/per-que-els-peixos-no-tenen-llengua\/#primaryimage","url":"https:\/\/librosdelzorrorojo.com\/wp-content\/uploads\/2025\/08\/COVER_Osito_Cat-scaled.jpg","contentUrl":"https:\/\/librosdelzorrorojo.com\/wp-content\/uploads\/2025\/08\/COVER_Osito_Cat-scaled.jpg","width":1998,"height":2560,"caption":"COVER Osito Cat scaled"},{"@type":"BreadcrumbList","@id":"https:\/\/librosdelzorrorojo.com\/ca\/cataleg\/per-que-els-peixos-no-tenen-llengua\/#breadcrumb","itemListElement":[{"@type":"ListItem","position":1,"name":"Portada","item":"https:\/\/librosdelzorrorojo.com\/ca\/"},{"@type":"ListItem","position":2,"name":"Cat\u00e0leg","item":"https:\/\/librosdelzorrorojo.com\/ca\/cataleg\/"},{"@type":"ListItem","position":3,"name":"Per qu\u00e8 els peixos no tenen llengua?"}]},{"@type":"WebSite","@id":"https:\/\/librosdelzorrorojo.com\/#website","url":"https:\/\/librosdelzorrorojo.com\/","name":"Libros del Zorro Rojo","description":"Libros ilustrados","potentialAction":[{"@type":"SearchAction","target":{"@type":"EntryPoint","urlTemplate":"https:\/\/librosdelzorrorojo.com\/?s={search_term_string}"},"query-input":{"@type":"PropertyValueSpecification","valueRequired":true,"valueName":"search_term_string"}}],"inLanguage":"ca"}]}},"_links":{"self":[{"href":"https:\/\/librosdelzorrorojo.com\/ca\/wp-json\/wp\/v2\/product\/30791","targetHints":{"allow":["GET"]}}],"collection":[{"href":"https:\/\/librosdelzorrorojo.com\/ca\/wp-json\/wp\/v2\/product"}],"about":[{"href":"https:\/\/librosdelzorrorojo.com\/ca\/wp-json\/wp\/v2\/types\/product"}],"wp:featuredmedia":[{"embeddable":true,"href":"https:\/\/librosdelzorrorojo.com\/ca\/wp-json\/wp\/v2\/media\/30789"}],"wp:attachment":[{"href":"https:\/\/librosdelzorrorojo.com\/ca\/wp-json\/wp\/v2\/media?parent=30791"}],"wp:term":[{"taxonomy":"product_brand","embeddable":true,"href":"https:\/\/librosdelzorrorojo.com\/ca\/wp-json\/wp\/v2\/product_brand?post=30791"},{"taxonomy":"product_cat","embeddable":true,"href":"https:\/\/librosdelzorrorojo.com\/ca\/wp-json\/wp\/v2\/product_cat?post=30791"},{"taxonomy":"product_tag","embeddable":true,"href":"https:\/\/librosdelzorrorojo.com\/ca\/wp-json\/wp\/v2\/product_tag?post=30791"}],"curies":[{"name":"wp","href":"https:\/\/api.w.org\/{rel}","templated":true}]}}