{"id":29897,"date":"2025-03-28T11:00:08","date_gmt":"2025-05-21T10:40:04","guid":{"rendered":"https:\/\/librosdelzorrorojo.com\/?post_type=product&#038;p=29897"},"modified":"2026-04-13T19:34:43","modified_gmt":"2026-04-13T17:34:43","slug":"radio-benjamin","status":"publish","type":"product","link":"https:\/\/librosdelzorrorojo.com\/ca\/cataleg\/radio-benjamin\/","title":{"rendered":"Radio Benjamin"},"content":{"rendered":"<p>Los escritos radiof\u00f3nicos de Walter Benjamin han representado, durante mucho tiempo, una modesta nota a pie de p\u00e1gina en la inmensa obra del fil\u00f3sofo berlin\u00e9s, una celebridad del pensamiento occidental de la segunda mitad del siglo XX, a pesar de que sus textos m\u00e1s le\u00eddos presentan un reto hermen\u00e9utico considerable.<\/p>\n<p>Los art\u00edculos de este volumen resultan, sin embargo, tan iluminadores como accesibles y entretenidos. Se trata de una selecci\u00f3n del centenar de guiones escritos y narrados por el propio Benjamin entre 1927 y 1933 a trav\u00e9s de las ondas alemanas y que poseen toda la variedad, la erudici\u00f3n, el rigor, la agudeza y la sensibilidad que caracterizan el resto de la obra benjaminiana. Interesado por todo, especialista en nada, el autor explica con el mismo af\u00e1n did\u00e1ctico y creativo una serie de momentos hist\u00f3ricos \u2014la persecuci\u00f3n de las brujas en la Europa medieval, el contrabando de licores en los Estados Unidos\u2014 y una serie de cat\u00e1strofes sucedidas en cualquier momento y lugar del globo \u2014el incendio del teatro de Cant\u00f3n, el terremoto de Lisboa, el desbordamiento del Mississippi\u2014, dibuja el perfil de personajes enigm\u00e1ticos como Kaspar Hauser y recoge historias ver\u00eddicas de perros, fraudes y estafas.<\/p>\n<p>Acompa\u00f1ada de las ilustraciones de Judy Kaufman, esta selecci\u00f3n de escritos resulta incluso m\u00e1s accesible para los lectores que a\u00fan no conocen la obra de Walter Benjamin, y tambi\u00e9n para quienes conocen bien su obra y aprecian los libros como objetos en la era de la reproducibilidad digital.<\/p>\n<p><img decoding=\"async\" src=\"https:\/\/librosdelzorrorojo.com\/wp-content\/uploads\/2024\/10\/ICEC.jpg\" alt=\"\" width=\"359\" height=\"75\" class=\"alignnone wp-image-29095\" \/><\/p>\n","protected":false},"excerpt":{"rendered":"Los escritos radiof\u00f3nicos de Walter Benjamin han representado, durante mucho tiempo, una modesta nota a pie de p\u00e1gina en la inmensa obra del fil\u00f3sofo berlin\u00e9s, una celebridad del pensamiento occidental de la segunda mitad del siglo XX, a pesar de que sus textos m\u00e1s le\u00eddos presentan un reto hermen\u00e9utico considerable. Los art\u00edculos de este volumen [&hellip;]","protected":false},"featured_media":29898,"template":"","meta":{"_acf_changed":false},"product_brand":[],"product_cat":[3156,846],"product_tag":[],"class_list":{"0":"post-29897","1":"product","2":"type-product","3":"status-publish","4":"has-post-thumbnail","6":"product_cat-juvenil-adult","7":"product_cat-novedades-ca","9":"first","10":"instock","11":"taxable","12":"shipping-taxable","13":"purchasable","14":"product-type-simple"},"acf":[],"yoast_head":"<!-- This site is optimized with the Yoast SEO plugin v25.1 - https:\/\/yoast.com\/wordpress\/plugins\/seo\/ -->\n<title>Radio Benjamin - Libros del Zorro Rojo<\/title>\n<meta name=\"robots\" content=\"index, follow, max-snippet:-1, max-image-preview:large, max-video-preview:-1\" \/>\n<link rel=\"canonical\" href=\"https:\/\/librosdelzorrorojo.com\/ca\/cataleg\/radio-benjamin\/\" \/>\n<meta property=\"og:locale\" content=\"ca_ES\" \/>\n<meta property=\"og:type\" content=\"article\" \/>\n<meta property=\"og:title\" content=\"Radio Benjamin - Libros del Zorro Rojo\" \/>\n<meta property=\"og:description\" content=\"Los escritos radiof\u00f3nicos de Walter Benjamin han representado, durante mucho tiempo, una modesta nota a pie de p\u00e1gina en la inmensa obra del fil\u00f3sofo berlin\u00e9s, una celebridad del pensamiento occidental de la segunda mitad del siglo XX, a pesar de que sus textos m\u00e1s le\u00eddos presentan un reto hermen\u00e9utico considerable. Los art\u00edculos de este volumen [&hellip;]\" \/>\n<meta property=\"og:url\" content=\"https:\/\/librosdelzorrorojo.com\/ca\/cataleg\/radio-benjamin\/\" \/>\n<meta property=\"og:site_name\" content=\"Libros del Zorro Rojo\" \/>\n<meta property=\"article:modified_time\" content=\"2026-04-13T17:34:43+00:00\" \/>\n<meta name=\"twitter:card\" content=\"summary_large_image\" \/>\n<meta name=\"twitter:label1\" content=\"Temps estimat de lectura\" \/>\n\t<meta name=\"twitter:data1\" content=\"2 minuts\" \/>\n<script type=\"application\/ld+json\" class=\"yoast-schema-graph\">{\"@context\":\"https:\/\/schema.org\",\"@graph\":[{\"@type\":\"WebPage\",\"@id\":\"https:\/\/librosdelzorrorojo.com\/ca\/cataleg\/radio-benjamin\/\",\"url\":\"https:\/\/librosdelzorrorojo.com\/ca\/cataleg\/radio-benjamin\/\",\"name\":\"Radio Benjamin - Libros del Zorro Rojo\",\"isPartOf\":{\"@id\":\"https:\/\/librosdelzorrorojo.com\/#website\"},\"primaryImageOfPage\":{\"@id\":\"https:\/\/librosdelzorrorojo.com\/ca\/cataleg\/radio-benjamin\/#primaryimage\"},\"image\":{\"@id\":\"https:\/\/librosdelzorrorojo.com\/ca\/cataleg\/radio-benjamin\/#primaryimage\"},\"thumbnailUrl\":\"https:\/\/librosdelzorrorojo.com\/wp-content\/uploads\/2025\/05\/Cubierta-pdf.jpg\",\"datePublished\":\"2025-05-21T10:40:04+00:00\",\"dateModified\":\"2026-04-13T17:34:43+00:00\",\"breadcrumb\":{\"@id\":\"https:\/\/librosdelzorrorojo.com\/ca\/cataleg\/radio-benjamin\/#breadcrumb\"},\"inLanguage\":\"ca\",\"potentialAction\":[{\"@type\":\"ReadAction\",\"target\":[\"https:\/\/librosdelzorrorojo.com\/ca\/cataleg\/radio-benjamin\/\"]}]},{\"@type\":\"ImageObject\",\"inLanguage\":\"ca\",\"@id\":\"https:\/\/librosdelzorrorojo.com\/ca\/cataleg\/radio-benjamin\/#primaryimage\",\"url\":\"https:\/\/librosdelzorrorojo.com\/wp-content\/uploads\/2025\/05\/Cubierta-pdf.jpg\",\"contentUrl\":\"https:\/\/librosdelzorrorojo.com\/wp-content\/uploads\/2025\/05\/Cubierta-pdf.jpg\"},{\"@type\":\"BreadcrumbList\",\"@id\":\"https:\/\/librosdelzorrorojo.com\/ca\/cataleg\/radio-benjamin\/#breadcrumb\",\"itemListElement\":[{\"@type\":\"ListItem\",\"position\":1,\"name\":\"Portada\",\"item\":\"https:\/\/librosdelzorrorojo.com\/ca\/\"},{\"@type\":\"ListItem\",\"position\":2,\"name\":\"Cat\u00e0leg\",\"item\":\"https:\/\/librosdelzorrorojo.com\/ca\/cataleg\/\"},{\"@type\":\"ListItem\",\"position\":3,\"name\":\"Radio Benjamin\"}]},{\"@type\":\"WebSite\",\"@id\":\"https:\/\/librosdelzorrorojo.com\/#website\",\"url\":\"https:\/\/librosdelzorrorojo.com\/\",\"name\":\"Libros del Zorro Rojo\",\"description\":\"Libros ilustrados\",\"potentialAction\":[{\"@type\":\"SearchAction\",\"target\":{\"@type\":\"EntryPoint\",\"urlTemplate\":\"https:\/\/librosdelzorrorojo.com\/?s={search_term_string}\"},\"query-input\":{\"@type\":\"PropertyValueSpecification\",\"valueRequired\":true,\"valueName\":\"search_term_string\"}}],\"inLanguage\":\"ca\"}]}<\/script>\n<!-- \/ Yoast SEO plugin. -->","yoast_head_json":{"title":"Radio Benjamin - Libros del Zorro Rojo","robots":{"index":"index","follow":"follow","max-snippet":"max-snippet:-1","max-image-preview":"max-image-preview:large","max-video-preview":"max-video-preview:-1"},"canonical":"https:\/\/librosdelzorrorojo.com\/ca\/cataleg\/radio-benjamin\/","og_locale":"ca_ES","og_type":"article","og_title":"Radio Benjamin - Libros del Zorro Rojo","og_description":"Los escritos radiof\u00f3nicos de Walter Benjamin han representado, durante mucho tiempo, una modesta nota a pie de p\u00e1gina en la inmensa obra del fil\u00f3sofo berlin\u00e9s, una celebridad del pensamiento occidental de la segunda mitad del siglo XX, a pesar de que sus textos m\u00e1s le\u00eddos presentan un reto hermen\u00e9utico considerable. Los art\u00edculos de este volumen [&hellip;]","og_url":"https:\/\/librosdelzorrorojo.com\/ca\/cataleg\/radio-benjamin\/","og_site_name":"Libros del Zorro Rojo","article_modified_time":"2026-04-13T17:34:43+00:00","twitter_card":"summary_large_image","twitter_misc":{"Temps estimat de lectura":"2 minuts"},"schema":{"@context":"https:\/\/schema.org","@graph":[{"@type":"WebPage","@id":"https:\/\/librosdelzorrorojo.com\/ca\/cataleg\/radio-benjamin\/","url":"https:\/\/librosdelzorrorojo.com\/ca\/cataleg\/radio-benjamin\/","name":"Radio Benjamin - Libros del Zorro Rojo","isPartOf":{"@id":"https:\/\/librosdelzorrorojo.com\/#website"},"primaryImageOfPage":{"@id":"https:\/\/librosdelzorrorojo.com\/ca\/cataleg\/radio-benjamin\/#primaryimage"},"image":{"@id":"https:\/\/librosdelzorrorojo.com\/ca\/cataleg\/radio-benjamin\/#primaryimage"},"thumbnailUrl":"https:\/\/librosdelzorrorojo.com\/wp-content\/uploads\/2025\/05\/Cubierta-pdf.jpg","datePublished":"2025-05-21T10:40:04+00:00","dateModified":"2026-04-13T17:34:43+00:00","breadcrumb":{"@id":"https:\/\/librosdelzorrorojo.com\/ca\/cataleg\/radio-benjamin\/#breadcrumb"},"inLanguage":"ca","potentialAction":[{"@type":"ReadAction","target":["https:\/\/librosdelzorrorojo.com\/ca\/cataleg\/radio-benjamin\/"]}]},{"@type":"ImageObject","inLanguage":"ca","@id":"https:\/\/librosdelzorrorojo.com\/ca\/cataleg\/radio-benjamin\/#primaryimage","url":"https:\/\/librosdelzorrorojo.com\/wp-content\/uploads\/2025\/05\/Cubierta-pdf.jpg","contentUrl":"https:\/\/librosdelzorrorojo.com\/wp-content\/uploads\/2025\/05\/Cubierta-pdf.jpg"},{"@type":"BreadcrumbList","@id":"https:\/\/librosdelzorrorojo.com\/ca\/cataleg\/radio-benjamin\/#breadcrumb","itemListElement":[{"@type":"ListItem","position":1,"name":"Portada","item":"https:\/\/librosdelzorrorojo.com\/ca\/"},{"@type":"ListItem","position":2,"name":"Cat\u00e0leg","item":"https:\/\/librosdelzorrorojo.com\/ca\/cataleg\/"},{"@type":"ListItem","position":3,"name":"Radio Benjamin"}]},{"@type":"WebSite","@id":"https:\/\/librosdelzorrorojo.com\/#website","url":"https:\/\/librosdelzorrorojo.com\/","name":"Libros del Zorro Rojo","description":"Libros ilustrados","potentialAction":[{"@type":"SearchAction","target":{"@type":"EntryPoint","urlTemplate":"https:\/\/librosdelzorrorojo.com\/?s={search_term_string}"},"query-input":{"@type":"PropertyValueSpecification","valueRequired":true,"valueName":"search_term_string"}}],"inLanguage":"ca"}]}},"_links":{"self":[{"href":"https:\/\/librosdelzorrorojo.com\/ca\/wp-json\/wp\/v2\/product\/29897","targetHints":{"allow":["GET"]}}],"collection":[{"href":"https:\/\/librosdelzorrorojo.com\/ca\/wp-json\/wp\/v2\/product"}],"about":[{"href":"https:\/\/librosdelzorrorojo.com\/ca\/wp-json\/wp\/v2\/types\/product"}],"wp:featuredmedia":[{"embeddable":true,"href":"https:\/\/librosdelzorrorojo.com\/ca\/wp-json\/wp\/v2\/media\/29898"}],"wp:attachment":[{"href":"https:\/\/librosdelzorrorojo.com\/ca\/wp-json\/wp\/v2\/media?parent=29897"}],"wp:term":[{"taxonomy":"product_brand","embeddable":true,"href":"https:\/\/librosdelzorrorojo.com\/ca\/wp-json\/wp\/v2\/product_brand?post=29897"},{"taxonomy":"product_cat","embeddable":true,"href":"https:\/\/librosdelzorrorojo.com\/ca\/wp-json\/wp\/v2\/product_cat?post=29897"},{"taxonomy":"product_tag","embeddable":true,"href":"https:\/\/librosdelzorrorojo.com\/ca\/wp-json\/wp\/v2\/product_tag?post=29897"}],"curies":[{"name":"wp","href":"https:\/\/api.w.org\/{rel}","templated":true}]}}