{"id":29866,"date":"2025-05-13T13:19:17","date_gmt":"2025-05-13T11:56:03","guid":{"rendered":"https:\/\/librosdelzorrorojo.com\/?post_type=product&#038;p=29866"},"modified":"2025-06-04T15:42:52","modified_gmt":"2025-06-04T13:42:52","slug":"serafina-de-vacaciones","status":"publish","type":"product","link":"https:\/\/librosdelzorrorojo.com\/ca\/cataleg\/serafina-de-vacaciones\/","title":{"rendered":"Serafina. De vacaciones"},"content":{"rendered":"<p><span lang=\"es\">\u00a1Llega el verano! Serafina y sus amigos se preparan para irse a la playa: hacen la maleta, la cargan en el coche y salen en busca de aventuras junto al mar. Duermen en tiendas de campa\u00f1a y sus \u00fanicas preocupaciones son tomar el sol, nadar y comer muchos helados.<\/span><\/p>\n<p><span lang=\"es\">Durante estas vacaciones har\u00e1n nuevos amigos: sirenas, peces de todo tipo y \u00a1hasta una ballena! Bucear\u00e1n, viajar\u00e1n en barco y se lo pasar\u00e1n fenomenal. Al final del d\u00eda, despu\u00e9s de tantas aventuras, estar\u00e1n tan cansados que se dormir\u00e1n en un suspiro.<\/span><\/p>\n<p><span lang=\"es\">\u00a0<\/span><span lang=\"es\">En este bello \u00e1lbum de cart\u00f3n de gran tama\u00f1o, los prelectores podr\u00e1n buscar y redescubrir miles de detalles, personajes encantadores y situaciones sorprendentes. Como en <i>Serafina. El cumplea\u00f1os<\/i> y <i>Serafina. En la escuela<\/i>, Albertine (Premio Hans Christian Andersen 2020), apuesta por la pintura digital y enriquece su paleta con nuevos matices, desplegando un universo lleno de color e imaginaci\u00f3n desbordante. Un libro sin apenas palabras, que estimula la observaci\u00f3n y el di\u00e1logo con los m\u00e1s peque\u00f1os mientras disfrutan del verano.<\/span><\/p>\n","protected":false},"excerpt":{"rendered":"\u00a1Llega el verano! Serafina y sus amigos se preparan para irse a la playa: hacen la maleta, la cargan en el coche y salen en busca de aventuras junto al mar. Duermen en tiendas de campa\u00f1a y sus \u00fanicas preocupaciones son tomar el sol, nadar y comer muchos helados. Durante estas vacaciones har\u00e1n nuevos amigos: [&hellip;]","protected":false},"featured_media":29863,"template":"","meta":{"_acf_changed":false},"product_brand":[],"product_cat":[844,843,839,846],"product_tag":[],"class_list":{"0":"post-29866","1":"product","2":"type-product","3":"status-publish","4":"has-post-thumbnail","6":"product_cat-castella","7":"product_cat-infantiles-ca","8":"product_cat-zona-kids-ca","9":"product_cat-novedades-ca","11":"first","12":"instock","13":"taxable","14":"shipping-taxable","15":"purchasable","16":"product-type-simple"},"acf":[],"yoast_head":"<!-- This site is optimized with the Yoast SEO plugin v25.1 - https:\/\/yoast.com\/wordpress\/plugins\/seo\/ -->\n<title>Serafina. De vacaciones - Libros del Zorro Rojo<\/title>\n<meta name=\"robots\" content=\"index, follow, max-snippet:-1, max-image-preview:large, max-video-preview:-1\" \/>\n<link rel=\"canonical\" href=\"https:\/\/librosdelzorrorojo.com\/ca\/cataleg\/serafina-de-vacaciones\/\" \/>\n<meta property=\"og:locale\" content=\"ca_ES\" \/>\n<meta property=\"og:type\" content=\"article\" \/>\n<meta property=\"og:title\" content=\"Serafina. De vacaciones - Libros del Zorro Rojo\" \/>\n<meta property=\"og:description\" content=\"\u00a1Llega el verano! Serafina y sus amigos se preparan para irse a la playa: hacen la maleta, la cargan en el coche y salen en busca de aventuras junto al mar. Duermen en tiendas de campa\u00f1a y sus \u00fanicas preocupaciones son tomar el sol, nadar y comer muchos helados. Durante estas vacaciones har\u00e1n nuevos amigos: [&hellip;]\" \/>\n<meta property=\"og:url\" content=\"https:\/\/librosdelzorrorojo.com\/ca\/cataleg\/serafina-de-vacaciones\/\" \/>\n<meta property=\"og:site_name\" content=\"Libros del Zorro Rojo\" \/>\n<meta property=\"article:modified_time\" content=\"2025-06-04T13:42:52+00:00\" \/>\n<meta name=\"twitter:card\" content=\"summary_large_image\" \/>\n<meta name=\"twitter:label1\" content=\"Temps estimat de lectura\" \/>\n\t<meta name=\"twitter:data1\" content=\"1 minut\" \/>\n<script type=\"application\/ld+json\" class=\"yoast-schema-graph\">{\"@context\":\"https:\/\/schema.org\",\"@graph\":[{\"@type\":\"WebPage\",\"@id\":\"https:\/\/librosdelzorrorojo.com\/ca\/cataleg\/serafina-de-vacaciones\/\",\"url\":\"https:\/\/librosdelzorrorojo.com\/ca\/cataleg\/serafina-de-vacaciones\/\",\"name\":\"Serafina. De vacaciones - Libros del Zorro Rojo\",\"isPartOf\":{\"@id\":\"https:\/\/librosdelzorrorojo.com\/#website\"},\"primaryImageOfPage\":{\"@id\":\"https:\/\/librosdelzorrorojo.com\/ca\/cataleg\/serafina-de-vacaciones\/#primaryimage\"},\"image\":{\"@id\":\"https:\/\/librosdelzorrorojo.com\/ca\/cataleg\/serafina-de-vacaciones\/#primaryimage\"},\"thumbnailUrl\":\"https:\/\/librosdelzorrorojo.com\/wp-content\/uploads\/2025\/05\/serafina-vacaciones-cover_Final-scaled.jpg\",\"datePublished\":\"2025-05-13T11:56:03+00:00\",\"dateModified\":\"2025-06-04T13:42:52+00:00\",\"breadcrumb\":{\"@id\":\"https:\/\/librosdelzorrorojo.com\/ca\/cataleg\/serafina-de-vacaciones\/#breadcrumb\"},\"inLanguage\":\"ca\",\"potentialAction\":[{\"@type\":\"ReadAction\",\"target\":[\"https:\/\/librosdelzorrorojo.com\/ca\/cataleg\/serafina-de-vacaciones\/\"]}]},{\"@type\":\"ImageObject\",\"inLanguage\":\"ca\",\"@id\":\"https:\/\/librosdelzorrorojo.com\/ca\/cataleg\/serafina-de-vacaciones\/#primaryimage\",\"url\":\"https:\/\/librosdelzorrorojo.com\/wp-content\/uploads\/2025\/05\/serafina-vacaciones-cover_Final-scaled.jpg\",\"contentUrl\":\"https:\/\/librosdelzorrorojo.com\/wp-content\/uploads\/2025\/05\/serafina-vacaciones-cover_Final-scaled.jpg\",\"width\":1842,\"height\":2560,\"caption\":\"serafina vacaciones cover Final scaled\"},{\"@type\":\"BreadcrumbList\",\"@id\":\"https:\/\/librosdelzorrorojo.com\/ca\/cataleg\/serafina-de-vacaciones\/#breadcrumb\",\"itemListElement\":[{\"@type\":\"ListItem\",\"position\":1,\"name\":\"Portada\",\"item\":\"https:\/\/librosdelzorrorojo.com\/ca\/\"},{\"@type\":\"ListItem\",\"position\":2,\"name\":\"Cat\u00e0leg\",\"item\":\"https:\/\/librosdelzorrorojo.com\/ca\/cataleg\/\"},{\"@type\":\"ListItem\",\"position\":3,\"name\":\"Serafina. De vacaciones\"}]},{\"@type\":\"WebSite\",\"@id\":\"https:\/\/librosdelzorrorojo.com\/#website\",\"url\":\"https:\/\/librosdelzorrorojo.com\/\",\"name\":\"Libros del Zorro Rojo\",\"description\":\"Libros ilustrados\",\"potentialAction\":[{\"@type\":\"SearchAction\",\"target\":{\"@type\":\"EntryPoint\",\"urlTemplate\":\"https:\/\/librosdelzorrorojo.com\/?s={search_term_string}\"},\"query-input\":{\"@type\":\"PropertyValueSpecification\",\"valueRequired\":true,\"valueName\":\"search_term_string\"}}],\"inLanguage\":\"ca\"}]}<\/script>\n<!-- \/ Yoast SEO plugin. -->","yoast_head_json":{"title":"Serafina. De vacaciones - Libros del Zorro Rojo","robots":{"index":"index","follow":"follow","max-snippet":"max-snippet:-1","max-image-preview":"max-image-preview:large","max-video-preview":"max-video-preview:-1"},"canonical":"https:\/\/librosdelzorrorojo.com\/ca\/cataleg\/serafina-de-vacaciones\/","og_locale":"ca_ES","og_type":"article","og_title":"Serafina. De vacaciones - Libros del Zorro Rojo","og_description":"\u00a1Llega el verano! Serafina y sus amigos se preparan para irse a la playa: hacen la maleta, la cargan en el coche y salen en busca de aventuras junto al mar. Duermen en tiendas de campa\u00f1a y sus \u00fanicas preocupaciones son tomar el sol, nadar y comer muchos helados. Durante estas vacaciones har\u00e1n nuevos amigos: [&hellip;]","og_url":"https:\/\/librosdelzorrorojo.com\/ca\/cataleg\/serafina-de-vacaciones\/","og_site_name":"Libros del Zorro Rojo","article_modified_time":"2025-06-04T13:42:52+00:00","twitter_card":"summary_large_image","twitter_misc":{"Temps estimat de lectura":"1 minut"},"schema":{"@context":"https:\/\/schema.org","@graph":[{"@type":"WebPage","@id":"https:\/\/librosdelzorrorojo.com\/ca\/cataleg\/serafina-de-vacaciones\/","url":"https:\/\/librosdelzorrorojo.com\/ca\/cataleg\/serafina-de-vacaciones\/","name":"Serafina. De vacaciones - Libros del Zorro Rojo","isPartOf":{"@id":"https:\/\/librosdelzorrorojo.com\/#website"},"primaryImageOfPage":{"@id":"https:\/\/librosdelzorrorojo.com\/ca\/cataleg\/serafina-de-vacaciones\/#primaryimage"},"image":{"@id":"https:\/\/librosdelzorrorojo.com\/ca\/cataleg\/serafina-de-vacaciones\/#primaryimage"},"thumbnailUrl":"https:\/\/librosdelzorrorojo.com\/wp-content\/uploads\/2025\/05\/serafina-vacaciones-cover_Final-scaled.jpg","datePublished":"2025-05-13T11:56:03+00:00","dateModified":"2025-06-04T13:42:52+00:00","breadcrumb":{"@id":"https:\/\/librosdelzorrorojo.com\/ca\/cataleg\/serafina-de-vacaciones\/#breadcrumb"},"inLanguage":"ca","potentialAction":[{"@type":"ReadAction","target":["https:\/\/librosdelzorrorojo.com\/ca\/cataleg\/serafina-de-vacaciones\/"]}]},{"@type":"ImageObject","inLanguage":"ca","@id":"https:\/\/librosdelzorrorojo.com\/ca\/cataleg\/serafina-de-vacaciones\/#primaryimage","url":"https:\/\/librosdelzorrorojo.com\/wp-content\/uploads\/2025\/05\/serafina-vacaciones-cover_Final-scaled.jpg","contentUrl":"https:\/\/librosdelzorrorojo.com\/wp-content\/uploads\/2025\/05\/serafina-vacaciones-cover_Final-scaled.jpg","width":1842,"height":2560,"caption":"serafina vacaciones cover Final scaled"},{"@type":"BreadcrumbList","@id":"https:\/\/librosdelzorrorojo.com\/ca\/cataleg\/serafina-de-vacaciones\/#breadcrumb","itemListElement":[{"@type":"ListItem","position":1,"name":"Portada","item":"https:\/\/librosdelzorrorojo.com\/ca\/"},{"@type":"ListItem","position":2,"name":"Cat\u00e0leg","item":"https:\/\/librosdelzorrorojo.com\/ca\/cataleg\/"},{"@type":"ListItem","position":3,"name":"Serafina. De vacaciones"}]},{"@type":"WebSite","@id":"https:\/\/librosdelzorrorojo.com\/#website","url":"https:\/\/librosdelzorrorojo.com\/","name":"Libros del Zorro Rojo","description":"Libros ilustrados","potentialAction":[{"@type":"SearchAction","target":{"@type":"EntryPoint","urlTemplate":"https:\/\/librosdelzorrorojo.com\/?s={search_term_string}"},"query-input":{"@type":"PropertyValueSpecification","valueRequired":true,"valueName":"search_term_string"}}],"inLanguage":"ca"}]}},"_links":{"self":[{"href":"https:\/\/librosdelzorrorojo.com\/ca\/wp-json\/wp\/v2\/product\/29866","targetHints":{"allow":["GET"]}}],"collection":[{"href":"https:\/\/librosdelzorrorojo.com\/ca\/wp-json\/wp\/v2\/product"}],"about":[{"href":"https:\/\/librosdelzorrorojo.com\/ca\/wp-json\/wp\/v2\/types\/product"}],"wp:featuredmedia":[{"embeddable":true,"href":"https:\/\/librosdelzorrorojo.com\/ca\/wp-json\/wp\/v2\/media\/29863"}],"wp:attachment":[{"href":"https:\/\/librosdelzorrorojo.com\/ca\/wp-json\/wp\/v2\/media?parent=29866"}],"wp:term":[{"taxonomy":"product_brand","embeddable":true,"href":"https:\/\/librosdelzorrorojo.com\/ca\/wp-json\/wp\/v2\/product_brand?post=29866"},{"taxonomy":"product_cat","embeddable":true,"href":"https:\/\/librosdelzorrorojo.com\/ca\/wp-json\/wp\/v2\/product_cat?post=29866"},{"taxonomy":"product_tag","embeddable":true,"href":"https:\/\/librosdelzorrorojo.com\/ca\/wp-json\/wp\/v2\/product_tag?post=29866"}],"curies":[{"name":"wp","href":"https:\/\/api.w.org\/{rel}","templated":true}]}}