{"id":29858,"date":"2025-06-04T16:12:38","date_gmt":"2025-06-04T14:12:38","guid":{"rendered":"https:\/\/librosdelzorrorojo.com\/?post_type=product&#038;p=29858"},"modified":"2025-06-04T16:17:58","modified_gmt":"2025-06-04T14:17:58","slug":"serafina-de-vacances","status":"publish","type":"product","link":"https:\/\/librosdelzorrorojo.com\/ca\/cataleg\/serafina-de-vacances\/","title":{"rendered":"Serafina. De vacances"},"content":{"rendered":"<p>Ja \u00e9s estiu! Serafina i els seus amics es preparen per a anar-se de vacances: fan la maleta, la carreguen en el cotxe i surten a la recerca d&#8217;aventures estiuenques al costat de la mar. Dormen en tendes de campanya i les seves \u00faniques preocupacions s\u00f3n prendre el sol, nedar en la mar i menjar gelats.<\/p>\n<p>Durant aquestes vacances faran nous amics: sirenes, peixos de tota mena i fins a una balena! Bussejaran, viatjaran amb vaixell i s&#8217;ho passaran fenomenal. Al final del dia, despr\u00e9s de tantes aventures, estaran tan cansats que s&#8217;adormiran en un sospir.<\/p>\n<p>En aquest bell \u00e0lbum de cart\u00f3 de gran grand\u00e0ria, els prelectors podran buscar i redescobrir milers de detalls, personatges encantadors i situacions sorprenents. Com en <i>Serafina. L&#8217;aniversari<\/i>, (Premi Hans Christian Andersen 2020) i <i>Serafina. A l&#8217;escola<\/i>, aposta per la pintura digital i enriqueix la seva paleta amb nous matisos, desplegant un univers ple de color i imaginaci\u00f3 desbordant. Un llibre sense tot just paraules, que estimula l&#8217;observaci\u00f3 i el di\u00e0leg amb els m\u00e9s petits mentre gaudeixen de l&#8217;estiu.<\/p>\n","protected":false},"excerpt":{"rendered":"Ja \u00e9s estiu! Serafina i els seus amics es preparen per a anar-se de vacances: fan la maleta, la carreguen en el cotxe i surten a la recerca d&#8217;aventures estiuenques al costat de la mar. Dormen en tendes de campanya i les seves \u00faniques preocupacions s\u00f3n prendre el sol, nedar en la mar i menjar [&hellip;]","protected":false},"featured_media":29943,"template":"","meta":{"_acf_changed":false},"product_brand":[],"product_cat":[840,843,846],"product_tag":[],"class_list":{"0":"post-29858","1":"product","2":"type-product","3":"status-publish","4":"has-post-thumbnail","6":"product_cat-catala","7":"product_cat-infantiles-ca","8":"product_cat-novedades-ca","9":"vinculo-serafina-de-vacaciones","11":"first","12":"instock","13":"taxable","14":"shipping-taxable","15":"purchasable","16":"product-type-simple"},"acf":[],"yoast_head":"<!-- This site is optimized with the Yoast SEO plugin v25.1 - https:\/\/yoast.com\/wordpress\/plugins\/seo\/ -->\n<title>Serafina. De vacances - Libros del Zorro Rojo<\/title>\n<meta name=\"robots\" content=\"index, follow, max-snippet:-1, max-image-preview:large, max-video-preview:-1\" \/>\n<link rel=\"canonical\" href=\"https:\/\/librosdelzorrorojo.com\/ca\/cataleg\/serafina-de-vacances\/\" \/>\n<meta property=\"og:locale\" content=\"ca_ES\" \/>\n<meta property=\"og:type\" content=\"article\" \/>\n<meta property=\"og:title\" content=\"Serafina. De vacances - Libros del Zorro Rojo\" \/>\n<meta property=\"og:description\" content=\"Ja \u00e9s estiu! Serafina i els seus amics es preparen per a anar-se de vacances: fan la maleta, la carreguen en el cotxe i surten a la recerca d&#8217;aventures estiuenques al costat de la mar. Dormen en tendes de campanya i les seves \u00faniques preocupacions s\u00f3n prendre el sol, nedar en la mar i menjar [&hellip;]\" \/>\n<meta property=\"og:url\" content=\"https:\/\/librosdelzorrorojo.com\/ca\/cataleg\/serafina-de-vacances\/\" \/>\n<meta property=\"og:site_name\" content=\"Libros del Zorro Rojo\" \/>\n<meta property=\"article:modified_time\" content=\"2025-06-04T14:17:58+00:00\" \/>\n<meta property=\"og:image\" content=\"https:\/\/librosdelzorrorojo.com\/wp-content\/uploads\/2025\/05\/serafina-vacaciones-cover_Final_CAT-3-734x1024.png\" \/>\n\t<meta property=\"og:image:width\" content=\"734\" \/>\n\t<meta property=\"og:image:height\" content=\"1024\" \/>\n\t<meta property=\"og:image:type\" content=\"image\/png\" \/>\n<meta name=\"twitter:card\" content=\"summary_large_image\" \/>\n<meta name=\"twitter:label1\" content=\"Temps estimat de lectura\" \/>\n\t<meta name=\"twitter:data1\" content=\"1 minut\" \/>\n<script type=\"application\/ld+json\" class=\"yoast-schema-graph\">{\"@context\":\"https:\/\/schema.org\",\"@graph\":[{\"@type\":\"WebPage\",\"@id\":\"https:\/\/librosdelzorrorojo.com\/ca\/cataleg\/serafina-de-vacances\/\",\"url\":\"https:\/\/librosdelzorrorojo.com\/ca\/cataleg\/serafina-de-vacances\/\",\"name\":\"Serafina. De vacances - Libros del Zorro Rojo\",\"isPartOf\":{\"@id\":\"https:\/\/librosdelzorrorojo.com\/#website\"},\"primaryImageOfPage\":{\"@id\":\"https:\/\/librosdelzorrorojo.com\/ca\/cataleg\/serafina-de-vacances\/#primaryimage\"},\"image\":{\"@id\":\"https:\/\/librosdelzorrorojo.com\/ca\/cataleg\/serafina-de-vacances\/#primaryimage\"},\"thumbnailUrl\":\"https:\/\/librosdelzorrorojo.com\/wp-content\/uploads\/2025\/05\/serafina-vacaciones-cover_Final_CAT-3.png\",\"datePublished\":\"2025-06-04T14:12:38+00:00\",\"dateModified\":\"2025-06-04T14:17:58+00:00\",\"breadcrumb\":{\"@id\":\"https:\/\/librosdelzorrorojo.com\/ca\/cataleg\/serafina-de-vacances\/#breadcrumb\"},\"inLanguage\":\"ca\",\"potentialAction\":[{\"@type\":\"ReadAction\",\"target\":[\"https:\/\/librosdelzorrorojo.com\/ca\/cataleg\/serafina-de-vacances\/\"]}]},{\"@type\":\"ImageObject\",\"inLanguage\":\"ca\",\"@id\":\"https:\/\/librosdelzorrorojo.com\/ca\/cataleg\/serafina-de-vacances\/#primaryimage\",\"url\":\"https:\/\/librosdelzorrorojo.com\/wp-content\/uploads\/2025\/05\/serafina-vacaciones-cover_Final_CAT-3.png\",\"contentUrl\":\"https:\/\/librosdelzorrorojo.com\/wp-content\/uploads\/2025\/05\/serafina-vacaciones-cover_Final_CAT-3.png\",\"width\":2927,\"height\":4085,\"caption\":\"serafina vacaciones cover Final CAT 3\"},{\"@type\":\"BreadcrumbList\",\"@id\":\"https:\/\/librosdelzorrorojo.com\/ca\/cataleg\/serafina-de-vacances\/#breadcrumb\",\"itemListElement\":[{\"@type\":\"ListItem\",\"position\":1,\"name\":\"Portada\",\"item\":\"https:\/\/librosdelzorrorojo.com\/ca\/\"},{\"@type\":\"ListItem\",\"position\":2,\"name\":\"Cat\u00e0leg\",\"item\":\"https:\/\/librosdelzorrorojo.com\/ca\/cataleg\/\"},{\"@type\":\"ListItem\",\"position\":3,\"name\":\"Serafina. De vacances\"}]},{\"@type\":\"WebSite\",\"@id\":\"https:\/\/librosdelzorrorojo.com\/#website\",\"url\":\"https:\/\/librosdelzorrorojo.com\/\",\"name\":\"Libros del Zorro Rojo\",\"description\":\"Libros ilustrados\",\"potentialAction\":[{\"@type\":\"SearchAction\",\"target\":{\"@type\":\"EntryPoint\",\"urlTemplate\":\"https:\/\/librosdelzorrorojo.com\/?s={search_term_string}\"},\"query-input\":{\"@type\":\"PropertyValueSpecification\",\"valueRequired\":true,\"valueName\":\"search_term_string\"}}],\"inLanguage\":\"ca\"}]}<\/script>\n<!-- \/ Yoast SEO plugin. -->","yoast_head_json":{"title":"Serafina. De vacances - Libros del Zorro Rojo","robots":{"index":"index","follow":"follow","max-snippet":"max-snippet:-1","max-image-preview":"max-image-preview:large","max-video-preview":"max-video-preview:-1"},"canonical":"https:\/\/librosdelzorrorojo.com\/ca\/cataleg\/serafina-de-vacances\/","og_locale":"ca_ES","og_type":"article","og_title":"Serafina. De vacances - Libros del Zorro Rojo","og_description":"Ja \u00e9s estiu! Serafina i els seus amics es preparen per a anar-se de vacances: fan la maleta, la carreguen en el cotxe i surten a la recerca d&#8217;aventures estiuenques al costat de la mar. Dormen en tendes de campanya i les seves \u00faniques preocupacions s\u00f3n prendre el sol, nedar en la mar i menjar [&hellip;]","og_url":"https:\/\/librosdelzorrorojo.com\/ca\/cataleg\/serafina-de-vacances\/","og_site_name":"Libros del Zorro Rojo","article_modified_time":"2025-06-04T14:17:58+00:00","og_image":[{"width":734,"height":1024,"url":"https:\/\/librosdelzorrorojo.com\/wp-content\/uploads\/2025\/05\/serafina-vacaciones-cover_Final_CAT-3-734x1024.png","type":"image\/png"}],"twitter_card":"summary_large_image","twitter_misc":{"Temps estimat de lectura":"1 minut"},"schema":{"@context":"https:\/\/schema.org","@graph":[{"@type":"WebPage","@id":"https:\/\/librosdelzorrorojo.com\/ca\/cataleg\/serafina-de-vacances\/","url":"https:\/\/librosdelzorrorojo.com\/ca\/cataleg\/serafina-de-vacances\/","name":"Serafina. De vacances - Libros del Zorro Rojo","isPartOf":{"@id":"https:\/\/librosdelzorrorojo.com\/#website"},"primaryImageOfPage":{"@id":"https:\/\/librosdelzorrorojo.com\/ca\/cataleg\/serafina-de-vacances\/#primaryimage"},"image":{"@id":"https:\/\/librosdelzorrorojo.com\/ca\/cataleg\/serafina-de-vacances\/#primaryimage"},"thumbnailUrl":"https:\/\/librosdelzorrorojo.com\/wp-content\/uploads\/2025\/05\/serafina-vacaciones-cover_Final_CAT-3.png","datePublished":"2025-06-04T14:12:38+00:00","dateModified":"2025-06-04T14:17:58+00:00","breadcrumb":{"@id":"https:\/\/librosdelzorrorojo.com\/ca\/cataleg\/serafina-de-vacances\/#breadcrumb"},"inLanguage":"ca","potentialAction":[{"@type":"ReadAction","target":["https:\/\/librosdelzorrorojo.com\/ca\/cataleg\/serafina-de-vacances\/"]}]},{"@type":"ImageObject","inLanguage":"ca","@id":"https:\/\/librosdelzorrorojo.com\/ca\/cataleg\/serafina-de-vacances\/#primaryimage","url":"https:\/\/librosdelzorrorojo.com\/wp-content\/uploads\/2025\/05\/serafina-vacaciones-cover_Final_CAT-3.png","contentUrl":"https:\/\/librosdelzorrorojo.com\/wp-content\/uploads\/2025\/05\/serafina-vacaciones-cover_Final_CAT-3.png","width":2927,"height":4085,"caption":"serafina vacaciones cover Final CAT 3"},{"@type":"BreadcrumbList","@id":"https:\/\/librosdelzorrorojo.com\/ca\/cataleg\/serafina-de-vacances\/#breadcrumb","itemListElement":[{"@type":"ListItem","position":1,"name":"Portada","item":"https:\/\/librosdelzorrorojo.com\/ca\/"},{"@type":"ListItem","position":2,"name":"Cat\u00e0leg","item":"https:\/\/librosdelzorrorojo.com\/ca\/cataleg\/"},{"@type":"ListItem","position":3,"name":"Serafina. De vacances"}]},{"@type":"WebSite","@id":"https:\/\/librosdelzorrorojo.com\/#website","url":"https:\/\/librosdelzorrorojo.com\/","name":"Libros del Zorro Rojo","description":"Libros ilustrados","potentialAction":[{"@type":"SearchAction","target":{"@type":"EntryPoint","urlTemplate":"https:\/\/librosdelzorrorojo.com\/?s={search_term_string}"},"query-input":{"@type":"PropertyValueSpecification","valueRequired":true,"valueName":"search_term_string"}}],"inLanguage":"ca"}]}},"_links":{"self":[{"href":"https:\/\/librosdelzorrorojo.com\/ca\/wp-json\/wp\/v2\/product\/29858","targetHints":{"allow":["GET"]}}],"collection":[{"href":"https:\/\/librosdelzorrorojo.com\/ca\/wp-json\/wp\/v2\/product"}],"about":[{"href":"https:\/\/librosdelzorrorojo.com\/ca\/wp-json\/wp\/v2\/types\/product"}],"wp:featuredmedia":[{"embeddable":true,"href":"https:\/\/librosdelzorrorojo.com\/ca\/wp-json\/wp\/v2\/media\/29943"}],"wp:attachment":[{"href":"https:\/\/librosdelzorrorojo.com\/ca\/wp-json\/wp\/v2\/media?parent=29858"}],"wp:term":[{"taxonomy":"product_brand","embeddable":true,"href":"https:\/\/librosdelzorrorojo.com\/ca\/wp-json\/wp\/v2\/product_brand?post=29858"},{"taxonomy":"product_cat","embeddable":true,"href":"https:\/\/librosdelzorrorojo.com\/ca\/wp-json\/wp\/v2\/product_cat?post=29858"},{"taxonomy":"product_tag","embeddable":true,"href":"https:\/\/librosdelzorrorojo.com\/ca\/wp-json\/wp\/v2\/product_tag?post=29858"}],"curies":[{"name":"wp","href":"https:\/\/api.w.org\/{rel}","templated":true}]}}