{"id":29739,"date":"2025-04-03T11:32:38","date_gmt":"2025-04-03T09:32:38","guid":{"rendered":"https:\/\/librosdelzorrorojo.com\/catalogo\/quadern-de-xinxes-puces-i-polls-per-pintar-si-tu-vols\/"},"modified":"2025-05-26T12:04:49","modified_gmt":"2025-05-26T10:04:49","slug":"quadern-de-xinxes-puces-i-polls-per-pintar-si-tu-vols","status":"publish","type":"product","link":"https:\/\/librosdelzorrorojo.com\/ca\/cataleg\/quadern-de-xinxes-puces-i-polls-per-pintar-si-tu-vols\/","title":{"rendered":"Quadern de xinxes, puces i polls per pintar si tu vols"},"content":{"rendered":"<p><em>Quadern de xinxes, puces i polls per pintar si tu vols<\/em> (feli\u00e7 escissi\u00f3 del <em>Llibre de Meravelles<\/em>, Libros del Zorro Rojo, 2023) \u00e9s un projecte interactiu que posar\u00e0 a prova el pols i la paci\u00e8ncia dels nostres petits a l\u2019hora d\u2019acolorir el miler d\u2019\u00e9ssers diminuts que solquen les seves p\u00e0gines i que tan populars s\u00f3n entre les fam\u00edlies i les escoles. Es tracta principalment dels polls, per\u00f2 tamb\u00e9 de les puces de les nostres mascotes peludes.<\/p>\n<p>Les xinxes, de dif\u00edcil localitzaci\u00f3, ja s\u00f3n un altre cantar, per\u00f2 figuren en el quadern perqu\u00e8, com m\u00e9s gran \u00e9s la colla, major \u00e9s l\u2019alegria.<\/p>\n<p>Cada poll i cada pu\u00e7a dibuixats en aquest quadern s\u00f3n de veritat, van ser capturats durant anys d\u2019intensa vigil\u00e0ncia al cap dels fills de l\u2019autor i al llom del seu gos. Un cop classificats, Ginard nom\u00e9s va afegir, per diversi\u00f3, algun nas per aqu\u00ed i alguna pota per all\u00e0; alguns ulls que imaginava blaus. A altres bestioles les va dibuixar de perfil, de cara, d\u2019esquena o enamorades. Algunes estan retratades de mem\u00f2ria, dues o tres s\u00f3n el reflex en miniatura dels millors amics de l\u2019artista, i tamb\u00e9 hi ha un autoretrat amb barret de palla.<\/p>\n<p>Pel que fa a les xinxes, aquestes s\u00ed que s\u00f3n totes inventades.<\/p>\n<p><img decoding=\"async\" src=\"https:\/\/librosdelzorrorojo.com\/wp-content\/uploads\/2024\/10\/ICEC.jpg\" alt=\"\" width=\"359\" height=\"75\" class=\"alignnone wp-image-29095\" \/><\/p>\n","protected":false},"excerpt":{"rendered":"Quadern de xinxes, puces i polls per pintar si tu vols (feli\u00e7 escissi\u00f3 del Llibre de Meravelles, Libros del Zorro Rojo, 2023) \u00e9s un projecte interactiu que posar\u00e0 a prova el pols i la paci\u00e8ncia dels nostres petits a l\u2019hora d\u2019acolorir el miler d\u2019\u00e9ssers diminuts que solquen les seves p\u00e0gines i que tan populars s\u00f3n [&hellip;]","protected":false},"featured_media":29735,"template":"","meta":{"_acf_changed":false},"product_brand":[],"product_cat":[840,843,846],"product_tag":[],"class_list":{"0":"post-29739","1":"product","2":"type-product","3":"status-publish","4":"has-post-thumbnail","6":"product_cat-catala","7":"product_cat-infantiles-ca","8":"product_cat-novedades-ca","9":"vinculo-cuaderno-de-chinches","11":"first","12":"instock","13":"taxable","14":"shipping-taxable","15":"purchasable","16":"product-type-simple"},"acf":[],"yoast_head":"<!-- This site is optimized with the Yoast SEO plugin v25.1 - https:\/\/yoast.com\/wordpress\/plugins\/seo\/ -->\n<title>Quadern de xinxes, puces i polls per pintar si tu vols - Libros del Zorro Rojo<\/title>\n<meta name=\"robots\" content=\"index, follow, max-snippet:-1, max-image-preview:large, max-video-preview:-1\" \/>\n<link rel=\"canonical\" href=\"https:\/\/librosdelzorrorojo.com\/ca\/cataleg\/quadern-de-xinxes-puces-i-polls-per-pintar-si-tu-vols\/\" \/>\n<meta property=\"og:locale\" content=\"ca_ES\" \/>\n<meta property=\"og:type\" content=\"article\" \/>\n<meta property=\"og:title\" content=\"Quadern de xinxes, puces i polls per pintar si tu vols - Libros del Zorro Rojo\" \/>\n<meta property=\"og:description\" content=\"Quadern de xinxes, puces i polls per pintar si tu vols (feli\u00e7 escissi\u00f3 del Llibre de Meravelles, Libros del Zorro Rojo, 2023) \u00e9s un projecte interactiu que posar\u00e0 a prova el pols i la paci\u00e8ncia dels nostres petits a l\u2019hora d\u2019acolorir el miler d\u2019\u00e9ssers diminuts que solquen les seves p\u00e0gines i que tan populars s\u00f3n [&hellip;]\" \/>\n<meta property=\"og:url\" content=\"https:\/\/librosdelzorrorojo.com\/ca\/cataleg\/quadern-de-xinxes-puces-i-polls-per-pintar-si-tu-vols\/\" \/>\n<meta property=\"og:site_name\" content=\"Libros del Zorro Rojo\" \/>\n<meta property=\"article:modified_time\" content=\"2025-05-26T10:04:49+00:00\" \/>\n<meta property=\"og:image\" content=\"https:\/\/librosdelzorrorojo.com\/wp-content\/uploads\/2025\/04\/Cover-Catalan--scaled.jpg\" \/>\n\t<meta property=\"og:image:width\" content=\"2527\" \/>\n\t<meta property=\"og:image:height\" content=\"2560\" \/>\n\t<meta property=\"og:image:type\" content=\"image\/jpeg\" \/>\n<meta name=\"twitter:card\" content=\"summary_large_image\" \/>\n<meta name=\"twitter:label1\" content=\"Temps estimat de lectura\" \/>\n\t<meta name=\"twitter:data1\" content=\"2 minuts\" \/>\n<script type=\"application\/ld+json\" class=\"yoast-schema-graph\">{\"@context\":\"https:\/\/schema.org\",\"@graph\":[{\"@type\":\"WebPage\",\"@id\":\"https:\/\/librosdelzorrorojo.com\/ca\/cataleg\/quadern-de-xinxes-puces-i-polls-per-pintar-si-tu-vols\/\",\"url\":\"https:\/\/librosdelzorrorojo.com\/ca\/cataleg\/quadern-de-xinxes-puces-i-polls-per-pintar-si-tu-vols\/\",\"name\":\"Quadern de xinxes, puces i polls per pintar si tu vols - Libros del Zorro Rojo\",\"isPartOf\":{\"@id\":\"https:\/\/librosdelzorrorojo.com\/#website\"},\"primaryImageOfPage\":{\"@id\":\"https:\/\/librosdelzorrorojo.com\/ca\/cataleg\/quadern-de-xinxes-puces-i-polls-per-pintar-si-tu-vols\/#primaryimage\"},\"image\":{\"@id\":\"https:\/\/librosdelzorrorojo.com\/ca\/cataleg\/quadern-de-xinxes-puces-i-polls-per-pintar-si-tu-vols\/#primaryimage\"},\"thumbnailUrl\":\"https:\/\/librosdelzorrorojo.com\/wp-content\/uploads\/2025\/04\/Cover-Catalan--scaled.jpg\",\"datePublished\":\"2025-04-03T09:32:38+00:00\",\"dateModified\":\"2025-05-26T10:04:49+00:00\",\"breadcrumb\":{\"@id\":\"https:\/\/librosdelzorrorojo.com\/ca\/cataleg\/quadern-de-xinxes-puces-i-polls-per-pintar-si-tu-vols\/#breadcrumb\"},\"inLanguage\":\"ca\",\"potentialAction\":[{\"@type\":\"ReadAction\",\"target\":[\"https:\/\/librosdelzorrorojo.com\/ca\/cataleg\/quadern-de-xinxes-puces-i-polls-per-pintar-si-tu-vols\/\"]}]},{\"@type\":\"ImageObject\",\"inLanguage\":\"ca\",\"@id\":\"https:\/\/librosdelzorrorojo.com\/ca\/cataleg\/quadern-de-xinxes-puces-i-polls-per-pintar-si-tu-vols\/#primaryimage\",\"url\":\"https:\/\/librosdelzorrorojo.com\/wp-content\/uploads\/2025\/04\/Cover-Catalan--scaled.jpg\",\"contentUrl\":\"https:\/\/librosdelzorrorojo.com\/wp-content\/uploads\/2025\/04\/Cover-Catalan--scaled.jpg\",\"width\":2527,\"height\":2560,\"caption\":\"Cover Catalan scaled\"},{\"@type\":\"BreadcrumbList\",\"@id\":\"https:\/\/librosdelzorrorojo.com\/ca\/cataleg\/quadern-de-xinxes-puces-i-polls-per-pintar-si-tu-vols\/#breadcrumb\",\"itemListElement\":[{\"@type\":\"ListItem\",\"position\":1,\"name\":\"Portada\",\"item\":\"https:\/\/librosdelzorrorojo.com\/ca\/\"},{\"@type\":\"ListItem\",\"position\":2,\"name\":\"Cat\u00e0leg\",\"item\":\"https:\/\/librosdelzorrorojo.com\/ca\/cataleg\/\"},{\"@type\":\"ListItem\",\"position\":3,\"name\":\"Quadern de xinxes, puces i polls per pintar si tu vols\"}]},{\"@type\":\"WebSite\",\"@id\":\"https:\/\/librosdelzorrorojo.com\/#website\",\"url\":\"https:\/\/librosdelzorrorojo.com\/\",\"name\":\"Libros del Zorro Rojo\",\"description\":\"Libros ilustrados\",\"potentialAction\":[{\"@type\":\"SearchAction\",\"target\":{\"@type\":\"EntryPoint\",\"urlTemplate\":\"https:\/\/librosdelzorrorojo.com\/?s={search_term_string}\"},\"query-input\":{\"@type\":\"PropertyValueSpecification\",\"valueRequired\":true,\"valueName\":\"search_term_string\"}}],\"inLanguage\":\"ca\"}]}<\/script>\n<!-- \/ Yoast SEO plugin. -->","yoast_head_json":{"title":"Quadern de xinxes, puces i polls per pintar si tu vols - Libros del Zorro Rojo","robots":{"index":"index","follow":"follow","max-snippet":"max-snippet:-1","max-image-preview":"max-image-preview:large","max-video-preview":"max-video-preview:-1"},"canonical":"https:\/\/librosdelzorrorojo.com\/ca\/cataleg\/quadern-de-xinxes-puces-i-polls-per-pintar-si-tu-vols\/","og_locale":"ca_ES","og_type":"article","og_title":"Quadern de xinxes, puces i polls per pintar si tu vols - Libros del Zorro Rojo","og_description":"Quadern de xinxes, puces i polls per pintar si tu vols (feli\u00e7 escissi\u00f3 del Llibre de Meravelles, Libros del Zorro Rojo, 2023) \u00e9s un projecte interactiu que posar\u00e0 a prova el pols i la paci\u00e8ncia dels nostres petits a l\u2019hora d\u2019acolorir el miler d\u2019\u00e9ssers diminuts que solquen les seves p\u00e0gines i que tan populars s\u00f3n [&hellip;]","og_url":"https:\/\/librosdelzorrorojo.com\/ca\/cataleg\/quadern-de-xinxes-puces-i-polls-per-pintar-si-tu-vols\/","og_site_name":"Libros del Zorro Rojo","article_modified_time":"2025-05-26T10:04:49+00:00","og_image":[{"width":2527,"height":2560,"url":"https:\/\/librosdelzorrorojo.com\/wp-content\/uploads\/2025\/04\/Cover-Catalan--scaled.jpg","type":"image\/jpeg"}],"twitter_card":"summary_large_image","twitter_misc":{"Temps estimat de lectura":"2 minuts"},"schema":{"@context":"https:\/\/schema.org","@graph":[{"@type":"WebPage","@id":"https:\/\/librosdelzorrorojo.com\/ca\/cataleg\/quadern-de-xinxes-puces-i-polls-per-pintar-si-tu-vols\/","url":"https:\/\/librosdelzorrorojo.com\/ca\/cataleg\/quadern-de-xinxes-puces-i-polls-per-pintar-si-tu-vols\/","name":"Quadern de xinxes, puces i polls per pintar si tu vols - Libros del Zorro Rojo","isPartOf":{"@id":"https:\/\/librosdelzorrorojo.com\/#website"},"primaryImageOfPage":{"@id":"https:\/\/librosdelzorrorojo.com\/ca\/cataleg\/quadern-de-xinxes-puces-i-polls-per-pintar-si-tu-vols\/#primaryimage"},"image":{"@id":"https:\/\/librosdelzorrorojo.com\/ca\/cataleg\/quadern-de-xinxes-puces-i-polls-per-pintar-si-tu-vols\/#primaryimage"},"thumbnailUrl":"https:\/\/librosdelzorrorojo.com\/wp-content\/uploads\/2025\/04\/Cover-Catalan--scaled.jpg","datePublished":"2025-04-03T09:32:38+00:00","dateModified":"2025-05-26T10:04:49+00:00","breadcrumb":{"@id":"https:\/\/librosdelzorrorojo.com\/ca\/cataleg\/quadern-de-xinxes-puces-i-polls-per-pintar-si-tu-vols\/#breadcrumb"},"inLanguage":"ca","potentialAction":[{"@type":"ReadAction","target":["https:\/\/librosdelzorrorojo.com\/ca\/cataleg\/quadern-de-xinxes-puces-i-polls-per-pintar-si-tu-vols\/"]}]},{"@type":"ImageObject","inLanguage":"ca","@id":"https:\/\/librosdelzorrorojo.com\/ca\/cataleg\/quadern-de-xinxes-puces-i-polls-per-pintar-si-tu-vols\/#primaryimage","url":"https:\/\/librosdelzorrorojo.com\/wp-content\/uploads\/2025\/04\/Cover-Catalan--scaled.jpg","contentUrl":"https:\/\/librosdelzorrorojo.com\/wp-content\/uploads\/2025\/04\/Cover-Catalan--scaled.jpg","width":2527,"height":2560,"caption":"Cover Catalan scaled"},{"@type":"BreadcrumbList","@id":"https:\/\/librosdelzorrorojo.com\/ca\/cataleg\/quadern-de-xinxes-puces-i-polls-per-pintar-si-tu-vols\/#breadcrumb","itemListElement":[{"@type":"ListItem","position":1,"name":"Portada","item":"https:\/\/librosdelzorrorojo.com\/ca\/"},{"@type":"ListItem","position":2,"name":"Cat\u00e0leg","item":"https:\/\/librosdelzorrorojo.com\/ca\/cataleg\/"},{"@type":"ListItem","position":3,"name":"Quadern de xinxes, puces i polls per pintar si tu vols"}]},{"@type":"WebSite","@id":"https:\/\/librosdelzorrorojo.com\/#website","url":"https:\/\/librosdelzorrorojo.com\/","name":"Libros del Zorro Rojo","description":"Libros ilustrados","potentialAction":[{"@type":"SearchAction","target":{"@type":"EntryPoint","urlTemplate":"https:\/\/librosdelzorrorojo.com\/?s={search_term_string}"},"query-input":{"@type":"PropertyValueSpecification","valueRequired":true,"valueName":"search_term_string"}}],"inLanguage":"ca"}]}},"_links":{"self":[{"href":"https:\/\/librosdelzorrorojo.com\/ca\/wp-json\/wp\/v2\/product\/29739","targetHints":{"allow":["GET"]}}],"collection":[{"href":"https:\/\/librosdelzorrorojo.com\/ca\/wp-json\/wp\/v2\/product"}],"about":[{"href":"https:\/\/librosdelzorrorojo.com\/ca\/wp-json\/wp\/v2\/types\/product"}],"wp:featuredmedia":[{"embeddable":true,"href":"https:\/\/librosdelzorrorojo.com\/ca\/wp-json\/wp\/v2\/media\/29735"}],"wp:attachment":[{"href":"https:\/\/librosdelzorrorojo.com\/ca\/wp-json\/wp\/v2\/media?parent=29739"}],"wp:term":[{"taxonomy":"product_brand","embeddable":true,"href":"https:\/\/librosdelzorrorojo.com\/ca\/wp-json\/wp\/v2\/product_brand?post=29739"},{"taxonomy":"product_cat","embeddable":true,"href":"https:\/\/librosdelzorrorojo.com\/ca\/wp-json\/wp\/v2\/product_cat?post=29739"},{"taxonomy":"product_tag","embeddable":true,"href":"https:\/\/librosdelzorrorojo.com\/ca\/wp-json\/wp\/v2\/product_tag?post=29739"}],"curies":[{"name":"wp","href":"https:\/\/api.w.org\/{rel}","templated":true}]}}