{"id":29737,"date":"2025-04-03T10:45:05","date_gmt":"2025-04-03T08:45:05","guid":{"rendered":"https:\/\/librosdelzorrorojo.com\/catalogo\/cuaderno-de-chinches-pulgas-y-piojos-para-colorear-a-tu-antojo\/"},"modified":"2025-05-26T11:53:27","modified_gmt":"2025-05-26T09:53:27","slug":"cuaderno-de-chinches-pulgas-y-piojos-para-colorear-a-tu-antojo","status":"publish","type":"product","link":"https:\/\/librosdelzorrorojo.com\/ca\/cataleg\/cuaderno-de-chinches-pulgas-y-piojos-para-colorear-a-tu-antojo\/","title":{"rendered":"Cuaderno de chinches, pulgas  y piojos para colorear a tu antojo"},"content":{"rendered":"<p><em>Cuaderno de chinches, pulgas y piojos para colorear a tu antojo<\/em> (feliz escisi\u00f3n del <em>Libro de Maravillas<\/em>, Libros del Zorro Rojo, 2023) es un proyecto interactivo que pondr\u00e1 a prueba el pulso y la paciencia de nuestros peque\u00f1os a la hora de colorear el millar de diminutos seres que surcan sus p\u00e1ginas y que tan populares son entre las familias y las escuelas. Se trata principalmente de los piojos, pero tambi\u00e9n de las pulgas de nuestras mascotas peludas.<\/p>\n<p>Las chinches, de dif\u00edcil localizaci\u00f3n, ya son otro cantar, pero figuran en el cuaderno porque, cuanto mayor es la pandilla, mayor es la alegr\u00eda.<\/p>\n<p>Cada piojo y cada pulga dibujados en este cuaderno son verdaderos, fueron capturados durante a\u00f1os de intensa vigilancia en la cabeza de los hijos del autor y en el lomo de su perro. Una vez clasificados, Ginard solo a\u00f1adi\u00f3, por diversi\u00f3n, alguna nariz por all\u00ed y otra pata de m\u00e1s por all\u00e1; algunos ojos que imaginaba azules. A ciertos bichos los dibuj\u00f3 de perfil, de frente, de espaldas o enamorados. Unos pocos est\u00e1n retratados de memoria, dos o tres son el reflejo en miniatura de los mejores amigos del artista, y tambi\u00e9n hay un autorretrato con sombrero de paja.<\/p>\n<p>En cuanto a las chinches, esas s\u00ed que son todas inventadas.<\/p>\n<p><img decoding=\"async\" src=\"https:\/\/librosdelzorrorojo.com\/wp-content\/uploads\/2024\/10\/ICEC.jpg\" alt=\"\" width=\"359\" height=\"75\" class=\"alignnone wp-image-29095\" \/><\/p>\n","protected":false},"excerpt":{"rendered":"Cuaderno de chinches, pulgas y piojos para colorear a tu antojo (feliz escisi\u00f3n del Libro de Maravillas, Libros del Zorro Rojo, 2023) es un proyecto interactivo que pondr\u00e1 a prueba el pulso y la paciencia de nuestros peque\u00f1os a la hora de colorear el millar de diminutos seres que surcan sus p\u00e1ginas y que tan [&hellip;]","protected":false},"featured_media":29732,"template":"","meta":{"_acf_changed":false},"product_brand":[],"product_cat":[844,843,846],"product_tag":[],"class_list":{"0":"post-29737","1":"product","2":"type-product","3":"status-publish","4":"has-post-thumbnail","6":"product_cat-castella","7":"product_cat-infantiles-ca","8":"product_cat-novedades-ca","9":"vinculo-cuaderno-de-chinches","11":"first","12":"instock","13":"taxable","14":"shipping-taxable","15":"purchasable","16":"product-type-simple"},"acf":[],"yoast_head":"<!-- This site is optimized with the Yoast SEO plugin v25.1 - https:\/\/yoast.com\/wordpress\/plugins\/seo\/ -->\n<title>Cuaderno de chinches, pulgas y piojos para colorear a tu antojo - Libros del Zorro Rojo<\/title>\n<meta name=\"robots\" content=\"index, follow, max-snippet:-1, max-image-preview:large, max-video-preview:-1\" \/>\n<link rel=\"canonical\" href=\"https:\/\/librosdelzorrorojo.com\/ca\/cataleg\/cuaderno-de-chinches-pulgas-y-piojos-para-colorear-a-tu-antojo\/\" \/>\n<meta property=\"og:locale\" content=\"ca_ES\" \/>\n<meta property=\"og:type\" content=\"article\" \/>\n<meta property=\"og:title\" content=\"Cuaderno de chinches, pulgas y piojos para colorear a tu antojo - Libros del Zorro Rojo\" \/>\n<meta property=\"og:description\" content=\"Cuaderno de chinches, pulgas y piojos para colorear a tu antojo (feliz escisi\u00f3n del Libro de Maravillas, Libros del Zorro Rojo, 2023) es un proyecto interactivo que pondr\u00e1 a prueba el pulso y la paciencia de nuestros peque\u00f1os a la hora de colorear el millar de diminutos seres que surcan sus p\u00e1ginas y que tan [&hellip;]\" \/>\n<meta property=\"og:url\" content=\"https:\/\/librosdelzorrorojo.com\/ca\/cataleg\/cuaderno-de-chinches-pulgas-y-piojos-para-colorear-a-tu-antojo\/\" \/>\n<meta property=\"og:site_name\" content=\"Libros del Zorro Rojo\" \/>\n<meta property=\"article:modified_time\" content=\"2025-05-26T09:53:27+00:00\" \/>\n<meta property=\"og:image\" content=\"https:\/\/librosdelzorrorojo.com\/wp-content\/uploads\/2025\/04\/Cover-CAST--scaled.jpg\" \/>\n\t<meta property=\"og:image:width\" content=\"2523\" \/>\n\t<meta property=\"og:image:height\" content=\"2560\" \/>\n\t<meta property=\"og:image:type\" content=\"image\/jpeg\" \/>\n<meta name=\"twitter:card\" content=\"summary_large_image\" \/>\n<meta name=\"twitter:label1\" content=\"Temps estimat de lectura\" \/>\n\t<meta name=\"twitter:data1\" content=\"2 minuts\" \/>\n<script type=\"application\/ld+json\" class=\"yoast-schema-graph\">{\"@context\":\"https:\/\/schema.org\",\"@graph\":[{\"@type\":\"WebPage\",\"@id\":\"https:\/\/librosdelzorrorojo.com\/ca\/cataleg\/cuaderno-de-chinches-pulgas-y-piojos-para-colorear-a-tu-antojo\/\",\"url\":\"https:\/\/librosdelzorrorojo.com\/ca\/cataleg\/cuaderno-de-chinches-pulgas-y-piojos-para-colorear-a-tu-antojo\/\",\"name\":\"Cuaderno de chinches, pulgas y piojos para colorear a tu antojo - Libros del Zorro Rojo\",\"isPartOf\":{\"@id\":\"https:\/\/librosdelzorrorojo.com\/#website\"},\"primaryImageOfPage\":{\"@id\":\"https:\/\/librosdelzorrorojo.com\/ca\/cataleg\/cuaderno-de-chinches-pulgas-y-piojos-para-colorear-a-tu-antojo\/#primaryimage\"},\"image\":{\"@id\":\"https:\/\/librosdelzorrorojo.com\/ca\/cataleg\/cuaderno-de-chinches-pulgas-y-piojos-para-colorear-a-tu-antojo\/#primaryimage\"},\"thumbnailUrl\":\"https:\/\/librosdelzorrorojo.com\/wp-content\/uploads\/2025\/04\/Cover-CAST--scaled.jpg\",\"datePublished\":\"2025-04-03T08:45:05+00:00\",\"dateModified\":\"2025-05-26T09:53:27+00:00\",\"breadcrumb\":{\"@id\":\"https:\/\/librosdelzorrorojo.com\/ca\/cataleg\/cuaderno-de-chinches-pulgas-y-piojos-para-colorear-a-tu-antojo\/#breadcrumb\"},\"inLanguage\":\"ca\",\"potentialAction\":[{\"@type\":\"ReadAction\",\"target\":[\"https:\/\/librosdelzorrorojo.com\/ca\/cataleg\/cuaderno-de-chinches-pulgas-y-piojos-para-colorear-a-tu-antojo\/\"]}]},{\"@type\":\"ImageObject\",\"inLanguage\":\"ca\",\"@id\":\"https:\/\/librosdelzorrorojo.com\/ca\/cataleg\/cuaderno-de-chinches-pulgas-y-piojos-para-colorear-a-tu-antojo\/#primaryimage\",\"url\":\"https:\/\/librosdelzorrorojo.com\/wp-content\/uploads\/2025\/04\/Cover-CAST--scaled.jpg\",\"contentUrl\":\"https:\/\/librosdelzorrorojo.com\/wp-content\/uploads\/2025\/04\/Cover-CAST--scaled.jpg\",\"width\":2523,\"height\":2560,\"caption\":\"Cover CAST scaled\"},{\"@type\":\"BreadcrumbList\",\"@id\":\"https:\/\/librosdelzorrorojo.com\/ca\/cataleg\/cuaderno-de-chinches-pulgas-y-piojos-para-colorear-a-tu-antojo\/#breadcrumb\",\"itemListElement\":[{\"@type\":\"ListItem\",\"position\":1,\"name\":\"Portada\",\"item\":\"https:\/\/librosdelzorrorojo.com\/ca\/\"},{\"@type\":\"ListItem\",\"position\":2,\"name\":\"Cat\u00e0leg\",\"item\":\"https:\/\/librosdelzorrorojo.com\/ca\/cataleg\/\"},{\"@type\":\"ListItem\",\"position\":3,\"name\":\"Cuaderno de chinches, pulgas y piojos para colorear a tu antojo\"}]},{\"@type\":\"WebSite\",\"@id\":\"https:\/\/librosdelzorrorojo.com\/#website\",\"url\":\"https:\/\/librosdelzorrorojo.com\/\",\"name\":\"Libros del Zorro Rojo\",\"description\":\"Libros ilustrados\",\"potentialAction\":[{\"@type\":\"SearchAction\",\"target\":{\"@type\":\"EntryPoint\",\"urlTemplate\":\"https:\/\/librosdelzorrorojo.com\/?s={search_term_string}\"},\"query-input\":{\"@type\":\"PropertyValueSpecification\",\"valueRequired\":true,\"valueName\":\"search_term_string\"}}],\"inLanguage\":\"ca\"}]}<\/script>\n<!-- \/ Yoast SEO plugin. -->","yoast_head_json":{"title":"Cuaderno de chinches, pulgas y piojos para colorear a tu antojo - Libros del Zorro Rojo","robots":{"index":"index","follow":"follow","max-snippet":"max-snippet:-1","max-image-preview":"max-image-preview:large","max-video-preview":"max-video-preview:-1"},"canonical":"https:\/\/librosdelzorrorojo.com\/ca\/cataleg\/cuaderno-de-chinches-pulgas-y-piojos-para-colorear-a-tu-antojo\/","og_locale":"ca_ES","og_type":"article","og_title":"Cuaderno de chinches, pulgas y piojos para colorear a tu antojo - Libros del Zorro Rojo","og_description":"Cuaderno de chinches, pulgas y piojos para colorear a tu antojo (feliz escisi\u00f3n del Libro de Maravillas, Libros del Zorro Rojo, 2023) es un proyecto interactivo que pondr\u00e1 a prueba el pulso y la paciencia de nuestros peque\u00f1os a la hora de colorear el millar de diminutos seres que surcan sus p\u00e1ginas y que tan [&hellip;]","og_url":"https:\/\/librosdelzorrorojo.com\/ca\/cataleg\/cuaderno-de-chinches-pulgas-y-piojos-para-colorear-a-tu-antojo\/","og_site_name":"Libros del Zorro Rojo","article_modified_time":"2025-05-26T09:53:27+00:00","og_image":[{"width":2523,"height":2560,"url":"https:\/\/librosdelzorrorojo.com\/wp-content\/uploads\/2025\/04\/Cover-CAST--scaled.jpg","type":"image\/jpeg"}],"twitter_card":"summary_large_image","twitter_misc":{"Temps estimat de lectura":"2 minuts"},"schema":{"@context":"https:\/\/schema.org","@graph":[{"@type":"WebPage","@id":"https:\/\/librosdelzorrorojo.com\/ca\/cataleg\/cuaderno-de-chinches-pulgas-y-piojos-para-colorear-a-tu-antojo\/","url":"https:\/\/librosdelzorrorojo.com\/ca\/cataleg\/cuaderno-de-chinches-pulgas-y-piojos-para-colorear-a-tu-antojo\/","name":"Cuaderno de chinches, pulgas y piojos para colorear a tu antojo - Libros del Zorro Rojo","isPartOf":{"@id":"https:\/\/librosdelzorrorojo.com\/#website"},"primaryImageOfPage":{"@id":"https:\/\/librosdelzorrorojo.com\/ca\/cataleg\/cuaderno-de-chinches-pulgas-y-piojos-para-colorear-a-tu-antojo\/#primaryimage"},"image":{"@id":"https:\/\/librosdelzorrorojo.com\/ca\/cataleg\/cuaderno-de-chinches-pulgas-y-piojos-para-colorear-a-tu-antojo\/#primaryimage"},"thumbnailUrl":"https:\/\/librosdelzorrorojo.com\/wp-content\/uploads\/2025\/04\/Cover-CAST--scaled.jpg","datePublished":"2025-04-03T08:45:05+00:00","dateModified":"2025-05-26T09:53:27+00:00","breadcrumb":{"@id":"https:\/\/librosdelzorrorojo.com\/ca\/cataleg\/cuaderno-de-chinches-pulgas-y-piojos-para-colorear-a-tu-antojo\/#breadcrumb"},"inLanguage":"ca","potentialAction":[{"@type":"ReadAction","target":["https:\/\/librosdelzorrorojo.com\/ca\/cataleg\/cuaderno-de-chinches-pulgas-y-piojos-para-colorear-a-tu-antojo\/"]}]},{"@type":"ImageObject","inLanguage":"ca","@id":"https:\/\/librosdelzorrorojo.com\/ca\/cataleg\/cuaderno-de-chinches-pulgas-y-piojos-para-colorear-a-tu-antojo\/#primaryimage","url":"https:\/\/librosdelzorrorojo.com\/wp-content\/uploads\/2025\/04\/Cover-CAST--scaled.jpg","contentUrl":"https:\/\/librosdelzorrorojo.com\/wp-content\/uploads\/2025\/04\/Cover-CAST--scaled.jpg","width":2523,"height":2560,"caption":"Cover CAST scaled"},{"@type":"BreadcrumbList","@id":"https:\/\/librosdelzorrorojo.com\/ca\/cataleg\/cuaderno-de-chinches-pulgas-y-piojos-para-colorear-a-tu-antojo\/#breadcrumb","itemListElement":[{"@type":"ListItem","position":1,"name":"Portada","item":"https:\/\/librosdelzorrorojo.com\/ca\/"},{"@type":"ListItem","position":2,"name":"Cat\u00e0leg","item":"https:\/\/librosdelzorrorojo.com\/ca\/cataleg\/"},{"@type":"ListItem","position":3,"name":"Cuaderno de chinches, pulgas y piojos para colorear a tu antojo"}]},{"@type":"WebSite","@id":"https:\/\/librosdelzorrorojo.com\/#website","url":"https:\/\/librosdelzorrorojo.com\/","name":"Libros del Zorro Rojo","description":"Libros ilustrados","potentialAction":[{"@type":"SearchAction","target":{"@type":"EntryPoint","urlTemplate":"https:\/\/librosdelzorrorojo.com\/?s={search_term_string}"},"query-input":{"@type":"PropertyValueSpecification","valueRequired":true,"valueName":"search_term_string"}}],"inLanguage":"ca"}]}},"_links":{"self":[{"href":"https:\/\/librosdelzorrorojo.com\/ca\/wp-json\/wp\/v2\/product\/29737","targetHints":{"allow":["GET"]}}],"collection":[{"href":"https:\/\/librosdelzorrorojo.com\/ca\/wp-json\/wp\/v2\/product"}],"about":[{"href":"https:\/\/librosdelzorrorojo.com\/ca\/wp-json\/wp\/v2\/types\/product"}],"wp:featuredmedia":[{"embeddable":true,"href":"https:\/\/librosdelzorrorojo.com\/ca\/wp-json\/wp\/v2\/media\/29732"}],"wp:attachment":[{"href":"https:\/\/librosdelzorrorojo.com\/ca\/wp-json\/wp\/v2\/media?parent=29737"}],"wp:term":[{"taxonomy":"product_brand","embeddable":true,"href":"https:\/\/librosdelzorrorojo.com\/ca\/wp-json\/wp\/v2\/product_brand?post=29737"},{"taxonomy":"product_cat","embeddable":true,"href":"https:\/\/librosdelzorrorojo.com\/ca\/wp-json\/wp\/v2\/product_cat?post=29737"},{"taxonomy":"product_tag","embeddable":true,"href":"https:\/\/librosdelzorrorojo.com\/ca\/wp-json\/wp\/v2\/product_tag?post=29737"}],"curies":[{"name":"wp","href":"https:\/\/api.w.org\/{rel}","templated":true}]}}