{"id":29480,"date":"2025-02-11T15:04:34","date_gmt":"2025-02-11T14:04:34","guid":{"rendered":"https:\/\/librosdelzorrorojo.com\/catalogo\/hongos\/"},"modified":"2026-01-22T16:55:45","modified_gmt":"2026-01-22T15:55:45","slug":"hongos","status":"publish","type":"product","link":"https:\/\/librosdelzorrorojo.com\/ca\/cataleg\/hongos\/","title":{"rendered":"Hongos"},"content":{"rendered":"<p>Est\u00e1n en todas partes: en los bosques y en el pan, en los recetarios de cocina de oto\u00f1o y en el aire que respiramos, en la corteza de un lim\u00f3n que se pudre, en los cuentos folkl\u00f3ricos y en el queso, en las aceras, en el excremento de los herb\u00edvoros y en el fondo del mar. Tambi\u00e9n en la copa de vino, la jarra de cerveza y los antibi\u00f3ticos. Son los hongos, organismos multiformes a los que no se concedi\u00f3 un reino propio hasta 1959, pese a que llevaban millones de a\u00f1os en el planeta. Desde entonces los fungi, denominaci\u00f3n cient\u00edfica, comparten corona con el reino animal, el mineral y el vegetal. Y <em>Hongos<\/em> es una introducci\u00f3n descacharrante a ese mundo diverso, planteada de modo original, no como un libro divulgativo al uso, sino en forma de revista o bolet\u00edn de noticias redactado y editado por los propios hongos. Son ellos quienes explican, en tono humor\u00edstico, su larga historia y la multiplicidad de sus formas, tama\u00f1os y caracter\u00edsticas, c\u00f3mo se relacionan con otros seres, qu\u00e9 papel desempe\u00f1an en el gran sistema ecol\u00f3gico y c\u00f3mo han influido en la historia de la humanidad. El bolet\u00edn, ilustrado y dise\u00f1ado de manera espectacular, est\u00e1 salpicado de relatos protagonizados por hongos, as\u00ed como poemas, leyendas, mitos y alguna que otra propuesta de experimento casero, adem\u00e1s de una serie de instrucciones para buscadores de setas. Todo ello acompa\u00f1ado por un riguroso glosario de t\u00e9rminos t\u00e9cnicos y cient\u00edficos<\/p>\n<p><img decoding=\"async\" src=\"https:\/\/librosdelzorrorojo.com\/wp-content\/uploads\/2024\/10\/ICEC.jpg\" \/><\/p>\n","protected":false},"excerpt":{"rendered":"Est\u00e1n en todas partes: en los bosques y en el pan, en los recetarios de cocina de oto\u00f1o y en el aire que respiramos, en la corteza de un lim\u00f3n que se pudre, en los cuentos folkl\u00f3ricos y en el queso, en las aceras, en el excremento de los herb\u00edvoros y en el fondo del [&hellip;]","protected":false},"featured_media":29447,"template":"","meta":{"_acf_changed":false},"product_brand":[],"product_cat":[844,843,839,846],"product_tag":[],"class_list":{"0":"post-29480","1":"product","2":"type-product","3":"status-publish","4":"has-post-thumbnail","6":"product_cat-castella","7":"product_cat-infantiles-ca","8":"product_cat-zona-kids-ca","9":"product_cat-novedades-ca","11":"first","12":"instock","13":"taxable","14":"shipping-taxable","15":"purchasable","16":"product-type-simple"},"acf":[],"yoast_head":"<!-- This site is optimized with the Yoast SEO plugin v25.1 - https:\/\/yoast.com\/wordpress\/plugins\/seo\/ -->\n<title>Hongos - Libros del Zorro Rojo<\/title>\n<meta name=\"robots\" content=\"index, follow, max-snippet:-1, max-image-preview:large, max-video-preview:-1\" \/>\n<link rel=\"canonical\" href=\"https:\/\/librosdelzorrorojo.com\/ca\/cataleg\/hongos\/\" \/>\n<meta property=\"og:locale\" content=\"ca_ES\" \/>\n<meta property=\"og:type\" content=\"article\" \/>\n<meta property=\"og:title\" content=\"Hongos - Libros del Zorro Rojo\" \/>\n<meta property=\"og:description\" content=\"Est\u00e1n en todas partes: en los bosques y en el pan, en los recetarios de cocina de oto\u00f1o y en el aire que respiramos, en la corteza de un lim\u00f3n que se pudre, en los cuentos folkl\u00f3ricos y en el queso, en las aceras, en el excremento de los herb\u00edvoros y en el fondo del [&hellip;]\" \/>\n<meta property=\"og:url\" content=\"https:\/\/librosdelzorrorojo.com\/ca\/cataleg\/hongos\/\" \/>\n<meta property=\"og:site_name\" content=\"Libros del Zorro Rojo\" \/>\n<meta property=\"article:modified_time\" content=\"2026-01-22T15:55:45+00:00\" \/>\n<meta property=\"og:image\" content=\"https:\/\/librosdelzorrorojo.com\/wp-content\/uploads\/2025\/02\/mockup_hongos-768x1024.png\" \/>\n\t<meta property=\"og:image:width\" content=\"768\" \/>\n\t<meta property=\"og:image:height\" content=\"1024\" \/>\n\t<meta property=\"og:image:type\" content=\"image\/png\" \/>\n<meta name=\"twitter:card\" content=\"summary_large_image\" \/>\n<meta name=\"twitter:label1\" content=\"Temps estimat de lectura\" \/>\n\t<meta name=\"twitter:data1\" content=\"1 minut\" \/>\n<script type=\"application\/ld+json\" class=\"yoast-schema-graph\">{\"@context\":\"https:\/\/schema.org\",\"@graph\":[{\"@type\":\"WebPage\",\"@id\":\"https:\/\/librosdelzorrorojo.com\/ca\/cataleg\/hongos\/\",\"url\":\"https:\/\/librosdelzorrorojo.com\/ca\/cataleg\/hongos\/\",\"name\":\"Hongos - Libros del Zorro Rojo\",\"isPartOf\":{\"@id\":\"https:\/\/librosdelzorrorojo.com\/#website\"},\"primaryImageOfPage\":{\"@id\":\"https:\/\/librosdelzorrorojo.com\/ca\/cataleg\/hongos\/#primaryimage\"},\"image\":{\"@id\":\"https:\/\/librosdelzorrorojo.com\/ca\/cataleg\/hongos\/#primaryimage\"},\"thumbnailUrl\":\"https:\/\/librosdelzorrorojo.com\/wp-content\/uploads\/2025\/02\/mockup_hongos.png\",\"datePublished\":\"2025-02-11T14:04:34+00:00\",\"dateModified\":\"2026-01-22T15:55:45+00:00\",\"breadcrumb\":{\"@id\":\"https:\/\/librosdelzorrorojo.com\/ca\/cataleg\/hongos\/#breadcrumb\"},\"inLanguage\":\"ca\",\"potentialAction\":[{\"@type\":\"ReadAction\",\"target\":[\"https:\/\/librosdelzorrorojo.com\/ca\/cataleg\/hongos\/\"]}]},{\"@type\":\"ImageObject\",\"inLanguage\":\"ca\",\"@id\":\"https:\/\/librosdelzorrorojo.com\/ca\/cataleg\/hongos\/#primaryimage\",\"url\":\"https:\/\/librosdelzorrorojo.com\/wp-content\/uploads\/2025\/02\/mockup_hongos.png\",\"contentUrl\":\"https:\/\/librosdelzorrorojo.com\/wp-content\/uploads\/2025\/02\/mockup_hongos.png\",\"width\":1236,\"height\":1649,\"caption\":\"mockup hongos\"},{\"@type\":\"BreadcrumbList\",\"@id\":\"https:\/\/librosdelzorrorojo.com\/ca\/cataleg\/hongos\/#breadcrumb\",\"itemListElement\":[{\"@type\":\"ListItem\",\"position\":1,\"name\":\"Portada\",\"item\":\"https:\/\/librosdelzorrorojo.com\/ca\/\"},{\"@type\":\"ListItem\",\"position\":2,\"name\":\"Cat\u00e0leg\",\"item\":\"https:\/\/librosdelzorrorojo.com\/ca\/cataleg\/\"},{\"@type\":\"ListItem\",\"position\":3,\"name\":\"Hongos\"}]},{\"@type\":\"WebSite\",\"@id\":\"https:\/\/librosdelzorrorojo.com\/#website\",\"url\":\"https:\/\/librosdelzorrorojo.com\/\",\"name\":\"Libros del Zorro Rojo\",\"description\":\"Libros ilustrados\",\"potentialAction\":[{\"@type\":\"SearchAction\",\"target\":{\"@type\":\"EntryPoint\",\"urlTemplate\":\"https:\/\/librosdelzorrorojo.com\/?s={search_term_string}\"},\"query-input\":{\"@type\":\"PropertyValueSpecification\",\"valueRequired\":true,\"valueName\":\"search_term_string\"}}],\"inLanguage\":\"ca\"}]}<\/script>\n<!-- \/ Yoast SEO plugin. -->","yoast_head_json":{"title":"Hongos - Libros del Zorro Rojo","robots":{"index":"index","follow":"follow","max-snippet":"max-snippet:-1","max-image-preview":"max-image-preview:large","max-video-preview":"max-video-preview:-1"},"canonical":"https:\/\/librosdelzorrorojo.com\/ca\/cataleg\/hongos\/","og_locale":"ca_ES","og_type":"article","og_title":"Hongos - Libros del Zorro Rojo","og_description":"Est\u00e1n en todas partes: en los bosques y en el pan, en los recetarios de cocina de oto\u00f1o y en el aire que respiramos, en la corteza de un lim\u00f3n que se pudre, en los cuentos folkl\u00f3ricos y en el queso, en las aceras, en el excremento de los herb\u00edvoros y en el fondo del [&hellip;]","og_url":"https:\/\/librosdelzorrorojo.com\/ca\/cataleg\/hongos\/","og_site_name":"Libros del Zorro Rojo","article_modified_time":"2026-01-22T15:55:45+00:00","og_image":[{"width":768,"height":1024,"url":"https:\/\/librosdelzorrorojo.com\/wp-content\/uploads\/2025\/02\/mockup_hongos-768x1024.png","type":"image\/png"}],"twitter_card":"summary_large_image","twitter_misc":{"Temps estimat de lectura":"1 minut"},"schema":{"@context":"https:\/\/schema.org","@graph":[{"@type":"WebPage","@id":"https:\/\/librosdelzorrorojo.com\/ca\/cataleg\/hongos\/","url":"https:\/\/librosdelzorrorojo.com\/ca\/cataleg\/hongos\/","name":"Hongos - Libros del Zorro Rojo","isPartOf":{"@id":"https:\/\/librosdelzorrorojo.com\/#website"},"primaryImageOfPage":{"@id":"https:\/\/librosdelzorrorojo.com\/ca\/cataleg\/hongos\/#primaryimage"},"image":{"@id":"https:\/\/librosdelzorrorojo.com\/ca\/cataleg\/hongos\/#primaryimage"},"thumbnailUrl":"https:\/\/librosdelzorrorojo.com\/wp-content\/uploads\/2025\/02\/mockup_hongos.png","datePublished":"2025-02-11T14:04:34+00:00","dateModified":"2026-01-22T15:55:45+00:00","breadcrumb":{"@id":"https:\/\/librosdelzorrorojo.com\/ca\/cataleg\/hongos\/#breadcrumb"},"inLanguage":"ca","potentialAction":[{"@type":"ReadAction","target":["https:\/\/librosdelzorrorojo.com\/ca\/cataleg\/hongos\/"]}]},{"@type":"ImageObject","inLanguage":"ca","@id":"https:\/\/librosdelzorrorojo.com\/ca\/cataleg\/hongos\/#primaryimage","url":"https:\/\/librosdelzorrorojo.com\/wp-content\/uploads\/2025\/02\/mockup_hongos.png","contentUrl":"https:\/\/librosdelzorrorojo.com\/wp-content\/uploads\/2025\/02\/mockup_hongos.png","width":1236,"height":1649,"caption":"mockup hongos"},{"@type":"BreadcrumbList","@id":"https:\/\/librosdelzorrorojo.com\/ca\/cataleg\/hongos\/#breadcrumb","itemListElement":[{"@type":"ListItem","position":1,"name":"Portada","item":"https:\/\/librosdelzorrorojo.com\/ca\/"},{"@type":"ListItem","position":2,"name":"Cat\u00e0leg","item":"https:\/\/librosdelzorrorojo.com\/ca\/cataleg\/"},{"@type":"ListItem","position":3,"name":"Hongos"}]},{"@type":"WebSite","@id":"https:\/\/librosdelzorrorojo.com\/#website","url":"https:\/\/librosdelzorrorojo.com\/","name":"Libros del Zorro Rojo","description":"Libros ilustrados","potentialAction":[{"@type":"SearchAction","target":{"@type":"EntryPoint","urlTemplate":"https:\/\/librosdelzorrorojo.com\/?s={search_term_string}"},"query-input":{"@type":"PropertyValueSpecification","valueRequired":true,"valueName":"search_term_string"}}],"inLanguage":"ca"}]}},"_links":{"self":[{"href":"https:\/\/librosdelzorrorojo.com\/ca\/wp-json\/wp\/v2\/product\/29480","targetHints":{"allow":["GET"]}}],"collection":[{"href":"https:\/\/librosdelzorrorojo.com\/ca\/wp-json\/wp\/v2\/product"}],"about":[{"href":"https:\/\/librosdelzorrorojo.com\/ca\/wp-json\/wp\/v2\/types\/product"}],"wp:featuredmedia":[{"embeddable":true,"href":"https:\/\/librosdelzorrorojo.com\/ca\/wp-json\/wp\/v2\/media\/29447"}],"wp:attachment":[{"href":"https:\/\/librosdelzorrorojo.com\/ca\/wp-json\/wp\/v2\/media?parent=29480"}],"wp:term":[{"taxonomy":"product_brand","embeddable":true,"href":"https:\/\/librosdelzorrorojo.com\/ca\/wp-json\/wp\/v2\/product_brand?post=29480"},{"taxonomy":"product_cat","embeddable":true,"href":"https:\/\/librosdelzorrorojo.com\/ca\/wp-json\/wp\/v2\/product_cat?post=29480"},{"taxonomy":"product_tag","embeddable":true,"href":"https:\/\/librosdelzorrorojo.com\/ca\/wp-json\/wp\/v2\/product_tag?post=29480"}],"curies":[{"name":"wp","href":"https:\/\/api.w.org\/{rel}","templated":true}]}}