{"id":29477,"date":"2025-02-11T15:03:09","date_gmt":"2025-02-11T14:03:09","guid":{"rendered":"https:\/\/librosdelzorrorojo.com\/catalogo\/museo-de-la-hechiceria\/"},"modified":"2025-04-03T12:54:04","modified_gmt":"2025-04-03T10:54:04","slug":"museo-de-la-hechiceria","status":"publish","type":"product","link":"https:\/\/librosdelzorrorojo.com\/ca\/cataleg\/museo-de-la-hechiceria\/","title":{"rendered":"Museo de la hechicer\u00eda"},"content":{"rendered":"<p>La historia de la brujer\u00eda puede explicarse a trav\u00e9s de la selecci\u00f3n de un centenar de elementos y seres estrechamente vinculados con esa pr\u00e1ctica milenaria: calderos, velas, \u00e1rboles, cartas y animales que conforman una colecci\u00f3n singular, como si de un museo o un cuarto de las maravillas se tratase. La historiadora Diane Purkiss acompa\u00f1a esta serie de artefactos y s\u00edmbolos de hechicer\u00eda de una explicaci\u00f3n detallada sobre el origen, el significado y el empleo de cada elemento en la dimensi\u00f3n de lo oculto. Cada entrada, una por cap\u00edtulo, ofrece adem\u00e1s una ilustraci\u00f3n del artista Ben Jones. El recorrido por este museo en formato de libro propicia la reflexi\u00f3n sobre el poder m\u00e1gico de la cocina del mismo modo que elabora una historia de los amuletos e informa sobre otras tantas cuestiones. He aqu\u00ed un ameno ensayo ilustrado sobre la sabidur\u00eda de esas mujeres a las que llamamos brujas y sobre un poder, el femenino, reprimido a lo largo de la historia, entre otros motivos, por asociarse a lo que no que siempre es visible o cient\u00edficamente defensible o demostrable seg\u00fan la ciencia (o el dogma) de cada \u00e9poca.<\/p>\n<p><img decoding=\"async\" src=\"https:\/\/librosdelzorrorojo.com\/wp-content\/uploads\/2024\/10\/ICEC.jpg\" alt=\"\" width=\"359\" height=\"75\" class=\"alignnone wp-image-29095\" \/><\/p>\n","protected":false},"excerpt":{"rendered":"La historia de la brujer\u00eda puede explicarse a trav\u00e9s de la selecci\u00f3n de un centenar de elementos y seres estrechamente vinculados con esa pr\u00e1ctica milenaria: calderos, velas, \u00e1rboles, cartas y animales que conforman una colecci\u00f3n singular, como si de un museo o un cuarto de las maravillas se tratase. La historiadora Diane Purkiss acompa\u00f1a esta [&hellip;]","protected":false},"featured_media":29443,"template":"","meta":{"_acf_changed":false},"product_brand":[],"product_cat":[844,3156,846],"product_tag":[],"class_list":{"0":"post-29477","1":"product","2":"type-product","3":"status-publish","4":"has-post-thumbnail","6":"product_cat-castella","7":"product_cat-juvenil-adult","8":"product_cat-novedades-ca","10":"first","11":"instock","12":"taxable","13":"shipping-taxable","14":"purchasable","15":"product-type-simple"},"acf":[],"yoast_head":"<!-- This site is optimized with the Yoast SEO plugin v25.1 - https:\/\/yoast.com\/wordpress\/plugins\/seo\/ -->\n<title>Museo de la hechicer\u00eda - Libros del Zorro Rojo<\/title>\n<meta name=\"robots\" content=\"index, follow, max-snippet:-1, max-image-preview:large, max-video-preview:-1\" \/>\n<link rel=\"canonical\" href=\"https:\/\/librosdelzorrorojo.com\/ca\/cataleg\/museo-de-la-hechiceria\/\" \/>\n<meta property=\"og:locale\" content=\"ca_ES\" \/>\n<meta property=\"og:type\" content=\"article\" \/>\n<meta property=\"og:title\" content=\"Museo de la hechicer\u00eda - Libros del Zorro Rojo\" \/>\n<meta property=\"og:description\" content=\"La historia de la brujer\u00eda puede explicarse a trav\u00e9s de la selecci\u00f3n de un centenar de elementos y seres estrechamente vinculados con esa pr\u00e1ctica milenaria: calderos, velas, \u00e1rboles, cartas y animales que conforman una colecci\u00f3n singular, como si de un museo o un cuarto de las maravillas se tratase. La historiadora Diane Purkiss acompa\u00f1a esta [&hellip;]\" \/>\n<meta property=\"og:url\" content=\"https:\/\/librosdelzorrorojo.com\/ca\/cataleg\/museo-de-la-hechiceria\/\" \/>\n<meta property=\"og:site_name\" content=\"Libros del Zorro Rojo\" \/>\n<meta property=\"article:modified_time\" content=\"2025-04-03T10:54:04+00:00\" \/>\n<meta property=\"og:image\" content=\"https:\/\/librosdelzorrorojo.com\/wp-content\/uploads\/2025\/02\/cubierta-scaled.jpg\" \/>\n\t<meta property=\"og:image:width\" content=\"1774\" \/>\n\t<meta property=\"og:image:height\" content=\"2560\" \/>\n\t<meta property=\"og:image:type\" content=\"image\/jpeg\" \/>\n<meta name=\"twitter:card\" content=\"summary_large_image\" \/>\n<meta name=\"twitter:label1\" content=\"Temps estimat de lectura\" \/>\n\t<meta name=\"twitter:data1\" content=\"2 minuts\" \/>\n<script type=\"application\/ld+json\" class=\"yoast-schema-graph\">{\"@context\":\"https:\/\/schema.org\",\"@graph\":[{\"@type\":\"WebPage\",\"@id\":\"https:\/\/librosdelzorrorojo.com\/ca\/cataleg\/museo-de-la-hechiceria\/\",\"url\":\"https:\/\/librosdelzorrorojo.com\/ca\/cataleg\/museo-de-la-hechiceria\/\",\"name\":\"Museo de la hechicer\u00eda - Libros del Zorro Rojo\",\"isPartOf\":{\"@id\":\"https:\/\/librosdelzorrorojo.com\/#website\"},\"primaryImageOfPage\":{\"@id\":\"https:\/\/librosdelzorrorojo.com\/ca\/cataleg\/museo-de-la-hechiceria\/#primaryimage\"},\"image\":{\"@id\":\"https:\/\/librosdelzorrorojo.com\/ca\/cataleg\/museo-de-la-hechiceria\/#primaryimage\"},\"thumbnailUrl\":\"https:\/\/librosdelzorrorojo.com\/wp-content\/uploads\/2025\/02\/cubierta-scaled.jpg\",\"datePublished\":\"2025-02-11T14:03:09+00:00\",\"dateModified\":\"2025-04-03T10:54:04+00:00\",\"breadcrumb\":{\"@id\":\"https:\/\/librosdelzorrorojo.com\/ca\/cataleg\/museo-de-la-hechiceria\/#breadcrumb\"},\"inLanguage\":\"ca\",\"potentialAction\":[{\"@type\":\"ReadAction\",\"target\":[\"https:\/\/librosdelzorrorojo.com\/ca\/cataleg\/museo-de-la-hechiceria\/\"]}]},{\"@type\":\"ImageObject\",\"inLanguage\":\"ca\",\"@id\":\"https:\/\/librosdelzorrorojo.com\/ca\/cataleg\/museo-de-la-hechiceria\/#primaryimage\",\"url\":\"https:\/\/librosdelzorrorojo.com\/wp-content\/uploads\/2025\/02\/cubierta-scaled.jpg\",\"contentUrl\":\"https:\/\/librosdelzorrorojo.com\/wp-content\/uploads\/2025\/02\/cubierta-scaled.jpg\",\"width\":1774,\"height\":2560,\"caption\":\"cubierta scaled\"},{\"@type\":\"BreadcrumbList\",\"@id\":\"https:\/\/librosdelzorrorojo.com\/ca\/cataleg\/museo-de-la-hechiceria\/#breadcrumb\",\"itemListElement\":[{\"@type\":\"ListItem\",\"position\":1,\"name\":\"Portada\",\"item\":\"https:\/\/librosdelzorrorojo.com\/ca\/\"},{\"@type\":\"ListItem\",\"position\":2,\"name\":\"Cat\u00e0leg\",\"item\":\"https:\/\/librosdelzorrorojo.com\/ca\/cataleg\/\"},{\"@type\":\"ListItem\",\"position\":3,\"name\":\"Museo de la hechicer\u00eda\"}]},{\"@type\":\"WebSite\",\"@id\":\"https:\/\/librosdelzorrorojo.com\/#website\",\"url\":\"https:\/\/librosdelzorrorojo.com\/\",\"name\":\"Libros del Zorro Rojo\",\"description\":\"Libros ilustrados\",\"potentialAction\":[{\"@type\":\"SearchAction\",\"target\":{\"@type\":\"EntryPoint\",\"urlTemplate\":\"https:\/\/librosdelzorrorojo.com\/?s={search_term_string}\"},\"query-input\":{\"@type\":\"PropertyValueSpecification\",\"valueRequired\":true,\"valueName\":\"search_term_string\"}}],\"inLanguage\":\"ca\"}]}<\/script>\n<!-- \/ Yoast SEO plugin. -->","yoast_head_json":{"title":"Museo de la hechicer\u00eda - Libros del Zorro Rojo","robots":{"index":"index","follow":"follow","max-snippet":"max-snippet:-1","max-image-preview":"max-image-preview:large","max-video-preview":"max-video-preview:-1"},"canonical":"https:\/\/librosdelzorrorojo.com\/ca\/cataleg\/museo-de-la-hechiceria\/","og_locale":"ca_ES","og_type":"article","og_title":"Museo de la hechicer\u00eda - Libros del Zorro Rojo","og_description":"La historia de la brujer\u00eda puede explicarse a trav\u00e9s de la selecci\u00f3n de un centenar de elementos y seres estrechamente vinculados con esa pr\u00e1ctica milenaria: calderos, velas, \u00e1rboles, cartas y animales que conforman una colecci\u00f3n singular, como si de un museo o un cuarto de las maravillas se tratase. La historiadora Diane Purkiss acompa\u00f1a esta [&hellip;]","og_url":"https:\/\/librosdelzorrorojo.com\/ca\/cataleg\/museo-de-la-hechiceria\/","og_site_name":"Libros del Zorro Rojo","article_modified_time":"2025-04-03T10:54:04+00:00","og_image":[{"width":1774,"height":2560,"url":"https:\/\/librosdelzorrorojo.com\/wp-content\/uploads\/2025\/02\/cubierta-scaled.jpg","type":"image\/jpeg"}],"twitter_card":"summary_large_image","twitter_misc":{"Temps estimat de lectura":"2 minuts"},"schema":{"@context":"https:\/\/schema.org","@graph":[{"@type":"WebPage","@id":"https:\/\/librosdelzorrorojo.com\/ca\/cataleg\/museo-de-la-hechiceria\/","url":"https:\/\/librosdelzorrorojo.com\/ca\/cataleg\/museo-de-la-hechiceria\/","name":"Museo de la hechicer\u00eda - Libros del Zorro Rojo","isPartOf":{"@id":"https:\/\/librosdelzorrorojo.com\/#website"},"primaryImageOfPage":{"@id":"https:\/\/librosdelzorrorojo.com\/ca\/cataleg\/museo-de-la-hechiceria\/#primaryimage"},"image":{"@id":"https:\/\/librosdelzorrorojo.com\/ca\/cataleg\/museo-de-la-hechiceria\/#primaryimage"},"thumbnailUrl":"https:\/\/librosdelzorrorojo.com\/wp-content\/uploads\/2025\/02\/cubierta-scaled.jpg","datePublished":"2025-02-11T14:03:09+00:00","dateModified":"2025-04-03T10:54:04+00:00","breadcrumb":{"@id":"https:\/\/librosdelzorrorojo.com\/ca\/cataleg\/museo-de-la-hechiceria\/#breadcrumb"},"inLanguage":"ca","potentialAction":[{"@type":"ReadAction","target":["https:\/\/librosdelzorrorojo.com\/ca\/cataleg\/museo-de-la-hechiceria\/"]}]},{"@type":"ImageObject","inLanguage":"ca","@id":"https:\/\/librosdelzorrorojo.com\/ca\/cataleg\/museo-de-la-hechiceria\/#primaryimage","url":"https:\/\/librosdelzorrorojo.com\/wp-content\/uploads\/2025\/02\/cubierta-scaled.jpg","contentUrl":"https:\/\/librosdelzorrorojo.com\/wp-content\/uploads\/2025\/02\/cubierta-scaled.jpg","width":1774,"height":2560,"caption":"cubierta scaled"},{"@type":"BreadcrumbList","@id":"https:\/\/librosdelzorrorojo.com\/ca\/cataleg\/museo-de-la-hechiceria\/#breadcrumb","itemListElement":[{"@type":"ListItem","position":1,"name":"Portada","item":"https:\/\/librosdelzorrorojo.com\/ca\/"},{"@type":"ListItem","position":2,"name":"Cat\u00e0leg","item":"https:\/\/librosdelzorrorojo.com\/ca\/cataleg\/"},{"@type":"ListItem","position":3,"name":"Museo de la hechicer\u00eda"}]},{"@type":"WebSite","@id":"https:\/\/librosdelzorrorojo.com\/#website","url":"https:\/\/librosdelzorrorojo.com\/","name":"Libros del Zorro Rojo","description":"Libros ilustrados","potentialAction":[{"@type":"SearchAction","target":{"@type":"EntryPoint","urlTemplate":"https:\/\/librosdelzorrorojo.com\/?s={search_term_string}"},"query-input":{"@type":"PropertyValueSpecification","valueRequired":true,"valueName":"search_term_string"}}],"inLanguage":"ca"}]}},"_links":{"self":[{"href":"https:\/\/librosdelzorrorojo.com\/ca\/wp-json\/wp\/v2\/product\/29477","targetHints":{"allow":["GET"]}}],"collection":[{"href":"https:\/\/librosdelzorrorojo.com\/ca\/wp-json\/wp\/v2\/product"}],"about":[{"href":"https:\/\/librosdelzorrorojo.com\/ca\/wp-json\/wp\/v2\/types\/product"}],"wp:featuredmedia":[{"embeddable":true,"href":"https:\/\/librosdelzorrorojo.com\/ca\/wp-json\/wp\/v2\/media\/29443"}],"wp:attachment":[{"href":"https:\/\/librosdelzorrorojo.com\/ca\/wp-json\/wp\/v2\/media?parent=29477"}],"wp:term":[{"taxonomy":"product_brand","embeddable":true,"href":"https:\/\/librosdelzorrorojo.com\/ca\/wp-json\/wp\/v2\/product_brand?post=29477"},{"taxonomy":"product_cat","embeddable":true,"href":"https:\/\/librosdelzorrorojo.com\/ca\/wp-json\/wp\/v2\/product_cat?post=29477"},{"taxonomy":"product_tag","embeddable":true,"href":"https:\/\/librosdelzorrorojo.com\/ca\/wp-json\/wp\/v2\/product_tag?post=29477"}],"curies":[{"name":"wp","href":"https:\/\/api.w.org\/{rel}","templated":true}]}}