{"id":29475,"date":"2025-02-12T11:45:24","date_gmt":"2025-02-12T10:45:24","guid":{"rendered":"https:\/\/librosdelzorrorojo.com\/catalogo\/en-el-bosque-2\/"},"modified":"2026-05-08T17:00:25","modified_gmt":"2026-05-08T15:00:25","slug":"en-el-bosque-2","status":"publish","type":"product","link":"https:\/\/librosdelzorrorojo.com\/ca\/cataleg\/en-el-bosque-2\/","title":{"rendered":"En el bosque"},"content":{"rendered":"<p><span style=\"color: #808080;\"><em>El bosque era el lugar al que me gustaba escapar en mi ni\u00f1ez y mi adolescencia; aqu\u00e9l era mi lugar. All\u00ed aprend\u00ed que la oscuridad brilla, m\u00e1s a\u00fan, resplandece; que los vuelos de los p\u00e1jaros escriben en el aire antiqu\u00edsimas palabras, de donde han brotado todos los libros del mundo&#8230;<\/em><\/span><\/p>\n<p>As\u00ed comienza este singular relato, un texto de fabulaci\u00f3n y poes\u00eda, extra\u00eddo del discurso que la escritora barcelonesa, Ana Mar\u00eda Matute, pronunci\u00f3 en 1996 con motivo de su ingreso en la Real Academia de la Lengua Espa\u00f1ola. En \u00e9l cobran vida im\u00e1genes y personajes que la acompa\u00f1aron siempre en su profusa trayectoria literaria: el rumor de los secretos, las vidas invisibles que se esconden entre las sombras y las voces de los habitantes del coraz\u00f3n del mundo.<\/p>\n<p><em>Porque escribir, para m\u00ed, ha sido una constante voluntad de atravesar el espejo, de entrar en el bosque.<\/em><\/p>\n<p>Ana Mar\u00eda Matute fue una gran contadora de historias. Los libros eran para ella como bosques misteriosos, y la escritura, una voluntad constante de adentrarse en ellos, de perseguir las palabras que nos revelan las historias que conocemos y las que presentimos, e incluso nuestra propia historia.<\/p>\n<p><img decoding=\"async\" src=\"https:\/\/librosdelzorrorojo.com\/wp-content\/uploads\/2024\/10\/ICEC.jpg\" alt=\"\" width=\"380\" height=\"85\" class=\"alignnone size-full wp-image-29095\" \/><\/p>\n<p>Este libro forma parte del proyecto <a href=\"https:\/\/www.rutasdelectura.com\/descarga_pdf\/Ruta8EV.pdf#page=20\"><span style=\"color: #ff0000;\"><strong>RUTAS DE LECTURA<\/strong> &#8211; Ellas Viajan<\/span><\/a><\/p>\n","protected":false},"excerpt":{"rendered":"El bosque era el lugar al que me gustaba escapar en mi ni\u00f1ez y mi adolescencia; aqu\u00e9l era mi lugar. All\u00ed aprend\u00ed que la oscuridad brilla, m\u00e1s a\u00fan, resplandece; que los vuelos de los p\u00e1jaros escriben en el aire antiqu\u00edsimas palabras, de donde han brotado todos los libros del mundo&#8230; As\u00ed comienza este singular relato, [&hellip;]","protected":false},"featured_media":29471,"template":"","meta":{"_acf_changed":false},"product_brand":[],"product_cat":[844,846],"product_tag":[],"class_list":{"0":"post-29475","1":"product","2":"type-product","3":"status-publish","4":"has-post-thumbnail","6":"product_cat-castella","7":"product_cat-novedades-ca","9":"first","10":"instock","11":"taxable","12":"shipping-taxable","13":"purchasable","14":"product-type-simple"},"acf":[],"yoast_head":"<!-- This site is optimized with the Yoast SEO plugin v25.1 - https:\/\/yoast.com\/wordpress\/plugins\/seo\/ -->\n<title>En el bosque - Libros del Zorro Rojo<\/title>\n<meta name=\"robots\" content=\"index, follow, max-snippet:-1, max-image-preview:large, max-video-preview:-1\" \/>\n<link rel=\"canonical\" href=\"https:\/\/librosdelzorrorojo.com\/ca\/cataleg\/en-el-bosque-2\/\" \/>\n<meta property=\"og:locale\" content=\"ca_ES\" \/>\n<meta property=\"og:type\" content=\"article\" \/>\n<meta property=\"og:title\" content=\"En el bosque - Libros del Zorro Rojo\" \/>\n<meta property=\"og:description\" content=\"El bosque era el lugar al que me gustaba escapar en mi ni\u00f1ez y mi adolescencia; aqu\u00e9l era mi lugar. All\u00ed aprend\u00ed que la oscuridad brilla, m\u00e1s a\u00fan, resplandece; que los vuelos de los p\u00e1jaros escriben en el aire antiqu\u00edsimas palabras, de donde han brotado todos los libros del mundo&#8230; As\u00ed comienza este singular relato, [&hellip;]\" \/>\n<meta property=\"og:url\" content=\"https:\/\/librosdelzorrorojo.com\/ca\/cataleg\/en-el-bosque-2\/\" \/>\n<meta property=\"og:site_name\" content=\"Libros del Zorro Rojo\" \/>\n<meta property=\"article:modified_time\" content=\"2026-05-08T15:00:25+00:00\" \/>\n<meta property=\"og:image\" content=\"https:\/\/librosdelzorrorojo.com\/wp-content\/uploads\/2025\/02\/En-el-bosque-NEW_Cover-682x1024.jpg\" \/>\n\t<meta property=\"og:image:width\" content=\"682\" \/>\n\t<meta property=\"og:image:height\" content=\"1024\" \/>\n\t<meta property=\"og:image:type\" content=\"image\/jpeg\" \/>\n<meta name=\"twitter:card\" content=\"summary_large_image\" \/>\n<meta name=\"twitter:label1\" content=\"Temps estimat de lectura\" \/>\n\t<meta name=\"twitter:data1\" content=\"2 minuts\" \/>\n<script type=\"application\/ld+json\" class=\"yoast-schema-graph\">{\"@context\":\"https:\/\/schema.org\",\"@graph\":[{\"@type\":\"WebPage\",\"@id\":\"https:\/\/librosdelzorrorojo.com\/ca\/cataleg\/en-el-bosque-2\/\",\"url\":\"https:\/\/librosdelzorrorojo.com\/ca\/cataleg\/en-el-bosque-2\/\",\"name\":\"En el bosque - Libros del Zorro Rojo\",\"isPartOf\":{\"@id\":\"https:\/\/librosdelzorrorojo.com\/#website\"},\"primaryImageOfPage\":{\"@id\":\"https:\/\/librosdelzorrorojo.com\/ca\/cataleg\/en-el-bosque-2\/#primaryimage\"},\"image\":{\"@id\":\"https:\/\/librosdelzorrorojo.com\/ca\/cataleg\/en-el-bosque-2\/#primaryimage\"},\"thumbnailUrl\":\"https:\/\/librosdelzorrorojo.com\/wp-content\/uploads\/2025\/02\/En-el-bosque-NEW_Cover.jpg\",\"datePublished\":\"2025-02-12T10:45:24+00:00\",\"dateModified\":\"2026-05-08T15:00:25+00:00\",\"breadcrumb\":{\"@id\":\"https:\/\/librosdelzorrorojo.com\/ca\/cataleg\/en-el-bosque-2\/#breadcrumb\"},\"inLanguage\":\"ca\",\"potentialAction\":[{\"@type\":\"ReadAction\",\"target\":[\"https:\/\/librosdelzorrorojo.com\/ca\/cataleg\/en-el-bosque-2\/\"]}]},{\"@type\":\"ImageObject\",\"inLanguage\":\"ca\",\"@id\":\"https:\/\/librosdelzorrorojo.com\/ca\/cataleg\/en-el-bosque-2\/#primaryimage\",\"url\":\"https:\/\/librosdelzorrorojo.com\/wp-content\/uploads\/2025\/02\/En-el-bosque-NEW_Cover.jpg\",\"contentUrl\":\"https:\/\/librosdelzorrorojo.com\/wp-content\/uploads\/2025\/02\/En-el-bosque-NEW_Cover.jpg\",\"width\":1634,\"height\":2452,\"caption\":\"En el bosque NEW Cover\"},{\"@type\":\"BreadcrumbList\",\"@id\":\"https:\/\/librosdelzorrorojo.com\/ca\/cataleg\/en-el-bosque-2\/#breadcrumb\",\"itemListElement\":[{\"@type\":\"ListItem\",\"position\":1,\"name\":\"Portada\",\"item\":\"https:\/\/librosdelzorrorojo.com\/ca\/\"},{\"@type\":\"ListItem\",\"position\":2,\"name\":\"Cat\u00e0leg\",\"item\":\"https:\/\/librosdelzorrorojo.com\/ca\/cataleg\/\"},{\"@type\":\"ListItem\",\"position\":3,\"name\":\"En el bosque\"}]},{\"@type\":\"WebSite\",\"@id\":\"https:\/\/librosdelzorrorojo.com\/#website\",\"url\":\"https:\/\/librosdelzorrorojo.com\/\",\"name\":\"Libros del Zorro Rojo\",\"description\":\"Libros ilustrados\",\"potentialAction\":[{\"@type\":\"SearchAction\",\"target\":{\"@type\":\"EntryPoint\",\"urlTemplate\":\"https:\/\/librosdelzorrorojo.com\/?s={search_term_string}\"},\"query-input\":{\"@type\":\"PropertyValueSpecification\",\"valueRequired\":true,\"valueName\":\"search_term_string\"}}],\"inLanguage\":\"ca\"}]}<\/script>\n<!-- \/ Yoast SEO plugin. -->","yoast_head_json":{"title":"En el bosque - Libros del Zorro Rojo","robots":{"index":"index","follow":"follow","max-snippet":"max-snippet:-1","max-image-preview":"max-image-preview:large","max-video-preview":"max-video-preview:-1"},"canonical":"https:\/\/librosdelzorrorojo.com\/ca\/cataleg\/en-el-bosque-2\/","og_locale":"ca_ES","og_type":"article","og_title":"En el bosque - Libros del Zorro Rojo","og_description":"El bosque era el lugar al que me gustaba escapar en mi ni\u00f1ez y mi adolescencia; aqu\u00e9l era mi lugar. All\u00ed aprend\u00ed que la oscuridad brilla, m\u00e1s a\u00fan, resplandece; que los vuelos de los p\u00e1jaros escriben en el aire antiqu\u00edsimas palabras, de donde han brotado todos los libros del mundo&#8230; As\u00ed comienza este singular relato, [&hellip;]","og_url":"https:\/\/librosdelzorrorojo.com\/ca\/cataleg\/en-el-bosque-2\/","og_site_name":"Libros del Zorro Rojo","article_modified_time":"2026-05-08T15:00:25+00:00","og_image":[{"width":682,"height":1024,"url":"https:\/\/librosdelzorrorojo.com\/wp-content\/uploads\/2025\/02\/En-el-bosque-NEW_Cover-682x1024.jpg","type":"image\/jpeg"}],"twitter_card":"summary_large_image","twitter_misc":{"Temps estimat de lectura":"2 minuts"},"schema":{"@context":"https:\/\/schema.org","@graph":[{"@type":"WebPage","@id":"https:\/\/librosdelzorrorojo.com\/ca\/cataleg\/en-el-bosque-2\/","url":"https:\/\/librosdelzorrorojo.com\/ca\/cataleg\/en-el-bosque-2\/","name":"En el bosque - Libros del Zorro Rojo","isPartOf":{"@id":"https:\/\/librosdelzorrorojo.com\/#website"},"primaryImageOfPage":{"@id":"https:\/\/librosdelzorrorojo.com\/ca\/cataleg\/en-el-bosque-2\/#primaryimage"},"image":{"@id":"https:\/\/librosdelzorrorojo.com\/ca\/cataleg\/en-el-bosque-2\/#primaryimage"},"thumbnailUrl":"https:\/\/librosdelzorrorojo.com\/wp-content\/uploads\/2025\/02\/En-el-bosque-NEW_Cover.jpg","datePublished":"2025-02-12T10:45:24+00:00","dateModified":"2026-05-08T15:00:25+00:00","breadcrumb":{"@id":"https:\/\/librosdelzorrorojo.com\/ca\/cataleg\/en-el-bosque-2\/#breadcrumb"},"inLanguage":"ca","potentialAction":[{"@type":"ReadAction","target":["https:\/\/librosdelzorrorojo.com\/ca\/cataleg\/en-el-bosque-2\/"]}]},{"@type":"ImageObject","inLanguage":"ca","@id":"https:\/\/librosdelzorrorojo.com\/ca\/cataleg\/en-el-bosque-2\/#primaryimage","url":"https:\/\/librosdelzorrorojo.com\/wp-content\/uploads\/2025\/02\/En-el-bosque-NEW_Cover.jpg","contentUrl":"https:\/\/librosdelzorrorojo.com\/wp-content\/uploads\/2025\/02\/En-el-bosque-NEW_Cover.jpg","width":1634,"height":2452,"caption":"En el bosque NEW Cover"},{"@type":"BreadcrumbList","@id":"https:\/\/librosdelzorrorojo.com\/ca\/cataleg\/en-el-bosque-2\/#breadcrumb","itemListElement":[{"@type":"ListItem","position":1,"name":"Portada","item":"https:\/\/librosdelzorrorojo.com\/ca\/"},{"@type":"ListItem","position":2,"name":"Cat\u00e0leg","item":"https:\/\/librosdelzorrorojo.com\/ca\/cataleg\/"},{"@type":"ListItem","position":3,"name":"En el bosque"}]},{"@type":"WebSite","@id":"https:\/\/librosdelzorrorojo.com\/#website","url":"https:\/\/librosdelzorrorojo.com\/","name":"Libros del Zorro Rojo","description":"Libros ilustrados","potentialAction":[{"@type":"SearchAction","target":{"@type":"EntryPoint","urlTemplate":"https:\/\/librosdelzorrorojo.com\/?s={search_term_string}"},"query-input":{"@type":"PropertyValueSpecification","valueRequired":true,"valueName":"search_term_string"}}],"inLanguage":"ca"}]}},"_links":{"self":[{"href":"https:\/\/librosdelzorrorojo.com\/ca\/wp-json\/wp\/v2\/product\/29475","targetHints":{"allow":["GET"]}}],"collection":[{"href":"https:\/\/librosdelzorrorojo.com\/ca\/wp-json\/wp\/v2\/product"}],"about":[{"href":"https:\/\/librosdelzorrorojo.com\/ca\/wp-json\/wp\/v2\/types\/product"}],"wp:featuredmedia":[{"embeddable":true,"href":"https:\/\/librosdelzorrorojo.com\/ca\/wp-json\/wp\/v2\/media\/29471"}],"wp:attachment":[{"href":"https:\/\/librosdelzorrorojo.com\/ca\/wp-json\/wp\/v2\/media?parent=29475"}],"wp:term":[{"taxonomy":"product_brand","embeddable":true,"href":"https:\/\/librosdelzorrorojo.com\/ca\/wp-json\/wp\/v2\/product_brand?post=29475"},{"taxonomy":"product_cat","embeddable":true,"href":"https:\/\/librosdelzorrorojo.com\/ca\/wp-json\/wp\/v2\/product_cat?post=29475"},{"taxonomy":"product_tag","embeddable":true,"href":"https:\/\/librosdelzorrorojo.com\/ca\/wp-json\/wp\/v2\/product_tag?post=29475"}],"curies":[{"name":"wp","href":"https:\/\/api.w.org\/{rel}","templated":true}]}}