{"id":29432,"date":"2025-02-11T14:49:46","date_gmt":"2025-02-11T13:49:46","guid":{"rendered":"https:\/\/librosdelzorrorojo.com\/?post_type=product&#038;p=29432"},"modified":"2025-12-29T14:59:53","modified_gmt":"2025-12-29T13:59:53","slug":"observologia-2","status":"publish","type":"product","link":"https:\/\/librosdelzorrorojo.com\/ca\/cataleg\/observologia-2\/","title":{"rendered":"Observologia"},"content":{"rendered":"<p>El m\u00f3n que ens envolta \u00e9s ple d\u2019\u00e9ssers vius molt petits, aut\u00e8ntiques meravelles de la natura que tan sols podem con\u00e8ixer quan dediquem el temps necessari a contemplar-les amb atenci\u00f3. Aquest llibre, que \u00e9s tamb\u00e9 un manifest a favor de la contemplaci\u00f3 silenciosa, ensenya a mirar de prop les petites criatures amb qui compartim l\u2019espai vital \u2014papallones, cucs, cargols, abelles, formigues, mosques&#8230;\u2014 i a con\u00e8ixer altres formes de vida i elements naturals \u2014fongs, femta d\u2019aus\u2026\u2014 amb els quals convivim distretament, menystenint la seva capacitat de meravellar-nos. Escrit de manera accessible i amena, i il\u00b7lustrat amb rigor cient\u00edfi c i creativitat en el tra\u00e7, juntament amb una imaginativa compaginaci\u00f3, Observologia col\u00b7loca sota un microscopi imaginari un centenar d\u2019esp\u00e8cies animals i vegetals del m\u00f3n natural i ens ofereix les dades m\u00e9s interessants de cadascuna d\u2019elles. Per\u00f2 abans, com a bon manual, introdueix el petit aprenent d\u2019observ\u00f2leg en els principis te\u00f2rics de l\u2019activitat, li explica quin \u00e9s el millor moment per exercitar-la i descriu l\u2019instrumental b\u00e0sic necessari (lupa, quadern de notes, c\u00e0mera de fotos\u2026) per treure profi t de les expedicions quotidianes. Aquest llibre \u00e9s molt m\u00e9s que un mer cat\u00e0leg d\u2019\u00e9ssers vius i elements de la naturalesa: \u00e9s un instrument per educar la mirada, una invitaci\u00f3 a allunyar-se de les pantalles i deixar-se emportar per la realitat meravellosa que tenim a tocar.<\/p>\n","protected":false},"excerpt":{"rendered":"El m\u00f3n que ens envolta \u00e9s ple d\u2019\u00e9ssers vius molt petits, aut\u00e8ntiques meravelles de la natura que tan sols podem con\u00e8ixer quan dediquem el temps necessari a contemplar-les amb atenci\u00f3. Aquest llibre, que \u00e9s tamb\u00e9 un manifest a favor de la contemplaci\u00f3 silenciosa, ensenya a mirar de prop les petites criatures amb qui compartim l\u2019espai [&hellip;]","protected":false},"featured_media":29433,"template":"","meta":{"_acf_changed":false},"product_brand":[],"product_cat":[840,843,846],"product_tag":[],"class_list":{"0":"post-29432","1":"product","2":"type-product","3":"status-publish","4":"has-post-thumbnail","6":"product_cat-catala","7":"product_cat-infantiles-ca","8":"product_cat-novedades-ca","9":"vinculo-observologia","11":"first","12":"instock","13":"taxable","14":"shipping-taxable","15":"purchasable","16":"product-type-simple"},"acf":[],"yoast_head":"<!-- This site is optimized with the Yoast SEO plugin v25.1 - https:\/\/yoast.com\/wordpress\/plugins\/seo\/ -->\n<title>Observologia - Libros del Zorro Rojo<\/title>\n<meta name=\"robots\" content=\"index, follow, max-snippet:-1, max-image-preview:large, max-video-preview:-1\" \/>\n<link rel=\"canonical\" href=\"https:\/\/librosdelzorrorojo.com\/ca\/cataleg\/observologia-2\/\" \/>\n<meta property=\"og:locale\" content=\"ca_ES\" \/>\n<meta property=\"og:type\" content=\"article\" \/>\n<meta property=\"og:title\" content=\"Observologia - Libros del Zorro Rojo\" \/>\n<meta property=\"og:description\" content=\"El m\u00f3n que ens envolta \u00e9s ple d\u2019\u00e9ssers vius molt petits, aut\u00e8ntiques meravelles de la natura que tan sols podem con\u00e8ixer quan dediquem el temps necessari a contemplar-les amb atenci\u00f3. Aquest llibre, que \u00e9s tamb\u00e9 un manifest a favor de la contemplaci\u00f3 silenciosa, ensenya a mirar de prop les petites criatures amb qui compartim l\u2019espai [&hellip;]\" \/>\n<meta property=\"og:url\" content=\"https:\/\/librosdelzorrorojo.com\/ca\/cataleg\/observologia-2\/\" \/>\n<meta property=\"og:site_name\" content=\"Libros del Zorro Rojo\" \/>\n<meta property=\"article:modified_time\" content=\"2025-12-29T13:59:53+00:00\" \/>\n<meta property=\"og:image\" content=\"https:\/\/librosdelzorrorojo.com\/wp-content\/uploads\/2025\/02\/Observologia_cubierta_CATALAN-scaled.jpg\" \/>\n\t<meta property=\"og:image:width\" content=\"1879\" \/>\n\t<meta property=\"og:image:height\" content=\"2560\" \/>\n\t<meta property=\"og:image:type\" content=\"image\/jpeg\" \/>\n<meta name=\"twitter:card\" content=\"summary_large_image\" \/>\n<meta name=\"twitter:label1\" content=\"Temps estimat de lectura\" \/>\n\t<meta name=\"twitter:data1\" content=\"2 minuts\" \/>\n<script type=\"application\/ld+json\" class=\"yoast-schema-graph\">{\"@context\":\"https:\/\/schema.org\",\"@graph\":[{\"@type\":\"WebPage\",\"@id\":\"https:\/\/librosdelzorrorojo.com\/ca\/cataleg\/observologia-2\/\",\"url\":\"https:\/\/librosdelzorrorojo.com\/ca\/cataleg\/observologia-2\/\",\"name\":\"Observologia - Libros del Zorro Rojo\",\"isPartOf\":{\"@id\":\"https:\/\/librosdelzorrorojo.com\/#website\"},\"primaryImageOfPage\":{\"@id\":\"https:\/\/librosdelzorrorojo.com\/ca\/cataleg\/observologia-2\/#primaryimage\"},\"image\":{\"@id\":\"https:\/\/librosdelzorrorojo.com\/ca\/cataleg\/observologia-2\/#primaryimage\"},\"thumbnailUrl\":\"https:\/\/librosdelzorrorojo.com\/wp-content\/uploads\/2025\/02\/Observologia_cubierta_CATALAN-scaled.jpg\",\"datePublished\":\"2025-02-11T13:49:46+00:00\",\"dateModified\":\"2025-12-29T13:59:53+00:00\",\"breadcrumb\":{\"@id\":\"https:\/\/librosdelzorrorojo.com\/ca\/cataleg\/observologia-2\/#breadcrumb\"},\"inLanguage\":\"ca\",\"potentialAction\":[{\"@type\":\"ReadAction\",\"target\":[\"https:\/\/librosdelzorrorojo.com\/ca\/cataleg\/observologia-2\/\"]}]},{\"@type\":\"ImageObject\",\"inLanguage\":\"ca\",\"@id\":\"https:\/\/librosdelzorrorojo.com\/ca\/cataleg\/observologia-2\/#primaryimage\",\"url\":\"https:\/\/librosdelzorrorojo.com\/wp-content\/uploads\/2025\/02\/Observologia_cubierta_CATALAN-scaled.jpg\",\"contentUrl\":\"https:\/\/librosdelzorrorojo.com\/wp-content\/uploads\/2025\/02\/Observologia_cubierta_CATALAN-scaled.jpg\",\"width\":1879,\"height\":2560,\"caption\":\"Observologia cubierta CATALAN scaled\"},{\"@type\":\"BreadcrumbList\",\"@id\":\"https:\/\/librosdelzorrorojo.com\/ca\/cataleg\/observologia-2\/#breadcrumb\",\"itemListElement\":[{\"@type\":\"ListItem\",\"position\":1,\"name\":\"Portada\",\"item\":\"https:\/\/librosdelzorrorojo.com\/ca\/\"},{\"@type\":\"ListItem\",\"position\":2,\"name\":\"Cat\u00e0leg\",\"item\":\"https:\/\/librosdelzorrorojo.com\/ca\/cataleg\/\"},{\"@type\":\"ListItem\",\"position\":3,\"name\":\"Observologia\"}]},{\"@type\":\"WebSite\",\"@id\":\"https:\/\/librosdelzorrorojo.com\/#website\",\"url\":\"https:\/\/librosdelzorrorojo.com\/\",\"name\":\"Libros del Zorro Rojo\",\"description\":\"Libros ilustrados\",\"potentialAction\":[{\"@type\":\"SearchAction\",\"target\":{\"@type\":\"EntryPoint\",\"urlTemplate\":\"https:\/\/librosdelzorrorojo.com\/?s={search_term_string}\"},\"query-input\":{\"@type\":\"PropertyValueSpecification\",\"valueRequired\":true,\"valueName\":\"search_term_string\"}}],\"inLanguage\":\"ca\"}]}<\/script>\n<!-- \/ Yoast SEO plugin. -->","yoast_head_json":{"title":"Observologia - Libros del Zorro Rojo","robots":{"index":"index","follow":"follow","max-snippet":"max-snippet:-1","max-image-preview":"max-image-preview:large","max-video-preview":"max-video-preview:-1"},"canonical":"https:\/\/librosdelzorrorojo.com\/ca\/cataleg\/observologia-2\/","og_locale":"ca_ES","og_type":"article","og_title":"Observologia - Libros del Zorro Rojo","og_description":"El m\u00f3n que ens envolta \u00e9s ple d\u2019\u00e9ssers vius molt petits, aut\u00e8ntiques meravelles de la natura que tan sols podem con\u00e8ixer quan dediquem el temps necessari a contemplar-les amb atenci\u00f3. Aquest llibre, que \u00e9s tamb\u00e9 un manifest a favor de la contemplaci\u00f3 silenciosa, ensenya a mirar de prop les petites criatures amb qui compartim l\u2019espai [&hellip;]","og_url":"https:\/\/librosdelzorrorojo.com\/ca\/cataleg\/observologia-2\/","og_site_name":"Libros del Zorro Rojo","article_modified_time":"2025-12-29T13:59:53+00:00","og_image":[{"width":1879,"height":2560,"url":"https:\/\/librosdelzorrorojo.com\/wp-content\/uploads\/2025\/02\/Observologia_cubierta_CATALAN-scaled.jpg","type":"image\/jpeg"}],"twitter_card":"summary_large_image","twitter_misc":{"Temps estimat de lectura":"2 minuts"},"schema":{"@context":"https:\/\/schema.org","@graph":[{"@type":"WebPage","@id":"https:\/\/librosdelzorrorojo.com\/ca\/cataleg\/observologia-2\/","url":"https:\/\/librosdelzorrorojo.com\/ca\/cataleg\/observologia-2\/","name":"Observologia - Libros del Zorro Rojo","isPartOf":{"@id":"https:\/\/librosdelzorrorojo.com\/#website"},"primaryImageOfPage":{"@id":"https:\/\/librosdelzorrorojo.com\/ca\/cataleg\/observologia-2\/#primaryimage"},"image":{"@id":"https:\/\/librosdelzorrorojo.com\/ca\/cataleg\/observologia-2\/#primaryimage"},"thumbnailUrl":"https:\/\/librosdelzorrorojo.com\/wp-content\/uploads\/2025\/02\/Observologia_cubierta_CATALAN-scaled.jpg","datePublished":"2025-02-11T13:49:46+00:00","dateModified":"2025-12-29T13:59:53+00:00","breadcrumb":{"@id":"https:\/\/librosdelzorrorojo.com\/ca\/cataleg\/observologia-2\/#breadcrumb"},"inLanguage":"ca","potentialAction":[{"@type":"ReadAction","target":["https:\/\/librosdelzorrorojo.com\/ca\/cataleg\/observologia-2\/"]}]},{"@type":"ImageObject","inLanguage":"ca","@id":"https:\/\/librosdelzorrorojo.com\/ca\/cataleg\/observologia-2\/#primaryimage","url":"https:\/\/librosdelzorrorojo.com\/wp-content\/uploads\/2025\/02\/Observologia_cubierta_CATALAN-scaled.jpg","contentUrl":"https:\/\/librosdelzorrorojo.com\/wp-content\/uploads\/2025\/02\/Observologia_cubierta_CATALAN-scaled.jpg","width":1879,"height":2560,"caption":"Observologia cubierta CATALAN scaled"},{"@type":"BreadcrumbList","@id":"https:\/\/librosdelzorrorojo.com\/ca\/cataleg\/observologia-2\/#breadcrumb","itemListElement":[{"@type":"ListItem","position":1,"name":"Portada","item":"https:\/\/librosdelzorrorojo.com\/ca\/"},{"@type":"ListItem","position":2,"name":"Cat\u00e0leg","item":"https:\/\/librosdelzorrorojo.com\/ca\/cataleg\/"},{"@type":"ListItem","position":3,"name":"Observologia"}]},{"@type":"WebSite","@id":"https:\/\/librosdelzorrorojo.com\/#website","url":"https:\/\/librosdelzorrorojo.com\/","name":"Libros del Zorro Rojo","description":"Libros ilustrados","potentialAction":[{"@type":"SearchAction","target":{"@type":"EntryPoint","urlTemplate":"https:\/\/librosdelzorrorojo.com\/?s={search_term_string}"},"query-input":{"@type":"PropertyValueSpecification","valueRequired":true,"valueName":"search_term_string"}}],"inLanguage":"ca"}]}},"_links":{"self":[{"href":"https:\/\/librosdelzorrorojo.com\/ca\/wp-json\/wp\/v2\/product\/29432","targetHints":{"allow":["GET"]}}],"collection":[{"href":"https:\/\/librosdelzorrorojo.com\/ca\/wp-json\/wp\/v2\/product"}],"about":[{"href":"https:\/\/librosdelzorrorojo.com\/ca\/wp-json\/wp\/v2\/types\/product"}],"wp:featuredmedia":[{"embeddable":true,"href":"https:\/\/librosdelzorrorojo.com\/ca\/wp-json\/wp\/v2\/media\/29433"}],"wp:attachment":[{"href":"https:\/\/librosdelzorrorojo.com\/ca\/wp-json\/wp\/v2\/media?parent=29432"}],"wp:term":[{"taxonomy":"product_brand","embeddable":true,"href":"https:\/\/librosdelzorrorojo.com\/ca\/wp-json\/wp\/v2\/product_brand?post=29432"},{"taxonomy":"product_cat","embeddable":true,"href":"https:\/\/librosdelzorrorojo.com\/ca\/wp-json\/wp\/v2\/product_cat?post=29432"},{"taxonomy":"product_tag","embeddable":true,"href":"https:\/\/librosdelzorrorojo.com\/ca\/wp-json\/wp\/v2\/product_tag?post=29432"}],"curies":[{"name":"wp","href":"https:\/\/api.w.org\/{rel}","templated":true}]}}