{"id":29286,"date":"2025-01-13T11:43:23","date_gmt":"2025-01-13T10:43:23","guid":{"rendered":"https:\/\/librosdelzorrorojo.com\/catalogo\/la-historia-de-mo\/"},"modified":"2026-04-14T11:26:27","modified_gmt":"2026-04-14T09:26:27","slug":"la-historia-de-mo","status":"publish","type":"product","link":"https:\/\/librosdelzorrorojo.com\/ca\/cataleg\/la-historia-de-mo\/","title":{"rendered":"La historia de Mo"},"content":{"rendered":"<p>Mo est\u00e1 inquieto en su cama y no consigue dormir. Una luz misteriosa, que parece sonre\u00edrle, lo invita a adentrarse en el bosque, donde viven todo tipo de criaturas, amistosas o pavorosas. El paseo nocturno de Mo, gato curioso, lo llevar\u00e1 a trabar amistad con un sabio, el viejo b\u00faho que le anima a vivir la aventura m\u00e1s all\u00e1 de los libros (aunque siempre haya que ser precavido). Mo encontrar\u00e1 tambi\u00e9n a una familia de ratones, una ardilla, unos renos que trabajan, recogen setas y se divierten. Con unos cocinar\u00e1, con otros aprender\u00e1 a prepararse mejor para el viaje y a saludar con cortes\u00eda, a hablar de lo que le gusta y tambi\u00e9n de lo aquello que le da miedo. Entre todos resolver\u00e1n algunos imprevistos, y tambi\u00e9n se olvidar\u00e1n de las preocupaciones para disfrutar del momento. Aunque por all\u00ed ronde un oso temible y que tiene p\u00e9simo aliento.<\/p>\n<p>Una historia tan delicada y exquisita como las ilustraciones a plumilla, en una preciosa edici\u00f3n tapa dura para ni\u00f1os a partir de los 8 a\u00f1os y para los adultos m\u00e1s exigentes. El libro obtuvo la menci\u00f3n especial como Mejor \u00d3pera prima en la feria de Bolonia en 2024.<\/p>\n<p><img decoding=\"async\" src=\"https:\/\/librosdelzorrorojo.com\/wp-content\/uploads\/2024\/10\/ICEC.jpg\" alt=\"\" width=\"380\" height=\"85\" class=\"alignnone size-full wp-image-29095\" \/><\/p>\n","protected":false},"excerpt":{"rendered":"Mo est\u00e1 inquieto en su cama y no consigue dormir. Una luz misteriosa, que parece sonre\u00edrle, lo invita a adentrarse en el bosque, donde viven todo tipo de criaturas, amistosas o pavorosas. El paseo nocturno de Mo, gato curioso, lo llevar\u00e1 a trabar amistad con un sabio, el viejo b\u00faho que le anima a vivir [&hellip;]","protected":false},"featured_media":29294,"template":"","meta":{"_acf_changed":false},"product_brand":[],"product_cat":[844,843,846],"product_tag":[],"class_list":{"0":"post-29286","1":"product","2":"type-product","3":"status-publish","4":"has-post-thumbnail","6":"product_cat-castella","7":"product_cat-infantiles-ca","8":"product_cat-novedades-ca","9":"vinculo-la-historia-de-mo","11":"first","12":"instock","13":"taxable","14":"shipping-taxable","15":"purchasable","16":"product-type-simple"},"acf":[],"yoast_head":"<!-- This site is optimized with the Yoast SEO plugin v25.1 - https:\/\/yoast.com\/wordpress\/plugins\/seo\/ -->\n<title>La historia de Mo - Libros del Zorro Rojo<\/title>\n<meta name=\"robots\" content=\"index, follow, max-snippet:-1, max-image-preview:large, max-video-preview:-1\" \/>\n<link rel=\"canonical\" href=\"https:\/\/librosdelzorrorojo.com\/ca\/cataleg\/la-historia-de-mo\/\" \/>\n<meta property=\"og:locale\" content=\"ca_ES\" \/>\n<meta property=\"og:type\" content=\"article\" \/>\n<meta property=\"og:title\" content=\"La historia de Mo - Libros del Zorro Rojo\" \/>\n<meta property=\"og:description\" content=\"Mo est\u00e1 inquieto en su cama y no consigue dormir. Una luz misteriosa, que parece sonre\u00edrle, lo invita a adentrarse en el bosque, donde viven todo tipo de criaturas, amistosas o pavorosas. El paseo nocturno de Mo, gato curioso, lo llevar\u00e1 a trabar amistad con un sabio, el viejo b\u00faho que le anima a vivir [&hellip;]\" \/>\n<meta property=\"og:url\" content=\"https:\/\/librosdelzorrorojo.com\/ca\/cataleg\/la-historia-de-mo\/\" \/>\n<meta property=\"og:site_name\" content=\"Libros del Zorro Rojo\" \/>\n<meta property=\"article:modified_time\" content=\"2026-04-14T09:26:27+00:00\" \/>\n<meta property=\"og:image\" content=\"https:\/\/librosdelzorrorojo.com\/wp-content\/uploads\/2025\/01\/mo_cubierta_ref_CAST_2.jpg\" \/>\n\t<meta property=\"og:image:width\" content=\"1406\" \/>\n\t<meta property=\"og:image:height\" content=\"2019\" \/>\n\t<meta property=\"og:image:type\" content=\"image\/jpeg\" \/>\n<meta name=\"twitter:card\" content=\"summary_large_image\" \/>\n<meta name=\"twitter:label1\" content=\"Temps estimat de lectura\" \/>\n\t<meta name=\"twitter:data1\" content=\"1 minut\" \/>\n<script type=\"application\/ld+json\" class=\"yoast-schema-graph\">{\"@context\":\"https:\/\/schema.org\",\"@graph\":[{\"@type\":\"WebPage\",\"@id\":\"https:\/\/librosdelzorrorojo.com\/ca\/cataleg\/la-historia-de-mo\/\",\"url\":\"https:\/\/librosdelzorrorojo.com\/ca\/cataleg\/la-historia-de-mo\/\",\"name\":\"La historia de Mo - Libros del Zorro Rojo\",\"isPartOf\":{\"@id\":\"https:\/\/librosdelzorrorojo.com\/#website\"},\"primaryImageOfPage\":{\"@id\":\"https:\/\/librosdelzorrorojo.com\/ca\/cataleg\/la-historia-de-mo\/#primaryimage\"},\"image\":{\"@id\":\"https:\/\/librosdelzorrorojo.com\/ca\/cataleg\/la-historia-de-mo\/#primaryimage\"},\"thumbnailUrl\":\"https:\/\/librosdelzorrorojo.com\/wp-content\/uploads\/2025\/01\/mo_cubierta_ref_CAST_2.jpg\",\"datePublished\":\"2025-01-13T10:43:23+00:00\",\"dateModified\":\"2026-04-14T09:26:27+00:00\",\"breadcrumb\":{\"@id\":\"https:\/\/librosdelzorrorojo.com\/ca\/cataleg\/la-historia-de-mo\/#breadcrumb\"},\"inLanguage\":\"ca\",\"potentialAction\":[{\"@type\":\"ReadAction\",\"target\":[\"https:\/\/librosdelzorrorojo.com\/ca\/cataleg\/la-historia-de-mo\/\"]}]},{\"@type\":\"ImageObject\",\"inLanguage\":\"ca\",\"@id\":\"https:\/\/librosdelzorrorojo.com\/ca\/cataleg\/la-historia-de-mo\/#primaryimage\",\"url\":\"https:\/\/librosdelzorrorojo.com\/wp-content\/uploads\/2025\/01\/mo_cubierta_ref_CAST_2.jpg\",\"contentUrl\":\"https:\/\/librosdelzorrorojo.com\/wp-content\/uploads\/2025\/01\/mo_cubierta_ref_CAST_2.jpg\",\"width\":1406,\"height\":2019,\"caption\":\"mo cubierta ref CAST 2\"},{\"@type\":\"BreadcrumbList\",\"@id\":\"https:\/\/librosdelzorrorojo.com\/ca\/cataleg\/la-historia-de-mo\/#breadcrumb\",\"itemListElement\":[{\"@type\":\"ListItem\",\"position\":1,\"name\":\"Portada\",\"item\":\"https:\/\/librosdelzorrorojo.com\/ca\/\"},{\"@type\":\"ListItem\",\"position\":2,\"name\":\"Cat\u00e0leg\",\"item\":\"https:\/\/librosdelzorrorojo.com\/ca\/cataleg\/\"},{\"@type\":\"ListItem\",\"position\":3,\"name\":\"La historia de Mo\"}]},{\"@type\":\"WebSite\",\"@id\":\"https:\/\/librosdelzorrorojo.com\/#website\",\"url\":\"https:\/\/librosdelzorrorojo.com\/\",\"name\":\"Libros del Zorro Rojo\",\"description\":\"Libros ilustrados\",\"potentialAction\":[{\"@type\":\"SearchAction\",\"target\":{\"@type\":\"EntryPoint\",\"urlTemplate\":\"https:\/\/librosdelzorrorojo.com\/?s={search_term_string}\"},\"query-input\":{\"@type\":\"PropertyValueSpecification\",\"valueRequired\":true,\"valueName\":\"search_term_string\"}}],\"inLanguage\":\"ca\"}]}<\/script>\n<!-- \/ Yoast SEO plugin. -->","yoast_head_json":{"title":"La historia de Mo - Libros del Zorro Rojo","robots":{"index":"index","follow":"follow","max-snippet":"max-snippet:-1","max-image-preview":"max-image-preview:large","max-video-preview":"max-video-preview:-1"},"canonical":"https:\/\/librosdelzorrorojo.com\/ca\/cataleg\/la-historia-de-mo\/","og_locale":"ca_ES","og_type":"article","og_title":"La historia de Mo - Libros del Zorro Rojo","og_description":"Mo est\u00e1 inquieto en su cama y no consigue dormir. Una luz misteriosa, que parece sonre\u00edrle, lo invita a adentrarse en el bosque, donde viven todo tipo de criaturas, amistosas o pavorosas. El paseo nocturno de Mo, gato curioso, lo llevar\u00e1 a trabar amistad con un sabio, el viejo b\u00faho que le anima a vivir [&hellip;]","og_url":"https:\/\/librosdelzorrorojo.com\/ca\/cataleg\/la-historia-de-mo\/","og_site_name":"Libros del Zorro Rojo","article_modified_time":"2026-04-14T09:26:27+00:00","og_image":[{"width":1406,"height":2019,"url":"https:\/\/librosdelzorrorojo.com\/wp-content\/uploads\/2025\/01\/mo_cubierta_ref_CAST_2.jpg","type":"image\/jpeg"}],"twitter_card":"summary_large_image","twitter_misc":{"Temps estimat de lectura":"1 minut"},"schema":{"@context":"https:\/\/schema.org","@graph":[{"@type":"WebPage","@id":"https:\/\/librosdelzorrorojo.com\/ca\/cataleg\/la-historia-de-mo\/","url":"https:\/\/librosdelzorrorojo.com\/ca\/cataleg\/la-historia-de-mo\/","name":"La historia de Mo - Libros del Zorro Rojo","isPartOf":{"@id":"https:\/\/librosdelzorrorojo.com\/#website"},"primaryImageOfPage":{"@id":"https:\/\/librosdelzorrorojo.com\/ca\/cataleg\/la-historia-de-mo\/#primaryimage"},"image":{"@id":"https:\/\/librosdelzorrorojo.com\/ca\/cataleg\/la-historia-de-mo\/#primaryimage"},"thumbnailUrl":"https:\/\/librosdelzorrorojo.com\/wp-content\/uploads\/2025\/01\/mo_cubierta_ref_CAST_2.jpg","datePublished":"2025-01-13T10:43:23+00:00","dateModified":"2026-04-14T09:26:27+00:00","breadcrumb":{"@id":"https:\/\/librosdelzorrorojo.com\/ca\/cataleg\/la-historia-de-mo\/#breadcrumb"},"inLanguage":"ca","potentialAction":[{"@type":"ReadAction","target":["https:\/\/librosdelzorrorojo.com\/ca\/cataleg\/la-historia-de-mo\/"]}]},{"@type":"ImageObject","inLanguage":"ca","@id":"https:\/\/librosdelzorrorojo.com\/ca\/cataleg\/la-historia-de-mo\/#primaryimage","url":"https:\/\/librosdelzorrorojo.com\/wp-content\/uploads\/2025\/01\/mo_cubierta_ref_CAST_2.jpg","contentUrl":"https:\/\/librosdelzorrorojo.com\/wp-content\/uploads\/2025\/01\/mo_cubierta_ref_CAST_2.jpg","width":1406,"height":2019,"caption":"mo cubierta ref CAST 2"},{"@type":"BreadcrumbList","@id":"https:\/\/librosdelzorrorojo.com\/ca\/cataleg\/la-historia-de-mo\/#breadcrumb","itemListElement":[{"@type":"ListItem","position":1,"name":"Portada","item":"https:\/\/librosdelzorrorojo.com\/ca\/"},{"@type":"ListItem","position":2,"name":"Cat\u00e0leg","item":"https:\/\/librosdelzorrorojo.com\/ca\/cataleg\/"},{"@type":"ListItem","position":3,"name":"La historia de Mo"}]},{"@type":"WebSite","@id":"https:\/\/librosdelzorrorojo.com\/#website","url":"https:\/\/librosdelzorrorojo.com\/","name":"Libros del Zorro Rojo","description":"Libros ilustrados","potentialAction":[{"@type":"SearchAction","target":{"@type":"EntryPoint","urlTemplate":"https:\/\/librosdelzorrorojo.com\/?s={search_term_string}"},"query-input":{"@type":"PropertyValueSpecification","valueRequired":true,"valueName":"search_term_string"}}],"inLanguage":"ca"}]}},"_links":{"self":[{"href":"https:\/\/librosdelzorrorojo.com\/ca\/wp-json\/wp\/v2\/product\/29286","targetHints":{"allow":["GET"]}}],"collection":[{"href":"https:\/\/librosdelzorrorojo.com\/ca\/wp-json\/wp\/v2\/product"}],"about":[{"href":"https:\/\/librosdelzorrorojo.com\/ca\/wp-json\/wp\/v2\/types\/product"}],"wp:featuredmedia":[{"embeddable":true,"href":"https:\/\/librosdelzorrorojo.com\/ca\/wp-json\/wp\/v2\/media\/29294"}],"wp:attachment":[{"href":"https:\/\/librosdelzorrorojo.com\/ca\/wp-json\/wp\/v2\/media?parent=29286"}],"wp:term":[{"taxonomy":"product_brand","embeddable":true,"href":"https:\/\/librosdelzorrorojo.com\/ca\/wp-json\/wp\/v2\/product_brand?post=29286"},{"taxonomy":"product_cat","embeddable":true,"href":"https:\/\/librosdelzorrorojo.com\/ca\/wp-json\/wp\/v2\/product_cat?post=29286"},{"taxonomy":"product_tag","embeddable":true,"href":"https:\/\/librosdelzorrorojo.com\/ca\/wp-json\/wp\/v2\/product_tag?post=29286"}],"curies":[{"name":"wp","href":"https:\/\/api.w.org\/{rel}","templated":true}]}}