{"id":29277,"date":"2025-02-19T10:33:51","date_gmt":"2025-02-19T09:33:51","guid":{"rendered":"https:\/\/librosdelzorrorojo.com\/?post_type=product&#038;p=29277"},"modified":"2026-04-09T12:32:27","modified_gmt":"2026-04-09T10:32:27","slug":"el-millor-restaurant-del-mon","status":"publish","type":"product","link":"https:\/\/librosdelzorrorojo.com\/ca\/cataleg\/el-millor-restaurant-del-mon\/","title":{"rendered":"El millor restaurant del m\u00f3n"},"content":{"rendered":"<p>La Zaza ha tingut una idea genial: obrir un restaurant al bell mig del bosc i oferir un sopar als seus amics. Pren nota de quins s\u00f3n els plats preferits dels Gossets \u2014en Popov, en Miki, en Nono, l\u2019Agus, la Kika, la Jana, en Pere i l\u2019Omar\u2014 i a cadascun li assigna una tasca: fabricar les taules, dibuixar el cartell amb el nom del restaurat, parar taula, decorar el local&#8230; La Zaza ho t\u00e9 tot a punt. Excepte un detall, i aquest oblit pot arru\u00efnar el sopar que tothom espera. Per\u00f2 altra vegada l\u2019esperit de germanor dels Gossets far\u00e0 que passin una nit inoblidable i que gaudeixin del millor sopar del m\u00f3n. Com en tots els t\u00edtols de la s\u00e8rie, cada p\u00e0gina d\u2019aquest llibre de cartr\u00f3 \u2014un format ideal perqu\u00e8 els m\u00e9s petits es familiaritzin amb el llibre com a objecte f\u00edsic\u2014 \u00e9s un esclat de colors ple de detalls visuals que estimulen als lectors a explorar tots els racons a la recerca d\u2019escenes divertides. Doroth\u00e9e de Monfreid, una autora de culte, construeix hist\u00f2ries senzilles i alegres en qu\u00e8 cada individu, amb els seus defectes i virtuts, \u00e9s \u00fanic i important.<\/p>\n","protected":false},"excerpt":{"rendered":"La Zaza ha tingut una idea genial: obrir un restaurant al bell mig del bosc i oferir un sopar als seus amics. Pren nota de quins s\u00f3n els plats preferits dels Gossets \u2014en Popov, en Miki, en Nono, l\u2019Agus, la Kika, la Jana, en Pere i l\u2019Omar\u2014 i a cadascun li assigna una tasca: fabricar [&hellip;]","protected":false},"featured_media":29278,"template":"","meta":{"_acf_changed":false},"product_brand":[],"product_cat":[840,843,839],"product_tag":[],"class_list":{"0":"post-29277","1":"product","2":"type-product","3":"status-publish","4":"has-post-thumbnail","6":"product_cat-catala","7":"product_cat-infantiles-ca","8":"product_cat-zona-kids-ca","9":"vinculo-el-mejor-restaurante-del-mundo","11":"first","12":"instock","13":"taxable","14":"shipping-taxable","15":"purchasable","16":"product-type-simple"},"acf":[],"yoast_head":"<!-- This site is optimized with the Yoast SEO plugin v25.1 - https:\/\/yoast.com\/wordpress\/plugins\/seo\/ -->\n<title>El millor restaurant del m\u00f3n - Libros del Zorro Rojo<\/title>\n<meta name=\"robots\" content=\"index, follow, max-snippet:-1, max-image-preview:large, max-video-preview:-1\" \/>\n<link rel=\"canonical\" href=\"https:\/\/librosdelzorrorojo.com\/ca\/cataleg\/el-millor-restaurant-del-mon\/\" \/>\n<meta property=\"og:locale\" content=\"ca_ES\" \/>\n<meta property=\"og:type\" content=\"article\" \/>\n<meta property=\"og:title\" content=\"El millor restaurant del m\u00f3n - Libros del Zorro Rojo\" \/>\n<meta property=\"og:description\" content=\"La Zaza ha tingut una idea genial: obrir un restaurant al bell mig del bosc i oferir un sopar als seus amics. Pren nota de quins s\u00f3n els plats preferits dels Gossets \u2014en Popov, en Miki, en Nono, l\u2019Agus, la Kika, la Jana, en Pere i l\u2019Omar\u2014 i a cadascun li assigna una tasca: fabricar [&hellip;]\" \/>\n<meta property=\"og:url\" content=\"https:\/\/librosdelzorrorojo.com\/ca\/cataleg\/el-millor-restaurant-del-mon\/\" \/>\n<meta property=\"og:site_name\" content=\"Libros del Zorro Rojo\" \/>\n<meta property=\"article:modified_time\" content=\"2026-04-09T10:32:27+00:00\" \/>\n<meta property=\"og:image\" content=\"https:\/\/librosdelzorrorojo.com\/wp-content\/uploads\/2025\/01\/Cover-Mejor-restaurant-CAT-PRINT-scaled.jpg\" \/>\n\t<meta property=\"og:image:width\" content=\"2140\" \/>\n\t<meta property=\"og:image:height\" content=\"2560\" \/>\n\t<meta property=\"og:image:type\" content=\"image\/jpeg\" \/>\n<meta name=\"twitter:card\" content=\"summary_large_image\" \/>\n<meta name=\"twitter:label1\" content=\"Temps estimat de lectura\" \/>\n\t<meta name=\"twitter:data1\" content=\"2 minuts\" \/>\n<script type=\"application\/ld+json\" class=\"yoast-schema-graph\">{\"@context\":\"https:\/\/schema.org\",\"@graph\":[{\"@type\":\"WebPage\",\"@id\":\"https:\/\/librosdelzorrorojo.com\/ca\/cataleg\/el-millor-restaurant-del-mon\/\",\"url\":\"https:\/\/librosdelzorrorojo.com\/ca\/cataleg\/el-millor-restaurant-del-mon\/\",\"name\":\"El millor restaurant del m\u00f3n - Libros del Zorro Rojo\",\"isPartOf\":{\"@id\":\"https:\/\/librosdelzorrorojo.com\/#website\"},\"primaryImageOfPage\":{\"@id\":\"https:\/\/librosdelzorrorojo.com\/ca\/cataleg\/el-millor-restaurant-del-mon\/#primaryimage\"},\"image\":{\"@id\":\"https:\/\/librosdelzorrorojo.com\/ca\/cataleg\/el-millor-restaurant-del-mon\/#primaryimage\"},\"thumbnailUrl\":\"https:\/\/librosdelzorrorojo.com\/wp-content\/uploads\/2025\/01\/Cover-Mejor-restaurant-CAT-PRINT-scaled.jpg\",\"datePublished\":\"2025-02-19T09:33:51+00:00\",\"dateModified\":\"2026-04-09T10:32:27+00:00\",\"breadcrumb\":{\"@id\":\"https:\/\/librosdelzorrorojo.com\/ca\/cataleg\/el-millor-restaurant-del-mon\/#breadcrumb\"},\"inLanguage\":\"ca\",\"potentialAction\":[{\"@type\":\"ReadAction\",\"target\":[\"https:\/\/librosdelzorrorojo.com\/ca\/cataleg\/el-millor-restaurant-del-mon\/\"]}]},{\"@type\":\"ImageObject\",\"inLanguage\":\"ca\",\"@id\":\"https:\/\/librosdelzorrorojo.com\/ca\/cataleg\/el-millor-restaurant-del-mon\/#primaryimage\",\"url\":\"https:\/\/librosdelzorrorojo.com\/wp-content\/uploads\/2025\/01\/Cover-Mejor-restaurant-CAT-PRINT-scaled.jpg\",\"contentUrl\":\"https:\/\/librosdelzorrorojo.com\/wp-content\/uploads\/2025\/01\/Cover-Mejor-restaurant-CAT-PRINT-scaled.jpg\",\"width\":2140,\"height\":2560,\"caption\":\"Cover Mejor restaurant CAT PRINT scaled\"},{\"@type\":\"BreadcrumbList\",\"@id\":\"https:\/\/librosdelzorrorojo.com\/ca\/cataleg\/el-millor-restaurant-del-mon\/#breadcrumb\",\"itemListElement\":[{\"@type\":\"ListItem\",\"position\":1,\"name\":\"Portada\",\"item\":\"https:\/\/librosdelzorrorojo.com\/ca\/\"},{\"@type\":\"ListItem\",\"position\":2,\"name\":\"Cat\u00e0leg\",\"item\":\"https:\/\/librosdelzorrorojo.com\/ca\/cataleg\/\"},{\"@type\":\"ListItem\",\"position\":3,\"name\":\"El millor restaurant del m\u00f3n\"}]},{\"@type\":\"WebSite\",\"@id\":\"https:\/\/librosdelzorrorojo.com\/#website\",\"url\":\"https:\/\/librosdelzorrorojo.com\/\",\"name\":\"Libros del Zorro Rojo\",\"description\":\"Libros ilustrados\",\"potentialAction\":[{\"@type\":\"SearchAction\",\"target\":{\"@type\":\"EntryPoint\",\"urlTemplate\":\"https:\/\/librosdelzorrorojo.com\/?s={search_term_string}\"},\"query-input\":{\"@type\":\"PropertyValueSpecification\",\"valueRequired\":true,\"valueName\":\"search_term_string\"}}],\"inLanguage\":\"ca\"}]}<\/script>\n<!-- \/ Yoast SEO plugin. -->","yoast_head_json":{"title":"El millor restaurant del m\u00f3n - Libros del Zorro Rojo","robots":{"index":"index","follow":"follow","max-snippet":"max-snippet:-1","max-image-preview":"max-image-preview:large","max-video-preview":"max-video-preview:-1"},"canonical":"https:\/\/librosdelzorrorojo.com\/ca\/cataleg\/el-millor-restaurant-del-mon\/","og_locale":"ca_ES","og_type":"article","og_title":"El millor restaurant del m\u00f3n - Libros del Zorro Rojo","og_description":"La Zaza ha tingut una idea genial: obrir un restaurant al bell mig del bosc i oferir un sopar als seus amics. Pren nota de quins s\u00f3n els plats preferits dels Gossets \u2014en Popov, en Miki, en Nono, l\u2019Agus, la Kika, la Jana, en Pere i l\u2019Omar\u2014 i a cadascun li assigna una tasca: fabricar [&hellip;]","og_url":"https:\/\/librosdelzorrorojo.com\/ca\/cataleg\/el-millor-restaurant-del-mon\/","og_site_name":"Libros del Zorro Rojo","article_modified_time":"2026-04-09T10:32:27+00:00","og_image":[{"width":2140,"height":2560,"url":"https:\/\/librosdelzorrorojo.com\/wp-content\/uploads\/2025\/01\/Cover-Mejor-restaurant-CAT-PRINT-scaled.jpg","type":"image\/jpeg"}],"twitter_card":"summary_large_image","twitter_misc":{"Temps estimat de lectura":"2 minuts"},"schema":{"@context":"https:\/\/schema.org","@graph":[{"@type":"WebPage","@id":"https:\/\/librosdelzorrorojo.com\/ca\/cataleg\/el-millor-restaurant-del-mon\/","url":"https:\/\/librosdelzorrorojo.com\/ca\/cataleg\/el-millor-restaurant-del-mon\/","name":"El millor restaurant del m\u00f3n - Libros del Zorro Rojo","isPartOf":{"@id":"https:\/\/librosdelzorrorojo.com\/#website"},"primaryImageOfPage":{"@id":"https:\/\/librosdelzorrorojo.com\/ca\/cataleg\/el-millor-restaurant-del-mon\/#primaryimage"},"image":{"@id":"https:\/\/librosdelzorrorojo.com\/ca\/cataleg\/el-millor-restaurant-del-mon\/#primaryimage"},"thumbnailUrl":"https:\/\/librosdelzorrorojo.com\/wp-content\/uploads\/2025\/01\/Cover-Mejor-restaurant-CAT-PRINT-scaled.jpg","datePublished":"2025-02-19T09:33:51+00:00","dateModified":"2026-04-09T10:32:27+00:00","breadcrumb":{"@id":"https:\/\/librosdelzorrorojo.com\/ca\/cataleg\/el-millor-restaurant-del-mon\/#breadcrumb"},"inLanguage":"ca","potentialAction":[{"@type":"ReadAction","target":["https:\/\/librosdelzorrorojo.com\/ca\/cataleg\/el-millor-restaurant-del-mon\/"]}]},{"@type":"ImageObject","inLanguage":"ca","@id":"https:\/\/librosdelzorrorojo.com\/ca\/cataleg\/el-millor-restaurant-del-mon\/#primaryimage","url":"https:\/\/librosdelzorrorojo.com\/wp-content\/uploads\/2025\/01\/Cover-Mejor-restaurant-CAT-PRINT-scaled.jpg","contentUrl":"https:\/\/librosdelzorrorojo.com\/wp-content\/uploads\/2025\/01\/Cover-Mejor-restaurant-CAT-PRINT-scaled.jpg","width":2140,"height":2560,"caption":"Cover Mejor restaurant CAT PRINT scaled"},{"@type":"BreadcrumbList","@id":"https:\/\/librosdelzorrorojo.com\/ca\/cataleg\/el-millor-restaurant-del-mon\/#breadcrumb","itemListElement":[{"@type":"ListItem","position":1,"name":"Portada","item":"https:\/\/librosdelzorrorojo.com\/ca\/"},{"@type":"ListItem","position":2,"name":"Cat\u00e0leg","item":"https:\/\/librosdelzorrorojo.com\/ca\/cataleg\/"},{"@type":"ListItem","position":3,"name":"El millor restaurant del m\u00f3n"}]},{"@type":"WebSite","@id":"https:\/\/librosdelzorrorojo.com\/#website","url":"https:\/\/librosdelzorrorojo.com\/","name":"Libros del Zorro Rojo","description":"Libros ilustrados","potentialAction":[{"@type":"SearchAction","target":{"@type":"EntryPoint","urlTemplate":"https:\/\/librosdelzorrorojo.com\/?s={search_term_string}"},"query-input":{"@type":"PropertyValueSpecification","valueRequired":true,"valueName":"search_term_string"}}],"inLanguage":"ca"}]}},"_links":{"self":[{"href":"https:\/\/librosdelzorrorojo.com\/ca\/wp-json\/wp\/v2\/product\/29277","targetHints":{"allow":["GET"]}}],"collection":[{"href":"https:\/\/librosdelzorrorojo.com\/ca\/wp-json\/wp\/v2\/product"}],"about":[{"href":"https:\/\/librosdelzorrorojo.com\/ca\/wp-json\/wp\/v2\/types\/product"}],"wp:featuredmedia":[{"embeddable":true,"href":"https:\/\/librosdelzorrorojo.com\/ca\/wp-json\/wp\/v2\/media\/29278"}],"wp:attachment":[{"href":"https:\/\/librosdelzorrorojo.com\/ca\/wp-json\/wp\/v2\/media?parent=29277"}],"wp:term":[{"taxonomy":"product_brand","embeddable":true,"href":"https:\/\/librosdelzorrorojo.com\/ca\/wp-json\/wp\/v2\/product_brand?post=29277"},{"taxonomy":"product_cat","embeddable":true,"href":"https:\/\/librosdelzorrorojo.com\/ca\/wp-json\/wp\/v2\/product_cat?post=29277"},{"taxonomy":"product_tag","embeddable":true,"href":"https:\/\/librosdelzorrorojo.com\/ca\/wp-json\/wp\/v2\/product_tag?post=29277"}],"curies":[{"name":"wp","href":"https:\/\/api.w.org\/{rel}","templated":true}]}}