{"id":29274,"date":"2025-02-19T10:31:32","date_gmt":"2025-02-19T09:31:32","guid":{"rendered":"https:\/\/librosdelzorrorojo.com\/catalogo\/el-mejor-restaurante-del-mundo\/"},"modified":"2025-10-08T12:54:40","modified_gmt":"2025-10-08T10:54:40","slug":"el-mejor-restaurante-del-mundo","status":"publish","type":"product","link":"https:\/\/librosdelzorrorojo.com\/ca\/cataleg\/el-mejor-restaurante-del-mundo\/","title":{"rendered":"El mejor restaurante del mundo"},"content":{"rendered":"<p>Zaza ha tenido una idea genial: abrir un restaurante en el bosque y ofrecer una cena a la pandilla. Para ello toma nota de los platos preferidos de Popov, Miki, Nono, Agus, Zaza, Kika, Jana, Pedro y Omar, y a todos les asigna una tarea, bien sea construir las mesas, dibujar el r\u00f3tulo del restaurante, colocar la vajilla o decorar el espacio. Zaza lo ha previsto todo, salvo un peque\u00f1o detalle, un olvido que puede arruinar la cena tan anhelada. Sin embargo, el esp\u00edritu de camarader\u00eda que reina entre estos perritos har\u00e1 que pasen una noche inolvidable y disfruten de la mejor cena del mundo.<\/p>\n<p>Como todos los t\u00edtulos de la serie, cada p\u00e1gina de este libro de cart\u00f3n \u2014un formato ideal para que los peque\u00f1os se familiaricen con el libro como objeto f\u00edsico\u2014 es un estallido de colores repleto de detalles. Puro deleite que lleva al lector o lectora aexplorar cada rinc\u00f3n en busca de escenas divertidas. Doroth\u00e9e de Monfreid, autora de culto, construye historias sencillas y alegres en las que todo individuo, con sus virtudes y sus defectos, es \u00fanico e importante.<\/p>\n<p><img decoding=\"async\" src=\"https:\/\/librosdelzorrorojo.com\/wp-content\/uploads\/2024\/10\/ICEC.jpg\" alt=\"\" width=\"359\" height=\"75\" class=\"alignnone wp-image-29095\" \/><\/p>\n","protected":false},"excerpt":{"rendered":"Zaza ha tenido una idea genial: abrir un restaurante en el bosque y ofrecer una cena a la pandilla. Para ello toma nota de los platos preferidos de Popov, Miki, Nono, Agus, Zaza, Kika, Jana, Pedro y Omar, y a todos les asigna una tarea, bien sea construir las mesas, dibujar el r\u00f3tulo del restaurante, [&hellip;]","protected":false},"featured_media":29273,"template":"","meta":{"_acf_changed":false},"product_brand":[],"product_cat":[844,843,839],"product_tag":[],"class_list":{"0":"post-29274","1":"product","2":"type-product","3":"status-publish","4":"has-post-thumbnail","6":"product_cat-castella","7":"product_cat-infantiles-ca","8":"product_cat-zona-kids-ca","9":"vinculo-el-mejor-restaurante-del-mundo","11":"first","12":"instock","13":"taxable","14":"shipping-taxable","15":"purchasable","16":"product-type-simple"},"acf":[],"yoast_head":"<!-- This site is optimized with the Yoast SEO plugin v25.1 - https:\/\/yoast.com\/wordpress\/plugins\/seo\/ -->\n<title>El mejor restaurante del mundo - Libros del Zorro Rojo<\/title>\n<meta name=\"robots\" content=\"index, follow, max-snippet:-1, max-image-preview:large, max-video-preview:-1\" \/>\n<link rel=\"canonical\" href=\"https:\/\/librosdelzorrorojo.com\/ca\/cataleg\/el-mejor-restaurante-del-mundo\/\" \/>\n<meta property=\"og:locale\" content=\"ca_ES\" \/>\n<meta property=\"og:type\" content=\"article\" \/>\n<meta property=\"og:title\" content=\"El mejor restaurante del mundo - Libros del Zorro Rojo\" \/>\n<meta property=\"og:description\" content=\"Zaza ha tenido una idea genial: abrir un restaurante en el bosque y ofrecer una cena a la pandilla. Para ello toma nota de los platos preferidos de Popov, Miki, Nono, Agus, Zaza, Kika, Jana, Pedro y Omar, y a todos les asigna una tarea, bien sea construir las mesas, dibujar el r\u00f3tulo del restaurante, [&hellip;]\" \/>\n<meta property=\"og:url\" content=\"https:\/\/librosdelzorrorojo.com\/ca\/cataleg\/el-mejor-restaurante-del-mundo\/\" \/>\n<meta property=\"og:site_name\" content=\"Libros del Zorro Rojo\" \/>\n<meta property=\"article:modified_time\" content=\"2025-10-08T10:54:40+00:00\" \/>\n<meta property=\"og:image\" content=\"https:\/\/librosdelzorrorojo.com\/wp-content\/uploads\/2025\/01\/Cover-Mejor-restaurant-SPA-PRINT-scaled.jpg\" \/>\n\t<meta property=\"og:image:width\" content=\"2111\" \/>\n\t<meta property=\"og:image:height\" content=\"2560\" \/>\n\t<meta property=\"og:image:type\" content=\"image\/jpeg\" \/>\n<meta name=\"twitter:card\" content=\"summary_large_image\" \/>\n<meta name=\"twitter:label1\" content=\"Temps estimat de lectura\" \/>\n\t<meta name=\"twitter:data1\" content=\"1 minut\" \/>\n<script type=\"application\/ld+json\" class=\"yoast-schema-graph\">{\"@context\":\"https:\/\/schema.org\",\"@graph\":[{\"@type\":\"WebPage\",\"@id\":\"https:\/\/librosdelzorrorojo.com\/ca\/cataleg\/el-mejor-restaurante-del-mundo\/\",\"url\":\"https:\/\/librosdelzorrorojo.com\/ca\/cataleg\/el-mejor-restaurante-del-mundo\/\",\"name\":\"El mejor restaurante del mundo - Libros del Zorro Rojo\",\"isPartOf\":{\"@id\":\"https:\/\/librosdelzorrorojo.com\/#website\"},\"primaryImageOfPage\":{\"@id\":\"https:\/\/librosdelzorrorojo.com\/ca\/cataleg\/el-mejor-restaurante-del-mundo\/#primaryimage\"},\"image\":{\"@id\":\"https:\/\/librosdelzorrorojo.com\/ca\/cataleg\/el-mejor-restaurante-del-mundo\/#primaryimage\"},\"thumbnailUrl\":\"https:\/\/librosdelzorrorojo.com\/wp-content\/uploads\/2025\/01\/Cover-Mejor-restaurant-SPA-PRINT-scaled.jpg\",\"datePublished\":\"2025-02-19T09:31:32+00:00\",\"dateModified\":\"2025-10-08T10:54:40+00:00\",\"breadcrumb\":{\"@id\":\"https:\/\/librosdelzorrorojo.com\/ca\/cataleg\/el-mejor-restaurante-del-mundo\/#breadcrumb\"},\"inLanguage\":\"ca\",\"potentialAction\":[{\"@type\":\"ReadAction\",\"target\":[\"https:\/\/librosdelzorrorojo.com\/ca\/cataleg\/el-mejor-restaurante-del-mundo\/\"]}]},{\"@type\":\"ImageObject\",\"inLanguage\":\"ca\",\"@id\":\"https:\/\/librosdelzorrorojo.com\/ca\/cataleg\/el-mejor-restaurante-del-mundo\/#primaryimage\",\"url\":\"https:\/\/librosdelzorrorojo.com\/wp-content\/uploads\/2025\/01\/Cover-Mejor-restaurant-SPA-PRINT-scaled.jpg\",\"contentUrl\":\"https:\/\/librosdelzorrorojo.com\/wp-content\/uploads\/2025\/01\/Cover-Mejor-restaurant-SPA-PRINT-scaled.jpg\",\"width\":2111,\"height\":2560,\"caption\":\"Cover Mejor restaurant SPA PRINT scaled\"},{\"@type\":\"BreadcrumbList\",\"@id\":\"https:\/\/librosdelzorrorojo.com\/ca\/cataleg\/el-mejor-restaurante-del-mundo\/#breadcrumb\",\"itemListElement\":[{\"@type\":\"ListItem\",\"position\":1,\"name\":\"Portada\",\"item\":\"https:\/\/librosdelzorrorojo.com\/ca\/\"},{\"@type\":\"ListItem\",\"position\":2,\"name\":\"Cat\u00e0leg\",\"item\":\"https:\/\/librosdelzorrorojo.com\/ca\/cataleg\/\"},{\"@type\":\"ListItem\",\"position\":3,\"name\":\"El mejor restaurante del mundo\"}]},{\"@type\":\"WebSite\",\"@id\":\"https:\/\/librosdelzorrorojo.com\/#website\",\"url\":\"https:\/\/librosdelzorrorojo.com\/\",\"name\":\"Libros del Zorro Rojo\",\"description\":\"Libros ilustrados\",\"potentialAction\":[{\"@type\":\"SearchAction\",\"target\":{\"@type\":\"EntryPoint\",\"urlTemplate\":\"https:\/\/librosdelzorrorojo.com\/?s={search_term_string}\"},\"query-input\":{\"@type\":\"PropertyValueSpecification\",\"valueRequired\":true,\"valueName\":\"search_term_string\"}}],\"inLanguage\":\"ca\"}]}<\/script>\n<!-- \/ Yoast SEO plugin. -->","yoast_head_json":{"title":"El mejor restaurante del mundo - Libros del Zorro Rojo","robots":{"index":"index","follow":"follow","max-snippet":"max-snippet:-1","max-image-preview":"max-image-preview:large","max-video-preview":"max-video-preview:-1"},"canonical":"https:\/\/librosdelzorrorojo.com\/ca\/cataleg\/el-mejor-restaurante-del-mundo\/","og_locale":"ca_ES","og_type":"article","og_title":"El mejor restaurante del mundo - Libros del Zorro Rojo","og_description":"Zaza ha tenido una idea genial: abrir un restaurante en el bosque y ofrecer una cena a la pandilla. Para ello toma nota de los platos preferidos de Popov, Miki, Nono, Agus, Zaza, Kika, Jana, Pedro y Omar, y a todos les asigna una tarea, bien sea construir las mesas, dibujar el r\u00f3tulo del restaurante, [&hellip;]","og_url":"https:\/\/librosdelzorrorojo.com\/ca\/cataleg\/el-mejor-restaurante-del-mundo\/","og_site_name":"Libros del Zorro Rojo","article_modified_time":"2025-10-08T10:54:40+00:00","og_image":[{"width":2111,"height":2560,"url":"https:\/\/librosdelzorrorojo.com\/wp-content\/uploads\/2025\/01\/Cover-Mejor-restaurant-SPA-PRINT-scaled.jpg","type":"image\/jpeg"}],"twitter_card":"summary_large_image","twitter_misc":{"Temps estimat de lectura":"1 minut"},"schema":{"@context":"https:\/\/schema.org","@graph":[{"@type":"WebPage","@id":"https:\/\/librosdelzorrorojo.com\/ca\/cataleg\/el-mejor-restaurante-del-mundo\/","url":"https:\/\/librosdelzorrorojo.com\/ca\/cataleg\/el-mejor-restaurante-del-mundo\/","name":"El mejor restaurante del mundo - Libros del Zorro Rojo","isPartOf":{"@id":"https:\/\/librosdelzorrorojo.com\/#website"},"primaryImageOfPage":{"@id":"https:\/\/librosdelzorrorojo.com\/ca\/cataleg\/el-mejor-restaurante-del-mundo\/#primaryimage"},"image":{"@id":"https:\/\/librosdelzorrorojo.com\/ca\/cataleg\/el-mejor-restaurante-del-mundo\/#primaryimage"},"thumbnailUrl":"https:\/\/librosdelzorrorojo.com\/wp-content\/uploads\/2025\/01\/Cover-Mejor-restaurant-SPA-PRINT-scaled.jpg","datePublished":"2025-02-19T09:31:32+00:00","dateModified":"2025-10-08T10:54:40+00:00","breadcrumb":{"@id":"https:\/\/librosdelzorrorojo.com\/ca\/cataleg\/el-mejor-restaurante-del-mundo\/#breadcrumb"},"inLanguage":"ca","potentialAction":[{"@type":"ReadAction","target":["https:\/\/librosdelzorrorojo.com\/ca\/cataleg\/el-mejor-restaurante-del-mundo\/"]}]},{"@type":"ImageObject","inLanguage":"ca","@id":"https:\/\/librosdelzorrorojo.com\/ca\/cataleg\/el-mejor-restaurante-del-mundo\/#primaryimage","url":"https:\/\/librosdelzorrorojo.com\/wp-content\/uploads\/2025\/01\/Cover-Mejor-restaurant-SPA-PRINT-scaled.jpg","contentUrl":"https:\/\/librosdelzorrorojo.com\/wp-content\/uploads\/2025\/01\/Cover-Mejor-restaurant-SPA-PRINT-scaled.jpg","width":2111,"height":2560,"caption":"Cover Mejor restaurant SPA PRINT scaled"},{"@type":"BreadcrumbList","@id":"https:\/\/librosdelzorrorojo.com\/ca\/cataleg\/el-mejor-restaurante-del-mundo\/#breadcrumb","itemListElement":[{"@type":"ListItem","position":1,"name":"Portada","item":"https:\/\/librosdelzorrorojo.com\/ca\/"},{"@type":"ListItem","position":2,"name":"Cat\u00e0leg","item":"https:\/\/librosdelzorrorojo.com\/ca\/cataleg\/"},{"@type":"ListItem","position":3,"name":"El mejor restaurante del mundo"}]},{"@type":"WebSite","@id":"https:\/\/librosdelzorrorojo.com\/#website","url":"https:\/\/librosdelzorrorojo.com\/","name":"Libros del Zorro Rojo","description":"Libros ilustrados","potentialAction":[{"@type":"SearchAction","target":{"@type":"EntryPoint","urlTemplate":"https:\/\/librosdelzorrorojo.com\/?s={search_term_string}"},"query-input":{"@type":"PropertyValueSpecification","valueRequired":true,"valueName":"search_term_string"}}],"inLanguage":"ca"}]}},"_links":{"self":[{"href":"https:\/\/librosdelzorrorojo.com\/ca\/wp-json\/wp\/v2\/product\/29274","targetHints":{"allow":["GET"]}}],"collection":[{"href":"https:\/\/librosdelzorrorojo.com\/ca\/wp-json\/wp\/v2\/product"}],"about":[{"href":"https:\/\/librosdelzorrorojo.com\/ca\/wp-json\/wp\/v2\/types\/product"}],"wp:featuredmedia":[{"embeddable":true,"href":"https:\/\/librosdelzorrorojo.com\/ca\/wp-json\/wp\/v2\/media\/29273"}],"wp:attachment":[{"href":"https:\/\/librosdelzorrorojo.com\/ca\/wp-json\/wp\/v2\/media?parent=29274"}],"wp:term":[{"taxonomy":"product_brand","embeddable":true,"href":"https:\/\/librosdelzorrorojo.com\/ca\/wp-json\/wp\/v2\/product_brand?post=29274"},{"taxonomy":"product_cat","embeddable":true,"href":"https:\/\/librosdelzorrorojo.com\/ca\/wp-json\/wp\/v2\/product_cat?post=29274"},{"taxonomy":"product_tag","embeddable":true,"href":"https:\/\/librosdelzorrorojo.com\/ca\/wp-json\/wp\/v2\/product_tag?post=29274"}],"curies":[{"name":"wp","href":"https:\/\/api.w.org\/{rel}","templated":true}]}}