{"id":29267,"date":"2025-02-12T10:24:47","date_gmt":"2025-02-12T09:24:47","guid":{"rendered":"https:\/\/librosdelzorrorojo.com\/?post_type=product&#038;p=29267"},"modified":"2025-02-12T11:08:22","modified_gmt":"2025-02-12T10:08:22","slug":"mai-ballis-amb-un-dinosaure","status":"publish","type":"product","link":"https:\/\/librosdelzorrorojo.com\/ca\/cataleg\/mai-ballis-amb-un-dinosaure\/","title":{"rendered":"Mai ballis amb un dinosaure"},"content":{"rendered":"<p>La Peri no pot parar quieta. T\u00e9 tanta passi\u00f3 pel ball que a tota hora salta, pica de peus, es belluga i fa piruetes. Aix\u00ed no \u00e9s manera de ballar a la classe de dansa cl\u00e0ssica de la senyoreta De Puntetes, on cal moure\u2019s amb gr\u00e0cia, lleugeresa i eleg\u00e0ncia. \u00abSembla que ballis amb un dinosaure. Mai ballis amb un. S\u00f3n enormes i ventruts, barroers i molt creguts.\u00bb L\u2019aparici\u00f3 m\u00e0gica d\u2019un dinosaure dansaire ajudar\u00e0 la Peri a trobar el seu lloc en el m\u00f3n del ball, encara que hagi de desobeir les ordres de la sever\u00edssima professora de ballet. Mai ballis amb un dinosaure, un llibre ple de moviment trepidant, recorda als lectors m\u00e9s joves que s\u2019ha de ballar sempre al so de la pr\u00f2pia melodia.<\/p>\n","protected":false},"excerpt":{"rendered":"La Peri no pot parar quieta. T\u00e9 tanta passi\u00f3 pel ball que a tota hora salta, pica de peus, es belluga i fa piruetes. Aix\u00ed no \u00e9s manera de ballar a la classe de dansa cl\u00e0ssica de la senyoreta De Puntetes, on cal moure\u2019s amb gr\u00e0cia, lleugeresa i eleg\u00e0ncia. \u00abSembla que ballis amb un dinosaure. [&hellip;]","protected":false},"featured_media":29264,"template":"","meta":{"_acf_changed":false},"product_brand":[],"product_cat":[840,843,839],"product_tag":[],"class_list":{"0":"post-29267","1":"product","2":"type-product","3":"status-publish","4":"has-post-thumbnail","6":"product_cat-catala","7":"product_cat-infantiles-ca","8":"product_cat-zona-kids-ca","9":"vinculo-nunca-bailes-con-un-dinosaurio","11":"first","12":"instock","13":"taxable","14":"shipping-taxable","15":"purchasable","16":"product-type-simple"},"acf":[],"yoast_head":"<!-- This site is optimized with the Yoast SEO plugin v25.1 - https:\/\/yoast.com\/wordpress\/plugins\/seo\/ -->\n<title>Mai ballis amb un dinosaure - Libros del Zorro Rojo<\/title>\n<meta name=\"robots\" content=\"index, follow, max-snippet:-1, max-image-preview:large, max-video-preview:-1\" \/>\n<link rel=\"canonical\" href=\"https:\/\/librosdelzorrorojo.com\/ca\/cataleg\/mai-ballis-amb-un-dinosaure\/\" \/>\n<meta property=\"og:locale\" content=\"ca_ES\" \/>\n<meta property=\"og:type\" content=\"article\" \/>\n<meta property=\"og:title\" content=\"Mai ballis amb un dinosaure - Libros del Zorro Rojo\" \/>\n<meta property=\"og:description\" content=\"La Peri no pot parar quieta. T\u00e9 tanta passi\u00f3 pel ball que a tota hora salta, pica de peus, es belluga i fa piruetes. Aix\u00ed no \u00e9s manera de ballar a la classe de dansa cl\u00e0ssica de la senyoreta De Puntetes, on cal moure\u2019s amb gr\u00e0cia, lleugeresa i eleg\u00e0ncia. \u00abSembla que ballis amb un dinosaure. [&hellip;]\" \/>\n<meta property=\"og:url\" content=\"https:\/\/librosdelzorrorojo.com\/ca\/cataleg\/mai-ballis-amb-un-dinosaure\/\" \/>\n<meta property=\"og:site_name\" content=\"Libros del Zorro Rojo\" \/>\n<meta property=\"article:modified_time\" content=\"2025-02-12T10:08:22+00:00\" \/>\n<meta property=\"og:image\" content=\"https:\/\/librosdelzorrorojo.com\/wp-content\/uploads\/2025\/01\/Portada_Nunca-bailes-con-un-dinosaurio-CAT-PRINT-21-oct-24-scaled.jpg\" \/>\n\t<meta property=\"og:image:width\" content=\"2545\" \/>\n\t<meta property=\"og:image:height\" content=\"2560\" \/>\n\t<meta property=\"og:image:type\" content=\"image\/jpeg\" \/>\n<meta name=\"twitter:card\" content=\"summary_large_image\" \/>\n<meta name=\"twitter:label1\" content=\"Temps estimat de lectura\" \/>\n\t<meta name=\"twitter:data1\" content=\"1 minut\" \/>\n<script type=\"application\/ld+json\" class=\"yoast-schema-graph\">{\"@context\":\"https:\/\/schema.org\",\"@graph\":[{\"@type\":\"WebPage\",\"@id\":\"https:\/\/librosdelzorrorojo.com\/ca\/cataleg\/mai-ballis-amb-un-dinosaure\/\",\"url\":\"https:\/\/librosdelzorrorojo.com\/ca\/cataleg\/mai-ballis-amb-un-dinosaure\/\",\"name\":\"Mai ballis amb un dinosaure - Libros del Zorro Rojo\",\"isPartOf\":{\"@id\":\"https:\/\/librosdelzorrorojo.com\/#website\"},\"primaryImageOfPage\":{\"@id\":\"https:\/\/librosdelzorrorojo.com\/ca\/cataleg\/mai-ballis-amb-un-dinosaure\/#primaryimage\"},\"image\":{\"@id\":\"https:\/\/librosdelzorrorojo.com\/ca\/cataleg\/mai-ballis-amb-un-dinosaure\/#primaryimage\"},\"thumbnailUrl\":\"https:\/\/librosdelzorrorojo.com\/wp-content\/uploads\/2025\/01\/Portada_Nunca-bailes-con-un-dinosaurio-CAT-PRINT-21-oct-24-scaled.jpg\",\"datePublished\":\"2025-02-12T09:24:47+00:00\",\"dateModified\":\"2025-02-12T10:08:22+00:00\",\"breadcrumb\":{\"@id\":\"https:\/\/librosdelzorrorojo.com\/ca\/cataleg\/mai-ballis-amb-un-dinosaure\/#breadcrumb\"},\"inLanguage\":\"ca\",\"potentialAction\":[{\"@type\":\"ReadAction\",\"target\":[\"https:\/\/librosdelzorrorojo.com\/ca\/cataleg\/mai-ballis-amb-un-dinosaure\/\"]}]},{\"@type\":\"ImageObject\",\"inLanguage\":\"ca\",\"@id\":\"https:\/\/librosdelzorrorojo.com\/ca\/cataleg\/mai-ballis-amb-un-dinosaure\/#primaryimage\",\"url\":\"https:\/\/librosdelzorrorojo.com\/wp-content\/uploads\/2025\/01\/Portada_Nunca-bailes-con-un-dinosaurio-CAT-PRINT-21-oct-24-scaled.jpg\",\"contentUrl\":\"https:\/\/librosdelzorrorojo.com\/wp-content\/uploads\/2025\/01\/Portada_Nunca-bailes-con-un-dinosaurio-CAT-PRINT-21-oct-24-scaled.jpg\",\"width\":2545,\"height\":2560,\"caption\":\"Portada Nunca bailes con un dinosaurio CAT PRINT 21 oct 24 scaled\"},{\"@type\":\"BreadcrumbList\",\"@id\":\"https:\/\/librosdelzorrorojo.com\/ca\/cataleg\/mai-ballis-amb-un-dinosaure\/#breadcrumb\",\"itemListElement\":[{\"@type\":\"ListItem\",\"position\":1,\"name\":\"Portada\",\"item\":\"https:\/\/librosdelzorrorojo.com\/ca\/\"},{\"@type\":\"ListItem\",\"position\":2,\"name\":\"Cat\u00e0leg\",\"item\":\"https:\/\/librosdelzorrorojo.com\/ca\/cataleg\/\"},{\"@type\":\"ListItem\",\"position\":3,\"name\":\"Mai ballis amb un dinosaure\"}]},{\"@type\":\"WebSite\",\"@id\":\"https:\/\/librosdelzorrorojo.com\/#website\",\"url\":\"https:\/\/librosdelzorrorojo.com\/\",\"name\":\"Libros del Zorro Rojo\",\"description\":\"Libros ilustrados\",\"potentialAction\":[{\"@type\":\"SearchAction\",\"target\":{\"@type\":\"EntryPoint\",\"urlTemplate\":\"https:\/\/librosdelzorrorojo.com\/?s={search_term_string}\"},\"query-input\":{\"@type\":\"PropertyValueSpecification\",\"valueRequired\":true,\"valueName\":\"search_term_string\"}}],\"inLanguage\":\"ca\"}]}<\/script>\n<!-- \/ Yoast SEO plugin. -->","yoast_head_json":{"title":"Mai ballis amb un dinosaure - Libros del Zorro Rojo","robots":{"index":"index","follow":"follow","max-snippet":"max-snippet:-1","max-image-preview":"max-image-preview:large","max-video-preview":"max-video-preview:-1"},"canonical":"https:\/\/librosdelzorrorojo.com\/ca\/cataleg\/mai-ballis-amb-un-dinosaure\/","og_locale":"ca_ES","og_type":"article","og_title":"Mai ballis amb un dinosaure - Libros del Zorro Rojo","og_description":"La Peri no pot parar quieta. T\u00e9 tanta passi\u00f3 pel ball que a tota hora salta, pica de peus, es belluga i fa piruetes. Aix\u00ed no \u00e9s manera de ballar a la classe de dansa cl\u00e0ssica de la senyoreta De Puntetes, on cal moure\u2019s amb gr\u00e0cia, lleugeresa i eleg\u00e0ncia. \u00abSembla que ballis amb un dinosaure. [&hellip;]","og_url":"https:\/\/librosdelzorrorojo.com\/ca\/cataleg\/mai-ballis-amb-un-dinosaure\/","og_site_name":"Libros del Zorro Rojo","article_modified_time":"2025-02-12T10:08:22+00:00","og_image":[{"width":2545,"height":2560,"url":"https:\/\/librosdelzorrorojo.com\/wp-content\/uploads\/2025\/01\/Portada_Nunca-bailes-con-un-dinosaurio-CAT-PRINT-21-oct-24-scaled.jpg","type":"image\/jpeg"}],"twitter_card":"summary_large_image","twitter_misc":{"Temps estimat de lectura":"1 minut"},"schema":{"@context":"https:\/\/schema.org","@graph":[{"@type":"WebPage","@id":"https:\/\/librosdelzorrorojo.com\/ca\/cataleg\/mai-ballis-amb-un-dinosaure\/","url":"https:\/\/librosdelzorrorojo.com\/ca\/cataleg\/mai-ballis-amb-un-dinosaure\/","name":"Mai ballis amb un dinosaure - Libros del Zorro Rojo","isPartOf":{"@id":"https:\/\/librosdelzorrorojo.com\/#website"},"primaryImageOfPage":{"@id":"https:\/\/librosdelzorrorojo.com\/ca\/cataleg\/mai-ballis-amb-un-dinosaure\/#primaryimage"},"image":{"@id":"https:\/\/librosdelzorrorojo.com\/ca\/cataleg\/mai-ballis-amb-un-dinosaure\/#primaryimage"},"thumbnailUrl":"https:\/\/librosdelzorrorojo.com\/wp-content\/uploads\/2025\/01\/Portada_Nunca-bailes-con-un-dinosaurio-CAT-PRINT-21-oct-24-scaled.jpg","datePublished":"2025-02-12T09:24:47+00:00","dateModified":"2025-02-12T10:08:22+00:00","breadcrumb":{"@id":"https:\/\/librosdelzorrorojo.com\/ca\/cataleg\/mai-ballis-amb-un-dinosaure\/#breadcrumb"},"inLanguage":"ca","potentialAction":[{"@type":"ReadAction","target":["https:\/\/librosdelzorrorojo.com\/ca\/cataleg\/mai-ballis-amb-un-dinosaure\/"]}]},{"@type":"ImageObject","inLanguage":"ca","@id":"https:\/\/librosdelzorrorojo.com\/ca\/cataleg\/mai-ballis-amb-un-dinosaure\/#primaryimage","url":"https:\/\/librosdelzorrorojo.com\/wp-content\/uploads\/2025\/01\/Portada_Nunca-bailes-con-un-dinosaurio-CAT-PRINT-21-oct-24-scaled.jpg","contentUrl":"https:\/\/librosdelzorrorojo.com\/wp-content\/uploads\/2025\/01\/Portada_Nunca-bailes-con-un-dinosaurio-CAT-PRINT-21-oct-24-scaled.jpg","width":2545,"height":2560,"caption":"Portada Nunca bailes con un dinosaurio CAT PRINT 21 oct 24 scaled"},{"@type":"BreadcrumbList","@id":"https:\/\/librosdelzorrorojo.com\/ca\/cataleg\/mai-ballis-amb-un-dinosaure\/#breadcrumb","itemListElement":[{"@type":"ListItem","position":1,"name":"Portada","item":"https:\/\/librosdelzorrorojo.com\/ca\/"},{"@type":"ListItem","position":2,"name":"Cat\u00e0leg","item":"https:\/\/librosdelzorrorojo.com\/ca\/cataleg\/"},{"@type":"ListItem","position":3,"name":"Mai ballis amb un dinosaure"}]},{"@type":"WebSite","@id":"https:\/\/librosdelzorrorojo.com\/#website","url":"https:\/\/librosdelzorrorojo.com\/","name":"Libros del Zorro Rojo","description":"Libros ilustrados","potentialAction":[{"@type":"SearchAction","target":{"@type":"EntryPoint","urlTemplate":"https:\/\/librosdelzorrorojo.com\/?s={search_term_string}"},"query-input":{"@type":"PropertyValueSpecification","valueRequired":true,"valueName":"search_term_string"}}],"inLanguage":"ca"}]}},"_links":{"self":[{"href":"https:\/\/librosdelzorrorojo.com\/ca\/wp-json\/wp\/v2\/product\/29267","targetHints":{"allow":["GET"]}}],"collection":[{"href":"https:\/\/librosdelzorrorojo.com\/ca\/wp-json\/wp\/v2\/product"}],"about":[{"href":"https:\/\/librosdelzorrorojo.com\/ca\/wp-json\/wp\/v2\/types\/product"}],"wp:featuredmedia":[{"embeddable":true,"href":"https:\/\/librosdelzorrorojo.com\/ca\/wp-json\/wp\/v2\/media\/29264"}],"wp:attachment":[{"href":"https:\/\/librosdelzorrorojo.com\/ca\/wp-json\/wp\/v2\/media?parent=29267"}],"wp:term":[{"taxonomy":"product_brand","embeddable":true,"href":"https:\/\/librosdelzorrorojo.com\/ca\/wp-json\/wp\/v2\/product_brand?post=29267"},{"taxonomy":"product_cat","embeddable":true,"href":"https:\/\/librosdelzorrorojo.com\/ca\/wp-json\/wp\/v2\/product_cat?post=29267"},{"taxonomy":"product_tag","embeddable":true,"href":"https:\/\/librosdelzorrorojo.com\/ca\/wp-json\/wp\/v2\/product_tag?post=29267"}],"curies":[{"name":"wp","href":"https:\/\/api.w.org\/{rel}","templated":true}]}}