{"id":29259,"date":"2025-01-10T14:28:55","date_gmt":"2025-01-10T13:28:55","guid":{"rendered":"https:\/\/librosdelzorrorojo.com\/catalogo\/historia-abreviada-de-la-literatura-portatil\/"},"modified":"2025-05-19T11:12:35","modified_gmt":"2025-05-19T09:12:35","slug":"historia-abreviada-de-la-literatura-portatil","status":"publish","type":"product","link":"https:\/\/librosdelzorrorojo.com\/ca\/cataleg\/historia-abreviada-de-la-literatura-portatil\/","title":{"rendered":"Historia abreviada de la literatura port\u00e1til"},"content":{"rendered":"<p>La publicaci\u00f3n de esta obra, en 1985, convirti\u00f3 a Enrique Vila-Matas en un autor de culto. La ins\u00f3lita historia de la sociedad secreta de los shandys, la m\u00e1s alegre, singular y chiflada que jam\u00e1s existi\u00f3, y de la que formaron parte figuras como Duchamp, Walter Benjamin, Blaise Cendrars y Aleister Crowley, sin olvidar a Georgia O\u2019Keefe y a Rita Mal\u00fa, era un artefacto narrativo inusitado en las letras hisp\u00e1nicas. Su autor, que manejaba con igual descaro una documentaci\u00f3n s\u00f3lida y cosmopolita y la fantas\u00eda m\u00e1s exc\u00e9ntrica, levant\u00f3 una cartograf\u00eda erudita y descacharrante inspirada en las vanguardias hist\u00f3ricas de comienzos del siglo XX, toda vez que lanzaba un manifiesto a favor de la levedad, un aut\u00e9ntico programa est\u00e9tico y moral.<\/p>\n<p>A casi cuarenta a\u00f1os de su aparici\u00f3n, y en el vig\u00e9simo aniversario de Libros del Zorro Rojo, publicamos a modo de homenaje esta versi\u00f3n ilustrada por Julio C\u00e9sar P\u00e9rez, Amarillo Indio, sin duda uno de los artistas m\u00e1s port\u00e1tiles de su generaci\u00f3n.<\/p>\n<p><img decoding=\"async\" src=\"https:\/\/librosdelzorrorojo.com\/wp-content\/uploads\/2024\/10\/ICEC.jpg\" alt=\"\" width=\"380\" height=\"85\" class=\"alignnone size-full wp-image-29095\" \/><\/p>\n","protected":false},"excerpt":{"rendered":"La publicaci\u00f3n de esta obra, en 1985, convirti\u00f3 a Enrique Vila-Matas en un autor de culto. La ins\u00f3lita historia de la sociedad secreta de los shandys, la m\u00e1s alegre, singular y chiflada que jam\u00e1s existi\u00f3, y de la que formaron parte figuras como Duchamp, Walter Benjamin, Blaise Cendrars y Aleister Crowley, sin olvidar a Georgia [&hellip;]","protected":false},"featured_media":29256,"template":"","meta":{"_acf_changed":false},"product_brand":[],"product_cat":[844,3156,846],"product_tag":[],"class_list":{"0":"post-29259","1":"product","2":"type-product","3":"status-publish","4":"has-post-thumbnail","6":"product_cat-castella","7":"product_cat-juvenil-adult","8":"product_cat-novedades-ca","10":"first","11":"instock","12":"taxable","13":"shipping-taxable","14":"purchasable","15":"product-type-simple"},"acf":[],"yoast_head":"<!-- This site is optimized with the Yoast SEO plugin v25.1 - https:\/\/yoast.com\/wordpress\/plugins\/seo\/ -->\n<title>Historia abreviada de la literatura port\u00e1til - Libros del Zorro Rojo<\/title>\n<meta name=\"robots\" content=\"index, follow, max-snippet:-1, max-image-preview:large, max-video-preview:-1\" \/>\n<link rel=\"canonical\" href=\"https:\/\/librosdelzorrorojo.com\/ca\/cataleg\/historia-abreviada-de-la-literatura-portatil\/\" \/>\n<meta property=\"og:locale\" content=\"ca_ES\" \/>\n<meta property=\"og:type\" content=\"article\" \/>\n<meta property=\"og:title\" content=\"Historia abreviada de la literatura port\u00e1til - Libros del Zorro Rojo\" \/>\n<meta property=\"og:description\" content=\"La publicaci\u00f3n de esta obra, en 1985, convirti\u00f3 a Enrique Vila-Matas en un autor de culto. La ins\u00f3lita historia de la sociedad secreta de los shandys, la m\u00e1s alegre, singular y chiflada que jam\u00e1s existi\u00f3, y de la que formaron parte figuras como Duchamp, Walter Benjamin, Blaise Cendrars y Aleister Crowley, sin olvidar a Georgia [&hellip;]\" \/>\n<meta property=\"og:url\" content=\"https:\/\/librosdelzorrorojo.com\/ca\/cataleg\/historia-abreviada-de-la-literatura-portatil\/\" \/>\n<meta property=\"og:site_name\" content=\"Libros del Zorro Rojo\" \/>\n<meta property=\"article:modified_time\" content=\"2025-05-19T09:12:35+00:00\" \/>\n<meta property=\"og:image\" content=\"https:\/\/librosdelzorrorojo.com\/wp-content\/uploads\/2025\/01\/CUB_HistLitPortatil-scaled.jpg\" \/>\n\t<meta property=\"og:image:width\" content=\"1679\" \/>\n\t<meta property=\"og:image:height\" content=\"2560\" \/>\n\t<meta property=\"og:image:type\" content=\"image\/jpeg\" \/>\n<meta name=\"twitter:card\" content=\"summary_large_image\" \/>\n<meta name=\"twitter:label1\" content=\"Temps estimat de lectura\" \/>\n\t<meta name=\"twitter:data1\" content=\"1 minut\" \/>\n<script type=\"application\/ld+json\" class=\"yoast-schema-graph\">{\"@context\":\"https:\/\/schema.org\",\"@graph\":[{\"@type\":\"WebPage\",\"@id\":\"https:\/\/librosdelzorrorojo.com\/ca\/cataleg\/historia-abreviada-de-la-literatura-portatil\/\",\"url\":\"https:\/\/librosdelzorrorojo.com\/ca\/cataleg\/historia-abreviada-de-la-literatura-portatil\/\",\"name\":\"Historia abreviada de la literatura port\u00e1til - Libros del Zorro Rojo\",\"isPartOf\":{\"@id\":\"https:\/\/librosdelzorrorojo.com\/#website\"},\"primaryImageOfPage\":{\"@id\":\"https:\/\/librosdelzorrorojo.com\/ca\/cataleg\/historia-abreviada-de-la-literatura-portatil\/#primaryimage\"},\"image\":{\"@id\":\"https:\/\/librosdelzorrorojo.com\/ca\/cataleg\/historia-abreviada-de-la-literatura-portatil\/#primaryimage\"},\"thumbnailUrl\":\"https:\/\/librosdelzorrorojo.com\/wp-content\/uploads\/2025\/01\/CUB_HistLitPortatil-scaled.jpg\",\"datePublished\":\"2025-01-10T13:28:55+00:00\",\"dateModified\":\"2025-05-19T09:12:35+00:00\",\"breadcrumb\":{\"@id\":\"https:\/\/librosdelzorrorojo.com\/ca\/cataleg\/historia-abreviada-de-la-literatura-portatil\/#breadcrumb\"},\"inLanguage\":\"ca\",\"potentialAction\":[{\"@type\":\"ReadAction\",\"target\":[\"https:\/\/librosdelzorrorojo.com\/ca\/cataleg\/historia-abreviada-de-la-literatura-portatil\/\"]}]},{\"@type\":\"ImageObject\",\"inLanguage\":\"ca\",\"@id\":\"https:\/\/librosdelzorrorojo.com\/ca\/cataleg\/historia-abreviada-de-la-literatura-portatil\/#primaryimage\",\"url\":\"https:\/\/librosdelzorrorojo.com\/wp-content\/uploads\/2025\/01\/CUB_HistLitPortatil-scaled.jpg\",\"contentUrl\":\"https:\/\/librosdelzorrorojo.com\/wp-content\/uploads\/2025\/01\/CUB_HistLitPortatil-scaled.jpg\",\"width\":1679,\"height\":2560,\"caption\":\"CUB HistLitPortatil scaled\"},{\"@type\":\"BreadcrumbList\",\"@id\":\"https:\/\/librosdelzorrorojo.com\/ca\/cataleg\/historia-abreviada-de-la-literatura-portatil\/#breadcrumb\",\"itemListElement\":[{\"@type\":\"ListItem\",\"position\":1,\"name\":\"Portada\",\"item\":\"https:\/\/librosdelzorrorojo.com\/ca\/\"},{\"@type\":\"ListItem\",\"position\":2,\"name\":\"Cat\u00e0leg\",\"item\":\"https:\/\/librosdelzorrorojo.com\/ca\/cataleg\/\"},{\"@type\":\"ListItem\",\"position\":3,\"name\":\"Historia abreviada de la literatura port\u00e1til\"}]},{\"@type\":\"WebSite\",\"@id\":\"https:\/\/librosdelzorrorojo.com\/#website\",\"url\":\"https:\/\/librosdelzorrorojo.com\/\",\"name\":\"Libros del Zorro Rojo\",\"description\":\"Libros ilustrados\",\"potentialAction\":[{\"@type\":\"SearchAction\",\"target\":{\"@type\":\"EntryPoint\",\"urlTemplate\":\"https:\/\/librosdelzorrorojo.com\/?s={search_term_string}\"},\"query-input\":{\"@type\":\"PropertyValueSpecification\",\"valueRequired\":true,\"valueName\":\"search_term_string\"}}],\"inLanguage\":\"ca\"}]}<\/script>\n<!-- \/ Yoast SEO plugin. -->","yoast_head_json":{"title":"Historia abreviada de la literatura port\u00e1til - Libros del Zorro Rojo","robots":{"index":"index","follow":"follow","max-snippet":"max-snippet:-1","max-image-preview":"max-image-preview:large","max-video-preview":"max-video-preview:-1"},"canonical":"https:\/\/librosdelzorrorojo.com\/ca\/cataleg\/historia-abreviada-de-la-literatura-portatil\/","og_locale":"ca_ES","og_type":"article","og_title":"Historia abreviada de la literatura port\u00e1til - Libros del Zorro Rojo","og_description":"La publicaci\u00f3n de esta obra, en 1985, convirti\u00f3 a Enrique Vila-Matas en un autor de culto. La ins\u00f3lita historia de la sociedad secreta de los shandys, la m\u00e1s alegre, singular y chiflada que jam\u00e1s existi\u00f3, y de la que formaron parte figuras como Duchamp, Walter Benjamin, Blaise Cendrars y Aleister Crowley, sin olvidar a Georgia [&hellip;]","og_url":"https:\/\/librosdelzorrorojo.com\/ca\/cataleg\/historia-abreviada-de-la-literatura-portatil\/","og_site_name":"Libros del Zorro Rojo","article_modified_time":"2025-05-19T09:12:35+00:00","og_image":[{"width":1679,"height":2560,"url":"https:\/\/librosdelzorrorojo.com\/wp-content\/uploads\/2025\/01\/CUB_HistLitPortatil-scaled.jpg","type":"image\/jpeg"}],"twitter_card":"summary_large_image","twitter_misc":{"Temps estimat de lectura":"1 minut"},"schema":{"@context":"https:\/\/schema.org","@graph":[{"@type":"WebPage","@id":"https:\/\/librosdelzorrorojo.com\/ca\/cataleg\/historia-abreviada-de-la-literatura-portatil\/","url":"https:\/\/librosdelzorrorojo.com\/ca\/cataleg\/historia-abreviada-de-la-literatura-portatil\/","name":"Historia abreviada de la literatura port\u00e1til - Libros del Zorro Rojo","isPartOf":{"@id":"https:\/\/librosdelzorrorojo.com\/#website"},"primaryImageOfPage":{"@id":"https:\/\/librosdelzorrorojo.com\/ca\/cataleg\/historia-abreviada-de-la-literatura-portatil\/#primaryimage"},"image":{"@id":"https:\/\/librosdelzorrorojo.com\/ca\/cataleg\/historia-abreviada-de-la-literatura-portatil\/#primaryimage"},"thumbnailUrl":"https:\/\/librosdelzorrorojo.com\/wp-content\/uploads\/2025\/01\/CUB_HistLitPortatil-scaled.jpg","datePublished":"2025-01-10T13:28:55+00:00","dateModified":"2025-05-19T09:12:35+00:00","breadcrumb":{"@id":"https:\/\/librosdelzorrorojo.com\/ca\/cataleg\/historia-abreviada-de-la-literatura-portatil\/#breadcrumb"},"inLanguage":"ca","potentialAction":[{"@type":"ReadAction","target":["https:\/\/librosdelzorrorojo.com\/ca\/cataleg\/historia-abreviada-de-la-literatura-portatil\/"]}]},{"@type":"ImageObject","inLanguage":"ca","@id":"https:\/\/librosdelzorrorojo.com\/ca\/cataleg\/historia-abreviada-de-la-literatura-portatil\/#primaryimage","url":"https:\/\/librosdelzorrorojo.com\/wp-content\/uploads\/2025\/01\/CUB_HistLitPortatil-scaled.jpg","contentUrl":"https:\/\/librosdelzorrorojo.com\/wp-content\/uploads\/2025\/01\/CUB_HistLitPortatil-scaled.jpg","width":1679,"height":2560,"caption":"CUB HistLitPortatil scaled"},{"@type":"BreadcrumbList","@id":"https:\/\/librosdelzorrorojo.com\/ca\/cataleg\/historia-abreviada-de-la-literatura-portatil\/#breadcrumb","itemListElement":[{"@type":"ListItem","position":1,"name":"Portada","item":"https:\/\/librosdelzorrorojo.com\/ca\/"},{"@type":"ListItem","position":2,"name":"Cat\u00e0leg","item":"https:\/\/librosdelzorrorojo.com\/ca\/cataleg\/"},{"@type":"ListItem","position":3,"name":"Historia abreviada de la literatura port\u00e1til"}]},{"@type":"WebSite","@id":"https:\/\/librosdelzorrorojo.com\/#website","url":"https:\/\/librosdelzorrorojo.com\/","name":"Libros del Zorro Rojo","description":"Libros ilustrados","potentialAction":[{"@type":"SearchAction","target":{"@type":"EntryPoint","urlTemplate":"https:\/\/librosdelzorrorojo.com\/?s={search_term_string}"},"query-input":{"@type":"PropertyValueSpecification","valueRequired":true,"valueName":"search_term_string"}}],"inLanguage":"ca"}]}},"_links":{"self":[{"href":"https:\/\/librosdelzorrorojo.com\/ca\/wp-json\/wp\/v2\/product\/29259","targetHints":{"allow":["GET"]}}],"collection":[{"href":"https:\/\/librosdelzorrorojo.com\/ca\/wp-json\/wp\/v2\/product"}],"about":[{"href":"https:\/\/librosdelzorrorojo.com\/ca\/wp-json\/wp\/v2\/types\/product"}],"wp:featuredmedia":[{"embeddable":true,"href":"https:\/\/librosdelzorrorojo.com\/ca\/wp-json\/wp\/v2\/media\/29256"}],"wp:attachment":[{"href":"https:\/\/librosdelzorrorojo.com\/ca\/wp-json\/wp\/v2\/media?parent=29259"}],"wp:term":[{"taxonomy":"product_brand","embeddable":true,"href":"https:\/\/librosdelzorrorojo.com\/ca\/wp-json\/wp\/v2\/product_brand?post=29259"},{"taxonomy":"product_cat","embeddable":true,"href":"https:\/\/librosdelzorrorojo.com\/ca\/wp-json\/wp\/v2\/product_cat?post=29259"},{"taxonomy":"product_tag","embeddable":true,"href":"https:\/\/librosdelzorrorojo.com\/ca\/wp-json\/wp\/v2\/product_tag?post=29259"}],"curies":[{"name":"wp","href":"https:\/\/api.w.org\/{rel}","templated":true}]}}