{"id":29239,"date":"2025-02-05T10:00:05","date_gmt":"2025-02-05T09:00:05","guid":{"rendered":"https:\/\/librosdelzorrorojo.com\/?post_type=product&#038;p=29239"},"modified":"2025-02-05T10:49:00","modified_gmt":"2025-02-05T09:49:00","slug":"3-al-pol","status":"publish","type":"product","link":"https:\/\/librosdelzorrorojo.com\/ca\/cataleg\/3-al-pol\/","title":{"rendered":"3 al Pol"},"content":{"rendered":"<p>Tres distingits cavallers brit\u00e0nics \u2014un gentleman, un cient\u00edfic i un militar\u2014 emprenen una expedici\u00f3 a l\u2019\u00c0rtic fent servir els m\u00e9s recents aven\u00e7os cient\u00edfi cs i tecnol\u00f2gics i descobreixen, entre altres coses, que els infants, en contra de la llegenda sobre el seu origen, no venen de Par\u00eds: les cigonyes els porten del Pol Nord!<\/p>\n<p>Signat per l\u2019escriptor i periodista empordan\u00e8s \u00c0ngel Ferran i l\u2019il\u00b7lustrador Miquel Cardona, Quelus, i publicat origin\u00e0riament el 1934, 3 al Pol t\u00e9 ressons evidents de les novel\u00b7les d\u2019aventures del segle XIX, especialment de les de Jules Verne, per\u00f2 amb un tractament humor\u00edstic molt modern a cavall de Francesc Trabal i les obres de Ram\u00f3n G\u00f3mez de la Serna, en qu\u00e8 la met\u00e0fora juga amb analogies c\u00f2miques i imatges enginyoses i l\u2019absurd esdev\u00e9 un element po\u00e8tic. Com a moltes obres del seu temps, les perip\u00e8cies treuen partit de les noves tecnologies que es van incorporant a la vida dels homes \u2014des d\u2019un gram\u00f2fon a un cotxe\u2014 i les aventures ja no es limiten a descobrir mons i cultures ex\u00f2tics sin\u00f3 a plantejar tamb\u00e9 el poder de la ci\u00e8ncia per explorar-los.<\/p>\n<p><img decoding=\"async\" src=\"https:\/\/librosdelzorrorojo.com\/wp-content\/uploads\/2024\/10\/ICEC.jpg\" alt=\"\" width=\"380\" height=\"85\" class=\"alignnone size-full wp-image-29096\" \/><\/p>\n","protected":false},"excerpt":{"rendered":"Tres distingits cavallers brit\u00e0nics \u2014un gentleman, un cient\u00edfic i un militar\u2014 emprenen una expedici\u00f3 a l\u2019\u00c0rtic fent servir els m\u00e9s recents aven\u00e7os cient\u00edfi cs i tecnol\u00f2gics i descobreixen, entre altres coses, que els infants, en contra de la llegenda sobre el seu origen, no venen de Par\u00eds: les cigonyes els porten del Pol Nord! Signat [&hellip;]","protected":false},"featured_media":29242,"template":"","meta":{"_acf_changed":false},"product_brand":[],"product_cat":[840,843,839],"product_tag":[],"class_list":{"0":"post-29239","1":"product","2":"type-product","3":"status-publish","4":"has-post-thumbnail","6":"product_cat-catala","7":"product_cat-infantiles-ca","8":"product_cat-zona-kids-ca","10":"first","11":"instock","12":"taxable","13":"shipping-taxable","14":"purchasable","15":"product-type-simple"},"acf":[],"yoast_head":"<!-- This site is optimized with the Yoast SEO plugin v25.1 - https:\/\/yoast.com\/wordpress\/plugins\/seo\/ -->\n<title>3 al Pol - Libros del Zorro Rojo<\/title>\n<meta name=\"robots\" content=\"index, follow, max-snippet:-1, max-image-preview:large, max-video-preview:-1\" \/>\n<link rel=\"canonical\" href=\"https:\/\/librosdelzorrorojo.com\/ca\/cataleg\/3-al-pol\/\" \/>\n<meta property=\"og:locale\" content=\"ca_ES\" \/>\n<meta property=\"og:type\" content=\"article\" \/>\n<meta property=\"og:title\" content=\"3 al Pol - Libros del Zorro Rojo\" \/>\n<meta property=\"og:description\" content=\"Tres distingits cavallers brit\u00e0nics \u2014un gentleman, un cient\u00edfic i un militar\u2014 emprenen una expedici\u00f3 a l\u2019\u00c0rtic fent servir els m\u00e9s recents aven\u00e7os cient\u00edfi cs i tecnol\u00f2gics i descobreixen, entre altres coses, que els infants, en contra de la llegenda sobre el seu origen, no venen de Par\u00eds: les cigonyes els porten del Pol Nord! Signat [&hellip;]\" \/>\n<meta property=\"og:url\" content=\"https:\/\/librosdelzorrorojo.com\/ca\/cataleg\/3-al-pol\/\" \/>\n<meta property=\"og:site_name\" content=\"Libros del Zorro Rojo\" \/>\n<meta property=\"article:modified_time\" content=\"2025-02-05T09:49:00+00:00\" \/>\n<meta property=\"og:image\" content=\"https:\/\/librosdelzorrorojo.com\/wp-content\/uploads\/2025\/01\/Cover-A3-AL-POL2-926x1024.jpg\" \/>\n\t<meta property=\"og:image:width\" content=\"926\" \/>\n\t<meta property=\"og:image:height\" content=\"1024\" \/>\n\t<meta property=\"og:image:type\" content=\"image\/jpeg\" \/>\n<meta name=\"twitter:card\" content=\"summary_large_image\" \/>\n<meta name=\"twitter:label1\" content=\"Temps estimat de lectura\" \/>\n\t<meta name=\"twitter:data1\" content=\"3 minuts\" \/>\n<script type=\"application\/ld+json\" class=\"yoast-schema-graph\">{\"@context\":\"https:\/\/schema.org\",\"@graph\":[{\"@type\":\"WebPage\",\"@id\":\"https:\/\/librosdelzorrorojo.com\/ca\/cataleg\/3-al-pol\/\",\"url\":\"https:\/\/librosdelzorrorojo.com\/ca\/cataleg\/3-al-pol\/\",\"name\":\"3 al Pol - Libros del Zorro Rojo\",\"isPartOf\":{\"@id\":\"https:\/\/librosdelzorrorojo.com\/#website\"},\"primaryImageOfPage\":{\"@id\":\"https:\/\/librosdelzorrorojo.com\/ca\/cataleg\/3-al-pol\/#primaryimage\"},\"image\":{\"@id\":\"https:\/\/librosdelzorrorojo.com\/ca\/cataleg\/3-al-pol\/#primaryimage\"},\"thumbnailUrl\":\"https:\/\/librosdelzorrorojo.com\/wp-content\/uploads\/2025\/01\/Cover-A3-AL-POL2.jpg\",\"datePublished\":\"2025-02-05T09:00:05+00:00\",\"dateModified\":\"2025-02-05T09:49:00+00:00\",\"breadcrumb\":{\"@id\":\"https:\/\/librosdelzorrorojo.com\/ca\/cataleg\/3-al-pol\/#breadcrumb\"},\"inLanguage\":\"ca\",\"potentialAction\":[{\"@type\":\"ReadAction\",\"target\":[\"https:\/\/librosdelzorrorojo.com\/ca\/cataleg\/3-al-pol\/\"]}]},{\"@type\":\"ImageObject\",\"inLanguage\":\"ca\",\"@id\":\"https:\/\/librosdelzorrorojo.com\/ca\/cataleg\/3-al-pol\/#primaryimage\",\"url\":\"https:\/\/librosdelzorrorojo.com\/wp-content\/uploads\/2025\/01\/Cover-A3-AL-POL2.jpg\",\"contentUrl\":\"https:\/\/librosdelzorrorojo.com\/wp-content\/uploads\/2025\/01\/Cover-A3-AL-POL2.jpg\",\"width\":2223,\"height\":2457,\"caption\":\"Cover A3 AL POL2\"},{\"@type\":\"BreadcrumbList\",\"@id\":\"https:\/\/librosdelzorrorojo.com\/ca\/cataleg\/3-al-pol\/#breadcrumb\",\"itemListElement\":[{\"@type\":\"ListItem\",\"position\":1,\"name\":\"Portada\",\"item\":\"https:\/\/librosdelzorrorojo.com\/ca\/\"},{\"@type\":\"ListItem\",\"position\":2,\"name\":\"Cat\u00e0leg\",\"item\":\"https:\/\/librosdelzorrorojo.com\/ca\/cataleg\/\"},{\"@type\":\"ListItem\",\"position\":3,\"name\":\"3 al Pol\"}]},{\"@type\":\"WebSite\",\"@id\":\"https:\/\/librosdelzorrorojo.com\/#website\",\"url\":\"https:\/\/librosdelzorrorojo.com\/\",\"name\":\"Libros del Zorro Rojo\",\"description\":\"Libros ilustrados\",\"potentialAction\":[{\"@type\":\"SearchAction\",\"target\":{\"@type\":\"EntryPoint\",\"urlTemplate\":\"https:\/\/librosdelzorrorojo.com\/?s={search_term_string}\"},\"query-input\":{\"@type\":\"PropertyValueSpecification\",\"valueRequired\":true,\"valueName\":\"search_term_string\"}}],\"inLanguage\":\"ca\"}]}<\/script>\n<!-- \/ Yoast SEO plugin. -->","yoast_head_json":{"title":"3 al Pol - Libros del Zorro Rojo","robots":{"index":"index","follow":"follow","max-snippet":"max-snippet:-1","max-image-preview":"max-image-preview:large","max-video-preview":"max-video-preview:-1"},"canonical":"https:\/\/librosdelzorrorojo.com\/ca\/cataleg\/3-al-pol\/","og_locale":"ca_ES","og_type":"article","og_title":"3 al Pol - Libros del Zorro Rojo","og_description":"Tres distingits cavallers brit\u00e0nics \u2014un gentleman, un cient\u00edfic i un militar\u2014 emprenen una expedici\u00f3 a l\u2019\u00c0rtic fent servir els m\u00e9s recents aven\u00e7os cient\u00edfi cs i tecnol\u00f2gics i descobreixen, entre altres coses, que els infants, en contra de la llegenda sobre el seu origen, no venen de Par\u00eds: les cigonyes els porten del Pol Nord! Signat [&hellip;]","og_url":"https:\/\/librosdelzorrorojo.com\/ca\/cataleg\/3-al-pol\/","og_site_name":"Libros del Zorro Rojo","article_modified_time":"2025-02-05T09:49:00+00:00","og_image":[{"width":926,"height":1024,"url":"https:\/\/librosdelzorrorojo.com\/wp-content\/uploads\/2025\/01\/Cover-A3-AL-POL2-926x1024.jpg","type":"image\/jpeg"}],"twitter_card":"summary_large_image","twitter_misc":{"Temps estimat de lectura":"3 minuts"},"schema":{"@context":"https:\/\/schema.org","@graph":[{"@type":"WebPage","@id":"https:\/\/librosdelzorrorojo.com\/ca\/cataleg\/3-al-pol\/","url":"https:\/\/librosdelzorrorojo.com\/ca\/cataleg\/3-al-pol\/","name":"3 al Pol - Libros del Zorro Rojo","isPartOf":{"@id":"https:\/\/librosdelzorrorojo.com\/#website"},"primaryImageOfPage":{"@id":"https:\/\/librosdelzorrorojo.com\/ca\/cataleg\/3-al-pol\/#primaryimage"},"image":{"@id":"https:\/\/librosdelzorrorojo.com\/ca\/cataleg\/3-al-pol\/#primaryimage"},"thumbnailUrl":"https:\/\/librosdelzorrorojo.com\/wp-content\/uploads\/2025\/01\/Cover-A3-AL-POL2.jpg","datePublished":"2025-02-05T09:00:05+00:00","dateModified":"2025-02-05T09:49:00+00:00","breadcrumb":{"@id":"https:\/\/librosdelzorrorojo.com\/ca\/cataleg\/3-al-pol\/#breadcrumb"},"inLanguage":"ca","potentialAction":[{"@type":"ReadAction","target":["https:\/\/librosdelzorrorojo.com\/ca\/cataleg\/3-al-pol\/"]}]},{"@type":"ImageObject","inLanguage":"ca","@id":"https:\/\/librosdelzorrorojo.com\/ca\/cataleg\/3-al-pol\/#primaryimage","url":"https:\/\/librosdelzorrorojo.com\/wp-content\/uploads\/2025\/01\/Cover-A3-AL-POL2.jpg","contentUrl":"https:\/\/librosdelzorrorojo.com\/wp-content\/uploads\/2025\/01\/Cover-A3-AL-POL2.jpg","width":2223,"height":2457,"caption":"Cover A3 AL POL2"},{"@type":"BreadcrumbList","@id":"https:\/\/librosdelzorrorojo.com\/ca\/cataleg\/3-al-pol\/#breadcrumb","itemListElement":[{"@type":"ListItem","position":1,"name":"Portada","item":"https:\/\/librosdelzorrorojo.com\/ca\/"},{"@type":"ListItem","position":2,"name":"Cat\u00e0leg","item":"https:\/\/librosdelzorrorojo.com\/ca\/cataleg\/"},{"@type":"ListItem","position":3,"name":"3 al Pol"}]},{"@type":"WebSite","@id":"https:\/\/librosdelzorrorojo.com\/#website","url":"https:\/\/librosdelzorrorojo.com\/","name":"Libros del Zorro Rojo","description":"Libros ilustrados","potentialAction":[{"@type":"SearchAction","target":{"@type":"EntryPoint","urlTemplate":"https:\/\/librosdelzorrorojo.com\/?s={search_term_string}"},"query-input":{"@type":"PropertyValueSpecification","valueRequired":true,"valueName":"search_term_string"}}],"inLanguage":"ca"}]}},"_links":{"self":[{"href":"https:\/\/librosdelzorrorojo.com\/ca\/wp-json\/wp\/v2\/product\/29239","targetHints":{"allow":["GET"]}}],"collection":[{"href":"https:\/\/librosdelzorrorojo.com\/ca\/wp-json\/wp\/v2\/product"}],"about":[{"href":"https:\/\/librosdelzorrorojo.com\/ca\/wp-json\/wp\/v2\/types\/product"}],"wp:featuredmedia":[{"embeddable":true,"href":"https:\/\/librosdelzorrorojo.com\/ca\/wp-json\/wp\/v2\/media\/29242"}],"wp:attachment":[{"href":"https:\/\/librosdelzorrorojo.com\/ca\/wp-json\/wp\/v2\/media?parent=29239"}],"wp:term":[{"taxonomy":"product_brand","embeddable":true,"href":"https:\/\/librosdelzorrorojo.com\/ca\/wp-json\/wp\/v2\/product_brand?post=29239"},{"taxonomy":"product_cat","embeddable":true,"href":"https:\/\/librosdelzorrorojo.com\/ca\/wp-json\/wp\/v2\/product_cat?post=29239"},{"taxonomy":"product_tag","embeddable":true,"href":"https:\/\/librosdelzorrorojo.com\/ca\/wp-json\/wp\/v2\/product_tag?post=29239"}],"curies":[{"name":"wp","href":"https:\/\/api.w.org\/{rel}","templated":true}]}}