{"id":28743,"date":"2024-10-10T09:32:48","date_gmt":"2024-10-10T07:32:48","guid":{"rendered":"https:\/\/librosdelzorrorojo.com\/catalogo\/ruedas-bomberos\/"},"modified":"2024-10-21T10:31:45","modified_gmt":"2024-10-21T08:31:45","slug":"ruedas-bomberos","status":"publish","type":"product","link":"https:\/\/librosdelzorrorojo.com\/ca\/cataleg\/ruedas-bomberos\/","title":{"rendered":"Ruedas. Bomberos"},"content":{"rendered":"<p>Desde que sale el sol hasta que la ciudad duerme, los bomberos bullen de actividad, \u00a1y es que siempre pasa algo emocionante cuando el coche de bomberos se pone en marcha! En un colorido y robusto libro de carton, acompa\u00f1amos a estos profesionales tan populares y queridos mientras rescatan a un grupo de patitos de goma y se enfrentan a todo tipo de sorpresas, desde una fuga de agua hasta una barbacoa improvisada.<\/p>\n<p>En esta nueva colecci\u00f3n, fiel a su estilo minimalista, parco en palabras y repleto de detalles divertidos, Carl Johanson encuentra el tono preciso para que los m\u00e1s peque\u00f1os disfruten a la vez que descubren todo tipo de veh\u00edculos y encuentran la oportunidad de inventar o proponer otras palabras e interpretaciones.<\/p>\n","protected":false},"excerpt":{"rendered":"Desde que sale el sol hasta que la ciudad duerme, los bomberos bullen de actividad, \u00a1y es que siempre pasa algo emocionante cuando el coche de bomberos se pone en marcha! En un colorido y robusto libro de carton, acompa\u00f1amos a estos profesionales tan populares y queridos mientras rescatan a un grupo de patitos de [&hellip;]","protected":false},"featured_media":28215,"template":"","meta":{"_acf_changed":false},"product_brand":[],"product_cat":[844,843,839],"product_tag":[],"class_list":{"0":"post-28743","1":"product","2":"type-product","3":"status-publish","4":"has-post-thumbnail","6":"product_cat-castella","7":"product_cat-infantiles-ca","8":"product_cat-zona-kids-ca","9":"vinculo-ruedas-bomberos","11":"first","12":"instock","13":"taxable","14":"shipping-taxable","15":"purchasable","16":"product-type-simple"},"acf":[],"yoast_head":"<!-- This site is optimized with the Yoast SEO plugin v25.1 - https:\/\/yoast.com\/wordpress\/plugins\/seo\/ -->\n<title>Ruedas. Bomberos - Libros del Zorro Rojo<\/title>\n<meta name=\"robots\" content=\"index, follow, max-snippet:-1, max-image-preview:large, max-video-preview:-1\" \/>\n<link rel=\"canonical\" href=\"https:\/\/librosdelzorrorojo.com\/ca\/cataleg\/ruedas-bomberos\/\" \/>\n<meta property=\"og:locale\" content=\"ca_ES\" \/>\n<meta property=\"og:type\" content=\"article\" \/>\n<meta property=\"og:title\" content=\"Ruedas. Bomberos - Libros del Zorro Rojo\" \/>\n<meta property=\"og:description\" content=\"Desde que sale el sol hasta que la ciudad duerme, los bomberos bullen de actividad, \u00a1y es que siempre pasa algo emocionante cuando el coche de bomberos se pone en marcha! En un colorido y robusto libro de carton, acompa\u00f1amos a estos profesionales tan populares y queridos mientras rescatan a un grupo de patitos de [&hellip;]\" \/>\n<meta property=\"og:url\" content=\"https:\/\/librosdelzorrorojo.com\/ca\/cataleg\/ruedas-bomberos\/\" \/>\n<meta property=\"og:site_name\" content=\"Libros del Zorro Rojo\" \/>\n<meta property=\"article:modified_time\" content=\"2024-10-21T08:31:45+00:00\" \/>\n<meta property=\"og:image\" content=\"https:\/\/librosdelzorrorojo.com\/wp-content\/uploads\/2024\/07\/Ruedas_Bomberos_COVER.jpg\" \/>\n\t<meta property=\"og:image:width\" content=\"1888\" \/>\n\t<meta property=\"og:image:height\" content=\"1809\" \/>\n\t<meta property=\"og:image:type\" content=\"image\/jpeg\" \/>\n<meta name=\"twitter:card\" content=\"summary_large_image\" \/>\n<meta name=\"twitter:label1\" content=\"Temps estimat de lectura\" \/>\n\t<meta name=\"twitter:data1\" content=\"1 minut\" \/>\n<script type=\"application\/ld+json\" class=\"yoast-schema-graph\">{\"@context\":\"https:\/\/schema.org\",\"@graph\":[{\"@type\":\"WebPage\",\"@id\":\"https:\/\/librosdelzorrorojo.com\/ca\/cataleg\/ruedas-bomberos\/\",\"url\":\"https:\/\/librosdelzorrorojo.com\/ca\/cataleg\/ruedas-bomberos\/\",\"name\":\"Ruedas. Bomberos - Libros del Zorro Rojo\",\"isPartOf\":{\"@id\":\"https:\/\/librosdelzorrorojo.com\/#website\"},\"primaryImageOfPage\":{\"@id\":\"https:\/\/librosdelzorrorojo.com\/ca\/cataleg\/ruedas-bomberos\/#primaryimage\"},\"image\":{\"@id\":\"https:\/\/librosdelzorrorojo.com\/ca\/cataleg\/ruedas-bomberos\/#primaryimage\"},\"thumbnailUrl\":\"https:\/\/librosdelzorrorojo.com\/wp-content\/uploads\/2024\/07\/Ruedas_Bomberos_COVER.jpg\",\"datePublished\":\"2024-10-10T07:32:48+00:00\",\"dateModified\":\"2024-10-21T08:31:45+00:00\",\"breadcrumb\":{\"@id\":\"https:\/\/librosdelzorrorojo.com\/ca\/cataleg\/ruedas-bomberos\/#breadcrumb\"},\"inLanguage\":\"ca\",\"potentialAction\":[{\"@type\":\"ReadAction\",\"target\":[\"https:\/\/librosdelzorrorojo.com\/ca\/cataleg\/ruedas-bomberos\/\"]}]},{\"@type\":\"ImageObject\",\"inLanguage\":\"ca\",\"@id\":\"https:\/\/librosdelzorrorojo.com\/ca\/cataleg\/ruedas-bomberos\/#primaryimage\",\"url\":\"https:\/\/librosdelzorrorojo.com\/wp-content\/uploads\/2024\/07\/Ruedas_Bomberos_COVER.jpg\",\"contentUrl\":\"https:\/\/librosdelzorrorojo.com\/wp-content\/uploads\/2024\/07\/Ruedas_Bomberos_COVER.jpg\",\"width\":1888,\"height\":1809,\"caption\":\"Ruedas Bomberos COVER\"},{\"@type\":\"BreadcrumbList\",\"@id\":\"https:\/\/librosdelzorrorojo.com\/ca\/cataleg\/ruedas-bomberos\/#breadcrumb\",\"itemListElement\":[{\"@type\":\"ListItem\",\"position\":1,\"name\":\"Portada\",\"item\":\"https:\/\/librosdelzorrorojo.com\/ca\/\"},{\"@type\":\"ListItem\",\"position\":2,\"name\":\"Cat\u00e0leg\",\"item\":\"https:\/\/librosdelzorrorojo.com\/ca\/cataleg\/\"},{\"@type\":\"ListItem\",\"position\":3,\"name\":\"Ruedas. Bomberos\"}]},{\"@type\":\"WebSite\",\"@id\":\"https:\/\/librosdelzorrorojo.com\/#website\",\"url\":\"https:\/\/librosdelzorrorojo.com\/\",\"name\":\"Libros del Zorro Rojo\",\"description\":\"Libros ilustrados\",\"potentialAction\":[{\"@type\":\"SearchAction\",\"target\":{\"@type\":\"EntryPoint\",\"urlTemplate\":\"https:\/\/librosdelzorrorojo.com\/?s={search_term_string}\"},\"query-input\":{\"@type\":\"PropertyValueSpecification\",\"valueRequired\":true,\"valueName\":\"search_term_string\"}}],\"inLanguage\":\"ca\"}]}<\/script>\n<!-- \/ Yoast SEO plugin. -->","yoast_head_json":{"title":"Ruedas. Bomberos - Libros del Zorro Rojo","robots":{"index":"index","follow":"follow","max-snippet":"max-snippet:-1","max-image-preview":"max-image-preview:large","max-video-preview":"max-video-preview:-1"},"canonical":"https:\/\/librosdelzorrorojo.com\/ca\/cataleg\/ruedas-bomberos\/","og_locale":"ca_ES","og_type":"article","og_title":"Ruedas. Bomberos - Libros del Zorro Rojo","og_description":"Desde que sale el sol hasta que la ciudad duerme, los bomberos bullen de actividad, \u00a1y es que siempre pasa algo emocionante cuando el coche de bomberos se pone en marcha! En un colorido y robusto libro de carton, acompa\u00f1amos a estos profesionales tan populares y queridos mientras rescatan a un grupo de patitos de [&hellip;]","og_url":"https:\/\/librosdelzorrorojo.com\/ca\/cataleg\/ruedas-bomberos\/","og_site_name":"Libros del Zorro Rojo","article_modified_time":"2024-10-21T08:31:45+00:00","og_image":[{"width":1888,"height":1809,"url":"https:\/\/librosdelzorrorojo.com\/wp-content\/uploads\/2024\/07\/Ruedas_Bomberos_COVER.jpg","type":"image\/jpeg"}],"twitter_card":"summary_large_image","twitter_misc":{"Temps estimat de lectura":"1 minut"},"schema":{"@context":"https:\/\/schema.org","@graph":[{"@type":"WebPage","@id":"https:\/\/librosdelzorrorojo.com\/ca\/cataleg\/ruedas-bomberos\/","url":"https:\/\/librosdelzorrorojo.com\/ca\/cataleg\/ruedas-bomberos\/","name":"Ruedas. Bomberos - Libros del Zorro Rojo","isPartOf":{"@id":"https:\/\/librosdelzorrorojo.com\/#website"},"primaryImageOfPage":{"@id":"https:\/\/librosdelzorrorojo.com\/ca\/cataleg\/ruedas-bomberos\/#primaryimage"},"image":{"@id":"https:\/\/librosdelzorrorojo.com\/ca\/cataleg\/ruedas-bomberos\/#primaryimage"},"thumbnailUrl":"https:\/\/librosdelzorrorojo.com\/wp-content\/uploads\/2024\/07\/Ruedas_Bomberos_COVER.jpg","datePublished":"2024-10-10T07:32:48+00:00","dateModified":"2024-10-21T08:31:45+00:00","breadcrumb":{"@id":"https:\/\/librosdelzorrorojo.com\/ca\/cataleg\/ruedas-bomberos\/#breadcrumb"},"inLanguage":"ca","potentialAction":[{"@type":"ReadAction","target":["https:\/\/librosdelzorrorojo.com\/ca\/cataleg\/ruedas-bomberos\/"]}]},{"@type":"ImageObject","inLanguage":"ca","@id":"https:\/\/librosdelzorrorojo.com\/ca\/cataleg\/ruedas-bomberos\/#primaryimage","url":"https:\/\/librosdelzorrorojo.com\/wp-content\/uploads\/2024\/07\/Ruedas_Bomberos_COVER.jpg","contentUrl":"https:\/\/librosdelzorrorojo.com\/wp-content\/uploads\/2024\/07\/Ruedas_Bomberos_COVER.jpg","width":1888,"height":1809,"caption":"Ruedas Bomberos COVER"},{"@type":"BreadcrumbList","@id":"https:\/\/librosdelzorrorojo.com\/ca\/cataleg\/ruedas-bomberos\/#breadcrumb","itemListElement":[{"@type":"ListItem","position":1,"name":"Portada","item":"https:\/\/librosdelzorrorojo.com\/ca\/"},{"@type":"ListItem","position":2,"name":"Cat\u00e0leg","item":"https:\/\/librosdelzorrorojo.com\/ca\/cataleg\/"},{"@type":"ListItem","position":3,"name":"Ruedas. Bomberos"}]},{"@type":"WebSite","@id":"https:\/\/librosdelzorrorojo.com\/#website","url":"https:\/\/librosdelzorrorojo.com\/","name":"Libros del Zorro Rojo","description":"Libros ilustrados","potentialAction":[{"@type":"SearchAction","target":{"@type":"EntryPoint","urlTemplate":"https:\/\/librosdelzorrorojo.com\/?s={search_term_string}"},"query-input":{"@type":"PropertyValueSpecification","valueRequired":true,"valueName":"search_term_string"}}],"inLanguage":"ca"}]}},"_links":{"self":[{"href":"https:\/\/librosdelzorrorojo.com\/ca\/wp-json\/wp\/v2\/product\/28743","targetHints":{"allow":["GET"]}}],"collection":[{"href":"https:\/\/librosdelzorrorojo.com\/ca\/wp-json\/wp\/v2\/product"}],"about":[{"href":"https:\/\/librosdelzorrorojo.com\/ca\/wp-json\/wp\/v2\/types\/product"}],"wp:featuredmedia":[{"embeddable":true,"href":"https:\/\/librosdelzorrorojo.com\/ca\/wp-json\/wp\/v2\/media\/28215"}],"wp:attachment":[{"href":"https:\/\/librosdelzorrorojo.com\/ca\/wp-json\/wp\/v2\/media?parent=28743"}],"wp:term":[{"taxonomy":"product_brand","embeddable":true,"href":"https:\/\/librosdelzorrorojo.com\/ca\/wp-json\/wp\/v2\/product_brand?post=28743"},{"taxonomy":"product_cat","embeddable":true,"href":"https:\/\/librosdelzorrorojo.com\/ca\/wp-json\/wp\/v2\/product_cat?post=28743"},{"taxonomy":"product_tag","embeddable":true,"href":"https:\/\/librosdelzorrorojo.com\/ca\/wp-json\/wp\/v2\/product_tag?post=28743"}],"curies":[{"name":"wp","href":"https:\/\/api.w.org\/{rel}","templated":true}]}}