{"id":28663,"date":"2024-10-09T10:34:52","date_gmt":"2024-10-09T08:34:52","guid":{"rendered":"https:\/\/librosdelzorrorojo.com\/catalogo\/la-escapada\/"},"modified":"2025-02-10T10:47:34","modified_gmt":"2025-02-10T09:47:34","slug":"la-escapada","status":"publish","type":"product","link":"https:\/\/librosdelzorrorojo.com\/ca\/cataleg\/la-escapada\/","title":{"rendered":"La escapada"},"content":{"rendered":"<p>Estamos en la costa bretona. Apenas ha salido el sol. Dos hermanos, una chica y un chico, pierden el autob\u00fas que los lleva a la escuela. Es el comienzo de un largo d\u00eda de vagabundeo que les permitir\u00e1 entregarse con toda libertad \u2014una libertad robada a la rutina\u2014 a saciar su curiosidad por el paisaje y los seres que los rodean. Y tambi\u00e9n a descubrirse entre ellos. La mayor es decidida, resuelta, impaciente; el menor, prudente, asustadizo, acostumbrado a ir a remolque de la hermana. Disputas y reconciliaciones punt\u00faan su aventura: roban una barca para atravesar un brazo de mar, hurgan en un dep\u00f3sito n\u00e1utico, escalan un acantilado, se ba\u00f1an en las aguas heladas de una playa solitaria, traban amistad con un perro errante y hediondo, huyen de un guardia forestal, se burlan de la seriedad de algunas personas que encuentran por el camino\u2026 Sus juegos y canciones infantiles son dos notas discordantes, fuera de lugar, en un paisaje de d\u00eda laborable. La ca\u00edda del sol significa el regreso a la rutina: se impone la realidad: hay que cerrar ese par\u00e9ntesis de travesura y libertad y regresar a casa.<\/p>\n<p><img decoding=\"async\" src=\"https:\/\/librosdelzorrorojo.com\/wp-content\/uploads\/2024\/10\/ICEC.jpg\" alt=\"\" width=\"380\" height=\"85\" class=\"alignnone size-full wp-image-29095\" \/><\/p>\n","protected":false},"excerpt":{"rendered":"Estamos en la costa bretona. Apenas ha salido el sol. Dos hermanos, una chica y un chico, pierden el autob\u00fas que los lleva a la escuela. Es el comienzo de un largo d\u00eda de vagabundeo que les permitir\u00e1 entregarse con toda libertad \u2014una libertad robada a la rutina\u2014 a saciar su curiosidad por el paisaje [&hellip;]","protected":false},"featured_media":28399,"template":"","meta":{"_acf_changed":false},"product_brand":[],"product_cat":[844,843,839],"product_tag":[],"class_list":{"0":"post-28663","1":"product","2":"type-product","3":"status-publish","4":"has-post-thumbnail","6":"product_cat-castella","7":"product_cat-infantiles-ca","8":"product_cat-zona-kids-ca","9":"vinculo-la-escapada","11":"first","12":"instock","13":"taxable","14":"shipping-taxable","15":"purchasable","16":"product-type-simple"},"acf":[],"yoast_head":"<!-- This site is optimized with the Yoast SEO plugin v25.1 - https:\/\/yoast.com\/wordpress\/plugins\/seo\/ -->\n<title>La escapada - Libros del Zorro Rojo<\/title>\n<meta name=\"robots\" content=\"index, follow, max-snippet:-1, max-image-preview:large, max-video-preview:-1\" \/>\n<link rel=\"canonical\" href=\"https:\/\/librosdelzorrorojo.com\/ca\/cataleg\/la-escapada\/\" \/>\n<meta property=\"og:locale\" content=\"ca_ES\" \/>\n<meta property=\"og:type\" content=\"article\" \/>\n<meta property=\"og:title\" content=\"La escapada - Libros del Zorro Rojo\" \/>\n<meta property=\"og:description\" content=\"Estamos en la costa bretona. Apenas ha salido el sol. Dos hermanos, una chica y un chico, pierden el autob\u00fas que los lleva a la escuela. Es el comienzo de un largo d\u00eda de vagabundeo que les permitir\u00e1 entregarse con toda libertad \u2014una libertad robada a la rutina\u2014 a saciar su curiosidad por el paisaje [&hellip;]\" \/>\n<meta property=\"og:url\" content=\"https:\/\/librosdelzorrorojo.com\/ca\/cataleg\/la-escapada\/\" \/>\n<meta property=\"og:site_name\" content=\"Libros del Zorro Rojo\" \/>\n<meta property=\"article:modified_time\" content=\"2025-02-10T09:47:34+00:00\" \/>\n<meta property=\"og:image\" content=\"https:\/\/librosdelzorrorojo.com\/wp-content\/uploads\/2024\/08\/la_escapada_cubierta_SPA-scaled.jpg\" \/>\n\t<meta property=\"og:image:width\" content=\"1777\" \/>\n\t<meta property=\"og:image:height\" content=\"2560\" \/>\n\t<meta property=\"og:image:type\" content=\"image\/jpeg\" \/>\n<meta name=\"twitter:card\" content=\"summary_large_image\" \/>\n<meta name=\"twitter:label1\" content=\"Temps estimat de lectura\" \/>\n\t<meta name=\"twitter:data1\" content=\"1 minut\" \/>\n<script type=\"application\/ld+json\" class=\"yoast-schema-graph\">{\"@context\":\"https:\/\/schema.org\",\"@graph\":[{\"@type\":\"WebPage\",\"@id\":\"https:\/\/librosdelzorrorojo.com\/ca\/cataleg\/la-escapada\/\",\"url\":\"https:\/\/librosdelzorrorojo.com\/ca\/cataleg\/la-escapada\/\",\"name\":\"La escapada - Libros del Zorro Rojo\",\"isPartOf\":{\"@id\":\"https:\/\/librosdelzorrorojo.com\/#website\"},\"primaryImageOfPage\":{\"@id\":\"https:\/\/librosdelzorrorojo.com\/ca\/cataleg\/la-escapada\/#primaryimage\"},\"image\":{\"@id\":\"https:\/\/librosdelzorrorojo.com\/ca\/cataleg\/la-escapada\/#primaryimage\"},\"thumbnailUrl\":\"https:\/\/librosdelzorrorojo.com\/wp-content\/uploads\/2024\/08\/la_escapada_cubierta_SPA-scaled.jpg\",\"datePublished\":\"2024-10-09T08:34:52+00:00\",\"dateModified\":\"2025-02-10T09:47:34+00:00\",\"breadcrumb\":{\"@id\":\"https:\/\/librosdelzorrorojo.com\/ca\/cataleg\/la-escapada\/#breadcrumb\"},\"inLanguage\":\"ca\",\"potentialAction\":[{\"@type\":\"ReadAction\",\"target\":[\"https:\/\/librosdelzorrorojo.com\/ca\/cataleg\/la-escapada\/\"]}]},{\"@type\":\"ImageObject\",\"inLanguage\":\"ca\",\"@id\":\"https:\/\/librosdelzorrorojo.com\/ca\/cataleg\/la-escapada\/#primaryimage\",\"url\":\"https:\/\/librosdelzorrorojo.com\/wp-content\/uploads\/2024\/08\/la_escapada_cubierta_SPA-scaled.jpg\",\"contentUrl\":\"https:\/\/librosdelzorrorojo.com\/wp-content\/uploads\/2024\/08\/la_escapada_cubierta_SPA-scaled.jpg\",\"width\":1777,\"height\":2560,\"caption\":\"la escapada cubierta SPA scaled\"},{\"@type\":\"BreadcrumbList\",\"@id\":\"https:\/\/librosdelzorrorojo.com\/ca\/cataleg\/la-escapada\/#breadcrumb\",\"itemListElement\":[{\"@type\":\"ListItem\",\"position\":1,\"name\":\"Portada\",\"item\":\"https:\/\/librosdelzorrorojo.com\/ca\/\"},{\"@type\":\"ListItem\",\"position\":2,\"name\":\"Cat\u00e0leg\",\"item\":\"https:\/\/librosdelzorrorojo.com\/ca\/cataleg\/\"},{\"@type\":\"ListItem\",\"position\":3,\"name\":\"La escapada\"}]},{\"@type\":\"WebSite\",\"@id\":\"https:\/\/librosdelzorrorojo.com\/#website\",\"url\":\"https:\/\/librosdelzorrorojo.com\/\",\"name\":\"Libros del Zorro Rojo\",\"description\":\"Libros ilustrados\",\"potentialAction\":[{\"@type\":\"SearchAction\",\"target\":{\"@type\":\"EntryPoint\",\"urlTemplate\":\"https:\/\/librosdelzorrorojo.com\/?s={search_term_string}\"},\"query-input\":{\"@type\":\"PropertyValueSpecification\",\"valueRequired\":true,\"valueName\":\"search_term_string\"}}],\"inLanguage\":\"ca\"}]}<\/script>\n<!-- \/ Yoast SEO plugin. -->","yoast_head_json":{"title":"La escapada - Libros del Zorro Rojo","robots":{"index":"index","follow":"follow","max-snippet":"max-snippet:-1","max-image-preview":"max-image-preview:large","max-video-preview":"max-video-preview:-1"},"canonical":"https:\/\/librosdelzorrorojo.com\/ca\/cataleg\/la-escapada\/","og_locale":"ca_ES","og_type":"article","og_title":"La escapada - Libros del Zorro Rojo","og_description":"Estamos en la costa bretona. Apenas ha salido el sol. Dos hermanos, una chica y un chico, pierden el autob\u00fas que los lleva a la escuela. Es el comienzo de un largo d\u00eda de vagabundeo que les permitir\u00e1 entregarse con toda libertad \u2014una libertad robada a la rutina\u2014 a saciar su curiosidad por el paisaje [&hellip;]","og_url":"https:\/\/librosdelzorrorojo.com\/ca\/cataleg\/la-escapada\/","og_site_name":"Libros del Zorro Rojo","article_modified_time":"2025-02-10T09:47:34+00:00","og_image":[{"width":1777,"height":2560,"url":"https:\/\/librosdelzorrorojo.com\/wp-content\/uploads\/2024\/08\/la_escapada_cubierta_SPA-scaled.jpg","type":"image\/jpeg"}],"twitter_card":"summary_large_image","twitter_misc":{"Temps estimat de lectura":"1 minut"},"schema":{"@context":"https:\/\/schema.org","@graph":[{"@type":"WebPage","@id":"https:\/\/librosdelzorrorojo.com\/ca\/cataleg\/la-escapada\/","url":"https:\/\/librosdelzorrorojo.com\/ca\/cataleg\/la-escapada\/","name":"La escapada - Libros del Zorro Rojo","isPartOf":{"@id":"https:\/\/librosdelzorrorojo.com\/#website"},"primaryImageOfPage":{"@id":"https:\/\/librosdelzorrorojo.com\/ca\/cataleg\/la-escapada\/#primaryimage"},"image":{"@id":"https:\/\/librosdelzorrorojo.com\/ca\/cataleg\/la-escapada\/#primaryimage"},"thumbnailUrl":"https:\/\/librosdelzorrorojo.com\/wp-content\/uploads\/2024\/08\/la_escapada_cubierta_SPA-scaled.jpg","datePublished":"2024-10-09T08:34:52+00:00","dateModified":"2025-02-10T09:47:34+00:00","breadcrumb":{"@id":"https:\/\/librosdelzorrorojo.com\/ca\/cataleg\/la-escapada\/#breadcrumb"},"inLanguage":"ca","potentialAction":[{"@type":"ReadAction","target":["https:\/\/librosdelzorrorojo.com\/ca\/cataleg\/la-escapada\/"]}]},{"@type":"ImageObject","inLanguage":"ca","@id":"https:\/\/librosdelzorrorojo.com\/ca\/cataleg\/la-escapada\/#primaryimage","url":"https:\/\/librosdelzorrorojo.com\/wp-content\/uploads\/2024\/08\/la_escapada_cubierta_SPA-scaled.jpg","contentUrl":"https:\/\/librosdelzorrorojo.com\/wp-content\/uploads\/2024\/08\/la_escapada_cubierta_SPA-scaled.jpg","width":1777,"height":2560,"caption":"la escapada cubierta SPA scaled"},{"@type":"BreadcrumbList","@id":"https:\/\/librosdelzorrorojo.com\/ca\/cataleg\/la-escapada\/#breadcrumb","itemListElement":[{"@type":"ListItem","position":1,"name":"Portada","item":"https:\/\/librosdelzorrorojo.com\/ca\/"},{"@type":"ListItem","position":2,"name":"Cat\u00e0leg","item":"https:\/\/librosdelzorrorojo.com\/ca\/cataleg\/"},{"@type":"ListItem","position":3,"name":"La escapada"}]},{"@type":"WebSite","@id":"https:\/\/librosdelzorrorojo.com\/#website","url":"https:\/\/librosdelzorrorojo.com\/","name":"Libros del Zorro Rojo","description":"Libros ilustrados","potentialAction":[{"@type":"SearchAction","target":{"@type":"EntryPoint","urlTemplate":"https:\/\/librosdelzorrorojo.com\/?s={search_term_string}"},"query-input":{"@type":"PropertyValueSpecification","valueRequired":true,"valueName":"search_term_string"}}],"inLanguage":"ca"}]}},"_links":{"self":[{"href":"https:\/\/librosdelzorrorojo.com\/ca\/wp-json\/wp\/v2\/product\/28663","targetHints":{"allow":["GET"]}}],"collection":[{"href":"https:\/\/librosdelzorrorojo.com\/ca\/wp-json\/wp\/v2\/product"}],"about":[{"href":"https:\/\/librosdelzorrorojo.com\/ca\/wp-json\/wp\/v2\/types\/product"}],"wp:featuredmedia":[{"embeddable":true,"href":"https:\/\/librosdelzorrorojo.com\/ca\/wp-json\/wp\/v2\/media\/28399"}],"wp:attachment":[{"href":"https:\/\/librosdelzorrorojo.com\/ca\/wp-json\/wp\/v2\/media?parent=28663"}],"wp:term":[{"taxonomy":"product_brand","embeddable":true,"href":"https:\/\/librosdelzorrorojo.com\/ca\/wp-json\/wp\/v2\/product_brand?post=28663"},{"taxonomy":"product_cat","embeddable":true,"href":"https:\/\/librosdelzorrorojo.com\/ca\/wp-json\/wp\/v2\/product_cat?post=28663"},{"taxonomy":"product_tag","embeddable":true,"href":"https:\/\/librosdelzorrorojo.com\/ca\/wp-json\/wp\/v2\/product_tag?post=28663"}],"curies":[{"name":"wp","href":"https:\/\/api.w.org\/{rel}","templated":true}]}}