{"id":28635,"date":"2024-10-16T10:00:54","date_gmt":"2024-10-16T08:00:54","guid":{"rendered":"https:\/\/librosdelzorrorojo.com\/catalogo\/plata-quemada\/"},"modified":"2025-03-05T12:46:58","modified_gmt":"2025-03-05T11:46:58","slug":"plata-quemada","status":"publish","type":"product","link":"https:\/\/librosdelzorrorojo.com\/ca\/cataleg\/plata-quemada\/","title":{"rendered":"Plata quemada"},"content":{"rendered":"<p><span><em>Plata quemada<\/em>\u00a0cuenta, o dice contar, una historia real: la de un atraco legendario, una persecuci\u00f3n y el asedio al que esta dio lugar. Es decir, un crimen y un viaje, eso que seg\u00fan Ricardo Piglia es lo \u00fanico que puede contarse. Pero a la manera de\u00a0<em>A sangre fr\u00eda<\/em>\u00a0(una \u00abnovela de no ficci\u00f3n\u00bb), esta \u00abversi\u00f3n argentina de una tragedia griega\u00bb escenifica lo que casi toda la narrativa actual convierte en un ejercicio de estilo: el cuestionamiento de los g\u00e9neros, de la verdad o la falsedad de cualquier texto.<\/span><\/p>\n<p>Empe\u00f1o que pocas veces ha dado obras tan importantes como\u00a0<em>Plata quemada<\/em>, un libro en el que la forma parece ser la del documento, la del informe forense o psiqui\u00e1trico (con toda la ideolog\u00eda que pueda contener) o la del reportaje period\u00edstico. Y, al mismo tiempo, la forma m\u00e1s l\u00edrica,\u00a0debido al cambio constante de voces y perspectivas. A pesar de lo cual se trata de la novela m\u00e1s popular del autor, y\u00a0porque apela a tantos lectores a la vez que hace pensar, resulta doblemente genial.<\/p>\n<p>Publicada originalmente hace casi tres d\u00e9cadas, esta obra maestra llega al siglo XXI acompa\u00f1ada por el trabajo gr\u00e1fico de Nacha Vollenweider, una artista argentina cuyo trabajo goza ya de un amplio reconocimiento internacional.<\/p>\n<p><img decoding=\"async\" src=\"https:\/\/librosdelzorrorojo.com\/wp-content\/uploads\/2024\/10\/ICEC.jpg\" alt=\"\" width=\"380\" height=\"85\" class=\"alignnone size-full wp-image-29095\" \/><\/p>\n","protected":false},"excerpt":{"rendered":"Plata quemada\u00a0cuenta, o dice contar, una historia real: la de un atraco legendario, una persecuci\u00f3n y el asedio al que esta dio lugar. Es decir, un crimen y un viaje, eso que seg\u00fan Ricardo Piglia es lo \u00fanico que puede contarse. Pero a la manera de\u00a0A sangre fr\u00eda\u00a0(una \u00abnovela de no ficci\u00f3n\u00bb), esta \u00abversi\u00f3n argentina [&hellip;]","protected":false},"featured_media":28264,"template":"","meta":{"_acf_changed":false},"product_brand":[],"product_cat":[844,3156],"product_tag":[],"class_list":{"0":"post-28635","1":"product","2":"type-product","3":"status-publish","4":"has-post-thumbnail","6":"product_cat-castella","7":"product_cat-juvenil-adult","9":"first","10":"instock","11":"taxable","12":"shipping-taxable","13":"purchasable","14":"product-type-simple"},"acf":[],"yoast_head":"<!-- This site is optimized with the Yoast SEO plugin v25.1 - https:\/\/yoast.com\/wordpress\/plugins\/seo\/ -->\n<title>Plata quemada - Libros del Zorro Rojo<\/title>\n<meta name=\"robots\" content=\"index, follow, max-snippet:-1, max-image-preview:large, max-video-preview:-1\" \/>\n<link rel=\"canonical\" href=\"https:\/\/librosdelzorrorojo.com\/ca\/cataleg\/plata-quemada\/\" \/>\n<meta property=\"og:locale\" content=\"ca_ES\" \/>\n<meta property=\"og:type\" content=\"article\" \/>\n<meta property=\"og:title\" content=\"Plata quemada - Libros del Zorro Rojo\" \/>\n<meta property=\"og:description\" content=\"Plata quemada\u00a0cuenta, o dice contar, una historia real: la de un atraco legendario, una persecuci\u00f3n y el asedio al que esta dio lugar. Es decir, un crimen y un viaje, eso que seg\u00fan Ricardo Piglia es lo \u00fanico que puede contarse. Pero a la manera de\u00a0A sangre fr\u00eda\u00a0(una \u00abnovela de no ficci\u00f3n\u00bb), esta \u00abversi\u00f3n argentina [&hellip;]\" \/>\n<meta property=\"og:url\" content=\"https:\/\/librosdelzorrorojo.com\/ca\/cataleg\/plata-quemada\/\" \/>\n<meta property=\"og:site_name\" content=\"Libros del Zorro Rojo\" \/>\n<meta property=\"article:modified_time\" content=\"2025-03-05T11:46:58+00:00\" \/>\n<meta property=\"og:image\" content=\"https:\/\/librosdelzorrorojo.com\/wp-content\/uploads\/2024\/07\/CUB_plata-quemada_v7correg.jpg\" \/>\n\t<meta property=\"og:image:width\" content=\"1756\" \/>\n\t<meta property=\"og:image:height\" content=\"2521\" \/>\n\t<meta property=\"og:image:type\" content=\"image\/jpeg\" \/>\n<meta name=\"twitter:card\" content=\"summary_large_image\" \/>\n<meta name=\"twitter:label1\" content=\"Temps estimat de lectura\" \/>\n\t<meta name=\"twitter:data1\" content=\"1 minut\" \/>\n<script type=\"application\/ld+json\" class=\"yoast-schema-graph\">{\"@context\":\"https:\/\/schema.org\",\"@graph\":[{\"@type\":\"WebPage\",\"@id\":\"https:\/\/librosdelzorrorojo.com\/ca\/cataleg\/plata-quemada\/\",\"url\":\"https:\/\/librosdelzorrorojo.com\/ca\/cataleg\/plata-quemada\/\",\"name\":\"Plata quemada - Libros del Zorro Rojo\",\"isPartOf\":{\"@id\":\"https:\/\/librosdelzorrorojo.com\/#website\"},\"primaryImageOfPage\":{\"@id\":\"https:\/\/librosdelzorrorojo.com\/ca\/cataleg\/plata-quemada\/#primaryimage\"},\"image\":{\"@id\":\"https:\/\/librosdelzorrorojo.com\/ca\/cataleg\/plata-quemada\/#primaryimage\"},\"thumbnailUrl\":\"https:\/\/librosdelzorrorojo.com\/wp-content\/uploads\/2024\/07\/CUB_plata-quemada_v7correg.jpg\",\"datePublished\":\"2024-10-16T08:00:54+00:00\",\"dateModified\":\"2025-03-05T11:46:58+00:00\",\"breadcrumb\":{\"@id\":\"https:\/\/librosdelzorrorojo.com\/ca\/cataleg\/plata-quemada\/#breadcrumb\"},\"inLanguage\":\"ca\",\"potentialAction\":[{\"@type\":\"ReadAction\",\"target\":[\"https:\/\/librosdelzorrorojo.com\/ca\/cataleg\/plata-quemada\/\"]}]},{\"@type\":\"ImageObject\",\"inLanguage\":\"ca\",\"@id\":\"https:\/\/librosdelzorrorojo.com\/ca\/cataleg\/plata-quemada\/#primaryimage\",\"url\":\"https:\/\/librosdelzorrorojo.com\/wp-content\/uploads\/2024\/07\/CUB_plata-quemada_v7correg.jpg\",\"contentUrl\":\"https:\/\/librosdelzorrorojo.com\/wp-content\/uploads\/2024\/07\/CUB_plata-quemada_v7correg.jpg\",\"width\":1756,\"height\":2521,\"caption\":\"CUB plata quemada v7correg\"},{\"@type\":\"BreadcrumbList\",\"@id\":\"https:\/\/librosdelzorrorojo.com\/ca\/cataleg\/plata-quemada\/#breadcrumb\",\"itemListElement\":[{\"@type\":\"ListItem\",\"position\":1,\"name\":\"Portada\",\"item\":\"https:\/\/librosdelzorrorojo.com\/ca\/\"},{\"@type\":\"ListItem\",\"position\":2,\"name\":\"Cat\u00e0leg\",\"item\":\"https:\/\/librosdelzorrorojo.com\/ca\/cataleg\/\"},{\"@type\":\"ListItem\",\"position\":3,\"name\":\"Plata quemada\"}]},{\"@type\":\"WebSite\",\"@id\":\"https:\/\/librosdelzorrorojo.com\/#website\",\"url\":\"https:\/\/librosdelzorrorojo.com\/\",\"name\":\"Libros del Zorro Rojo\",\"description\":\"Libros ilustrados\",\"potentialAction\":[{\"@type\":\"SearchAction\",\"target\":{\"@type\":\"EntryPoint\",\"urlTemplate\":\"https:\/\/librosdelzorrorojo.com\/?s={search_term_string}\"},\"query-input\":{\"@type\":\"PropertyValueSpecification\",\"valueRequired\":true,\"valueName\":\"search_term_string\"}}],\"inLanguage\":\"ca\"}]}<\/script>\n<!-- \/ Yoast SEO plugin. -->","yoast_head_json":{"title":"Plata quemada - Libros del Zorro Rojo","robots":{"index":"index","follow":"follow","max-snippet":"max-snippet:-1","max-image-preview":"max-image-preview:large","max-video-preview":"max-video-preview:-1"},"canonical":"https:\/\/librosdelzorrorojo.com\/ca\/cataleg\/plata-quemada\/","og_locale":"ca_ES","og_type":"article","og_title":"Plata quemada - Libros del Zorro Rojo","og_description":"Plata quemada\u00a0cuenta, o dice contar, una historia real: la de un atraco legendario, una persecuci\u00f3n y el asedio al que esta dio lugar. Es decir, un crimen y un viaje, eso que seg\u00fan Ricardo Piglia es lo \u00fanico que puede contarse. Pero a la manera de\u00a0A sangre fr\u00eda\u00a0(una \u00abnovela de no ficci\u00f3n\u00bb), esta \u00abversi\u00f3n argentina [&hellip;]","og_url":"https:\/\/librosdelzorrorojo.com\/ca\/cataleg\/plata-quemada\/","og_site_name":"Libros del Zorro Rojo","article_modified_time":"2025-03-05T11:46:58+00:00","og_image":[{"width":1756,"height":2521,"url":"https:\/\/librosdelzorrorojo.com\/wp-content\/uploads\/2024\/07\/CUB_plata-quemada_v7correg.jpg","type":"image\/jpeg"}],"twitter_card":"summary_large_image","twitter_misc":{"Temps estimat de lectura":"1 minut"},"schema":{"@context":"https:\/\/schema.org","@graph":[{"@type":"WebPage","@id":"https:\/\/librosdelzorrorojo.com\/ca\/cataleg\/plata-quemada\/","url":"https:\/\/librosdelzorrorojo.com\/ca\/cataleg\/plata-quemada\/","name":"Plata quemada - Libros del Zorro Rojo","isPartOf":{"@id":"https:\/\/librosdelzorrorojo.com\/#website"},"primaryImageOfPage":{"@id":"https:\/\/librosdelzorrorojo.com\/ca\/cataleg\/plata-quemada\/#primaryimage"},"image":{"@id":"https:\/\/librosdelzorrorojo.com\/ca\/cataleg\/plata-quemada\/#primaryimage"},"thumbnailUrl":"https:\/\/librosdelzorrorojo.com\/wp-content\/uploads\/2024\/07\/CUB_plata-quemada_v7correg.jpg","datePublished":"2024-10-16T08:00:54+00:00","dateModified":"2025-03-05T11:46:58+00:00","breadcrumb":{"@id":"https:\/\/librosdelzorrorojo.com\/ca\/cataleg\/plata-quemada\/#breadcrumb"},"inLanguage":"ca","potentialAction":[{"@type":"ReadAction","target":["https:\/\/librosdelzorrorojo.com\/ca\/cataleg\/plata-quemada\/"]}]},{"@type":"ImageObject","inLanguage":"ca","@id":"https:\/\/librosdelzorrorojo.com\/ca\/cataleg\/plata-quemada\/#primaryimage","url":"https:\/\/librosdelzorrorojo.com\/wp-content\/uploads\/2024\/07\/CUB_plata-quemada_v7correg.jpg","contentUrl":"https:\/\/librosdelzorrorojo.com\/wp-content\/uploads\/2024\/07\/CUB_plata-quemada_v7correg.jpg","width":1756,"height":2521,"caption":"CUB plata quemada v7correg"},{"@type":"BreadcrumbList","@id":"https:\/\/librosdelzorrorojo.com\/ca\/cataleg\/plata-quemada\/#breadcrumb","itemListElement":[{"@type":"ListItem","position":1,"name":"Portada","item":"https:\/\/librosdelzorrorojo.com\/ca\/"},{"@type":"ListItem","position":2,"name":"Cat\u00e0leg","item":"https:\/\/librosdelzorrorojo.com\/ca\/cataleg\/"},{"@type":"ListItem","position":3,"name":"Plata quemada"}]},{"@type":"WebSite","@id":"https:\/\/librosdelzorrorojo.com\/#website","url":"https:\/\/librosdelzorrorojo.com\/","name":"Libros del Zorro Rojo","description":"Libros ilustrados","potentialAction":[{"@type":"SearchAction","target":{"@type":"EntryPoint","urlTemplate":"https:\/\/librosdelzorrorojo.com\/?s={search_term_string}"},"query-input":{"@type":"PropertyValueSpecification","valueRequired":true,"valueName":"search_term_string"}}],"inLanguage":"ca"}]}},"_links":{"self":[{"href":"https:\/\/librosdelzorrorojo.com\/ca\/wp-json\/wp\/v2\/product\/28635","targetHints":{"allow":["GET"]}}],"collection":[{"href":"https:\/\/librosdelzorrorojo.com\/ca\/wp-json\/wp\/v2\/product"}],"about":[{"href":"https:\/\/librosdelzorrorojo.com\/ca\/wp-json\/wp\/v2\/types\/product"}],"wp:featuredmedia":[{"embeddable":true,"href":"https:\/\/librosdelzorrorojo.com\/ca\/wp-json\/wp\/v2\/media\/28264"}],"wp:attachment":[{"href":"https:\/\/librosdelzorrorojo.com\/ca\/wp-json\/wp\/v2\/media?parent=28635"}],"wp:term":[{"taxonomy":"product_brand","embeddable":true,"href":"https:\/\/librosdelzorrorojo.com\/ca\/wp-json\/wp\/v2\/product_brand?post=28635"},{"taxonomy":"product_cat","embeddable":true,"href":"https:\/\/librosdelzorrorojo.com\/ca\/wp-json\/wp\/v2\/product_cat?post=28635"},{"taxonomy":"product_tag","embeddable":true,"href":"https:\/\/librosdelzorrorojo.com\/ca\/wp-json\/wp\/v2\/product_tag?post=28635"}],"curies":[{"name":"wp","href":"https:\/\/api.w.org\/{rel}","templated":true}]}}