{"id":28618,"date":"2024-10-30T10:00:18","date_gmt":"2024-10-30T09:00:18","guid":{"rendered":"https:\/\/librosdelzorrorojo.com\/catalogo\/ningun-beso-para-mama\/"},"modified":"2025-01-13T12:53:29","modified_gmt":"2025-01-13T11:53:29","slug":"ningun-beso-para-mama","status":"publish","type":"product","link":"https:\/\/librosdelzorrorojo.com\/ca\/cataleg\/ningun-beso-para-mama\/","title":{"rendered":"Ning\u00fan beso para mam\u00e1"},"content":{"rendered":"<div class=\"textLayer\" data-main-rotation=\"0\"><span role=\"presentation\" dir=\"ltr\">\u00d3scar Gatomaula no es lo que se dice un ni\u00f1o modelo. Detesta <\/span><span role=\"presentation\" dir=\"ltr\">lavarse, llevar la ropa limpia y planchada, hacer los deberes <\/span><span role=\"presentation\" dir=\"ltr\">y, por encima de todo, los mimos as\ufb01xiantes de una madre <\/span><span role=\"presentation\" dir=\"ltr\">que sigue trat\u00e1ndolo como si fuera un beb\u00e9. A \u00d3scar lo que le <\/span><span role=\"presentation\" dir=\"ltr\">gusta que de verdad es leer c\u00f3mics a escondidas, alborotar la <\/span><span role=\"presentation\" dir=\"ltr\">clase de la se\u00f1orita Ronroncilla con polvos picapica, jugar a <\/span><span role=\"presentation\" dir=\"ltr\">f\u00fatbol con sus amigos y liarse a tortazos con ellos a la m\u00ednima. <\/span><span role=\"presentation\" dir=\"ltr\">\u00bfC\u00f3mo mantener este papel de ni\u00f1o rebelde y curtido cuando <\/span><span role=\"presentation\" dir=\"ltr\">en casa quieren que parezcas un gatito de postal y no paran <\/span><span role=\"presentation\" dir=\"ltr\">de besuquearte? La crisis tendr\u00e1 que estallar un d\u00eda u otro, es <\/span><span role=\"presentation\" dir=\"ltr\">inevitable. Y ese estallido, violento y doloroso, traer\u00e1 la posi<\/span><span role=\"presentation\" dir=\"ltr\">bilidad de conciliar la personalidad revoltosa de \u00d3scar con el <\/span><span role=\"presentation\" dir=\"ltr\">amor materno, que encontrar\u00e1 formas de expresi\u00f3n menos <\/span><span role=\"presentation\" dir=\"ltr\">invasivas.<\/span><\/div>\n<div data-main-rotation=\"0\"><\/div>\n<div data-main-rotation=\"0\"><\/div>\n<div class=\"textLayer\" data-main-rotation=\"0\"><span role=\"presentation\" dir=\"ltr\"><\/span><span role=\"presentation\" dir=\"ltr\">La \ufb01el adaptaci\u00f3n al c\u00f3mic que hace Mathieu Sapin del relato <\/span><span role=\"presentation\" dir=\"ltr\">ilustrado del maestro Tomi Ungerer (publicado originalmente <\/span><span role=\"presentation\" dir=\"ltr\">en 1973) nos lleva a un mundo de gatos humanizados en sus <\/span><span role=\"presentation\" dir=\"ltr\">formas \u2014viven en casas como las nuestras, visten como noso<\/span><span role=\"presentation\" dir=\"ltr\">tros, van en coche, trabajan en f\u00e1bricas, comen en el restau<\/span><span role=\"presentation\" dir=\"ltr\">rante\u2026\u2014 y en sus relaciones personales y familiares. El esp\u00edri<\/span><span role=\"presentation\" dir=\"ltr\">tu irreverente y provocador de Ungerer no ha perdido un \u00e1pice <\/span><span role=\"presentation\" dir=\"ltr\">de su agudeza, es m\u00e1s, parece haberse a\ufb01lado con el tiempo, y <\/span><span role=\"presentation\" dir=\"ltr\">representa una bocanada de aire fresco en un momento como <\/span><span role=\"presentation\" dir=\"ltr\">el de hoy, de ni\u00f1os-reyes de la casa y de padres sol\u00edcitos que <\/span><span role=\"presentation\" dir=\"ltr\">aspiran a ejercer una hiperprotecci\u00f3n (que tambi\u00e9n es una <\/span><span role=\"presentation\" dir=\"ltr\">forma de control) sobre ellos. La historia de \u00d3scar permite, al <\/span><span role=\"presentation\" dir=\"ltr\">contrario, que las lectoras y los lectores vivan el con\ufb02icto con <\/span><span role=\"presentation\" dir=\"ltr\">toda la intensidad posible y lo resuelvan, si acaso se quiere ver <\/span><span role=\"presentation\" dir=\"ltr\">el libro desde el punto de vista pedag\u00f3gico. Aunque sencilla<\/span><span role=\"presentation\" dir=\"ltr\">mente se trata de una obra maestra de la literatura infantil y <\/span><span role=\"presentation\" dir=\"ltr\">juvenil, ahora en c\u00f3mic.<\/span><\/div>\n<div data-main-rotation=\"0\"><\/div>\n<div data-main-rotation=\"0\"><img decoding=\"async\" src=\"https:\/\/librosdelzorrorojo.com\/wp-content\/uploads\/2024\/10\/ICEC.jpg\" alt=\"\" width=\"380\" height=\"85\" class=\"alignnone size-full wp-image-29095\" \/><\/div>\n<p>&nbsp;<\/p>\n","protected":false},"excerpt":{"rendered":"\u00d3scar Gatomaula no es lo que se dice un ni\u00f1o modelo. Detesta lavarse, llevar la ropa limpia y planchada, hacer los deberes y, por encima de todo, los mimos as\ufb01xiantes de una madre que sigue trat\u00e1ndolo como si fuera un beb\u00e9. A \u00d3scar lo que le gusta que de verdad es leer c\u00f3mics a escondidas, [&hellip;]","protected":false},"featured_media":28410,"template":"","meta":{"_acf_changed":false},"product_brand":[],"product_cat":[844,843,839],"product_tag":[],"class_list":{"0":"post-28618","1":"product","2":"type-product","3":"status-publish","4":"has-post-thumbnail","6":"product_cat-castella","7":"product_cat-infantiles-ca","8":"product_cat-zona-kids-ca","9":"vinculo-ningun-beso-para-mama","11":"first","12":"instock","13":"taxable","14":"shipping-taxable","15":"purchasable","16":"product-type-simple"},"acf":[],"yoast_head":"<!-- This site is optimized with the Yoast SEO plugin v25.1 - https:\/\/yoast.com\/wordpress\/plugins\/seo\/ -->\n<title>Ning\u00fan beso para mam\u00e1 - Libros del Zorro Rojo<\/title>\n<meta name=\"robots\" content=\"index, follow, max-snippet:-1, max-image-preview:large, max-video-preview:-1\" \/>\n<link rel=\"canonical\" href=\"https:\/\/librosdelzorrorojo.com\/ca\/cataleg\/ningun-beso-para-mama\/\" \/>\n<meta property=\"og:locale\" content=\"ca_ES\" \/>\n<meta property=\"og:type\" content=\"article\" \/>\n<meta property=\"og:title\" content=\"Ning\u00fan beso para mam\u00e1 - Libros del Zorro Rojo\" \/>\n<meta property=\"og:description\" content=\"\u00d3scar Gatomaula no es lo que se dice un ni\u00f1o modelo. Detesta lavarse, llevar la ropa limpia y planchada, hacer los deberes y, por encima de todo, los mimos as\ufb01xiantes de una madre que sigue trat\u00e1ndolo como si fuera un beb\u00e9. A \u00d3scar lo que le gusta que de verdad es leer c\u00f3mics a escondidas, [&hellip;]\" \/>\n<meta property=\"og:url\" content=\"https:\/\/librosdelzorrorojo.com\/ca\/cataleg\/ningun-beso-para-mama\/\" \/>\n<meta property=\"og:site_name\" content=\"Libros del Zorro Rojo\" \/>\n<meta property=\"article:modified_time\" content=\"2025-01-13T11:53:29+00:00\" \/>\n<meta property=\"og:image\" content=\"https:\/\/librosdelzorrorojo.com\/wp-content\/uploads\/2024\/08\/Ningun-beso-para-mama_CUB_CAST-scaled.jpg\" \/>\n\t<meta property=\"og:image:width\" content=\"1885\" \/>\n\t<meta property=\"og:image:height\" content=\"2560\" \/>\n\t<meta property=\"og:image:type\" content=\"image\/jpeg\" \/>\n<meta name=\"twitter:card\" content=\"summary_large_image\" \/>\n<meta name=\"twitter:label1\" content=\"Temps estimat de lectura\" \/>\n\t<meta name=\"twitter:data1\" content=\"1 minut\" \/>\n<script type=\"application\/ld+json\" class=\"yoast-schema-graph\">{\"@context\":\"https:\/\/schema.org\",\"@graph\":[{\"@type\":\"WebPage\",\"@id\":\"https:\/\/librosdelzorrorojo.com\/ca\/cataleg\/ningun-beso-para-mama\/\",\"url\":\"https:\/\/librosdelzorrorojo.com\/ca\/cataleg\/ningun-beso-para-mama\/\",\"name\":\"Ning\u00fan beso para mam\u00e1 - Libros del Zorro Rojo\",\"isPartOf\":{\"@id\":\"https:\/\/librosdelzorrorojo.com\/#website\"},\"primaryImageOfPage\":{\"@id\":\"https:\/\/librosdelzorrorojo.com\/ca\/cataleg\/ningun-beso-para-mama\/#primaryimage\"},\"image\":{\"@id\":\"https:\/\/librosdelzorrorojo.com\/ca\/cataleg\/ningun-beso-para-mama\/#primaryimage\"},\"thumbnailUrl\":\"https:\/\/librosdelzorrorojo.com\/wp-content\/uploads\/2024\/08\/Ningun-beso-para-mama_CUB_CAST-scaled.jpg\",\"datePublished\":\"2024-10-30T09:00:18+00:00\",\"dateModified\":\"2025-01-13T11:53:29+00:00\",\"breadcrumb\":{\"@id\":\"https:\/\/librosdelzorrorojo.com\/ca\/cataleg\/ningun-beso-para-mama\/#breadcrumb\"},\"inLanguage\":\"ca\",\"potentialAction\":[{\"@type\":\"ReadAction\",\"target\":[\"https:\/\/librosdelzorrorojo.com\/ca\/cataleg\/ningun-beso-para-mama\/\"]}]},{\"@type\":\"ImageObject\",\"inLanguage\":\"ca\",\"@id\":\"https:\/\/librosdelzorrorojo.com\/ca\/cataleg\/ningun-beso-para-mama\/#primaryimage\",\"url\":\"https:\/\/librosdelzorrorojo.com\/wp-content\/uploads\/2024\/08\/Ningun-beso-para-mama_CUB_CAST-scaled.jpg\",\"contentUrl\":\"https:\/\/librosdelzorrorojo.com\/wp-content\/uploads\/2024\/08\/Ningun-beso-para-mama_CUB_CAST-scaled.jpg\",\"width\":1885,\"height\":2560,\"caption\":\"Ningun beso para mama CUB CAST scaled\"},{\"@type\":\"BreadcrumbList\",\"@id\":\"https:\/\/librosdelzorrorojo.com\/ca\/cataleg\/ningun-beso-para-mama\/#breadcrumb\",\"itemListElement\":[{\"@type\":\"ListItem\",\"position\":1,\"name\":\"Portada\",\"item\":\"https:\/\/librosdelzorrorojo.com\/ca\/\"},{\"@type\":\"ListItem\",\"position\":2,\"name\":\"Cat\u00e0leg\",\"item\":\"https:\/\/librosdelzorrorojo.com\/ca\/cataleg\/\"},{\"@type\":\"ListItem\",\"position\":3,\"name\":\"Ning\u00fan beso para mam\u00e1\"}]},{\"@type\":\"WebSite\",\"@id\":\"https:\/\/librosdelzorrorojo.com\/#website\",\"url\":\"https:\/\/librosdelzorrorojo.com\/\",\"name\":\"Libros del Zorro Rojo\",\"description\":\"Libros ilustrados\",\"potentialAction\":[{\"@type\":\"SearchAction\",\"target\":{\"@type\":\"EntryPoint\",\"urlTemplate\":\"https:\/\/librosdelzorrorojo.com\/?s={search_term_string}\"},\"query-input\":{\"@type\":\"PropertyValueSpecification\",\"valueRequired\":true,\"valueName\":\"search_term_string\"}}],\"inLanguage\":\"ca\"}]}<\/script>\n<!-- \/ Yoast SEO plugin. -->","yoast_head_json":{"title":"Ning\u00fan beso para mam\u00e1 - Libros del Zorro Rojo","robots":{"index":"index","follow":"follow","max-snippet":"max-snippet:-1","max-image-preview":"max-image-preview:large","max-video-preview":"max-video-preview:-1"},"canonical":"https:\/\/librosdelzorrorojo.com\/ca\/cataleg\/ningun-beso-para-mama\/","og_locale":"ca_ES","og_type":"article","og_title":"Ning\u00fan beso para mam\u00e1 - Libros del Zorro Rojo","og_description":"\u00d3scar Gatomaula no es lo que se dice un ni\u00f1o modelo. Detesta lavarse, llevar la ropa limpia y planchada, hacer los deberes y, por encima de todo, los mimos as\ufb01xiantes de una madre que sigue trat\u00e1ndolo como si fuera un beb\u00e9. A \u00d3scar lo que le gusta que de verdad es leer c\u00f3mics a escondidas, [&hellip;]","og_url":"https:\/\/librosdelzorrorojo.com\/ca\/cataleg\/ningun-beso-para-mama\/","og_site_name":"Libros del Zorro Rojo","article_modified_time":"2025-01-13T11:53:29+00:00","og_image":[{"width":1885,"height":2560,"url":"https:\/\/librosdelzorrorojo.com\/wp-content\/uploads\/2024\/08\/Ningun-beso-para-mama_CUB_CAST-scaled.jpg","type":"image\/jpeg"}],"twitter_card":"summary_large_image","twitter_misc":{"Temps estimat de lectura":"1 minut"},"schema":{"@context":"https:\/\/schema.org","@graph":[{"@type":"WebPage","@id":"https:\/\/librosdelzorrorojo.com\/ca\/cataleg\/ningun-beso-para-mama\/","url":"https:\/\/librosdelzorrorojo.com\/ca\/cataleg\/ningun-beso-para-mama\/","name":"Ning\u00fan beso para mam\u00e1 - Libros del Zorro Rojo","isPartOf":{"@id":"https:\/\/librosdelzorrorojo.com\/#website"},"primaryImageOfPage":{"@id":"https:\/\/librosdelzorrorojo.com\/ca\/cataleg\/ningun-beso-para-mama\/#primaryimage"},"image":{"@id":"https:\/\/librosdelzorrorojo.com\/ca\/cataleg\/ningun-beso-para-mama\/#primaryimage"},"thumbnailUrl":"https:\/\/librosdelzorrorojo.com\/wp-content\/uploads\/2024\/08\/Ningun-beso-para-mama_CUB_CAST-scaled.jpg","datePublished":"2024-10-30T09:00:18+00:00","dateModified":"2025-01-13T11:53:29+00:00","breadcrumb":{"@id":"https:\/\/librosdelzorrorojo.com\/ca\/cataleg\/ningun-beso-para-mama\/#breadcrumb"},"inLanguage":"ca","potentialAction":[{"@type":"ReadAction","target":["https:\/\/librosdelzorrorojo.com\/ca\/cataleg\/ningun-beso-para-mama\/"]}]},{"@type":"ImageObject","inLanguage":"ca","@id":"https:\/\/librosdelzorrorojo.com\/ca\/cataleg\/ningun-beso-para-mama\/#primaryimage","url":"https:\/\/librosdelzorrorojo.com\/wp-content\/uploads\/2024\/08\/Ningun-beso-para-mama_CUB_CAST-scaled.jpg","contentUrl":"https:\/\/librosdelzorrorojo.com\/wp-content\/uploads\/2024\/08\/Ningun-beso-para-mama_CUB_CAST-scaled.jpg","width":1885,"height":2560,"caption":"Ningun beso para mama CUB CAST scaled"},{"@type":"BreadcrumbList","@id":"https:\/\/librosdelzorrorojo.com\/ca\/cataleg\/ningun-beso-para-mama\/#breadcrumb","itemListElement":[{"@type":"ListItem","position":1,"name":"Portada","item":"https:\/\/librosdelzorrorojo.com\/ca\/"},{"@type":"ListItem","position":2,"name":"Cat\u00e0leg","item":"https:\/\/librosdelzorrorojo.com\/ca\/cataleg\/"},{"@type":"ListItem","position":3,"name":"Ning\u00fan beso para mam\u00e1"}]},{"@type":"WebSite","@id":"https:\/\/librosdelzorrorojo.com\/#website","url":"https:\/\/librosdelzorrorojo.com\/","name":"Libros del Zorro Rojo","description":"Libros ilustrados","potentialAction":[{"@type":"SearchAction","target":{"@type":"EntryPoint","urlTemplate":"https:\/\/librosdelzorrorojo.com\/?s={search_term_string}"},"query-input":{"@type":"PropertyValueSpecification","valueRequired":true,"valueName":"search_term_string"}}],"inLanguage":"ca"}]}},"_links":{"self":[{"href":"https:\/\/librosdelzorrorojo.com\/ca\/wp-json\/wp\/v2\/product\/28618","targetHints":{"allow":["GET"]}}],"collection":[{"href":"https:\/\/librosdelzorrorojo.com\/ca\/wp-json\/wp\/v2\/product"}],"about":[{"href":"https:\/\/librosdelzorrorojo.com\/ca\/wp-json\/wp\/v2\/types\/product"}],"wp:featuredmedia":[{"embeddable":true,"href":"https:\/\/librosdelzorrorojo.com\/ca\/wp-json\/wp\/v2\/media\/28410"}],"wp:attachment":[{"href":"https:\/\/librosdelzorrorojo.com\/ca\/wp-json\/wp\/v2\/media?parent=28618"}],"wp:term":[{"taxonomy":"product_brand","embeddable":true,"href":"https:\/\/librosdelzorrorojo.com\/ca\/wp-json\/wp\/v2\/product_brand?post=28618"},{"taxonomy":"product_cat","embeddable":true,"href":"https:\/\/librosdelzorrorojo.com\/ca\/wp-json\/wp\/v2\/product_cat?post=28618"},{"taxonomy":"product_tag","embeddable":true,"href":"https:\/\/librosdelzorrorojo.com\/ca\/wp-json\/wp\/v2\/product_tag?post=28618"}],"curies":[{"name":"wp","href":"https:\/\/api.w.org\/{rel}","templated":true}]}}