{"id":28582,"date":"2024-10-02T10:00:04","date_gmt":"2024-10-02T08:00:04","guid":{"rendered":"https:\/\/librosdelzorrorojo.com\/catalogo\/conejito-de-luna\/"},"modified":"2024-12-13T12:19:19","modified_gmt":"2024-12-13T11:19:19","slug":"conejito-de-luna","status":"publish","type":"product","link":"https:\/\/librosdelzorrorojo.com\/ca\/cataleg\/conejito-de-luna\/","title":{"rendered":"Conejito de luna"},"content":{"rendered":"<p>El conejito y la luna tienen una relaci\u00f3n especial; se dicen cosas solo con mirarse a los ojos, aunque a veces el conejito escribe cartas en la arena para su amiga en el cielo. Un buen d\u00eda, una estrella fugaz impacta contra la luna cuando est\u00e1 m\u00e1s llena, y por eso pierde un trozo que cae en la Tierra. Se queda muy triste, pero el conejito recoge el fragmento perdido y se dispone a arreglar las cosas. Ahora bien, \u00bfc\u00f3mo puede un animalito terrestre devolverle algo a una luna distante? Tal vez sea posible con ayuda de una serie de juegos tradicionales.<\/p>\n<p>Conejito de luna se recrea en toda la belleza y el detalle de la tradici\u00f3n art\u00edstica y de los juegos coreanos al tiempo que los sit\u00faa entre nuestras tradiciones y objetos de fascinaci\u00f3n. \u00bfA qui\u00e9n no le gusta la luna llena? \u00bfO los conejitos?<\/p>\n<p>Un libro silente, delicado y precioso que cautivar\u00e1 a los lectores de todas las edades por la belleza de sus p\u00e1ginas y por una historia universal.<\/p>\n<p><img decoding=\"async\" src=\"https:\/\/librosdelzorrorojo.com\/wp-content\/uploads\/2024\/10\/ICEC.jpg\" alt=\"\" width=\"380\" height=\"85\" class=\"alignnone size-full wp-image-29095\" \/><\/p>\n","protected":false},"excerpt":{"rendered":"El conejito y la luna tienen una relaci\u00f3n especial; se dicen cosas solo con mirarse a los ojos, aunque a veces el conejito escribe cartas en la arena para su amiga en el cielo. Un buen d\u00eda, una estrella fugaz impacta contra la luna cuando est\u00e1 m\u00e1s llena, y por eso pierde un trozo que [&hellip;]","protected":false},"featured_media":28420,"template":"","meta":{"_acf_changed":false},"product_brand":[],"product_cat":[844,843,839],"product_tag":[],"class_list":{"0":"post-28582","1":"product","2":"type-product","3":"status-publish","4":"has-post-thumbnail","6":"product_cat-castella","7":"product_cat-infantiles-ca","8":"product_cat-zona-kids-ca","9":"vinculo-conejito-de-luna","11":"first","12":"instock","13":"taxable","14":"shipping-taxable","15":"purchasable","16":"product-type-simple"},"acf":[],"yoast_head":"<!-- This site is optimized with the Yoast SEO plugin v25.1 - https:\/\/yoast.com\/wordpress\/plugins\/seo\/ -->\n<title>Conejito de luna - Libros del Zorro Rojo<\/title>\n<meta name=\"robots\" content=\"index, follow, max-snippet:-1, max-image-preview:large, max-video-preview:-1\" \/>\n<link rel=\"canonical\" href=\"https:\/\/librosdelzorrorojo.com\/ca\/cataleg\/conejito-de-luna\/\" \/>\n<meta property=\"og:locale\" content=\"ca_ES\" \/>\n<meta property=\"og:type\" content=\"article\" \/>\n<meta property=\"og:title\" content=\"Conejito de luna - Libros del Zorro Rojo\" \/>\n<meta property=\"og:description\" content=\"El conejito y la luna tienen una relaci\u00f3n especial; se dicen cosas solo con mirarse a los ojos, aunque a veces el conejito escribe cartas en la arena para su amiga en el cielo. Un buen d\u00eda, una estrella fugaz impacta contra la luna cuando est\u00e1 m\u00e1s llena, y por eso pierde un trozo que [&hellip;]\" \/>\n<meta property=\"og:url\" content=\"https:\/\/librosdelzorrorojo.com\/ca\/cataleg\/conejito-de-luna\/\" \/>\n<meta property=\"og:site_name\" content=\"Libros del Zorro Rojo\" \/>\n<meta property=\"article:modified_time\" content=\"2024-12-13T11:19:19+00:00\" \/>\n<meta property=\"og:image\" content=\"https:\/\/librosdelzorrorojo.com\/wp-content\/uploads\/2024\/08\/moonrabit_cover_SPA-scaled.jpg\" \/>\n\t<meta property=\"og:image:width\" content=\"2560\" \/>\n\t<meta property=\"og:image:height\" content=\"2481\" \/>\n\t<meta property=\"og:image:type\" content=\"image\/jpeg\" \/>\n<meta name=\"twitter:card\" content=\"summary_large_image\" \/>\n<meta name=\"twitter:label1\" content=\"Temps estimat de lectura\" \/>\n\t<meta name=\"twitter:data1\" content=\"1 minut\" \/>\n<script type=\"application\/ld+json\" class=\"yoast-schema-graph\">{\"@context\":\"https:\/\/schema.org\",\"@graph\":[{\"@type\":\"WebPage\",\"@id\":\"https:\/\/librosdelzorrorojo.com\/ca\/cataleg\/conejito-de-luna\/\",\"url\":\"https:\/\/librosdelzorrorojo.com\/ca\/cataleg\/conejito-de-luna\/\",\"name\":\"Conejito de luna - Libros del Zorro Rojo\",\"isPartOf\":{\"@id\":\"https:\/\/librosdelzorrorojo.com\/#website\"},\"primaryImageOfPage\":{\"@id\":\"https:\/\/librosdelzorrorojo.com\/ca\/cataleg\/conejito-de-luna\/#primaryimage\"},\"image\":{\"@id\":\"https:\/\/librosdelzorrorojo.com\/ca\/cataleg\/conejito-de-luna\/#primaryimage\"},\"thumbnailUrl\":\"https:\/\/librosdelzorrorojo.com\/wp-content\/uploads\/2024\/08\/moonrabit_cover_SPA-scaled.jpg\",\"datePublished\":\"2024-10-02T08:00:04+00:00\",\"dateModified\":\"2024-12-13T11:19:19+00:00\",\"breadcrumb\":{\"@id\":\"https:\/\/librosdelzorrorojo.com\/ca\/cataleg\/conejito-de-luna\/#breadcrumb\"},\"inLanguage\":\"ca\",\"potentialAction\":[{\"@type\":\"ReadAction\",\"target\":[\"https:\/\/librosdelzorrorojo.com\/ca\/cataleg\/conejito-de-luna\/\"]}]},{\"@type\":\"ImageObject\",\"inLanguage\":\"ca\",\"@id\":\"https:\/\/librosdelzorrorojo.com\/ca\/cataleg\/conejito-de-luna\/#primaryimage\",\"url\":\"https:\/\/librosdelzorrorojo.com\/wp-content\/uploads\/2024\/08\/moonrabit_cover_SPA-scaled.jpg\",\"contentUrl\":\"https:\/\/librosdelzorrorojo.com\/wp-content\/uploads\/2024\/08\/moonrabit_cover_SPA-scaled.jpg\",\"width\":2560,\"height\":2481,\"caption\":\"moonrabit cover SPA scaled\"},{\"@type\":\"BreadcrumbList\",\"@id\":\"https:\/\/librosdelzorrorojo.com\/ca\/cataleg\/conejito-de-luna\/#breadcrumb\",\"itemListElement\":[{\"@type\":\"ListItem\",\"position\":1,\"name\":\"Portada\",\"item\":\"https:\/\/librosdelzorrorojo.com\/ca\/\"},{\"@type\":\"ListItem\",\"position\":2,\"name\":\"Cat\u00e0leg\",\"item\":\"https:\/\/librosdelzorrorojo.com\/ca\/cataleg\/\"},{\"@type\":\"ListItem\",\"position\":3,\"name\":\"Conejito de luna\"}]},{\"@type\":\"WebSite\",\"@id\":\"https:\/\/librosdelzorrorojo.com\/#website\",\"url\":\"https:\/\/librosdelzorrorojo.com\/\",\"name\":\"Libros del Zorro Rojo\",\"description\":\"Libros ilustrados\",\"potentialAction\":[{\"@type\":\"SearchAction\",\"target\":{\"@type\":\"EntryPoint\",\"urlTemplate\":\"https:\/\/librosdelzorrorojo.com\/?s={search_term_string}\"},\"query-input\":{\"@type\":\"PropertyValueSpecification\",\"valueRequired\":true,\"valueName\":\"search_term_string\"}}],\"inLanguage\":\"ca\"}]}<\/script>\n<!-- \/ Yoast SEO plugin. -->","yoast_head_json":{"title":"Conejito de luna - Libros del Zorro Rojo","robots":{"index":"index","follow":"follow","max-snippet":"max-snippet:-1","max-image-preview":"max-image-preview:large","max-video-preview":"max-video-preview:-1"},"canonical":"https:\/\/librosdelzorrorojo.com\/ca\/cataleg\/conejito-de-luna\/","og_locale":"ca_ES","og_type":"article","og_title":"Conejito de luna - Libros del Zorro Rojo","og_description":"El conejito y la luna tienen una relaci\u00f3n especial; se dicen cosas solo con mirarse a los ojos, aunque a veces el conejito escribe cartas en la arena para su amiga en el cielo. Un buen d\u00eda, una estrella fugaz impacta contra la luna cuando est\u00e1 m\u00e1s llena, y por eso pierde un trozo que [&hellip;]","og_url":"https:\/\/librosdelzorrorojo.com\/ca\/cataleg\/conejito-de-luna\/","og_site_name":"Libros del Zorro Rojo","article_modified_time":"2024-12-13T11:19:19+00:00","og_image":[{"width":2560,"height":2481,"url":"https:\/\/librosdelzorrorojo.com\/wp-content\/uploads\/2024\/08\/moonrabit_cover_SPA-scaled.jpg","type":"image\/jpeg"}],"twitter_card":"summary_large_image","twitter_misc":{"Temps estimat de lectura":"1 minut"},"schema":{"@context":"https:\/\/schema.org","@graph":[{"@type":"WebPage","@id":"https:\/\/librosdelzorrorojo.com\/ca\/cataleg\/conejito-de-luna\/","url":"https:\/\/librosdelzorrorojo.com\/ca\/cataleg\/conejito-de-luna\/","name":"Conejito de luna - Libros del Zorro Rojo","isPartOf":{"@id":"https:\/\/librosdelzorrorojo.com\/#website"},"primaryImageOfPage":{"@id":"https:\/\/librosdelzorrorojo.com\/ca\/cataleg\/conejito-de-luna\/#primaryimage"},"image":{"@id":"https:\/\/librosdelzorrorojo.com\/ca\/cataleg\/conejito-de-luna\/#primaryimage"},"thumbnailUrl":"https:\/\/librosdelzorrorojo.com\/wp-content\/uploads\/2024\/08\/moonrabit_cover_SPA-scaled.jpg","datePublished":"2024-10-02T08:00:04+00:00","dateModified":"2024-12-13T11:19:19+00:00","breadcrumb":{"@id":"https:\/\/librosdelzorrorojo.com\/ca\/cataleg\/conejito-de-luna\/#breadcrumb"},"inLanguage":"ca","potentialAction":[{"@type":"ReadAction","target":["https:\/\/librosdelzorrorojo.com\/ca\/cataleg\/conejito-de-luna\/"]}]},{"@type":"ImageObject","inLanguage":"ca","@id":"https:\/\/librosdelzorrorojo.com\/ca\/cataleg\/conejito-de-luna\/#primaryimage","url":"https:\/\/librosdelzorrorojo.com\/wp-content\/uploads\/2024\/08\/moonrabit_cover_SPA-scaled.jpg","contentUrl":"https:\/\/librosdelzorrorojo.com\/wp-content\/uploads\/2024\/08\/moonrabit_cover_SPA-scaled.jpg","width":2560,"height":2481,"caption":"moonrabit cover SPA scaled"},{"@type":"BreadcrumbList","@id":"https:\/\/librosdelzorrorojo.com\/ca\/cataleg\/conejito-de-luna\/#breadcrumb","itemListElement":[{"@type":"ListItem","position":1,"name":"Portada","item":"https:\/\/librosdelzorrorojo.com\/ca\/"},{"@type":"ListItem","position":2,"name":"Cat\u00e0leg","item":"https:\/\/librosdelzorrorojo.com\/ca\/cataleg\/"},{"@type":"ListItem","position":3,"name":"Conejito de luna"}]},{"@type":"WebSite","@id":"https:\/\/librosdelzorrorojo.com\/#website","url":"https:\/\/librosdelzorrorojo.com\/","name":"Libros del Zorro Rojo","description":"Libros ilustrados","potentialAction":[{"@type":"SearchAction","target":{"@type":"EntryPoint","urlTemplate":"https:\/\/librosdelzorrorojo.com\/?s={search_term_string}"},"query-input":{"@type":"PropertyValueSpecification","valueRequired":true,"valueName":"search_term_string"}}],"inLanguage":"ca"}]}},"_links":{"self":[{"href":"https:\/\/librosdelzorrorojo.com\/ca\/wp-json\/wp\/v2\/product\/28582","targetHints":{"allow":["GET"]}}],"collection":[{"href":"https:\/\/librosdelzorrorojo.com\/ca\/wp-json\/wp\/v2\/product"}],"about":[{"href":"https:\/\/librosdelzorrorojo.com\/ca\/wp-json\/wp\/v2\/types\/product"}],"wp:featuredmedia":[{"embeddable":true,"href":"https:\/\/librosdelzorrorojo.com\/ca\/wp-json\/wp\/v2\/media\/28420"}],"wp:attachment":[{"href":"https:\/\/librosdelzorrorojo.com\/ca\/wp-json\/wp\/v2\/media?parent=28582"}],"wp:term":[{"taxonomy":"product_brand","embeddable":true,"href":"https:\/\/librosdelzorrorojo.com\/ca\/wp-json\/wp\/v2\/product_brand?post=28582"},{"taxonomy":"product_cat","embeddable":true,"href":"https:\/\/librosdelzorrorojo.com\/ca\/wp-json\/wp\/v2\/product_cat?post=28582"},{"taxonomy":"product_tag","embeddable":true,"href":"https:\/\/librosdelzorrorojo.com\/ca\/wp-json\/wp\/v2\/product_tag?post=28582"}],"curies":[{"name":"wp","href":"https:\/\/api.w.org\/{rel}","templated":true}]}}