{"id":28553,"date":"2024-10-27T13:03:40","date_gmt":"2024-10-27T12:03:40","guid":{"rendered":"https:\/\/librosdelzorrorojo.com\/?post_type=product&#038;p=28553"},"modified":"2026-04-24T12:39:18","modified_gmt":"2026-04-24T10:39:18","slug":"topotip-i-topotap","status":"publish","type":"product","link":"https:\/\/librosdelzorrorojo.com\/ca\/cataleg\/topotip-i-topotap\/","title":{"rendered":"Topotip i Topotap"},"content":{"rendered":"<p><span lang=\"CA\">En Topotip convida en Topotap a dinar a casa seva, una cabanya de camp on porta una vida modesta i agradable, buida de neguits i ensurts. Com a agra\u00efment, en Topotap, ratol\u00ed de ciutat, li obre les portes de casa seva. All\u00e0 tot \u00e9s \u00abuna altra cosa\u00bb: abund\u00e0ncia, sumptuositat i aliments sofisticats. Per\u00f2 la visita resulta ser un infern, perqu\u00e8 a la ciutat tamb\u00e9 hi ha escombres, sabates i una cosa encara pitjor: un gat immens i ferotge que mant\u00e9 els ratolins famolencs a ratlla. M\u2019estimo m\u00e9s tornar a casa, es diu en Topotip amb la lli\u00e7\u00f3 apresa: val m\u00e9s una vida modesta i tranquil\u00b7la que tot el luxe del m\u00f3n rodejat de perills i preocupacions. Igual que la resta de faules d\u2019Isop, el gran contista moral de l\u2019antiga Gr\u00e8cia, la hist\u00f2ria del ratol\u00ed de camp i el ratol\u00ed de ciutat tampoc ha perdut vig\u00e8ncia. Els autors d\u2019aquesta nova adaptaci\u00f3, a m\u00e9s de mantenir l\u2019esperit del conte, l\u2019han acompanyat amb unes il\u00b7lustracions exquisides de tall cl\u00e0ssic i atemporal.<\/span><\/p>\n","protected":false},"excerpt":{"rendered":"En Topotip convida en Topotap a dinar a casa seva, una cabanya de camp on porta una vida modesta i agradable, buida de neguits i ensurts. Com a agra\u00efment, en Topotap, ratol\u00ed de ciutat, li obre les portes de casa seva. All\u00e0 tot \u00e9s \u00abuna altra cosa\u00bb: abund\u00e0ncia, sumptuositat i aliments sofisticats. Per\u00f2 la visita [&hellip;]","protected":false},"featured_media":28554,"template":"","meta":{"_acf_changed":false},"product_brand":[],"product_cat":[840,843,839],"product_tag":[],"class_list":{"0":"post-28553","1":"product","2":"type-product","3":"status-publish","4":"has-post-thumbnail","6":"product_cat-catala","7":"product_cat-infantiles-ca","8":"product_cat-zona-kids-ca","9":"vinculo-topotipo-y-topotapo","11":"first","12":"instock","13":"taxable","14":"shipping-taxable","15":"purchasable","16":"product-type-simple"},"acf":[],"yoast_head":"<!-- This site is optimized with the Yoast SEO plugin v25.1 - https:\/\/yoast.com\/wordpress\/plugins\/seo\/ -->\n<title>Topotip i Topotap - Libros del Zorro Rojo<\/title>\n<meta name=\"robots\" content=\"index, follow, max-snippet:-1, max-image-preview:large, max-video-preview:-1\" \/>\n<link rel=\"canonical\" href=\"https:\/\/librosdelzorrorojo.com\/ca\/cataleg\/topotip-i-topotap\/\" \/>\n<meta property=\"og:locale\" content=\"ca_ES\" \/>\n<meta property=\"og:type\" content=\"article\" \/>\n<meta property=\"og:title\" content=\"Topotip i Topotap - Libros del Zorro Rojo\" \/>\n<meta property=\"og:description\" content=\"En Topotip convida en Topotap a dinar a casa seva, una cabanya de camp on porta una vida modesta i agradable, buida de neguits i ensurts. Com a agra\u00efment, en Topotap, ratol\u00ed de ciutat, li obre les portes de casa seva. All\u00e0 tot \u00e9s \u00abuna altra cosa\u00bb: abund\u00e0ncia, sumptuositat i aliments sofisticats. Per\u00f2 la visita [&hellip;]\" \/>\n<meta property=\"og:url\" content=\"https:\/\/librosdelzorrorojo.com\/ca\/cataleg\/topotip-i-topotap\/\" \/>\n<meta property=\"og:site_name\" content=\"Libros del Zorro Rojo\" \/>\n<meta property=\"article:modified_time\" content=\"2026-04-24T10:39:18+00:00\" \/>\n<meta property=\"og:image\" content=\"https:\/\/librosdelzorrorojo.com\/wp-content\/uploads\/2024\/09\/cover-cat-1024x904.jpg\" \/>\n\t<meta property=\"og:image:width\" content=\"1024\" \/>\n\t<meta property=\"og:image:height\" content=\"904\" \/>\n\t<meta property=\"og:image:type\" content=\"image\/jpeg\" \/>\n<meta name=\"twitter:card\" content=\"summary_large_image\" \/>\n<meta name=\"twitter:label1\" content=\"Temps estimat de lectura\" \/>\n\t<meta name=\"twitter:data1\" content=\"2 minuts\" \/>\n<script type=\"application\/ld+json\" class=\"yoast-schema-graph\">{\"@context\":\"https:\/\/schema.org\",\"@graph\":[{\"@type\":\"WebPage\",\"@id\":\"https:\/\/librosdelzorrorojo.com\/ca\/cataleg\/topotip-i-topotap\/\",\"url\":\"https:\/\/librosdelzorrorojo.com\/ca\/cataleg\/topotip-i-topotap\/\",\"name\":\"Topotip i Topotap - Libros del Zorro Rojo\",\"isPartOf\":{\"@id\":\"https:\/\/librosdelzorrorojo.com\/#website\"},\"primaryImageOfPage\":{\"@id\":\"https:\/\/librosdelzorrorojo.com\/ca\/cataleg\/topotip-i-topotap\/#primaryimage\"},\"image\":{\"@id\":\"https:\/\/librosdelzorrorojo.com\/ca\/cataleg\/topotip-i-topotap\/#primaryimage\"},\"thumbnailUrl\":\"https:\/\/librosdelzorrorojo.com\/wp-content\/uploads\/2024\/09\/cover-cat-scaled.jpg\",\"datePublished\":\"2024-10-27T12:03:40+00:00\",\"dateModified\":\"2026-04-24T10:39:18+00:00\",\"breadcrumb\":{\"@id\":\"https:\/\/librosdelzorrorojo.com\/ca\/cataleg\/topotip-i-topotap\/#breadcrumb\"},\"inLanguage\":\"ca\",\"potentialAction\":[{\"@type\":\"ReadAction\",\"target\":[\"https:\/\/librosdelzorrorojo.com\/ca\/cataleg\/topotip-i-topotap\/\"]}]},{\"@type\":\"ImageObject\",\"inLanguage\":\"ca\",\"@id\":\"https:\/\/librosdelzorrorojo.com\/ca\/cataleg\/topotip-i-topotap\/#primaryimage\",\"url\":\"https:\/\/librosdelzorrorojo.com\/wp-content\/uploads\/2024\/09\/cover-cat-scaled.jpg\",\"contentUrl\":\"https:\/\/librosdelzorrorojo.com\/wp-content\/uploads\/2024\/09\/cover-cat-scaled.jpg\",\"width\":2560,\"height\":2260,\"caption\":\"cover cat scaled\"},{\"@type\":\"BreadcrumbList\",\"@id\":\"https:\/\/librosdelzorrorojo.com\/ca\/cataleg\/topotip-i-topotap\/#breadcrumb\",\"itemListElement\":[{\"@type\":\"ListItem\",\"position\":1,\"name\":\"Portada\",\"item\":\"https:\/\/librosdelzorrorojo.com\/ca\/\"},{\"@type\":\"ListItem\",\"position\":2,\"name\":\"Cat\u00e0leg\",\"item\":\"https:\/\/librosdelzorrorojo.com\/ca\/cataleg\/\"},{\"@type\":\"ListItem\",\"position\":3,\"name\":\"Topotip i Topotap\"}]},{\"@type\":\"WebSite\",\"@id\":\"https:\/\/librosdelzorrorojo.com\/#website\",\"url\":\"https:\/\/librosdelzorrorojo.com\/\",\"name\":\"Libros del Zorro Rojo\",\"description\":\"Libros ilustrados\",\"potentialAction\":[{\"@type\":\"SearchAction\",\"target\":{\"@type\":\"EntryPoint\",\"urlTemplate\":\"https:\/\/librosdelzorrorojo.com\/?s={search_term_string}\"},\"query-input\":{\"@type\":\"PropertyValueSpecification\",\"valueRequired\":true,\"valueName\":\"search_term_string\"}}],\"inLanguage\":\"ca\"}]}<\/script>\n<!-- \/ Yoast SEO plugin. -->","yoast_head_json":{"title":"Topotip i Topotap - Libros del Zorro Rojo","robots":{"index":"index","follow":"follow","max-snippet":"max-snippet:-1","max-image-preview":"max-image-preview:large","max-video-preview":"max-video-preview:-1"},"canonical":"https:\/\/librosdelzorrorojo.com\/ca\/cataleg\/topotip-i-topotap\/","og_locale":"ca_ES","og_type":"article","og_title":"Topotip i Topotap - Libros del Zorro Rojo","og_description":"En Topotip convida en Topotap a dinar a casa seva, una cabanya de camp on porta una vida modesta i agradable, buida de neguits i ensurts. Com a agra\u00efment, en Topotap, ratol\u00ed de ciutat, li obre les portes de casa seva. All\u00e0 tot \u00e9s \u00abuna altra cosa\u00bb: abund\u00e0ncia, sumptuositat i aliments sofisticats. Per\u00f2 la visita [&hellip;]","og_url":"https:\/\/librosdelzorrorojo.com\/ca\/cataleg\/topotip-i-topotap\/","og_site_name":"Libros del Zorro Rojo","article_modified_time":"2026-04-24T10:39:18+00:00","og_image":[{"width":1024,"height":904,"url":"https:\/\/librosdelzorrorojo.com\/wp-content\/uploads\/2024\/09\/cover-cat-1024x904.jpg","type":"image\/jpeg"}],"twitter_card":"summary_large_image","twitter_misc":{"Temps estimat de lectura":"2 minuts"},"schema":{"@context":"https:\/\/schema.org","@graph":[{"@type":"WebPage","@id":"https:\/\/librosdelzorrorojo.com\/ca\/cataleg\/topotip-i-topotap\/","url":"https:\/\/librosdelzorrorojo.com\/ca\/cataleg\/topotip-i-topotap\/","name":"Topotip i Topotap - Libros del Zorro Rojo","isPartOf":{"@id":"https:\/\/librosdelzorrorojo.com\/#website"},"primaryImageOfPage":{"@id":"https:\/\/librosdelzorrorojo.com\/ca\/cataleg\/topotip-i-topotap\/#primaryimage"},"image":{"@id":"https:\/\/librosdelzorrorojo.com\/ca\/cataleg\/topotip-i-topotap\/#primaryimage"},"thumbnailUrl":"https:\/\/librosdelzorrorojo.com\/wp-content\/uploads\/2024\/09\/cover-cat-scaled.jpg","datePublished":"2024-10-27T12:03:40+00:00","dateModified":"2026-04-24T10:39:18+00:00","breadcrumb":{"@id":"https:\/\/librosdelzorrorojo.com\/ca\/cataleg\/topotip-i-topotap\/#breadcrumb"},"inLanguage":"ca","potentialAction":[{"@type":"ReadAction","target":["https:\/\/librosdelzorrorojo.com\/ca\/cataleg\/topotip-i-topotap\/"]}]},{"@type":"ImageObject","inLanguage":"ca","@id":"https:\/\/librosdelzorrorojo.com\/ca\/cataleg\/topotip-i-topotap\/#primaryimage","url":"https:\/\/librosdelzorrorojo.com\/wp-content\/uploads\/2024\/09\/cover-cat-scaled.jpg","contentUrl":"https:\/\/librosdelzorrorojo.com\/wp-content\/uploads\/2024\/09\/cover-cat-scaled.jpg","width":2560,"height":2260,"caption":"cover cat scaled"},{"@type":"BreadcrumbList","@id":"https:\/\/librosdelzorrorojo.com\/ca\/cataleg\/topotip-i-topotap\/#breadcrumb","itemListElement":[{"@type":"ListItem","position":1,"name":"Portada","item":"https:\/\/librosdelzorrorojo.com\/ca\/"},{"@type":"ListItem","position":2,"name":"Cat\u00e0leg","item":"https:\/\/librosdelzorrorojo.com\/ca\/cataleg\/"},{"@type":"ListItem","position":3,"name":"Topotip i Topotap"}]},{"@type":"WebSite","@id":"https:\/\/librosdelzorrorojo.com\/#website","url":"https:\/\/librosdelzorrorojo.com\/","name":"Libros del Zorro Rojo","description":"Libros ilustrados","potentialAction":[{"@type":"SearchAction","target":{"@type":"EntryPoint","urlTemplate":"https:\/\/librosdelzorrorojo.com\/?s={search_term_string}"},"query-input":{"@type":"PropertyValueSpecification","valueRequired":true,"valueName":"search_term_string"}}],"inLanguage":"ca"}]}},"_links":{"self":[{"href":"https:\/\/librosdelzorrorojo.com\/ca\/wp-json\/wp\/v2\/product\/28553","targetHints":{"allow":["GET"]}}],"collection":[{"href":"https:\/\/librosdelzorrorojo.com\/ca\/wp-json\/wp\/v2\/product"}],"about":[{"href":"https:\/\/librosdelzorrorojo.com\/ca\/wp-json\/wp\/v2\/types\/product"}],"wp:featuredmedia":[{"embeddable":true,"href":"https:\/\/librosdelzorrorojo.com\/ca\/wp-json\/wp\/v2\/media\/28554"}],"wp:attachment":[{"href":"https:\/\/librosdelzorrorojo.com\/ca\/wp-json\/wp\/v2\/media?parent=28553"}],"wp:term":[{"taxonomy":"product_brand","embeddable":true,"href":"https:\/\/librosdelzorrorojo.com\/ca\/wp-json\/wp\/v2\/product_brand?post=28553"},{"taxonomy":"product_cat","embeddable":true,"href":"https:\/\/librosdelzorrorojo.com\/ca\/wp-json\/wp\/v2\/product_cat?post=28553"},{"taxonomy":"product_tag","embeddable":true,"href":"https:\/\/librosdelzorrorojo.com\/ca\/wp-json\/wp\/v2\/product_tag?post=28553"}],"curies":[{"name":"wp","href":"https:\/\/api.w.org\/{rel}","templated":true}]}}