{"id":28496,"date":"2024-10-02T09:57:58","date_gmt":"2024-10-02T07:57:58","guid":{"rendered":"https:\/\/librosdelzorrorojo.com\/catalogo\/cartas-de-theo-a-vincent\/"},"modified":"2025-08-01T15:36:18","modified_gmt":"2025-08-01T13:36:18","slug":"cartas-de-theo-a-vincent","status":"publish","type":"product","link":"https:\/\/librosdelzorrorojo.com\/ca\/cataleg\/cartas-de-theo-a-vincent\/","title":{"rendered":"Cartas a Vincent"},"content":{"rendered":"<p>Theo Van Gogh es un hombre \u00absin talento\u00bb que cifra su existencia en el amor que profesa al arte y a su hermano Vincent, el artista de la familia, a quien env\u00eda dinero y cartas llenas de melancol\u00eda. Esta correspondencia hasta ahora in\u00e9dita, rigurosamente inventada por Julio C\u00e9sar P\u00e9rez, juega de manera especular con las cartas reales de Vincent a Theo, se interrumpe poco antes de la muerte de ambos y no recoge ninguno de los acontecimientos que marcaron la vida del \u00abloco pelirrojo\u00bb. Habla, m\u00e1s bien, de las esperanzas y los miedos del menos conocido de los hermanos, del Par\u00eds de los impresionistas, del sentido profundo del arte.<\/p>\n<p>En estas p\u00e1ginas hay sombra, hay muerte y tragedia, pero por encima de todo est\u00e1 la b\u00fasqueda, a veces infructuosa, de la belleza. Eso que Julio C\u00e9sar P\u00e9rez persigue con una libertad insolente.<\/p>\n<p><img decoding=\"async\" src=\"https:\/\/librosdelzorrorojo.com\/wp-content\/uploads\/2024\/10\/ICEC.jpg\" alt=\"\" width=\"380\" height=\"85\" class=\"alignnone size-full wp-image-29095\" \/><\/p>\n<p>&nbsp;<\/p>\n","protected":false},"excerpt":{"rendered":"Theo Van Gogh es un hombre \u00absin talento\u00bb que cifra su existencia en el amor que profesa al arte y a su hermano Vincent, el artista de la familia, a quien env\u00eda dinero y cartas llenas de melancol\u00eda. Esta correspondencia hasta ahora in\u00e9dita, rigurosamente inventada por Julio C\u00e9sar P\u00e9rez, juega de manera especular con las [&hellip;]","protected":false},"featured_media":28195,"template":"","meta":{"_acf_changed":false},"product_brand":[],"product_cat":[844,3156,846,845],"product_tag":[],"class_list":{"0":"post-28496","1":"product","2":"type-product","3":"status-publish","4":"has-post-thumbnail","6":"product_cat-castella","7":"product_cat-juvenil-adult","8":"product_cat-novedades-ca","9":"product_cat-imperdible-ca","11":"first","12":"instock","13":"taxable","14":"shipping-taxable","15":"purchasable","16":"product-type-simple"},"acf":[],"yoast_head":"<!-- This site is optimized with the Yoast SEO plugin v25.1 - https:\/\/yoast.com\/wordpress\/plugins\/seo\/ -->\n<title>Cartas a Vincent - Libros del Zorro Rojo<\/title>\n<meta name=\"robots\" content=\"index, follow, max-snippet:-1, max-image-preview:large, max-video-preview:-1\" \/>\n<link rel=\"canonical\" href=\"https:\/\/librosdelzorrorojo.com\/ca\/cataleg\/cartas-de-theo-a-vincent\/\" \/>\n<meta property=\"og:locale\" content=\"ca_ES\" \/>\n<meta property=\"og:type\" content=\"article\" \/>\n<meta property=\"og:title\" content=\"Cartas a Vincent - Libros del Zorro Rojo\" \/>\n<meta property=\"og:description\" content=\"Theo Van Gogh es un hombre \u00absin talento\u00bb que cifra su existencia en el amor que profesa al arte y a su hermano Vincent, el artista de la familia, a quien env\u00eda dinero y cartas llenas de melancol\u00eda. Esta correspondencia hasta ahora in\u00e9dita, rigurosamente inventada por Julio C\u00e9sar P\u00e9rez, juega de manera especular con las [&hellip;]\" \/>\n<meta property=\"og:url\" content=\"https:\/\/librosdelzorrorojo.com\/ca\/cataleg\/cartas-de-theo-a-vincent\/\" \/>\n<meta property=\"og:site_name\" content=\"Libros del Zorro Rojo\" \/>\n<meta property=\"article:modified_time\" content=\"2025-08-01T13:36:18+00:00\" \/>\n<meta property=\"og:image\" content=\"https:\/\/librosdelzorrorojo.com\/wp-content\/uploads\/2024\/07\/Cartas_a_Vincent_COVER-scaled.jpg\" \/>\n\t<meta property=\"og:image:width\" content=\"1786\" \/>\n\t<meta property=\"og:image:height\" content=\"2560\" \/>\n\t<meta property=\"og:image:type\" content=\"image\/jpeg\" \/>\n<meta name=\"twitter:card\" content=\"summary_large_image\" \/>\n<meta name=\"twitter:label1\" content=\"Temps estimat de lectura\" \/>\n\t<meta name=\"twitter:data1\" content=\"1 minut\" \/>\n<script type=\"application\/ld+json\" class=\"yoast-schema-graph\">{\"@context\":\"https:\/\/schema.org\",\"@graph\":[{\"@type\":\"WebPage\",\"@id\":\"https:\/\/librosdelzorrorojo.com\/ca\/cataleg\/cartas-de-theo-a-vincent\/\",\"url\":\"https:\/\/librosdelzorrorojo.com\/ca\/cataleg\/cartas-de-theo-a-vincent\/\",\"name\":\"Cartas a Vincent - Libros del Zorro Rojo\",\"isPartOf\":{\"@id\":\"https:\/\/librosdelzorrorojo.com\/#website\"},\"primaryImageOfPage\":{\"@id\":\"https:\/\/librosdelzorrorojo.com\/ca\/cataleg\/cartas-de-theo-a-vincent\/#primaryimage\"},\"image\":{\"@id\":\"https:\/\/librosdelzorrorojo.com\/ca\/cataleg\/cartas-de-theo-a-vincent\/#primaryimage\"},\"thumbnailUrl\":\"https:\/\/librosdelzorrorojo.com\/wp-content\/uploads\/2024\/07\/Cartas_a_Vincent_COVER-scaled.jpg\",\"datePublished\":\"2024-10-02T07:57:58+00:00\",\"dateModified\":\"2025-08-01T13:36:18+00:00\",\"breadcrumb\":{\"@id\":\"https:\/\/librosdelzorrorojo.com\/ca\/cataleg\/cartas-de-theo-a-vincent\/#breadcrumb\"},\"inLanguage\":\"ca\",\"potentialAction\":[{\"@type\":\"ReadAction\",\"target\":[\"https:\/\/librosdelzorrorojo.com\/ca\/cataleg\/cartas-de-theo-a-vincent\/\"]}]},{\"@type\":\"ImageObject\",\"inLanguage\":\"ca\",\"@id\":\"https:\/\/librosdelzorrorojo.com\/ca\/cataleg\/cartas-de-theo-a-vincent\/#primaryimage\",\"url\":\"https:\/\/librosdelzorrorojo.com\/wp-content\/uploads\/2024\/07\/Cartas_a_Vincent_COVER-scaled.jpg\",\"contentUrl\":\"https:\/\/librosdelzorrorojo.com\/wp-content\/uploads\/2024\/07\/Cartas_a_Vincent_COVER-scaled.jpg\",\"width\":1786,\"height\":2560,\"caption\":\"Cartas a Vincent COVER scaled\"},{\"@type\":\"BreadcrumbList\",\"@id\":\"https:\/\/librosdelzorrorojo.com\/ca\/cataleg\/cartas-de-theo-a-vincent\/#breadcrumb\",\"itemListElement\":[{\"@type\":\"ListItem\",\"position\":1,\"name\":\"Portada\",\"item\":\"https:\/\/librosdelzorrorojo.com\/ca\/\"},{\"@type\":\"ListItem\",\"position\":2,\"name\":\"Cat\u00e0leg\",\"item\":\"https:\/\/librosdelzorrorojo.com\/ca\/cataleg\/\"},{\"@type\":\"ListItem\",\"position\":3,\"name\":\"Cartas a Vincent\"}]},{\"@type\":\"WebSite\",\"@id\":\"https:\/\/librosdelzorrorojo.com\/#website\",\"url\":\"https:\/\/librosdelzorrorojo.com\/\",\"name\":\"Libros del Zorro Rojo\",\"description\":\"Libros ilustrados\",\"potentialAction\":[{\"@type\":\"SearchAction\",\"target\":{\"@type\":\"EntryPoint\",\"urlTemplate\":\"https:\/\/librosdelzorrorojo.com\/?s={search_term_string}\"},\"query-input\":{\"@type\":\"PropertyValueSpecification\",\"valueRequired\":true,\"valueName\":\"search_term_string\"}}],\"inLanguage\":\"ca\"}]}<\/script>\n<!-- \/ Yoast SEO plugin. -->","yoast_head_json":{"title":"Cartas a Vincent - Libros del Zorro Rojo","robots":{"index":"index","follow":"follow","max-snippet":"max-snippet:-1","max-image-preview":"max-image-preview:large","max-video-preview":"max-video-preview:-1"},"canonical":"https:\/\/librosdelzorrorojo.com\/ca\/cataleg\/cartas-de-theo-a-vincent\/","og_locale":"ca_ES","og_type":"article","og_title":"Cartas a Vincent - Libros del Zorro Rojo","og_description":"Theo Van Gogh es un hombre \u00absin talento\u00bb que cifra su existencia en el amor que profesa al arte y a su hermano Vincent, el artista de la familia, a quien env\u00eda dinero y cartas llenas de melancol\u00eda. Esta correspondencia hasta ahora in\u00e9dita, rigurosamente inventada por Julio C\u00e9sar P\u00e9rez, juega de manera especular con las [&hellip;]","og_url":"https:\/\/librosdelzorrorojo.com\/ca\/cataleg\/cartas-de-theo-a-vincent\/","og_site_name":"Libros del Zorro Rojo","article_modified_time":"2025-08-01T13:36:18+00:00","og_image":[{"width":1786,"height":2560,"url":"https:\/\/librosdelzorrorojo.com\/wp-content\/uploads\/2024\/07\/Cartas_a_Vincent_COVER-scaled.jpg","type":"image\/jpeg"}],"twitter_card":"summary_large_image","twitter_misc":{"Temps estimat de lectura":"1 minut"},"schema":{"@context":"https:\/\/schema.org","@graph":[{"@type":"WebPage","@id":"https:\/\/librosdelzorrorojo.com\/ca\/cataleg\/cartas-de-theo-a-vincent\/","url":"https:\/\/librosdelzorrorojo.com\/ca\/cataleg\/cartas-de-theo-a-vincent\/","name":"Cartas a Vincent - Libros del Zorro Rojo","isPartOf":{"@id":"https:\/\/librosdelzorrorojo.com\/#website"},"primaryImageOfPage":{"@id":"https:\/\/librosdelzorrorojo.com\/ca\/cataleg\/cartas-de-theo-a-vincent\/#primaryimage"},"image":{"@id":"https:\/\/librosdelzorrorojo.com\/ca\/cataleg\/cartas-de-theo-a-vincent\/#primaryimage"},"thumbnailUrl":"https:\/\/librosdelzorrorojo.com\/wp-content\/uploads\/2024\/07\/Cartas_a_Vincent_COVER-scaled.jpg","datePublished":"2024-10-02T07:57:58+00:00","dateModified":"2025-08-01T13:36:18+00:00","breadcrumb":{"@id":"https:\/\/librosdelzorrorojo.com\/ca\/cataleg\/cartas-de-theo-a-vincent\/#breadcrumb"},"inLanguage":"ca","potentialAction":[{"@type":"ReadAction","target":["https:\/\/librosdelzorrorojo.com\/ca\/cataleg\/cartas-de-theo-a-vincent\/"]}]},{"@type":"ImageObject","inLanguage":"ca","@id":"https:\/\/librosdelzorrorojo.com\/ca\/cataleg\/cartas-de-theo-a-vincent\/#primaryimage","url":"https:\/\/librosdelzorrorojo.com\/wp-content\/uploads\/2024\/07\/Cartas_a_Vincent_COVER-scaled.jpg","contentUrl":"https:\/\/librosdelzorrorojo.com\/wp-content\/uploads\/2024\/07\/Cartas_a_Vincent_COVER-scaled.jpg","width":1786,"height":2560,"caption":"Cartas a Vincent COVER scaled"},{"@type":"BreadcrumbList","@id":"https:\/\/librosdelzorrorojo.com\/ca\/cataleg\/cartas-de-theo-a-vincent\/#breadcrumb","itemListElement":[{"@type":"ListItem","position":1,"name":"Portada","item":"https:\/\/librosdelzorrorojo.com\/ca\/"},{"@type":"ListItem","position":2,"name":"Cat\u00e0leg","item":"https:\/\/librosdelzorrorojo.com\/ca\/cataleg\/"},{"@type":"ListItem","position":3,"name":"Cartas a Vincent"}]},{"@type":"WebSite","@id":"https:\/\/librosdelzorrorojo.com\/#website","url":"https:\/\/librosdelzorrorojo.com\/","name":"Libros del Zorro Rojo","description":"Libros ilustrados","potentialAction":[{"@type":"SearchAction","target":{"@type":"EntryPoint","urlTemplate":"https:\/\/librosdelzorrorojo.com\/?s={search_term_string}"},"query-input":{"@type":"PropertyValueSpecification","valueRequired":true,"valueName":"search_term_string"}}],"inLanguage":"ca"}]}},"_links":{"self":[{"href":"https:\/\/librosdelzorrorojo.com\/ca\/wp-json\/wp\/v2\/product\/28496","targetHints":{"allow":["GET"]}}],"collection":[{"href":"https:\/\/librosdelzorrorojo.com\/ca\/wp-json\/wp\/v2\/product"}],"about":[{"href":"https:\/\/librosdelzorrorojo.com\/ca\/wp-json\/wp\/v2\/types\/product"}],"wp:featuredmedia":[{"embeddable":true,"href":"https:\/\/librosdelzorrorojo.com\/ca\/wp-json\/wp\/v2\/media\/28195"}],"wp:attachment":[{"href":"https:\/\/librosdelzorrorojo.com\/ca\/wp-json\/wp\/v2\/media?parent=28496"}],"wp:term":[{"taxonomy":"product_brand","embeddable":true,"href":"https:\/\/librosdelzorrorojo.com\/ca\/wp-json\/wp\/v2\/product_brand?post=28496"},{"taxonomy":"product_cat","embeddable":true,"href":"https:\/\/librosdelzorrorojo.com\/ca\/wp-json\/wp\/v2\/product_cat?post=28496"},{"taxonomy":"product_tag","embeddable":true,"href":"https:\/\/librosdelzorrorojo.com\/ca\/wp-json\/wp\/v2\/product_tag?post=28496"}],"curies":[{"name":"wp","href":"https:\/\/api.w.org\/{rel}","templated":true}]}}