{"id":28429,"date":"2024-09-18T09:00:45","date_gmt":"2024-09-18T07:00:45","guid":{"rendered":"https:\/\/librosdelzorrorojo.com\/catalogo\/hagase-la-luz\/"},"modified":"2025-04-11T10:23:07","modified_gmt":"2025-04-11T08:23:07","slug":"hagase-la-luz","status":"publish","type":"product","link":"https:\/\/librosdelzorrorojo.com\/ca\/cataleg\/hagase-la-luz\/","title":{"rendered":"H\u00e1gase la luz"},"content":{"rendered":"<p><i>H\u00e1gase la luz<\/i> es prueba de que las mejores historias nunca mueren. En esta atrevida reescritura del G\u00e9nesis, Dios es una mujer: Diosa. No es perfecta y, como suele ocurrir, a veces duda de s\u00ed misma. Tambi\u00e9n se siente sola.<\/p>\n<p>\u00bfQu\u00e9 significa ser humano?, \u00bfcu\u00e1l es nuestro prop\u00f3sito?, \u00bfc\u00f3mo debemos tratarnos los unos a los otros? Las grandes preguntas de la Tor\u00e1 y del Antiguo Testamento todav\u00eda son las nuestras, y con perspicacia, humor y un trazo enternecedor, Liana Finck combina la sabidur\u00eda del texto original \u2014que sigue de cerca\u2014 y la irreverencia propia para ofrecernos una versi\u00f3n tan contempor\u00e1nea como espiritual del mayor superventas de la historia.<\/p>\n<p><img decoding=\"async\" src=\"https:\/\/librosdelzorrorojo.com\/wp-content\/uploads\/2024\/10\/ICEC.jpg\" alt=\"\" width=\"380\" height=\"85\" class=\"alignnone size-full wp-image-29095\" \/><\/p>\n","protected":false},"excerpt":{"rendered":"H\u00e1gase la luz es prueba de que las mejores historias nunca mueren. En esta atrevida reescritura del G\u00e9nesis, Dios es una mujer: Diosa. No es perfecta y, como suele ocurrir, a veces duda de s\u00ed misma. Tambi\u00e9n se siente sola. \u00bfQu\u00e9 significa ser humano?, \u00bfcu\u00e1l es nuestro prop\u00f3sito?, \u00bfc\u00f3mo debemos tratarnos los unos a los [&hellip;]","protected":false},"featured_media":28191,"template":"","meta":{"_acf_changed":false},"product_brand":[],"product_cat":[844,3156,846],"product_tag":[],"class_list":{"0":"post-28429","1":"product","2":"type-product","3":"status-publish","4":"has-post-thumbnail","6":"product_cat-castella","7":"product_cat-juvenil-adult","8":"product_cat-novedades-ca","10":"first","11":"instock","12":"taxable","13":"shipping-taxable","14":"purchasable","15":"product-type-simple"},"acf":[],"yoast_head":"<!-- This site is optimized with the Yoast SEO plugin v25.1 - https:\/\/yoast.com\/wordpress\/plugins\/seo\/ -->\n<title>H\u00e1gase la luz - Libros del Zorro Rojo<\/title>\n<meta name=\"robots\" content=\"index, follow, max-snippet:-1, max-image-preview:large, max-video-preview:-1\" \/>\n<link rel=\"canonical\" href=\"https:\/\/librosdelzorrorojo.com\/ca\/cataleg\/hagase-la-luz\/\" \/>\n<meta property=\"og:locale\" content=\"ca_ES\" \/>\n<meta property=\"og:type\" content=\"article\" \/>\n<meta property=\"og:title\" content=\"H\u00e1gase la luz - Libros del Zorro Rojo\" \/>\n<meta property=\"og:description\" content=\"H\u00e1gase la luz es prueba de que las mejores historias nunca mueren. En esta atrevida reescritura del G\u00e9nesis, Dios es una mujer: Diosa. No es perfecta y, como suele ocurrir, a veces duda de s\u00ed misma. Tambi\u00e9n se siente sola. \u00bfQu\u00e9 significa ser humano?, \u00bfcu\u00e1l es nuestro prop\u00f3sito?, \u00bfc\u00f3mo debemos tratarnos los unos a los [&hellip;]\" \/>\n<meta property=\"og:url\" content=\"https:\/\/librosdelzorrorojo.com\/ca\/cataleg\/hagase-la-luz\/\" \/>\n<meta property=\"og:site_name\" content=\"Libros del Zorro Rojo\" \/>\n<meta property=\"article:modified_time\" content=\"2025-04-11T08:23:07+00:00\" \/>\n<meta property=\"og:image\" content=\"https:\/\/librosdelzorrorojo.com\/wp-content\/uploads\/2024\/07\/HAGASE-LA-LUZ_-COVER-scaled.jpg\" \/>\n\t<meta property=\"og:image:width\" content=\"1699\" \/>\n\t<meta property=\"og:image:height\" content=\"2560\" \/>\n\t<meta property=\"og:image:type\" content=\"image\/jpeg\" \/>\n<meta name=\"twitter:card\" content=\"summary_large_image\" \/>\n<meta name=\"twitter:label1\" content=\"Temps estimat de lectura\" \/>\n\t<meta name=\"twitter:data1\" content=\"1 minut\" \/>\n<script type=\"application\/ld+json\" class=\"yoast-schema-graph\">{\"@context\":\"https:\/\/schema.org\",\"@graph\":[{\"@type\":\"WebPage\",\"@id\":\"https:\/\/librosdelzorrorojo.com\/ca\/cataleg\/hagase-la-luz\/\",\"url\":\"https:\/\/librosdelzorrorojo.com\/ca\/cataleg\/hagase-la-luz\/\",\"name\":\"H\u00e1gase la luz - Libros del Zorro Rojo\",\"isPartOf\":{\"@id\":\"https:\/\/librosdelzorrorojo.com\/#website\"},\"primaryImageOfPage\":{\"@id\":\"https:\/\/librosdelzorrorojo.com\/ca\/cataleg\/hagase-la-luz\/#primaryimage\"},\"image\":{\"@id\":\"https:\/\/librosdelzorrorojo.com\/ca\/cataleg\/hagase-la-luz\/#primaryimage\"},\"thumbnailUrl\":\"https:\/\/librosdelzorrorojo.com\/wp-content\/uploads\/2024\/07\/HAGASE-LA-LUZ_-COVER-scaled.jpg\",\"datePublished\":\"2024-09-18T07:00:45+00:00\",\"dateModified\":\"2025-04-11T08:23:07+00:00\",\"breadcrumb\":{\"@id\":\"https:\/\/librosdelzorrorojo.com\/ca\/cataleg\/hagase-la-luz\/#breadcrumb\"},\"inLanguage\":\"ca\",\"potentialAction\":[{\"@type\":\"ReadAction\",\"target\":[\"https:\/\/librosdelzorrorojo.com\/ca\/cataleg\/hagase-la-luz\/\"]}]},{\"@type\":\"ImageObject\",\"inLanguage\":\"ca\",\"@id\":\"https:\/\/librosdelzorrorojo.com\/ca\/cataleg\/hagase-la-luz\/#primaryimage\",\"url\":\"https:\/\/librosdelzorrorojo.com\/wp-content\/uploads\/2024\/07\/HAGASE-LA-LUZ_-COVER-scaled.jpg\",\"contentUrl\":\"https:\/\/librosdelzorrorojo.com\/wp-content\/uploads\/2024\/07\/HAGASE-LA-LUZ_-COVER-scaled.jpg\",\"width\":1699,\"height\":2560,\"caption\":\"HAGASE LA LUZ COVER scaled\"},{\"@type\":\"BreadcrumbList\",\"@id\":\"https:\/\/librosdelzorrorojo.com\/ca\/cataleg\/hagase-la-luz\/#breadcrumb\",\"itemListElement\":[{\"@type\":\"ListItem\",\"position\":1,\"name\":\"Portada\",\"item\":\"https:\/\/librosdelzorrorojo.com\/ca\/\"},{\"@type\":\"ListItem\",\"position\":2,\"name\":\"Cat\u00e0leg\",\"item\":\"https:\/\/librosdelzorrorojo.com\/ca\/cataleg\/\"},{\"@type\":\"ListItem\",\"position\":3,\"name\":\"H\u00e1gase la luz\"}]},{\"@type\":\"WebSite\",\"@id\":\"https:\/\/librosdelzorrorojo.com\/#website\",\"url\":\"https:\/\/librosdelzorrorojo.com\/\",\"name\":\"Libros del Zorro Rojo\",\"description\":\"Libros ilustrados\",\"potentialAction\":[{\"@type\":\"SearchAction\",\"target\":{\"@type\":\"EntryPoint\",\"urlTemplate\":\"https:\/\/librosdelzorrorojo.com\/?s={search_term_string}\"},\"query-input\":{\"@type\":\"PropertyValueSpecification\",\"valueRequired\":true,\"valueName\":\"search_term_string\"}}],\"inLanguage\":\"ca\"}]}<\/script>\n<!-- \/ Yoast SEO plugin. -->","yoast_head_json":{"title":"H\u00e1gase la luz - Libros del Zorro Rojo","robots":{"index":"index","follow":"follow","max-snippet":"max-snippet:-1","max-image-preview":"max-image-preview:large","max-video-preview":"max-video-preview:-1"},"canonical":"https:\/\/librosdelzorrorojo.com\/ca\/cataleg\/hagase-la-luz\/","og_locale":"ca_ES","og_type":"article","og_title":"H\u00e1gase la luz - Libros del Zorro Rojo","og_description":"H\u00e1gase la luz es prueba de que las mejores historias nunca mueren. En esta atrevida reescritura del G\u00e9nesis, Dios es una mujer: Diosa. No es perfecta y, como suele ocurrir, a veces duda de s\u00ed misma. Tambi\u00e9n se siente sola. \u00bfQu\u00e9 significa ser humano?, \u00bfcu\u00e1l es nuestro prop\u00f3sito?, \u00bfc\u00f3mo debemos tratarnos los unos a los [&hellip;]","og_url":"https:\/\/librosdelzorrorojo.com\/ca\/cataleg\/hagase-la-luz\/","og_site_name":"Libros del Zorro Rojo","article_modified_time":"2025-04-11T08:23:07+00:00","og_image":[{"width":1699,"height":2560,"url":"https:\/\/librosdelzorrorojo.com\/wp-content\/uploads\/2024\/07\/HAGASE-LA-LUZ_-COVER-scaled.jpg","type":"image\/jpeg"}],"twitter_card":"summary_large_image","twitter_misc":{"Temps estimat de lectura":"1 minut"},"schema":{"@context":"https:\/\/schema.org","@graph":[{"@type":"WebPage","@id":"https:\/\/librosdelzorrorojo.com\/ca\/cataleg\/hagase-la-luz\/","url":"https:\/\/librosdelzorrorojo.com\/ca\/cataleg\/hagase-la-luz\/","name":"H\u00e1gase la luz - Libros del Zorro Rojo","isPartOf":{"@id":"https:\/\/librosdelzorrorojo.com\/#website"},"primaryImageOfPage":{"@id":"https:\/\/librosdelzorrorojo.com\/ca\/cataleg\/hagase-la-luz\/#primaryimage"},"image":{"@id":"https:\/\/librosdelzorrorojo.com\/ca\/cataleg\/hagase-la-luz\/#primaryimage"},"thumbnailUrl":"https:\/\/librosdelzorrorojo.com\/wp-content\/uploads\/2024\/07\/HAGASE-LA-LUZ_-COVER-scaled.jpg","datePublished":"2024-09-18T07:00:45+00:00","dateModified":"2025-04-11T08:23:07+00:00","breadcrumb":{"@id":"https:\/\/librosdelzorrorojo.com\/ca\/cataleg\/hagase-la-luz\/#breadcrumb"},"inLanguage":"ca","potentialAction":[{"@type":"ReadAction","target":["https:\/\/librosdelzorrorojo.com\/ca\/cataleg\/hagase-la-luz\/"]}]},{"@type":"ImageObject","inLanguage":"ca","@id":"https:\/\/librosdelzorrorojo.com\/ca\/cataleg\/hagase-la-luz\/#primaryimage","url":"https:\/\/librosdelzorrorojo.com\/wp-content\/uploads\/2024\/07\/HAGASE-LA-LUZ_-COVER-scaled.jpg","contentUrl":"https:\/\/librosdelzorrorojo.com\/wp-content\/uploads\/2024\/07\/HAGASE-LA-LUZ_-COVER-scaled.jpg","width":1699,"height":2560,"caption":"HAGASE LA LUZ COVER scaled"},{"@type":"BreadcrumbList","@id":"https:\/\/librosdelzorrorojo.com\/ca\/cataleg\/hagase-la-luz\/#breadcrumb","itemListElement":[{"@type":"ListItem","position":1,"name":"Portada","item":"https:\/\/librosdelzorrorojo.com\/ca\/"},{"@type":"ListItem","position":2,"name":"Cat\u00e0leg","item":"https:\/\/librosdelzorrorojo.com\/ca\/cataleg\/"},{"@type":"ListItem","position":3,"name":"H\u00e1gase la luz"}]},{"@type":"WebSite","@id":"https:\/\/librosdelzorrorojo.com\/#website","url":"https:\/\/librosdelzorrorojo.com\/","name":"Libros del Zorro Rojo","description":"Libros ilustrados","potentialAction":[{"@type":"SearchAction","target":{"@type":"EntryPoint","urlTemplate":"https:\/\/librosdelzorrorojo.com\/?s={search_term_string}"},"query-input":{"@type":"PropertyValueSpecification","valueRequired":true,"valueName":"search_term_string"}}],"inLanguage":"ca"}]}},"_links":{"self":[{"href":"https:\/\/librosdelzorrorojo.com\/ca\/wp-json\/wp\/v2\/product\/28429","targetHints":{"allow":["GET"]}}],"collection":[{"href":"https:\/\/librosdelzorrorojo.com\/ca\/wp-json\/wp\/v2\/product"}],"about":[{"href":"https:\/\/librosdelzorrorojo.com\/ca\/wp-json\/wp\/v2\/types\/product"}],"wp:featuredmedia":[{"embeddable":true,"href":"https:\/\/librosdelzorrorojo.com\/ca\/wp-json\/wp\/v2\/media\/28191"}],"wp:attachment":[{"href":"https:\/\/librosdelzorrorojo.com\/ca\/wp-json\/wp\/v2\/media?parent=28429"}],"wp:term":[{"taxonomy":"product_brand","embeddable":true,"href":"https:\/\/librosdelzorrorojo.com\/ca\/wp-json\/wp\/v2\/product_brand?post=28429"},{"taxonomy":"product_cat","embeddable":true,"href":"https:\/\/librosdelzorrorojo.com\/ca\/wp-json\/wp\/v2\/product_cat?post=28429"},{"taxonomy":"product_tag","embeddable":true,"href":"https:\/\/librosdelzorrorojo.com\/ca\/wp-json\/wp\/v2\/product_tag?post=28429"}],"curies":[{"name":"wp","href":"https:\/\/api.w.org\/{rel}","templated":true}]}}