{"id":28413,"date":"2024-10-24T10:39:41","date_gmt":"2024-10-24T08:39:41","guid":{"rendered":"https:\/\/librosdelzorrorojo.com\/?post_type=product&#038;p=28413"},"modified":"2024-10-30T10:56:53","modified_gmt":"2024-10-30T09:56:53","slug":"cap-peto-per-a-la-mare","status":"publish","type":"product","link":"https:\/\/librosdelzorrorojo.com\/ca\/cataleg\/cap-peto-per-a-la-mare\/","title":{"rendered":"Cap pet\u00f3 per a la mare"},"content":{"rendered":"<p><span lang=\"CA\">\u00d2scar Gatmaula no \u00e9s el que anomenar\u00edem un nen exem- plar. Odia dutxar-se, portar roba neta i planxada, fer els deures i, per sobre de tot, les carantoines asfixiants d\u2019una mare que segueix tractant-lo com si fos un nad\u00f2. A en \u00d2scar el que li agrada de deb\u00f2 \u00e9s llegir c\u00f2mics d\u2019amagatotis, esvalotar la classe de la senyoreta Ronroncilla amb pols pica-pica, jugar a futbol amb els seus amics i esbatussar-se amb ells a la primera de canvi. Com es pot mantenir aquest paper de nen rebel i milhomes si a casa volen que semblis un gatet de postal i no paren de petonejar-te? Un dia o altre haur\u00e0 d\u2019esclatar la crisi, \u00e9s inevitable. L\u2019espetec, violent i dolor\u00f3s, possibilitar\u00e0 que en \u00d2scar concili\u00ef la seva personalitat contestat\u00e0ria amb l\u2019amor matern, que adoptar\u00e0 formes d\u2019expressi\u00f3 menys invasives.<\/span><\/p>\n<p><span lang=\"CA\">L\u2019adaptaci\u00f3 fidel al c\u00f2mic per part de Mathieu Sapin del relat il\u00b7lustrat del mestre Tomi Ungerer ens transporta a un m\u00f3n de gats humanitzats amb les seves formes<\/span><span lang=\"CA\">\u2014viuen en cases com les nostres, vesteixen com nosal- tres, van en cotxe, treballen en f\u00e0briques, mengen en restaurants\u2026\u2014 i tamb\u00e9 amb les relacions personals i familiars.<\/span><\/p>\n","protected":false},"excerpt":{"rendered":"\u00d2scar Gatmaula no \u00e9s el que anomenar\u00edem un nen exem- plar. Odia dutxar-se, portar roba neta i planxada, fer els deures i, per sobre de tot, les carantoines asfixiants d\u2019una mare que segueix tractant-lo com si fos un nad\u00f2. A en \u00d2scar el que li agrada de deb\u00f2 \u00e9s llegir c\u00f2mics d\u2019amagatotis, esvalotar la classe [&hellip;]","protected":false},"featured_media":28414,"template":"","meta":{"_acf_changed":false},"product_brand":[],"product_cat":[840,843,839],"product_tag":[],"class_list":{"0":"post-28413","1":"product","2":"type-product","3":"status-publish","4":"has-post-thumbnail","6":"product_cat-catala","7":"product_cat-infantiles-ca","8":"product_cat-zona-kids-ca","10":"first","11":"instock","12":"taxable","13":"shipping-taxable","14":"purchasable","15":"product-type-simple"},"acf":[],"yoast_head":"<!-- This site is optimized with the Yoast SEO plugin v25.1 - https:\/\/yoast.com\/wordpress\/plugins\/seo\/ -->\n<title>Cap pet\u00f3 per a la mare - Libros del Zorro Rojo<\/title>\n<meta name=\"robots\" content=\"index, follow, max-snippet:-1, max-image-preview:large, max-video-preview:-1\" \/>\n<link rel=\"canonical\" href=\"https:\/\/librosdelzorrorojo.com\/ca\/cataleg\/cap-peto-per-a-la-mare\/\" \/>\n<meta property=\"og:locale\" content=\"ca_ES\" \/>\n<meta property=\"og:type\" content=\"article\" \/>\n<meta property=\"og:title\" content=\"Cap pet\u00f3 per a la mare - Libros del Zorro Rojo\" \/>\n<meta property=\"og:description\" content=\"\u00d2scar Gatmaula no \u00e9s el que anomenar\u00edem un nen exem- plar. Odia dutxar-se, portar roba neta i planxada, fer els deures i, per sobre de tot, les carantoines asfixiants d\u2019una mare que segueix tractant-lo com si fos un nad\u00f2. A en \u00d2scar el que li agrada de deb\u00f2 \u00e9s llegir c\u00f2mics d\u2019amagatotis, esvalotar la classe [&hellip;]\" \/>\n<meta property=\"og:url\" content=\"https:\/\/librosdelzorrorojo.com\/ca\/cataleg\/cap-peto-per-a-la-mare\/\" \/>\n<meta property=\"og:site_name\" content=\"Libros del Zorro Rojo\" \/>\n<meta property=\"article:modified_time\" content=\"2024-10-30T09:56:53+00:00\" \/>\n<meta property=\"og:image\" content=\"https:\/\/librosdelzorrorojo.com\/wp-content\/uploads\/2024\/08\/Ningun-beso-para-mama_CUB_CAT-scaled.jpg\" \/>\n\t<meta property=\"og:image:width\" content=\"1870\" \/>\n\t<meta property=\"og:image:height\" content=\"2560\" \/>\n\t<meta property=\"og:image:type\" content=\"image\/jpeg\" \/>\n<meta name=\"twitter:card\" content=\"summary_large_image\" \/>\n<meta name=\"twitter:label1\" content=\"Temps estimat de lectura\" \/>\n\t<meta name=\"twitter:data1\" content=\"2 minuts\" \/>\n<script type=\"application\/ld+json\" class=\"yoast-schema-graph\">{\"@context\":\"https:\/\/schema.org\",\"@graph\":[{\"@type\":\"WebPage\",\"@id\":\"https:\/\/librosdelzorrorojo.com\/ca\/cataleg\/cap-peto-per-a-la-mare\/\",\"url\":\"https:\/\/librosdelzorrorojo.com\/ca\/cataleg\/cap-peto-per-a-la-mare\/\",\"name\":\"Cap pet\u00f3 per a la mare - Libros del Zorro Rojo\",\"isPartOf\":{\"@id\":\"https:\/\/librosdelzorrorojo.com\/#website\"},\"primaryImageOfPage\":{\"@id\":\"https:\/\/librosdelzorrorojo.com\/ca\/cataleg\/cap-peto-per-a-la-mare\/#primaryimage\"},\"image\":{\"@id\":\"https:\/\/librosdelzorrorojo.com\/ca\/cataleg\/cap-peto-per-a-la-mare\/#primaryimage\"},\"thumbnailUrl\":\"https:\/\/librosdelzorrorojo.com\/wp-content\/uploads\/2024\/08\/Ningun-beso-para-mama_CUB_CAT-scaled.jpg\",\"datePublished\":\"2024-10-24T08:39:41+00:00\",\"dateModified\":\"2024-10-30T09:56:53+00:00\",\"breadcrumb\":{\"@id\":\"https:\/\/librosdelzorrorojo.com\/ca\/cataleg\/cap-peto-per-a-la-mare\/#breadcrumb\"},\"inLanguage\":\"ca\",\"potentialAction\":[{\"@type\":\"ReadAction\",\"target\":[\"https:\/\/librosdelzorrorojo.com\/ca\/cataleg\/cap-peto-per-a-la-mare\/\"]}]},{\"@type\":\"ImageObject\",\"inLanguage\":\"ca\",\"@id\":\"https:\/\/librosdelzorrorojo.com\/ca\/cataleg\/cap-peto-per-a-la-mare\/#primaryimage\",\"url\":\"https:\/\/librosdelzorrorojo.com\/wp-content\/uploads\/2024\/08\/Ningun-beso-para-mama_CUB_CAT-scaled.jpg\",\"contentUrl\":\"https:\/\/librosdelzorrorojo.com\/wp-content\/uploads\/2024\/08\/Ningun-beso-para-mama_CUB_CAT-scaled.jpg\",\"width\":1870,\"height\":2560,\"caption\":\"Ningun beso para mama CUB CAT scaled\"},{\"@type\":\"BreadcrumbList\",\"@id\":\"https:\/\/librosdelzorrorojo.com\/ca\/cataleg\/cap-peto-per-a-la-mare\/#breadcrumb\",\"itemListElement\":[{\"@type\":\"ListItem\",\"position\":1,\"name\":\"Portada\",\"item\":\"https:\/\/librosdelzorrorojo.com\/ca\/\"},{\"@type\":\"ListItem\",\"position\":2,\"name\":\"Cat\u00e0leg\",\"item\":\"https:\/\/librosdelzorrorojo.com\/ca\/cataleg\/\"},{\"@type\":\"ListItem\",\"position\":3,\"name\":\"Cap pet\u00f3 per a la mare\"}]},{\"@type\":\"WebSite\",\"@id\":\"https:\/\/librosdelzorrorojo.com\/#website\",\"url\":\"https:\/\/librosdelzorrorojo.com\/\",\"name\":\"Libros del Zorro Rojo\",\"description\":\"Libros ilustrados\",\"potentialAction\":[{\"@type\":\"SearchAction\",\"target\":{\"@type\":\"EntryPoint\",\"urlTemplate\":\"https:\/\/librosdelzorrorojo.com\/?s={search_term_string}\"},\"query-input\":{\"@type\":\"PropertyValueSpecification\",\"valueRequired\":true,\"valueName\":\"search_term_string\"}}],\"inLanguage\":\"ca\"}]}<\/script>\n<!-- \/ Yoast SEO plugin. -->","yoast_head_json":{"title":"Cap pet\u00f3 per a la mare - Libros del Zorro Rojo","robots":{"index":"index","follow":"follow","max-snippet":"max-snippet:-1","max-image-preview":"max-image-preview:large","max-video-preview":"max-video-preview:-1"},"canonical":"https:\/\/librosdelzorrorojo.com\/ca\/cataleg\/cap-peto-per-a-la-mare\/","og_locale":"ca_ES","og_type":"article","og_title":"Cap pet\u00f3 per a la mare - Libros del Zorro Rojo","og_description":"\u00d2scar Gatmaula no \u00e9s el que anomenar\u00edem un nen exem- plar. Odia dutxar-se, portar roba neta i planxada, fer els deures i, per sobre de tot, les carantoines asfixiants d\u2019una mare que segueix tractant-lo com si fos un nad\u00f2. A en \u00d2scar el que li agrada de deb\u00f2 \u00e9s llegir c\u00f2mics d\u2019amagatotis, esvalotar la classe [&hellip;]","og_url":"https:\/\/librosdelzorrorojo.com\/ca\/cataleg\/cap-peto-per-a-la-mare\/","og_site_name":"Libros del Zorro Rojo","article_modified_time":"2024-10-30T09:56:53+00:00","og_image":[{"width":1870,"height":2560,"url":"https:\/\/librosdelzorrorojo.com\/wp-content\/uploads\/2024\/08\/Ningun-beso-para-mama_CUB_CAT-scaled.jpg","type":"image\/jpeg"}],"twitter_card":"summary_large_image","twitter_misc":{"Temps estimat de lectura":"2 minuts"},"schema":{"@context":"https:\/\/schema.org","@graph":[{"@type":"WebPage","@id":"https:\/\/librosdelzorrorojo.com\/ca\/cataleg\/cap-peto-per-a-la-mare\/","url":"https:\/\/librosdelzorrorojo.com\/ca\/cataleg\/cap-peto-per-a-la-mare\/","name":"Cap pet\u00f3 per a la mare - Libros del Zorro Rojo","isPartOf":{"@id":"https:\/\/librosdelzorrorojo.com\/#website"},"primaryImageOfPage":{"@id":"https:\/\/librosdelzorrorojo.com\/ca\/cataleg\/cap-peto-per-a-la-mare\/#primaryimage"},"image":{"@id":"https:\/\/librosdelzorrorojo.com\/ca\/cataleg\/cap-peto-per-a-la-mare\/#primaryimage"},"thumbnailUrl":"https:\/\/librosdelzorrorojo.com\/wp-content\/uploads\/2024\/08\/Ningun-beso-para-mama_CUB_CAT-scaled.jpg","datePublished":"2024-10-24T08:39:41+00:00","dateModified":"2024-10-30T09:56:53+00:00","breadcrumb":{"@id":"https:\/\/librosdelzorrorojo.com\/ca\/cataleg\/cap-peto-per-a-la-mare\/#breadcrumb"},"inLanguage":"ca","potentialAction":[{"@type":"ReadAction","target":["https:\/\/librosdelzorrorojo.com\/ca\/cataleg\/cap-peto-per-a-la-mare\/"]}]},{"@type":"ImageObject","inLanguage":"ca","@id":"https:\/\/librosdelzorrorojo.com\/ca\/cataleg\/cap-peto-per-a-la-mare\/#primaryimage","url":"https:\/\/librosdelzorrorojo.com\/wp-content\/uploads\/2024\/08\/Ningun-beso-para-mama_CUB_CAT-scaled.jpg","contentUrl":"https:\/\/librosdelzorrorojo.com\/wp-content\/uploads\/2024\/08\/Ningun-beso-para-mama_CUB_CAT-scaled.jpg","width":1870,"height":2560,"caption":"Ningun beso para mama CUB CAT scaled"},{"@type":"BreadcrumbList","@id":"https:\/\/librosdelzorrorojo.com\/ca\/cataleg\/cap-peto-per-a-la-mare\/#breadcrumb","itemListElement":[{"@type":"ListItem","position":1,"name":"Portada","item":"https:\/\/librosdelzorrorojo.com\/ca\/"},{"@type":"ListItem","position":2,"name":"Cat\u00e0leg","item":"https:\/\/librosdelzorrorojo.com\/ca\/cataleg\/"},{"@type":"ListItem","position":3,"name":"Cap pet\u00f3 per a la mare"}]},{"@type":"WebSite","@id":"https:\/\/librosdelzorrorojo.com\/#website","url":"https:\/\/librosdelzorrorojo.com\/","name":"Libros del Zorro Rojo","description":"Libros ilustrados","potentialAction":[{"@type":"SearchAction","target":{"@type":"EntryPoint","urlTemplate":"https:\/\/librosdelzorrorojo.com\/?s={search_term_string}"},"query-input":{"@type":"PropertyValueSpecification","valueRequired":true,"valueName":"search_term_string"}}],"inLanguage":"ca"}]}},"_links":{"self":[{"href":"https:\/\/librosdelzorrorojo.com\/ca\/wp-json\/wp\/v2\/product\/28413","targetHints":{"allow":["GET"]}}],"collection":[{"href":"https:\/\/librosdelzorrorojo.com\/ca\/wp-json\/wp\/v2\/product"}],"about":[{"href":"https:\/\/librosdelzorrorojo.com\/ca\/wp-json\/wp\/v2\/types\/product"}],"wp:featuredmedia":[{"embeddable":true,"href":"https:\/\/librosdelzorrorojo.com\/ca\/wp-json\/wp\/v2\/media\/28414"}],"wp:attachment":[{"href":"https:\/\/librosdelzorrorojo.com\/ca\/wp-json\/wp\/v2\/media?parent=28413"}],"wp:term":[{"taxonomy":"product_brand","embeddable":true,"href":"https:\/\/librosdelzorrorojo.com\/ca\/wp-json\/wp\/v2\/product_brand?post=28413"},{"taxonomy":"product_cat","embeddable":true,"href":"https:\/\/librosdelzorrorojo.com\/ca\/wp-json\/wp\/v2\/product_cat?post=28413"},{"taxonomy":"product_tag","embeddable":true,"href":"https:\/\/librosdelzorrorojo.com\/ca\/wp-json\/wp\/v2\/product_tag?post=28413"}],"curies":[{"name":"wp","href":"https:\/\/api.w.org\/{rel}","templated":true}]}}