{"id":28322,"date":"2024-09-04T10:00:42","date_gmt":"2024-09-04T08:00:42","guid":{"rendered":"https:\/\/librosdelzorrorojo.com\/catalogo\/serafina-en-la-escuela\/"},"modified":"2024-12-13T12:17:55","modified_gmt":"2024-12-13T11:17:55","slug":"serafina-en-la-escuela","status":"publish","type":"product","link":"https:\/\/librosdelzorrorojo.com\/ca\/cataleg\/serafina-en-la-escuela\/","title":{"rendered":"Serafina. En la escuela"},"content":{"rendered":"<p>\u00a1La vuelta al cole ya est\u00e1 aqu\u00ed! Nuestra Serafina se reencuentra con todos sus amigos, pero tambi\u00e9n conoce a sus nuevos compa\u00f1eros, entre ellos el alegre Pablito. Violeta, la maestra, da la bienvenida a los alumnos, y en clase deja que cada uno progrese a su ritmo. Cuando llega la hora del patio, Serafina y su pandilla descubren una fabulosa zona de juegos. Luego toca gimnasia, seguida de una clase de expresi\u00f3n art\u00edstica. Pero cuando suena el timbre, ya es hora de volver a casa. Definitivamente nadie se aburre en esta escuela, \u00a1y Serafina est\u00e1 deseando que llegue ma\u00f1ana para volver!<\/p>\n<p>En este bello \u00e1lbum de cart\u00f3n de gran tama\u00f1o, los prelectores podr\u00e1n buscar y redescubrir miles de detalles, personajes encantadores y situaciones sorprendentes. Como en <i>Serafina.<\/i><i> <\/i><i>El<\/i><i> <\/i><i>cumplea\u00f1os,<\/i><i> <\/i>Albertine (Premio Hans Christian Andersen 2020) apuesta por la pintura digital y enriquece su paleta con nuevos matices, a la vez que despliega un universo lleno de colores y una imaginaci\u00f3n explosiva. Un libro, sin apenas palabras, que estimula la observaci\u00f3n y el di\u00e1logo con los m\u00e1s peque\u00f1os mientras disfrutan de su rutina escolar.<\/p>\n<p><img decoding=\"async\" src=\"https:\/\/librosdelzorrorojo.com\/wp-content\/uploads\/2024\/10\/ICEC.jpg\" alt=\"\" width=\"380\" height=\"85\" class=\"alignnone size-full wp-image-29095\" \/><\/p>\n","protected":false},"excerpt":{"rendered":"\u00a1La vuelta al cole ya est\u00e1 aqu\u00ed! Nuestra Serafina se reencuentra con todos sus amigos, pero tambi\u00e9n conoce a sus nuevos compa\u00f1eros, entre ellos el alegre Pablito. Violeta, la maestra, da la bienvenida a los alumnos, y en clase deja que cada uno progrese a su ritmo. Cuando llega la hora del patio, Serafina y [&hellip;]","protected":false},"featured_media":28208,"template":"","meta":{"_acf_changed":false},"product_brand":[],"product_cat":[844,843,839],"product_tag":[],"class_list":{"0":"post-28322","1":"product","2":"type-product","3":"status-publish","4":"has-post-thumbnail","6":"product_cat-castella","7":"product_cat-infantiles-ca","8":"product_cat-zona-kids-ca","9":"vinculo-serafina-en-la-escuela","11":"first","12":"instock","13":"taxable","14":"shipping-taxable","15":"purchasable","16":"product-type-simple"},"acf":[],"yoast_head":"<!-- This site is optimized with the Yoast SEO plugin v25.1 - https:\/\/yoast.com\/wordpress\/plugins\/seo\/ -->\n<title>Serafina. En la escuela - Libros del Zorro Rojo<\/title>\n<meta name=\"robots\" content=\"index, follow, max-snippet:-1, max-image-preview:large, max-video-preview:-1\" \/>\n<link rel=\"canonical\" href=\"https:\/\/librosdelzorrorojo.com\/ca\/cataleg\/serafina-en-la-escuela\/\" \/>\n<meta property=\"og:locale\" content=\"ca_ES\" \/>\n<meta property=\"og:type\" content=\"article\" \/>\n<meta property=\"og:title\" content=\"Serafina. En la escuela - Libros del Zorro Rojo\" \/>\n<meta property=\"og:description\" content=\"\u00a1La vuelta al cole ya est\u00e1 aqu\u00ed! Nuestra Serafina se reencuentra con todos sus amigos, pero tambi\u00e9n conoce a sus nuevos compa\u00f1eros, entre ellos el alegre Pablito. Violeta, la maestra, da la bienvenida a los alumnos, y en clase deja que cada uno progrese a su ritmo. Cuando llega la hora del patio, Serafina y [&hellip;]\" \/>\n<meta property=\"og:url\" content=\"https:\/\/librosdelzorrorojo.com\/ca\/cataleg\/serafina-en-la-escuela\/\" \/>\n<meta property=\"og:site_name\" content=\"Libros del Zorro Rojo\" \/>\n<meta property=\"article:modified_time\" content=\"2024-12-13T11:17:55+00:00\" \/>\n<meta property=\"og:image\" content=\"https:\/\/librosdelzorrorojo.com\/wp-content\/uploads\/2024\/07\/SERAFINA_enlaescuela_COVER-scaled.jpg\" \/>\n\t<meta property=\"og:image:width\" content=\"1935\" \/>\n\t<meta property=\"og:image:height\" content=\"2560\" \/>\n\t<meta property=\"og:image:type\" content=\"image\/jpeg\" \/>\n<meta name=\"twitter:card\" content=\"summary_large_image\" \/>\n<meta name=\"twitter:label1\" content=\"Temps estimat de lectura\" \/>\n\t<meta name=\"twitter:data1\" content=\"2 minuts\" \/>\n<script type=\"application\/ld+json\" class=\"yoast-schema-graph\">{\"@context\":\"https:\/\/schema.org\",\"@graph\":[{\"@type\":\"WebPage\",\"@id\":\"https:\/\/librosdelzorrorojo.com\/ca\/cataleg\/serafina-en-la-escuela\/\",\"url\":\"https:\/\/librosdelzorrorojo.com\/ca\/cataleg\/serafina-en-la-escuela\/\",\"name\":\"Serafina. En la escuela - Libros del Zorro Rojo\",\"isPartOf\":{\"@id\":\"https:\/\/librosdelzorrorojo.com\/#website\"},\"primaryImageOfPage\":{\"@id\":\"https:\/\/librosdelzorrorojo.com\/ca\/cataleg\/serafina-en-la-escuela\/#primaryimage\"},\"image\":{\"@id\":\"https:\/\/librosdelzorrorojo.com\/ca\/cataleg\/serafina-en-la-escuela\/#primaryimage\"},\"thumbnailUrl\":\"https:\/\/librosdelzorrorojo.com\/wp-content\/uploads\/2024\/07\/SERAFINA_enlaescuela_COVER-scaled.jpg\",\"datePublished\":\"2024-09-04T08:00:42+00:00\",\"dateModified\":\"2024-12-13T11:17:55+00:00\",\"breadcrumb\":{\"@id\":\"https:\/\/librosdelzorrorojo.com\/ca\/cataleg\/serafina-en-la-escuela\/#breadcrumb\"},\"inLanguage\":\"ca\",\"potentialAction\":[{\"@type\":\"ReadAction\",\"target\":[\"https:\/\/librosdelzorrorojo.com\/ca\/cataleg\/serafina-en-la-escuela\/\"]}]},{\"@type\":\"ImageObject\",\"inLanguage\":\"ca\",\"@id\":\"https:\/\/librosdelzorrorojo.com\/ca\/cataleg\/serafina-en-la-escuela\/#primaryimage\",\"url\":\"https:\/\/librosdelzorrorojo.com\/wp-content\/uploads\/2024\/07\/SERAFINA_enlaescuela_COVER-scaled.jpg\",\"contentUrl\":\"https:\/\/librosdelzorrorojo.com\/wp-content\/uploads\/2024\/07\/SERAFINA_enlaescuela_COVER-scaled.jpg\",\"width\":1935,\"height\":2560,\"caption\":\"SERAFINA enlaescuela COVER scaled\"},{\"@type\":\"BreadcrumbList\",\"@id\":\"https:\/\/librosdelzorrorojo.com\/ca\/cataleg\/serafina-en-la-escuela\/#breadcrumb\",\"itemListElement\":[{\"@type\":\"ListItem\",\"position\":1,\"name\":\"Portada\",\"item\":\"https:\/\/librosdelzorrorojo.com\/ca\/\"},{\"@type\":\"ListItem\",\"position\":2,\"name\":\"Cat\u00e0leg\",\"item\":\"https:\/\/librosdelzorrorojo.com\/ca\/cataleg\/\"},{\"@type\":\"ListItem\",\"position\":3,\"name\":\"Serafina. En la escuela\"}]},{\"@type\":\"WebSite\",\"@id\":\"https:\/\/librosdelzorrorojo.com\/#website\",\"url\":\"https:\/\/librosdelzorrorojo.com\/\",\"name\":\"Libros del Zorro Rojo\",\"description\":\"Libros ilustrados\",\"potentialAction\":[{\"@type\":\"SearchAction\",\"target\":{\"@type\":\"EntryPoint\",\"urlTemplate\":\"https:\/\/librosdelzorrorojo.com\/?s={search_term_string}\"},\"query-input\":{\"@type\":\"PropertyValueSpecification\",\"valueRequired\":true,\"valueName\":\"search_term_string\"}}],\"inLanguage\":\"ca\"}]}<\/script>\n<!-- \/ Yoast SEO plugin. -->","yoast_head_json":{"title":"Serafina. En la escuela - Libros del Zorro Rojo","robots":{"index":"index","follow":"follow","max-snippet":"max-snippet:-1","max-image-preview":"max-image-preview:large","max-video-preview":"max-video-preview:-1"},"canonical":"https:\/\/librosdelzorrorojo.com\/ca\/cataleg\/serafina-en-la-escuela\/","og_locale":"ca_ES","og_type":"article","og_title":"Serafina. En la escuela - Libros del Zorro Rojo","og_description":"\u00a1La vuelta al cole ya est\u00e1 aqu\u00ed! Nuestra Serafina se reencuentra con todos sus amigos, pero tambi\u00e9n conoce a sus nuevos compa\u00f1eros, entre ellos el alegre Pablito. Violeta, la maestra, da la bienvenida a los alumnos, y en clase deja que cada uno progrese a su ritmo. Cuando llega la hora del patio, Serafina y [&hellip;]","og_url":"https:\/\/librosdelzorrorojo.com\/ca\/cataleg\/serafina-en-la-escuela\/","og_site_name":"Libros del Zorro Rojo","article_modified_time":"2024-12-13T11:17:55+00:00","og_image":[{"width":1935,"height":2560,"url":"https:\/\/librosdelzorrorojo.com\/wp-content\/uploads\/2024\/07\/SERAFINA_enlaescuela_COVER-scaled.jpg","type":"image\/jpeg"}],"twitter_card":"summary_large_image","twitter_misc":{"Temps estimat de lectura":"2 minuts"},"schema":{"@context":"https:\/\/schema.org","@graph":[{"@type":"WebPage","@id":"https:\/\/librosdelzorrorojo.com\/ca\/cataleg\/serafina-en-la-escuela\/","url":"https:\/\/librosdelzorrorojo.com\/ca\/cataleg\/serafina-en-la-escuela\/","name":"Serafina. En la escuela - Libros del Zorro Rojo","isPartOf":{"@id":"https:\/\/librosdelzorrorojo.com\/#website"},"primaryImageOfPage":{"@id":"https:\/\/librosdelzorrorojo.com\/ca\/cataleg\/serafina-en-la-escuela\/#primaryimage"},"image":{"@id":"https:\/\/librosdelzorrorojo.com\/ca\/cataleg\/serafina-en-la-escuela\/#primaryimage"},"thumbnailUrl":"https:\/\/librosdelzorrorojo.com\/wp-content\/uploads\/2024\/07\/SERAFINA_enlaescuela_COVER-scaled.jpg","datePublished":"2024-09-04T08:00:42+00:00","dateModified":"2024-12-13T11:17:55+00:00","breadcrumb":{"@id":"https:\/\/librosdelzorrorojo.com\/ca\/cataleg\/serafina-en-la-escuela\/#breadcrumb"},"inLanguage":"ca","potentialAction":[{"@type":"ReadAction","target":["https:\/\/librosdelzorrorojo.com\/ca\/cataleg\/serafina-en-la-escuela\/"]}]},{"@type":"ImageObject","inLanguage":"ca","@id":"https:\/\/librosdelzorrorojo.com\/ca\/cataleg\/serafina-en-la-escuela\/#primaryimage","url":"https:\/\/librosdelzorrorojo.com\/wp-content\/uploads\/2024\/07\/SERAFINA_enlaescuela_COVER-scaled.jpg","contentUrl":"https:\/\/librosdelzorrorojo.com\/wp-content\/uploads\/2024\/07\/SERAFINA_enlaescuela_COVER-scaled.jpg","width":1935,"height":2560,"caption":"SERAFINA enlaescuela COVER scaled"},{"@type":"BreadcrumbList","@id":"https:\/\/librosdelzorrorojo.com\/ca\/cataleg\/serafina-en-la-escuela\/#breadcrumb","itemListElement":[{"@type":"ListItem","position":1,"name":"Portada","item":"https:\/\/librosdelzorrorojo.com\/ca\/"},{"@type":"ListItem","position":2,"name":"Cat\u00e0leg","item":"https:\/\/librosdelzorrorojo.com\/ca\/cataleg\/"},{"@type":"ListItem","position":3,"name":"Serafina. En la escuela"}]},{"@type":"WebSite","@id":"https:\/\/librosdelzorrorojo.com\/#website","url":"https:\/\/librosdelzorrorojo.com\/","name":"Libros del Zorro Rojo","description":"Libros ilustrados","potentialAction":[{"@type":"SearchAction","target":{"@type":"EntryPoint","urlTemplate":"https:\/\/librosdelzorrorojo.com\/?s={search_term_string}"},"query-input":{"@type":"PropertyValueSpecification","valueRequired":true,"valueName":"search_term_string"}}],"inLanguage":"ca"}]}},"_links":{"self":[{"href":"https:\/\/librosdelzorrorojo.com\/ca\/wp-json\/wp\/v2\/product\/28322","targetHints":{"allow":["GET"]}}],"collection":[{"href":"https:\/\/librosdelzorrorojo.com\/ca\/wp-json\/wp\/v2\/product"}],"about":[{"href":"https:\/\/librosdelzorrorojo.com\/ca\/wp-json\/wp\/v2\/types\/product"}],"wp:featuredmedia":[{"embeddable":true,"href":"https:\/\/librosdelzorrorojo.com\/ca\/wp-json\/wp\/v2\/media\/28208"}],"wp:attachment":[{"href":"https:\/\/librosdelzorrorojo.com\/ca\/wp-json\/wp\/v2\/media?parent=28322"}],"wp:term":[{"taxonomy":"product_brand","embeddable":true,"href":"https:\/\/librosdelzorrorojo.com\/ca\/wp-json\/wp\/v2\/product_brand?post=28322"},{"taxonomy":"product_cat","embeddable":true,"href":"https:\/\/librosdelzorrorojo.com\/ca\/wp-json\/wp\/v2\/product_cat?post=28322"},{"taxonomy":"product_tag","embeddable":true,"href":"https:\/\/librosdelzorrorojo.com\/ca\/wp-json\/wp\/v2\/product_tag?post=28322"}],"curies":[{"name":"wp","href":"https:\/\/api.w.org\/{rel}","templated":true}]}}