{"id":28235,"date":"2024-09-24T12:06:32","date_gmt":"2024-09-24T10:06:32","guid":{"rendered":"https:\/\/librosdelzorrorojo.com\/?post_type=product&#038;p=28235"},"modified":"2024-11-28T13:39:45","modified_gmt":"2024-11-28T12:39:45","slug":"miss-cat-lenigma-del-gat-reprogramat","status":"publish","type":"product","link":"https:\/\/librosdelzorrorojo.com\/ca\/cataleg\/miss-cat-lenigma-del-gat-reprogramat\/","title":{"rendered":"Miss Cat. L\u2019enigma del gat reprogramat"},"content":{"rendered":"<p>El p\u00e0nic s\u2019est\u00e9n a la urbanitzaci\u00f3 luxosa d\u2019El\u00f8nm\u00fcx! Qui ha robat el talent de la Klorina, filla del Fara\u00f3 de les Tecnologies i nena prodigi del viol\u00ed? I on para el gat B\u00f2lex?<\/p>\n<p>La seva desaparici\u00f3 ha fet saltar totes les alarmes. A Miss Cat no hi ha misteri que se li resisteixi, i per consolar la nena (i evitar que perfori els timpans a la seva fam\u00edlia), la nostra felina accepta aquesta missi\u00f3 doble, mentre dos bessons rid\u00edculs i inquietants (o a la inversa) apareixen del no-res&#8230;<\/p>\n","protected":false},"excerpt":{"rendered":"El p\u00e0nic s\u2019est\u00e9n a la urbanitzaci\u00f3 luxosa d\u2019El\u00f8nm\u00fcx! Qui ha robat el talent de la Klorina, filla del Fara\u00f3 de les Tecnologies i nena prodigi del viol\u00ed? I on para el gat B\u00f2lex? La seva desaparici\u00f3 ha fet saltar totes les alarmes. A Miss Cat no hi ha misteri que se li resisteixi, i per [&hellip;]","protected":false},"featured_media":28236,"template":"","meta":{"_acf_changed":false},"product_brand":[],"product_cat":[840,843,839],"product_tag":[],"class_list":{"0":"post-28235","1":"product","2":"type-product","3":"status-publish","4":"has-post-thumbnail","6":"product_cat-catala","7":"product_cat-infantiles-ca","8":"product_cat-zona-kids-ca","9":"vinculo-miss-cat-el-enigma-del-gato-reprogramado","11":"first","12":"instock","13":"taxable","14":"shipping-taxable","15":"purchasable","16":"product-type-simple"},"acf":[],"yoast_head":"<!-- This site is optimized with the Yoast SEO plugin v25.1 - https:\/\/yoast.com\/wordpress\/plugins\/seo\/ -->\n<title>Miss Cat. L\u2019enigma del gat reprogramat - Libros del Zorro Rojo<\/title>\n<meta name=\"robots\" content=\"index, follow, max-snippet:-1, max-image-preview:large, max-video-preview:-1\" \/>\n<link rel=\"canonical\" href=\"https:\/\/librosdelzorrorojo.com\/ca\/cataleg\/miss-cat-lenigma-del-gat-reprogramat\/\" \/>\n<meta property=\"og:locale\" content=\"ca_ES\" \/>\n<meta property=\"og:type\" content=\"article\" \/>\n<meta property=\"og:title\" content=\"Miss Cat. L\u2019enigma del gat reprogramat - Libros del Zorro Rojo\" \/>\n<meta property=\"og:description\" content=\"El p\u00e0nic s\u2019est\u00e9n a la urbanitzaci\u00f3 luxosa d\u2019El\u00f8nm\u00fcx! Qui ha robat el talent de la Klorina, filla del Fara\u00f3 de les Tecnologies i nena prodigi del viol\u00ed? I on para el gat B\u00f2lex? La seva desaparici\u00f3 ha fet saltar totes les alarmes. A Miss Cat no hi ha misteri que se li resisteixi, i per [&hellip;]\" \/>\n<meta property=\"og:url\" content=\"https:\/\/librosdelzorrorojo.com\/ca\/cataleg\/miss-cat-lenigma-del-gat-reprogramat\/\" \/>\n<meta property=\"og:site_name\" content=\"Libros del Zorro Rojo\" \/>\n<meta property=\"article:modified_time\" content=\"2024-11-28T12:39:45+00:00\" \/>\n<meta property=\"og:image\" content=\"https:\/\/librosdelzorrorojo.com\/wp-content\/uploads\/2024\/07\/Miss-Chat__Catala-scaled.jpg\" \/>\n\t<meta property=\"og:image:width\" content=\"1682\" \/>\n\t<meta property=\"og:image:height\" content=\"2560\" \/>\n\t<meta property=\"og:image:type\" content=\"image\/jpeg\" \/>\n<meta name=\"twitter:card\" content=\"summary_large_image\" \/>\n<meta name=\"twitter:label1\" content=\"Temps estimat de lectura\" \/>\n\t<meta name=\"twitter:data1\" content=\"2 minuts\" \/>\n<script type=\"application\/ld+json\" class=\"yoast-schema-graph\">{\"@context\":\"https:\/\/schema.org\",\"@graph\":[{\"@type\":\"WebPage\",\"@id\":\"https:\/\/librosdelzorrorojo.com\/ca\/cataleg\/miss-cat-lenigma-del-gat-reprogramat\/\",\"url\":\"https:\/\/librosdelzorrorojo.com\/ca\/cataleg\/miss-cat-lenigma-del-gat-reprogramat\/\",\"name\":\"Miss Cat. L\u2019enigma del gat reprogramat - Libros del Zorro Rojo\",\"isPartOf\":{\"@id\":\"https:\/\/librosdelzorrorojo.com\/#website\"},\"primaryImageOfPage\":{\"@id\":\"https:\/\/librosdelzorrorojo.com\/ca\/cataleg\/miss-cat-lenigma-del-gat-reprogramat\/#primaryimage\"},\"image\":{\"@id\":\"https:\/\/librosdelzorrorojo.com\/ca\/cataleg\/miss-cat-lenigma-del-gat-reprogramat\/#primaryimage\"},\"thumbnailUrl\":\"https:\/\/librosdelzorrorojo.com\/wp-content\/uploads\/2024\/07\/Miss-Chat__Catala-scaled.jpg\",\"datePublished\":\"2024-09-24T10:06:32+00:00\",\"dateModified\":\"2024-11-28T12:39:45+00:00\",\"breadcrumb\":{\"@id\":\"https:\/\/librosdelzorrorojo.com\/ca\/cataleg\/miss-cat-lenigma-del-gat-reprogramat\/#breadcrumb\"},\"inLanguage\":\"ca\",\"potentialAction\":[{\"@type\":\"ReadAction\",\"target\":[\"https:\/\/librosdelzorrorojo.com\/ca\/cataleg\/miss-cat-lenigma-del-gat-reprogramat\/\"]}]},{\"@type\":\"ImageObject\",\"inLanguage\":\"ca\",\"@id\":\"https:\/\/librosdelzorrorojo.com\/ca\/cataleg\/miss-cat-lenigma-del-gat-reprogramat\/#primaryimage\",\"url\":\"https:\/\/librosdelzorrorojo.com\/wp-content\/uploads\/2024\/07\/Miss-Chat__Catala-scaled.jpg\",\"contentUrl\":\"https:\/\/librosdelzorrorojo.com\/wp-content\/uploads\/2024\/07\/Miss-Chat__Catala-scaled.jpg\",\"width\":1682,\"height\":2560,\"caption\":\"Miss Chat Catala scaled\"},{\"@type\":\"BreadcrumbList\",\"@id\":\"https:\/\/librosdelzorrorojo.com\/ca\/cataleg\/miss-cat-lenigma-del-gat-reprogramat\/#breadcrumb\",\"itemListElement\":[{\"@type\":\"ListItem\",\"position\":1,\"name\":\"Portada\",\"item\":\"https:\/\/librosdelzorrorojo.com\/ca\/\"},{\"@type\":\"ListItem\",\"position\":2,\"name\":\"Cat\u00e0leg\",\"item\":\"https:\/\/librosdelzorrorojo.com\/ca\/cataleg\/\"},{\"@type\":\"ListItem\",\"position\":3,\"name\":\"Miss Cat. L\u2019enigma del gat reprogramat\"}]},{\"@type\":\"WebSite\",\"@id\":\"https:\/\/librosdelzorrorojo.com\/#website\",\"url\":\"https:\/\/librosdelzorrorojo.com\/\",\"name\":\"Libros del Zorro Rojo\",\"description\":\"Libros ilustrados\",\"potentialAction\":[{\"@type\":\"SearchAction\",\"target\":{\"@type\":\"EntryPoint\",\"urlTemplate\":\"https:\/\/librosdelzorrorojo.com\/?s={search_term_string}\"},\"query-input\":{\"@type\":\"PropertyValueSpecification\",\"valueRequired\":true,\"valueName\":\"search_term_string\"}}],\"inLanguage\":\"ca\"}]}<\/script>\n<!-- \/ Yoast SEO plugin. -->","yoast_head_json":{"title":"Miss Cat. L\u2019enigma del gat reprogramat - Libros del Zorro Rojo","robots":{"index":"index","follow":"follow","max-snippet":"max-snippet:-1","max-image-preview":"max-image-preview:large","max-video-preview":"max-video-preview:-1"},"canonical":"https:\/\/librosdelzorrorojo.com\/ca\/cataleg\/miss-cat-lenigma-del-gat-reprogramat\/","og_locale":"ca_ES","og_type":"article","og_title":"Miss Cat. L\u2019enigma del gat reprogramat - Libros del Zorro Rojo","og_description":"El p\u00e0nic s\u2019est\u00e9n a la urbanitzaci\u00f3 luxosa d\u2019El\u00f8nm\u00fcx! Qui ha robat el talent de la Klorina, filla del Fara\u00f3 de les Tecnologies i nena prodigi del viol\u00ed? I on para el gat B\u00f2lex? La seva desaparici\u00f3 ha fet saltar totes les alarmes. A Miss Cat no hi ha misteri que se li resisteixi, i per [&hellip;]","og_url":"https:\/\/librosdelzorrorojo.com\/ca\/cataleg\/miss-cat-lenigma-del-gat-reprogramat\/","og_site_name":"Libros del Zorro Rojo","article_modified_time":"2024-11-28T12:39:45+00:00","og_image":[{"width":1682,"height":2560,"url":"https:\/\/librosdelzorrorojo.com\/wp-content\/uploads\/2024\/07\/Miss-Chat__Catala-scaled.jpg","type":"image\/jpeg"}],"twitter_card":"summary_large_image","twitter_misc":{"Temps estimat de lectura":"2 minuts"},"schema":{"@context":"https:\/\/schema.org","@graph":[{"@type":"WebPage","@id":"https:\/\/librosdelzorrorojo.com\/ca\/cataleg\/miss-cat-lenigma-del-gat-reprogramat\/","url":"https:\/\/librosdelzorrorojo.com\/ca\/cataleg\/miss-cat-lenigma-del-gat-reprogramat\/","name":"Miss Cat. L\u2019enigma del gat reprogramat - Libros del Zorro Rojo","isPartOf":{"@id":"https:\/\/librosdelzorrorojo.com\/#website"},"primaryImageOfPage":{"@id":"https:\/\/librosdelzorrorojo.com\/ca\/cataleg\/miss-cat-lenigma-del-gat-reprogramat\/#primaryimage"},"image":{"@id":"https:\/\/librosdelzorrorojo.com\/ca\/cataleg\/miss-cat-lenigma-del-gat-reprogramat\/#primaryimage"},"thumbnailUrl":"https:\/\/librosdelzorrorojo.com\/wp-content\/uploads\/2024\/07\/Miss-Chat__Catala-scaled.jpg","datePublished":"2024-09-24T10:06:32+00:00","dateModified":"2024-11-28T12:39:45+00:00","breadcrumb":{"@id":"https:\/\/librosdelzorrorojo.com\/ca\/cataleg\/miss-cat-lenigma-del-gat-reprogramat\/#breadcrumb"},"inLanguage":"ca","potentialAction":[{"@type":"ReadAction","target":["https:\/\/librosdelzorrorojo.com\/ca\/cataleg\/miss-cat-lenigma-del-gat-reprogramat\/"]}]},{"@type":"ImageObject","inLanguage":"ca","@id":"https:\/\/librosdelzorrorojo.com\/ca\/cataleg\/miss-cat-lenigma-del-gat-reprogramat\/#primaryimage","url":"https:\/\/librosdelzorrorojo.com\/wp-content\/uploads\/2024\/07\/Miss-Chat__Catala-scaled.jpg","contentUrl":"https:\/\/librosdelzorrorojo.com\/wp-content\/uploads\/2024\/07\/Miss-Chat__Catala-scaled.jpg","width":1682,"height":2560,"caption":"Miss Chat Catala scaled"},{"@type":"BreadcrumbList","@id":"https:\/\/librosdelzorrorojo.com\/ca\/cataleg\/miss-cat-lenigma-del-gat-reprogramat\/#breadcrumb","itemListElement":[{"@type":"ListItem","position":1,"name":"Portada","item":"https:\/\/librosdelzorrorojo.com\/ca\/"},{"@type":"ListItem","position":2,"name":"Cat\u00e0leg","item":"https:\/\/librosdelzorrorojo.com\/ca\/cataleg\/"},{"@type":"ListItem","position":3,"name":"Miss Cat. L\u2019enigma del gat reprogramat"}]},{"@type":"WebSite","@id":"https:\/\/librosdelzorrorojo.com\/#website","url":"https:\/\/librosdelzorrorojo.com\/","name":"Libros del Zorro Rojo","description":"Libros ilustrados","potentialAction":[{"@type":"SearchAction","target":{"@type":"EntryPoint","urlTemplate":"https:\/\/librosdelzorrorojo.com\/?s={search_term_string}"},"query-input":{"@type":"PropertyValueSpecification","valueRequired":true,"valueName":"search_term_string"}}],"inLanguage":"ca"}]}},"_links":{"self":[{"href":"https:\/\/librosdelzorrorojo.com\/ca\/wp-json\/wp\/v2\/product\/28235","targetHints":{"allow":["GET"]}}],"collection":[{"href":"https:\/\/librosdelzorrorojo.com\/ca\/wp-json\/wp\/v2\/product"}],"about":[{"href":"https:\/\/librosdelzorrorojo.com\/ca\/wp-json\/wp\/v2\/types\/product"}],"wp:featuredmedia":[{"embeddable":true,"href":"https:\/\/librosdelzorrorojo.com\/ca\/wp-json\/wp\/v2\/media\/28236"}],"wp:attachment":[{"href":"https:\/\/librosdelzorrorojo.com\/ca\/wp-json\/wp\/v2\/media?parent=28235"}],"wp:term":[{"taxonomy":"product_brand","embeddable":true,"href":"https:\/\/librosdelzorrorojo.com\/ca\/wp-json\/wp\/v2\/product_brand?post=28235"},{"taxonomy":"product_cat","embeddable":true,"href":"https:\/\/librosdelzorrorojo.com\/ca\/wp-json\/wp\/v2\/product_cat?post=28235"},{"taxonomy":"product_tag","embeddable":true,"href":"https:\/\/librosdelzorrorojo.com\/ca\/wp-json\/wp\/v2\/product_tag?post=28235"}],"curies":[{"name":"wp","href":"https:\/\/api.w.org\/{rel}","templated":true}]}}