{"id":28152,"date":"2024-09-18T10:00:48","date_gmt":"2024-09-18T08:00:48","guid":{"rendered":"https:\/\/librosdelzorrorojo.com\/catalogo\/veinte-preguntas\/"},"modified":"2025-01-10T11:46:09","modified_gmt":"2025-01-10T10:46:09","slug":"veinte-preguntas","status":"publish","type":"product","link":"https:\/\/librosdelzorrorojo.com\/ca\/cataleg\/veinte-preguntas\/","title":{"rendered":"Veinte preguntas"},"content":{"rendered":"<p><span lang=\"EN-US\">No todas las preguntas tienen respuesta. Algunas preguntas tienen m\u00e1s de una respuesta, y otras ofrecen un sinf\u00edn de posibilidades. Todo lo que podamos imaginar.<\/span><\/p>\n<div>\n<p><span lang=\"EN-US\">En este libro hay veinte preguntas, algunas suponen desaf\u00edos num\u00e9ricos que promueven el aprendizaje, y otras dan lugar a un juego. Se trata de identificar formas y animales diversos. Las hay que nos hacen re\u00edr, y tambi\u00e9n las que ponen prueba nuestros preconceptos, aquello que suponemos sin habernos detenido a observar y pensar. Lo m\u00e1s importante, sin embargo, es que se trata de preguntas abiertas: no hay respuestas correctas ni incorrectas. La propuesta de Barnett recoge, pues, dilemas e inc\u00f3gnitas ideadas para que, a trav\u00e9s de la creatividad, los primeros lectores se figuren mundos imaginarios mundo mientras se divierten. Si algo se puede concluir de esta lectura es que las mejores preguntas conducen a grandes historias.<\/span><\/p>\n<p><i><span lang=\"EN-US\">Veinte preguntas <\/span><\/i><span lang=\"EN-US\">cobra vida gracias a las ilustraciones de Christian Robinson,<\/span><span lang=\"EN-US\"> <\/span><span lang=\"EN-US\">medalla Caldecott. He aqu\u00ed una invitaci\u00f3n, repleta de encanto, a participar, especular y pensar de manera cr\u00edtica.<\/span><\/p>\n<\/div>\n<p><img decoding=\"async\" src=\"https:\/\/librosdelzorrorojo.com\/wp-content\/uploads\/2024\/10\/ICEC.jpg\" alt=\"\" width=\"380\" height=\"85\" class=\"alignnone size-full wp-image-29095\" \/><\/p>\n","protected":false},"excerpt":{"rendered":"No todas las preguntas tienen respuesta. Algunas preguntas tienen m\u00e1s de una respuesta, y otras ofrecen un sinf\u00edn de posibilidades. Todo lo que podamos imaginar. En este libro hay veinte preguntas, algunas suponen desaf\u00edos num\u00e9ricos que promueven el aprendizaje, y otras dan lugar a un juego. Se trata de identificar formas y animales diversos. Las [&hellip;]","protected":false},"featured_media":28130,"template":"","meta":{"_acf_changed":false},"product_brand":[],"product_cat":[844,843,839],"product_tag":[],"class_list":{"0":"post-28152","1":"product","2":"type-product","3":"status-publish","4":"has-post-thumbnail","6":"product_cat-castella","7":"product_cat-infantiles-ca","8":"product_cat-zona-kids-ca","10":"first","11":"instock","12":"taxable","13":"shipping-taxable","14":"purchasable","15":"product-type-simple"},"acf":[],"yoast_head":"<!-- This site is optimized with the Yoast SEO plugin v25.1 - https:\/\/yoast.com\/wordpress\/plugins\/seo\/ -->\n<title>Veinte preguntas - Libros del Zorro Rojo<\/title>\n<meta name=\"robots\" content=\"index, follow, max-snippet:-1, max-image-preview:large, max-video-preview:-1\" \/>\n<link rel=\"canonical\" href=\"https:\/\/librosdelzorrorojo.com\/ca\/cataleg\/veinte-preguntas\/\" \/>\n<meta property=\"og:locale\" content=\"ca_ES\" \/>\n<meta property=\"og:type\" content=\"article\" \/>\n<meta property=\"og:title\" content=\"Veinte preguntas - Libros del Zorro Rojo\" \/>\n<meta property=\"og:description\" content=\"No todas las preguntas tienen respuesta. Algunas preguntas tienen m\u00e1s de una respuesta, y otras ofrecen un sinf\u00edn de posibilidades. Todo lo que podamos imaginar. En este libro hay veinte preguntas, algunas suponen desaf\u00edos num\u00e9ricos que promueven el aprendizaje, y otras dan lugar a un juego. Se trata de identificar formas y animales diversos. Las [&hellip;]\" \/>\n<meta property=\"og:url\" content=\"https:\/\/librosdelzorrorojo.com\/ca\/cataleg\/veinte-preguntas\/\" \/>\n<meta property=\"og:site_name\" content=\"Libros del Zorro Rojo\" \/>\n<meta property=\"article:modified_time\" content=\"2025-01-10T10:46:09+00:00\" \/>\n<meta property=\"og:image\" content=\"https:\/\/librosdelzorrorojo.com\/wp-content\/uploads\/2024\/06\/COVER_Veinte_preguntas_WEB.jpg\" \/>\n\t<meta property=\"og:image:width\" content=\"850\" \/>\n\t<meta property=\"og:image:height\" content=\"1028\" \/>\n\t<meta property=\"og:image:type\" content=\"image\/jpeg\" \/>\n<meta name=\"twitter:card\" content=\"summary_large_image\" \/>\n<meta name=\"twitter:label1\" content=\"Temps estimat de lectura\" \/>\n\t<meta name=\"twitter:data1\" content=\"1 minut\" \/>\n<script type=\"application\/ld+json\" class=\"yoast-schema-graph\">{\"@context\":\"https:\/\/schema.org\",\"@graph\":[{\"@type\":\"WebPage\",\"@id\":\"https:\/\/librosdelzorrorojo.com\/ca\/cataleg\/veinte-preguntas\/\",\"url\":\"https:\/\/librosdelzorrorojo.com\/ca\/cataleg\/veinte-preguntas\/\",\"name\":\"Veinte preguntas - Libros del Zorro Rojo\",\"isPartOf\":{\"@id\":\"https:\/\/librosdelzorrorojo.com\/#website\"},\"primaryImageOfPage\":{\"@id\":\"https:\/\/librosdelzorrorojo.com\/ca\/cataleg\/veinte-preguntas\/#primaryimage\"},\"image\":{\"@id\":\"https:\/\/librosdelzorrorojo.com\/ca\/cataleg\/veinte-preguntas\/#primaryimage\"},\"thumbnailUrl\":\"https:\/\/librosdelzorrorojo.com\/wp-content\/uploads\/2024\/06\/COVER_Veinte_preguntas_WEB.jpg\",\"datePublished\":\"2024-09-18T08:00:48+00:00\",\"dateModified\":\"2025-01-10T10:46:09+00:00\",\"breadcrumb\":{\"@id\":\"https:\/\/librosdelzorrorojo.com\/ca\/cataleg\/veinte-preguntas\/#breadcrumb\"},\"inLanguage\":\"ca\",\"potentialAction\":[{\"@type\":\"ReadAction\",\"target\":[\"https:\/\/librosdelzorrorojo.com\/ca\/cataleg\/veinte-preguntas\/\"]}]},{\"@type\":\"ImageObject\",\"inLanguage\":\"ca\",\"@id\":\"https:\/\/librosdelzorrorojo.com\/ca\/cataleg\/veinte-preguntas\/#primaryimage\",\"url\":\"https:\/\/librosdelzorrorojo.com\/wp-content\/uploads\/2024\/06\/COVER_Veinte_preguntas_WEB.jpg\",\"contentUrl\":\"https:\/\/librosdelzorrorojo.com\/wp-content\/uploads\/2024\/06\/COVER_Veinte_preguntas_WEB.jpg\",\"width\":850,\"height\":1028,\"caption\":\"COVER Veinte preguntas WEB\"},{\"@type\":\"BreadcrumbList\",\"@id\":\"https:\/\/librosdelzorrorojo.com\/ca\/cataleg\/veinte-preguntas\/#breadcrumb\",\"itemListElement\":[{\"@type\":\"ListItem\",\"position\":1,\"name\":\"Portada\",\"item\":\"https:\/\/librosdelzorrorojo.com\/ca\/\"},{\"@type\":\"ListItem\",\"position\":2,\"name\":\"Cat\u00e0leg\",\"item\":\"https:\/\/librosdelzorrorojo.com\/ca\/cataleg\/\"},{\"@type\":\"ListItem\",\"position\":3,\"name\":\"Veinte preguntas\"}]},{\"@type\":\"WebSite\",\"@id\":\"https:\/\/librosdelzorrorojo.com\/#website\",\"url\":\"https:\/\/librosdelzorrorojo.com\/\",\"name\":\"Libros del Zorro Rojo\",\"description\":\"Libros ilustrados\",\"potentialAction\":[{\"@type\":\"SearchAction\",\"target\":{\"@type\":\"EntryPoint\",\"urlTemplate\":\"https:\/\/librosdelzorrorojo.com\/?s={search_term_string}\"},\"query-input\":{\"@type\":\"PropertyValueSpecification\",\"valueRequired\":true,\"valueName\":\"search_term_string\"}}],\"inLanguage\":\"ca\"}]}<\/script>\n<!-- \/ Yoast SEO plugin. -->","yoast_head_json":{"title":"Veinte preguntas - Libros del Zorro Rojo","robots":{"index":"index","follow":"follow","max-snippet":"max-snippet:-1","max-image-preview":"max-image-preview:large","max-video-preview":"max-video-preview:-1"},"canonical":"https:\/\/librosdelzorrorojo.com\/ca\/cataleg\/veinte-preguntas\/","og_locale":"ca_ES","og_type":"article","og_title":"Veinte preguntas - Libros del Zorro Rojo","og_description":"No todas las preguntas tienen respuesta. Algunas preguntas tienen m\u00e1s de una respuesta, y otras ofrecen un sinf\u00edn de posibilidades. Todo lo que podamos imaginar. En este libro hay veinte preguntas, algunas suponen desaf\u00edos num\u00e9ricos que promueven el aprendizaje, y otras dan lugar a un juego. Se trata de identificar formas y animales diversos. Las [&hellip;]","og_url":"https:\/\/librosdelzorrorojo.com\/ca\/cataleg\/veinte-preguntas\/","og_site_name":"Libros del Zorro Rojo","article_modified_time":"2025-01-10T10:46:09+00:00","og_image":[{"width":850,"height":1028,"url":"https:\/\/librosdelzorrorojo.com\/wp-content\/uploads\/2024\/06\/COVER_Veinte_preguntas_WEB.jpg","type":"image\/jpeg"}],"twitter_card":"summary_large_image","twitter_misc":{"Temps estimat de lectura":"1 minut"},"schema":{"@context":"https:\/\/schema.org","@graph":[{"@type":"WebPage","@id":"https:\/\/librosdelzorrorojo.com\/ca\/cataleg\/veinte-preguntas\/","url":"https:\/\/librosdelzorrorojo.com\/ca\/cataleg\/veinte-preguntas\/","name":"Veinte preguntas - Libros del Zorro Rojo","isPartOf":{"@id":"https:\/\/librosdelzorrorojo.com\/#website"},"primaryImageOfPage":{"@id":"https:\/\/librosdelzorrorojo.com\/ca\/cataleg\/veinte-preguntas\/#primaryimage"},"image":{"@id":"https:\/\/librosdelzorrorojo.com\/ca\/cataleg\/veinte-preguntas\/#primaryimage"},"thumbnailUrl":"https:\/\/librosdelzorrorojo.com\/wp-content\/uploads\/2024\/06\/COVER_Veinte_preguntas_WEB.jpg","datePublished":"2024-09-18T08:00:48+00:00","dateModified":"2025-01-10T10:46:09+00:00","breadcrumb":{"@id":"https:\/\/librosdelzorrorojo.com\/ca\/cataleg\/veinte-preguntas\/#breadcrumb"},"inLanguage":"ca","potentialAction":[{"@type":"ReadAction","target":["https:\/\/librosdelzorrorojo.com\/ca\/cataleg\/veinte-preguntas\/"]}]},{"@type":"ImageObject","inLanguage":"ca","@id":"https:\/\/librosdelzorrorojo.com\/ca\/cataleg\/veinte-preguntas\/#primaryimage","url":"https:\/\/librosdelzorrorojo.com\/wp-content\/uploads\/2024\/06\/COVER_Veinte_preguntas_WEB.jpg","contentUrl":"https:\/\/librosdelzorrorojo.com\/wp-content\/uploads\/2024\/06\/COVER_Veinte_preguntas_WEB.jpg","width":850,"height":1028,"caption":"COVER Veinte preguntas WEB"},{"@type":"BreadcrumbList","@id":"https:\/\/librosdelzorrorojo.com\/ca\/cataleg\/veinte-preguntas\/#breadcrumb","itemListElement":[{"@type":"ListItem","position":1,"name":"Portada","item":"https:\/\/librosdelzorrorojo.com\/ca\/"},{"@type":"ListItem","position":2,"name":"Cat\u00e0leg","item":"https:\/\/librosdelzorrorojo.com\/ca\/cataleg\/"},{"@type":"ListItem","position":3,"name":"Veinte preguntas"}]},{"@type":"WebSite","@id":"https:\/\/librosdelzorrorojo.com\/#website","url":"https:\/\/librosdelzorrorojo.com\/","name":"Libros del Zorro Rojo","description":"Libros ilustrados","potentialAction":[{"@type":"SearchAction","target":{"@type":"EntryPoint","urlTemplate":"https:\/\/librosdelzorrorojo.com\/?s={search_term_string}"},"query-input":{"@type":"PropertyValueSpecification","valueRequired":true,"valueName":"search_term_string"}}],"inLanguage":"ca"}]}},"_links":{"self":[{"href":"https:\/\/librosdelzorrorojo.com\/ca\/wp-json\/wp\/v2\/product\/28152","targetHints":{"allow":["GET"]}}],"collection":[{"href":"https:\/\/librosdelzorrorojo.com\/ca\/wp-json\/wp\/v2\/product"}],"about":[{"href":"https:\/\/librosdelzorrorojo.com\/ca\/wp-json\/wp\/v2\/types\/product"}],"wp:featuredmedia":[{"embeddable":true,"href":"https:\/\/librosdelzorrorojo.com\/ca\/wp-json\/wp\/v2\/media\/28130"}],"wp:attachment":[{"href":"https:\/\/librosdelzorrorojo.com\/ca\/wp-json\/wp\/v2\/media?parent=28152"}],"wp:term":[{"taxonomy":"product_brand","embeddable":true,"href":"https:\/\/librosdelzorrorojo.com\/ca\/wp-json\/wp\/v2\/product_brand?post=28152"},{"taxonomy":"product_cat","embeddable":true,"href":"https:\/\/librosdelzorrorojo.com\/ca\/wp-json\/wp\/v2\/product_cat?post=28152"},{"taxonomy":"product_tag","embeddable":true,"href":"https:\/\/librosdelzorrorojo.com\/ca\/wp-json\/wp\/v2\/product_tag?post=28152"}],"curies":[{"name":"wp","href":"https:\/\/api.w.org\/{rel}","templated":true}]}}