{"id":28057,"date":"2024-09-18T09:30:19","date_gmt":"2024-09-18T07:30:19","guid":{"rendered":"https:\/\/librosdelzorrorojo.com\/?post_type=product&#038;p=28057"},"modified":"2024-12-13T12:16:04","modified_gmt":"2024-12-13T11:16:04","slug":"vint-preguntes","status":"publish","type":"product","link":"https:\/\/librosdelzorrorojo.com\/ca\/cataleg\/vint-preguntes\/","title":{"rendered":"Vint preguntes"},"content":{"rendered":"<p><span lang=\"CA\">No totes les preguntes tenen resposta. Algunes preguntes tenen m\u00e9s d\u2019una resposta. I altres tenen un infinit de respostes, tantes com puguem imaginar. <\/span><\/p>\n<div>\n<p><span lang=\"CA\">En aquest llibre hi ha vint preguntes. Algunes suposen reptes num\u00e8rics que promouen l\u2019aprenentatge, i altres donen lloc a un joc d\u2019identificaci\u00f3 de formes i animals diversos. N\u2019hi ha que fan riure, i tamb\u00e9 que posen a prova els nostres preconceptes, all\u00f2 que suposem sense parar-nos a observar i a pensar. El m\u00e9s important, per\u00f2, es que es tracta de preguntes obertes: no hi ha respostes correctes ni incorrectes. La proposta de Barnett recull, doncs, dilemes e inc\u00f2gnites ideades perqu\u00e8, a trav\u00e9s de la creativitat, els primers lectors figurin mons imaginaris mentre es diverteixen. Si podem concloure alguna cosa d\u2019aquesta lectura \u00e9s que les millors preguntes condueixen a grans hist\u00f2ries.<\/span><\/p>\n<p><i><span lang=\"CA\">Vint preguntes<\/span><\/i><span lang=\"CA\"> cobra vida gr\u00e0cies a les il\u00b7lustracions de Christian Robinson, medalla Caldecott.\u00a0 Vet aqu\u00ed una invitaci\u00f3, repleta d\u2019encant, a participar, especular i pensar de manera cr\u00edtica.<\/span><\/p>\n<p><img decoding=\"async\" src=\"https:\/\/librosdelzorrorojo.com\/wp-content\/uploads\/2024\/10\/ICEC.jpg\" alt=\"\" width=\"380\" height=\"85\" class=\"alignnone size-full wp-image-29096\" \/><\/p>\n<\/div>\n","protected":false},"excerpt":{"rendered":"No totes les preguntes tenen resposta. Algunes preguntes tenen m\u00e9s d\u2019una resposta. I altres tenen un infinit de respostes, tantes com puguem imaginar. En aquest llibre hi ha vint preguntes. Algunes suposen reptes num\u00e8rics que promouen l\u2019aprenentatge, i altres donen lloc a un joc d\u2019identificaci\u00f3 de formes i animals diversos. N\u2019hi ha que fan riure, [&hellip;]","protected":false},"featured_media":28058,"template":"","meta":{"_acf_changed":false},"product_brand":[],"product_cat":[840,843,839],"product_tag":[],"class_list":{"0":"post-28057","1":"product","2":"type-product","3":"status-publish","4":"has-post-thumbnail","6":"product_cat-catala","7":"product_cat-infantiles-ca","8":"product_cat-zona-kids-ca","10":"first","11":"instock","12":"taxable","13":"shipping-taxable","14":"purchasable","15":"product-type-simple"},"acf":[],"yoast_head":"<!-- This site is optimized with the Yoast SEO plugin v25.1 - https:\/\/yoast.com\/wordpress\/plugins\/seo\/ -->\n<title>Vint preguntes - Libros del Zorro Rojo<\/title>\n<meta name=\"robots\" content=\"index, follow, max-snippet:-1, max-image-preview:large, max-video-preview:-1\" \/>\n<link rel=\"canonical\" href=\"https:\/\/librosdelzorrorojo.com\/ca\/cataleg\/vint-preguntes\/\" \/>\n<meta property=\"og:locale\" content=\"ca_ES\" \/>\n<meta property=\"og:type\" content=\"article\" \/>\n<meta property=\"og:title\" content=\"Vint preguntes - Libros del Zorro Rojo\" \/>\n<meta property=\"og:description\" content=\"No totes les preguntes tenen resposta. Algunes preguntes tenen m\u00e9s d\u2019una resposta. I altres tenen un infinit de respostes, tantes com puguem imaginar. En aquest llibre hi ha vint preguntes. Algunes suposen reptes num\u00e8rics que promouen l\u2019aprenentatge, i altres donen lloc a un joc d\u2019identificaci\u00f3 de formes i animals diversos. N\u2019hi ha que fan riure, [&hellip;]\" \/>\n<meta property=\"og:url\" content=\"https:\/\/librosdelzorrorojo.com\/ca\/cataleg\/vint-preguntes\/\" \/>\n<meta property=\"og:site_name\" content=\"Libros del Zorro Rojo\" \/>\n<meta property=\"article:modified_time\" content=\"2024-12-13T11:16:04+00:00\" \/>\n<meta property=\"og:image\" content=\"https:\/\/librosdelzorrorojo.com\/wp-content\/uploads\/2024\/05\/COVER_Veinte_preguntas_WEB.jpg\" \/>\n\t<meta property=\"og:image:width\" content=\"850\" \/>\n\t<meta property=\"og:image:height\" content=\"1028\" \/>\n\t<meta property=\"og:image:type\" content=\"image\/jpeg\" \/>\n<meta name=\"twitter:card\" content=\"summary_large_image\" \/>\n<meta name=\"twitter:label1\" content=\"Temps estimat de lectura\" \/>\n\t<meta name=\"twitter:data1\" content=\"2 minuts\" \/>\n<script type=\"application\/ld+json\" class=\"yoast-schema-graph\">{\"@context\":\"https:\/\/schema.org\",\"@graph\":[{\"@type\":\"WebPage\",\"@id\":\"https:\/\/librosdelzorrorojo.com\/ca\/cataleg\/vint-preguntes\/\",\"url\":\"https:\/\/librosdelzorrorojo.com\/ca\/cataleg\/vint-preguntes\/\",\"name\":\"Vint preguntes - Libros del Zorro Rojo\",\"isPartOf\":{\"@id\":\"https:\/\/librosdelzorrorojo.com\/#website\"},\"primaryImageOfPage\":{\"@id\":\"https:\/\/librosdelzorrorojo.com\/ca\/cataleg\/vint-preguntes\/#primaryimage\"},\"image\":{\"@id\":\"https:\/\/librosdelzorrorojo.com\/ca\/cataleg\/vint-preguntes\/#primaryimage\"},\"thumbnailUrl\":\"https:\/\/librosdelzorrorojo.com\/wp-content\/uploads\/2024\/05\/COVER_Veinte_preguntas_WEB.jpg\",\"datePublished\":\"2024-09-18T07:30:19+00:00\",\"dateModified\":\"2024-12-13T11:16:04+00:00\",\"breadcrumb\":{\"@id\":\"https:\/\/librosdelzorrorojo.com\/ca\/cataleg\/vint-preguntes\/#breadcrumb\"},\"inLanguage\":\"ca\",\"potentialAction\":[{\"@type\":\"ReadAction\",\"target\":[\"https:\/\/librosdelzorrorojo.com\/ca\/cataleg\/vint-preguntes\/\"]}]},{\"@type\":\"ImageObject\",\"inLanguage\":\"ca\",\"@id\":\"https:\/\/librosdelzorrorojo.com\/ca\/cataleg\/vint-preguntes\/#primaryimage\",\"url\":\"https:\/\/librosdelzorrorojo.com\/wp-content\/uploads\/2024\/05\/COVER_Veinte_preguntas_WEB.jpg\",\"contentUrl\":\"https:\/\/librosdelzorrorojo.com\/wp-content\/uploads\/2024\/05\/COVER_Veinte_preguntas_WEB.jpg\",\"width\":850,\"height\":1028,\"caption\":\"COVER Veinte preguntas WEB\"},{\"@type\":\"BreadcrumbList\",\"@id\":\"https:\/\/librosdelzorrorojo.com\/ca\/cataleg\/vint-preguntes\/#breadcrumb\",\"itemListElement\":[{\"@type\":\"ListItem\",\"position\":1,\"name\":\"Portada\",\"item\":\"https:\/\/librosdelzorrorojo.com\/ca\/\"},{\"@type\":\"ListItem\",\"position\":2,\"name\":\"Cat\u00e0leg\",\"item\":\"https:\/\/librosdelzorrorojo.com\/ca\/cataleg\/\"},{\"@type\":\"ListItem\",\"position\":3,\"name\":\"Vint preguntes\"}]},{\"@type\":\"WebSite\",\"@id\":\"https:\/\/librosdelzorrorojo.com\/#website\",\"url\":\"https:\/\/librosdelzorrorojo.com\/\",\"name\":\"Libros del Zorro Rojo\",\"description\":\"Libros ilustrados\",\"potentialAction\":[{\"@type\":\"SearchAction\",\"target\":{\"@type\":\"EntryPoint\",\"urlTemplate\":\"https:\/\/librosdelzorrorojo.com\/?s={search_term_string}\"},\"query-input\":{\"@type\":\"PropertyValueSpecification\",\"valueRequired\":true,\"valueName\":\"search_term_string\"}}],\"inLanguage\":\"ca\"}]}<\/script>\n<!-- \/ Yoast SEO plugin. -->","yoast_head_json":{"title":"Vint preguntes - Libros del Zorro Rojo","robots":{"index":"index","follow":"follow","max-snippet":"max-snippet:-1","max-image-preview":"max-image-preview:large","max-video-preview":"max-video-preview:-1"},"canonical":"https:\/\/librosdelzorrorojo.com\/ca\/cataleg\/vint-preguntes\/","og_locale":"ca_ES","og_type":"article","og_title":"Vint preguntes - Libros del Zorro Rojo","og_description":"No totes les preguntes tenen resposta. Algunes preguntes tenen m\u00e9s d\u2019una resposta. I altres tenen un infinit de respostes, tantes com puguem imaginar. En aquest llibre hi ha vint preguntes. Algunes suposen reptes num\u00e8rics que promouen l\u2019aprenentatge, i altres donen lloc a un joc d\u2019identificaci\u00f3 de formes i animals diversos. N\u2019hi ha que fan riure, [&hellip;]","og_url":"https:\/\/librosdelzorrorojo.com\/ca\/cataleg\/vint-preguntes\/","og_site_name":"Libros del Zorro Rojo","article_modified_time":"2024-12-13T11:16:04+00:00","og_image":[{"width":850,"height":1028,"url":"https:\/\/librosdelzorrorojo.com\/wp-content\/uploads\/2024\/05\/COVER_Veinte_preguntas_WEB.jpg","type":"image\/jpeg"}],"twitter_card":"summary_large_image","twitter_misc":{"Temps estimat de lectura":"2 minuts"},"schema":{"@context":"https:\/\/schema.org","@graph":[{"@type":"WebPage","@id":"https:\/\/librosdelzorrorojo.com\/ca\/cataleg\/vint-preguntes\/","url":"https:\/\/librosdelzorrorojo.com\/ca\/cataleg\/vint-preguntes\/","name":"Vint preguntes - Libros del Zorro Rojo","isPartOf":{"@id":"https:\/\/librosdelzorrorojo.com\/#website"},"primaryImageOfPage":{"@id":"https:\/\/librosdelzorrorojo.com\/ca\/cataleg\/vint-preguntes\/#primaryimage"},"image":{"@id":"https:\/\/librosdelzorrorojo.com\/ca\/cataleg\/vint-preguntes\/#primaryimage"},"thumbnailUrl":"https:\/\/librosdelzorrorojo.com\/wp-content\/uploads\/2024\/05\/COVER_Veinte_preguntas_WEB.jpg","datePublished":"2024-09-18T07:30:19+00:00","dateModified":"2024-12-13T11:16:04+00:00","breadcrumb":{"@id":"https:\/\/librosdelzorrorojo.com\/ca\/cataleg\/vint-preguntes\/#breadcrumb"},"inLanguage":"ca","potentialAction":[{"@type":"ReadAction","target":["https:\/\/librosdelzorrorojo.com\/ca\/cataleg\/vint-preguntes\/"]}]},{"@type":"ImageObject","inLanguage":"ca","@id":"https:\/\/librosdelzorrorojo.com\/ca\/cataleg\/vint-preguntes\/#primaryimage","url":"https:\/\/librosdelzorrorojo.com\/wp-content\/uploads\/2024\/05\/COVER_Veinte_preguntas_WEB.jpg","contentUrl":"https:\/\/librosdelzorrorojo.com\/wp-content\/uploads\/2024\/05\/COVER_Veinte_preguntas_WEB.jpg","width":850,"height":1028,"caption":"COVER Veinte preguntas WEB"},{"@type":"BreadcrumbList","@id":"https:\/\/librosdelzorrorojo.com\/ca\/cataleg\/vint-preguntes\/#breadcrumb","itemListElement":[{"@type":"ListItem","position":1,"name":"Portada","item":"https:\/\/librosdelzorrorojo.com\/ca\/"},{"@type":"ListItem","position":2,"name":"Cat\u00e0leg","item":"https:\/\/librosdelzorrorojo.com\/ca\/cataleg\/"},{"@type":"ListItem","position":3,"name":"Vint preguntes"}]},{"@type":"WebSite","@id":"https:\/\/librosdelzorrorojo.com\/#website","url":"https:\/\/librosdelzorrorojo.com\/","name":"Libros del Zorro Rojo","description":"Libros ilustrados","potentialAction":[{"@type":"SearchAction","target":{"@type":"EntryPoint","urlTemplate":"https:\/\/librosdelzorrorojo.com\/?s={search_term_string}"},"query-input":{"@type":"PropertyValueSpecification","valueRequired":true,"valueName":"search_term_string"}}],"inLanguage":"ca"}]}},"_links":{"self":[{"href":"https:\/\/librosdelzorrorojo.com\/ca\/wp-json\/wp\/v2\/product\/28057","targetHints":{"allow":["GET"]}}],"collection":[{"href":"https:\/\/librosdelzorrorojo.com\/ca\/wp-json\/wp\/v2\/product"}],"about":[{"href":"https:\/\/librosdelzorrorojo.com\/ca\/wp-json\/wp\/v2\/types\/product"}],"wp:featuredmedia":[{"embeddable":true,"href":"https:\/\/librosdelzorrorojo.com\/ca\/wp-json\/wp\/v2\/media\/28058"}],"wp:attachment":[{"href":"https:\/\/librosdelzorrorojo.com\/ca\/wp-json\/wp\/v2\/media?parent=28057"}],"wp:term":[{"taxonomy":"product_brand","embeddable":true,"href":"https:\/\/librosdelzorrorojo.com\/ca\/wp-json\/wp\/v2\/product_brand?post=28057"},{"taxonomy":"product_cat","embeddable":true,"href":"https:\/\/librosdelzorrorojo.com\/ca\/wp-json\/wp\/v2\/product_cat?post=28057"},{"taxonomy":"product_tag","embeddable":true,"href":"https:\/\/librosdelzorrorojo.com\/ca\/wp-json\/wp\/v2\/product_tag?post=28057"}],"curies":[{"name":"wp","href":"https:\/\/api.w.org\/{rel}","templated":true}]}}