{"id":27682,"date":"2024-04-03T09:00:12","date_gmt":"2024-04-03T07:00:12","guid":{"rendered":"https:\/\/librosdelzorrorojo.com\/catalogo\/filosofos-en-libertad\/"},"modified":"2025-08-18T13:25:17","modified_gmt":"2025-08-18T11:25:17","slug":"filosofos-en-libertad","status":"publish","type":"product","link":"https:\/\/librosdelzorrorojo.com\/ca\/cataleg\/filosofos-en-libertad\/","title":{"rendered":"Fil\u00f3sofos en libertad"},"content":{"rendered":"<p>Publicado por primera vez en Italia en 1958 y firmado con el joyceano pseud\u00f3nimo de Dedalus, <i>Fil\u00f3sofos en libertad<\/i> supuso el sorprendente debut de Umberto Eco en un g\u00e9nero que \u00e9l mismo defini\u00f3 como \u00abensayo ligero\u00bb.<\/p>\n<p>El libro, que puede leerse como una hilarante introducci\u00f3n en verso a la historia de la filosof\u00eda y tambi\u00e9n como un juego para iniciados, tiene su origen en las vi\u00f1etas que Eco dibujaba durante los congresos de filosof\u00eda a los que asist\u00eda en su juventud. A estas vi\u00f1etas a\u00f1adi\u00f3 luego los \u00abpoemillas\u00bb que las acompa\u00f1an.<\/p>\n<p>Aunque siempre los consider\u00f3 meros divertimentos, tambi\u00e9n insist\u00eda en su absoluto rigor cient\u00edfico. \u00abBromear, s\u00ed, pero seriamente\u00bb es la consigna del autor en un pr\u00f3logo escrito muchos a\u00f1os despu\u00e9s, recogido en un volumen firmado ya con su nombre \u2014y que por primera vez se traduce al castellano en esta edici\u00f3n\u2014, al que se sumaban una serie de piezas sobre Marcel Proust, James Joyce y Thomas Mann (por quienes sent\u00eda aut\u00e9ntica devoci\u00f3n), junto a varios ap\u00e9ndices escritos a lo largo de las d\u00e9cadas y que versan sobre otras cuestiones, igualmente <i>pesadas<\/i> (en el sentido etimol\u00f3gico del t\u00e9rmino), con la misma y casi necesaria levedad.<\/p>\n<p><img decoding=\"async\" title=\"logotipo del ministerio de cultura dglcle00\" src=\"https:\/\/librosdelzorrorojo.com\/wp-content\/uploads\/2024\/04\/logotipo-del-ministerio-de-cultura-dglcle00-scaled.jpg\" alt=\"logotipo del ministerio de cultura dglcle00\" width=\"297\" height=\"83\" class=\"wp-image-30770 alignleft\" srcset=\"https:\/\/librosdelzorrorojo.com\/wp-content\/uploads\/2024\/04\/logotipo-del-ministerio-de-cultura-dglcle00-scaled.jpg 2560w, https:\/\/librosdelzorrorojo.com\/wp-content\/uploads\/2024\/04\/logotipo-del-ministerio-de-cultura-dglcle00-600x168.jpg 600w, https:\/\/librosdelzorrorojo.com\/wp-content\/uploads\/2024\/04\/logotipo-del-ministerio-de-cultura-dglcle00-1024x286.jpg 1024w, https:\/\/librosdelzorrorojo.com\/wp-content\/uploads\/2024\/04\/logotipo-del-ministerio-de-cultura-dglcle00-768x214.jpg 768w, https:\/\/librosdelzorrorojo.com\/wp-content\/uploads\/2024\/04\/logotipo-del-ministerio-de-cultura-dglcle00-1536x429.jpg 1536w, https:\/\/librosdelzorrorojo.com\/wp-content\/uploads\/2024\/04\/logotipo-del-ministerio-de-cultura-dglcle00-2048x572.jpg 2048w, https:\/\/librosdelzorrorojo.com\/wp-content\/uploads\/2024\/04\/logotipo-del-ministerio-de-cultura-dglcle00-800x223.jpg 800w\" sizes=\"(max-width: 297px) 100vw, 297px\" \/><img decoding=\"async\" title=\"logopfl principal\" src=\"https:\/\/librosdelzorrorojo.com\/wp-content\/uploads\/2024\/04\/logopfl-principal-1.jpg\" alt=\"logopfl principal\" width=\"98\" height=\"100\" class=\"wp-image-30772 alignnone\" srcset=\"https:\/\/librosdelzorrorojo.com\/wp-content\/uploads\/2024\/04\/logopfl-principal-1.jpg 2403w, https:\/\/librosdelzorrorojo.com\/wp-content\/uploads\/2024\/04\/logopfl-principal-1-587x600.jpg 587w, https:\/\/librosdelzorrorojo.com\/wp-content\/uploads\/2024\/04\/logopfl-principal-1-1001x1024.jpg 1001w, https:\/\/librosdelzorrorojo.com\/wp-content\/uploads\/2024\/04\/logopfl-principal-1-768x786.jpg 768w, https:\/\/librosdelzorrorojo.com\/wp-content\/uploads\/2024\/04\/logopfl-principal-1-1502x1536.jpg 1502w, https:\/\/librosdelzorrorojo.com\/wp-content\/uploads\/2024\/04\/logopfl-principal-1-2002x2048.jpg 2002w, https:\/\/librosdelzorrorojo.com\/wp-content\/uploads\/2024\/04\/logopfl-principal-1-800x818.jpg 800w\" sizes=\"(max-width: 98px) 100vw, 98px\" \/><\/p>\n","protected":false},"excerpt":{"rendered":"Publicado por primera vez en Italia en 1958 y firmado con el joyceano pseud\u00f3nimo de Dedalus, Fil\u00f3sofos en libertad supuso el sorprendente debut de Umberto Eco en un g\u00e9nero que \u00e9l mismo defini\u00f3 como \u00abensayo ligero\u00bb. El libro, que puede leerse como una hilarante introducci\u00f3n en verso a la historia de la filosof\u00eda y tambi\u00e9n [&hellip;]","protected":false},"featured_media":27667,"template":"","meta":{"_acf_changed":false},"product_brand":[],"product_cat":[844,3156,846],"product_tag":[],"class_list":{"0":"post-27682","1":"product","2":"type-product","3":"status-publish","4":"has-post-thumbnail","6":"product_cat-castella","7":"product_cat-juvenil-adult","8":"product_cat-novedades-ca","10":"first","11":"instock","12":"taxable","13":"shipping-taxable","14":"purchasable","15":"product-type-simple"},"acf":[],"yoast_head":"<!-- This site is optimized with the Yoast SEO plugin v25.1 - https:\/\/yoast.com\/wordpress\/plugins\/seo\/ -->\n<title>Fil\u00f3sofos en libertad - Libros del Zorro Rojo<\/title>\n<meta name=\"robots\" content=\"index, follow, max-snippet:-1, max-image-preview:large, max-video-preview:-1\" \/>\n<link rel=\"canonical\" href=\"https:\/\/librosdelzorrorojo.com\/ca\/cataleg\/filosofos-en-libertad\/\" \/>\n<meta property=\"og:locale\" content=\"ca_ES\" \/>\n<meta property=\"og:type\" content=\"article\" \/>\n<meta property=\"og:title\" content=\"Fil\u00f3sofos en libertad - Libros del Zorro Rojo\" \/>\n<meta property=\"og:description\" content=\"Publicado por primera vez en Italia en 1958 y firmado con el joyceano pseud\u00f3nimo de Dedalus, Fil\u00f3sofos en libertad supuso el sorprendente debut de Umberto Eco en un g\u00e9nero que \u00e9l mismo defini\u00f3 como \u00abensayo ligero\u00bb. El libro, que puede leerse como una hilarante introducci\u00f3n en verso a la historia de la filosof\u00eda y tambi\u00e9n [&hellip;]\" \/>\n<meta property=\"og:url\" content=\"https:\/\/librosdelzorrorojo.com\/ca\/cataleg\/filosofos-en-libertad\/\" \/>\n<meta property=\"og:site_name\" content=\"Libros del Zorro Rojo\" \/>\n<meta property=\"article:modified_time\" content=\"2025-08-18T11:25:17+00:00\" \/>\n<meta property=\"og:image\" content=\"https:\/\/librosdelzorrorojo.com\/wp-content\/uploads\/2024\/03\/COVER_Filosofos_WEB.jpg\" \/>\n\t<meta property=\"og:image:width\" content=\"850\" \/>\n\t<meta property=\"og:image:height\" content=\"1273\" \/>\n\t<meta property=\"og:image:type\" content=\"image\/jpeg\" \/>\n<meta name=\"twitter:card\" content=\"summary_large_image\" \/>\n<meta name=\"twitter:label1\" content=\"Temps estimat de lectura\" \/>\n\t<meta name=\"twitter:data1\" content=\"1 minut\" \/>\n<script type=\"application\/ld+json\" class=\"yoast-schema-graph\">{\"@context\":\"https:\/\/schema.org\",\"@graph\":[{\"@type\":\"WebPage\",\"@id\":\"https:\/\/librosdelzorrorojo.com\/ca\/cataleg\/filosofos-en-libertad\/\",\"url\":\"https:\/\/librosdelzorrorojo.com\/ca\/cataleg\/filosofos-en-libertad\/\",\"name\":\"Fil\u00f3sofos en libertad - Libros del Zorro Rojo\",\"isPartOf\":{\"@id\":\"https:\/\/librosdelzorrorojo.com\/#website\"},\"primaryImageOfPage\":{\"@id\":\"https:\/\/librosdelzorrorojo.com\/ca\/cataleg\/filosofos-en-libertad\/#primaryimage\"},\"image\":{\"@id\":\"https:\/\/librosdelzorrorojo.com\/ca\/cataleg\/filosofos-en-libertad\/#primaryimage\"},\"thumbnailUrl\":\"https:\/\/librosdelzorrorojo.com\/wp-content\/uploads\/2024\/03\/COVER_Filosofos_WEB.jpg\",\"datePublished\":\"2024-04-03T07:00:12+00:00\",\"dateModified\":\"2025-08-18T11:25:17+00:00\",\"breadcrumb\":{\"@id\":\"https:\/\/librosdelzorrorojo.com\/ca\/cataleg\/filosofos-en-libertad\/#breadcrumb\"},\"inLanguage\":\"ca\",\"potentialAction\":[{\"@type\":\"ReadAction\",\"target\":[\"https:\/\/librosdelzorrorojo.com\/ca\/cataleg\/filosofos-en-libertad\/\"]}]},{\"@type\":\"ImageObject\",\"inLanguage\":\"ca\",\"@id\":\"https:\/\/librosdelzorrorojo.com\/ca\/cataleg\/filosofos-en-libertad\/#primaryimage\",\"url\":\"https:\/\/librosdelzorrorojo.com\/wp-content\/uploads\/2024\/03\/COVER_Filosofos_WEB.jpg\",\"contentUrl\":\"https:\/\/librosdelzorrorojo.com\/wp-content\/uploads\/2024\/03\/COVER_Filosofos_WEB.jpg\",\"width\":850,\"height\":1273,\"caption\":\"COVER Filosofos WEB\"},{\"@type\":\"BreadcrumbList\",\"@id\":\"https:\/\/librosdelzorrorojo.com\/ca\/cataleg\/filosofos-en-libertad\/#breadcrumb\",\"itemListElement\":[{\"@type\":\"ListItem\",\"position\":1,\"name\":\"Portada\",\"item\":\"https:\/\/librosdelzorrorojo.com\/ca\/\"},{\"@type\":\"ListItem\",\"position\":2,\"name\":\"Cat\u00e0leg\",\"item\":\"https:\/\/librosdelzorrorojo.com\/ca\/cataleg\/\"},{\"@type\":\"ListItem\",\"position\":3,\"name\":\"Fil\u00f3sofos en libertad\"}]},{\"@type\":\"WebSite\",\"@id\":\"https:\/\/librosdelzorrorojo.com\/#website\",\"url\":\"https:\/\/librosdelzorrorojo.com\/\",\"name\":\"Libros del Zorro Rojo\",\"description\":\"Libros ilustrados\",\"potentialAction\":[{\"@type\":\"SearchAction\",\"target\":{\"@type\":\"EntryPoint\",\"urlTemplate\":\"https:\/\/librosdelzorrorojo.com\/?s={search_term_string}\"},\"query-input\":{\"@type\":\"PropertyValueSpecification\",\"valueRequired\":true,\"valueName\":\"search_term_string\"}}],\"inLanguage\":\"ca\"}]}<\/script>\n<!-- \/ Yoast SEO plugin. -->","yoast_head_json":{"title":"Fil\u00f3sofos en libertad - Libros del Zorro Rojo","robots":{"index":"index","follow":"follow","max-snippet":"max-snippet:-1","max-image-preview":"max-image-preview:large","max-video-preview":"max-video-preview:-1"},"canonical":"https:\/\/librosdelzorrorojo.com\/ca\/cataleg\/filosofos-en-libertad\/","og_locale":"ca_ES","og_type":"article","og_title":"Fil\u00f3sofos en libertad - Libros del Zorro Rojo","og_description":"Publicado por primera vez en Italia en 1958 y firmado con el joyceano pseud\u00f3nimo de Dedalus, Fil\u00f3sofos en libertad supuso el sorprendente debut de Umberto Eco en un g\u00e9nero que \u00e9l mismo defini\u00f3 como \u00abensayo ligero\u00bb. El libro, que puede leerse como una hilarante introducci\u00f3n en verso a la historia de la filosof\u00eda y tambi\u00e9n [&hellip;]","og_url":"https:\/\/librosdelzorrorojo.com\/ca\/cataleg\/filosofos-en-libertad\/","og_site_name":"Libros del Zorro Rojo","article_modified_time":"2025-08-18T11:25:17+00:00","og_image":[{"width":850,"height":1273,"url":"https:\/\/librosdelzorrorojo.com\/wp-content\/uploads\/2024\/03\/COVER_Filosofos_WEB.jpg","type":"image\/jpeg"}],"twitter_card":"summary_large_image","twitter_misc":{"Temps estimat de lectura":"1 minut"},"schema":{"@context":"https:\/\/schema.org","@graph":[{"@type":"WebPage","@id":"https:\/\/librosdelzorrorojo.com\/ca\/cataleg\/filosofos-en-libertad\/","url":"https:\/\/librosdelzorrorojo.com\/ca\/cataleg\/filosofos-en-libertad\/","name":"Fil\u00f3sofos en libertad - Libros del Zorro Rojo","isPartOf":{"@id":"https:\/\/librosdelzorrorojo.com\/#website"},"primaryImageOfPage":{"@id":"https:\/\/librosdelzorrorojo.com\/ca\/cataleg\/filosofos-en-libertad\/#primaryimage"},"image":{"@id":"https:\/\/librosdelzorrorojo.com\/ca\/cataleg\/filosofos-en-libertad\/#primaryimage"},"thumbnailUrl":"https:\/\/librosdelzorrorojo.com\/wp-content\/uploads\/2024\/03\/COVER_Filosofos_WEB.jpg","datePublished":"2024-04-03T07:00:12+00:00","dateModified":"2025-08-18T11:25:17+00:00","breadcrumb":{"@id":"https:\/\/librosdelzorrorojo.com\/ca\/cataleg\/filosofos-en-libertad\/#breadcrumb"},"inLanguage":"ca","potentialAction":[{"@type":"ReadAction","target":["https:\/\/librosdelzorrorojo.com\/ca\/cataleg\/filosofos-en-libertad\/"]}]},{"@type":"ImageObject","inLanguage":"ca","@id":"https:\/\/librosdelzorrorojo.com\/ca\/cataleg\/filosofos-en-libertad\/#primaryimage","url":"https:\/\/librosdelzorrorojo.com\/wp-content\/uploads\/2024\/03\/COVER_Filosofos_WEB.jpg","contentUrl":"https:\/\/librosdelzorrorojo.com\/wp-content\/uploads\/2024\/03\/COVER_Filosofos_WEB.jpg","width":850,"height":1273,"caption":"COVER Filosofos WEB"},{"@type":"BreadcrumbList","@id":"https:\/\/librosdelzorrorojo.com\/ca\/cataleg\/filosofos-en-libertad\/#breadcrumb","itemListElement":[{"@type":"ListItem","position":1,"name":"Portada","item":"https:\/\/librosdelzorrorojo.com\/ca\/"},{"@type":"ListItem","position":2,"name":"Cat\u00e0leg","item":"https:\/\/librosdelzorrorojo.com\/ca\/cataleg\/"},{"@type":"ListItem","position":3,"name":"Fil\u00f3sofos en libertad"}]},{"@type":"WebSite","@id":"https:\/\/librosdelzorrorojo.com\/#website","url":"https:\/\/librosdelzorrorojo.com\/","name":"Libros del Zorro Rojo","description":"Libros ilustrados","potentialAction":[{"@type":"SearchAction","target":{"@type":"EntryPoint","urlTemplate":"https:\/\/librosdelzorrorojo.com\/?s={search_term_string}"},"query-input":{"@type":"PropertyValueSpecification","valueRequired":true,"valueName":"search_term_string"}}],"inLanguage":"ca"}]}},"_links":{"self":[{"href":"https:\/\/librosdelzorrorojo.com\/ca\/wp-json\/wp\/v2\/product\/27682","targetHints":{"allow":["GET"]}}],"collection":[{"href":"https:\/\/librosdelzorrorojo.com\/ca\/wp-json\/wp\/v2\/product"}],"about":[{"href":"https:\/\/librosdelzorrorojo.com\/ca\/wp-json\/wp\/v2\/types\/product"}],"wp:featuredmedia":[{"embeddable":true,"href":"https:\/\/librosdelzorrorojo.com\/ca\/wp-json\/wp\/v2\/media\/27667"}],"wp:attachment":[{"href":"https:\/\/librosdelzorrorojo.com\/ca\/wp-json\/wp\/v2\/media?parent=27682"}],"wp:term":[{"taxonomy":"product_brand","embeddable":true,"href":"https:\/\/librosdelzorrorojo.com\/ca\/wp-json\/wp\/v2\/product_brand?post=27682"},{"taxonomy":"product_cat","embeddable":true,"href":"https:\/\/librosdelzorrorojo.com\/ca\/wp-json\/wp\/v2\/product_cat?post=27682"},{"taxonomy":"product_tag","embeddable":true,"href":"https:\/\/librosdelzorrorojo.com\/ca\/wp-json\/wp\/v2\/product_tag?post=27682"}],"curies":[{"name":"wp","href":"https:\/\/api.w.org\/{rel}","templated":true}]}}