{"id":27651,"date":"2024-03-15T11:16:44","date_gmt":"2024-03-15T10:16:44","guid":{"rendered":"https:\/\/librosdelzorrorojo.com\/?post_type=product&#038;p=27651"},"modified":"2024-12-13T11:54:53","modified_gmt":"2024-12-13T10:54:53","slug":"aranya-toca-el-piano","status":"publish","type":"product","link":"https:\/\/librosdelzorrorojo.com\/ca\/cataleg\/aranya-toca-el-piano\/","title":{"rendered":"Aranya toca el piano"},"content":{"rendered":"<p><span lang=\"CA\">Has vist mai un llibre orquestra? Benjamin Gottwald dibuixa aqu\u00ed un univers de sons: el galop d\u2019un cavall, l\u2019eco d\u2019una pilota de ping-pong, l\u2019espetec d\u2019una h\u00e8lix, el rugit d\u2019un lle\u00f3, el murmuri d\u2019un xiuxiueig. El color dels sons!<\/span><\/p>\n<p><span lang=\"CA\">Es tracta d\u2019una experi\u00e8ncia sensorial m\u00faltiple, en qu\u00e8 els sorolls ens arriben a trav\u00e9s de la vista. El repte i el joc rauen en la invitaci\u00f3 a qu\u00e8 els nens i els adults llegeixin les il\u00b7lustracions en veu alta. Com sona un submar\u00ed navegant per les profunditats oce\u00e0niques? <\/span><\/p>\n<p><span lang=\"CA\">A trav\u00e9s d\u2019imatges plenes de moviment i humor, Gottwald estimula la imaginaci\u00f3 dels lectors mentre subratlla la diversitat de sons que ens envolten i als que sovint no parem atenci\u00f3. No \u00e9s casualitat que el llibre hagi rebut guardons tan importants com el Premi Alemany de Literatura Juvenil en la categoria d\u2019\u00e0lbum, el Premi Andersen al millor llibre silent, el Premi de Llibre Il\u00b7lustrat d\u2019Hamburg i una menci\u00f3 especial al Premi BolognaRagazzi.<\/span><\/p>\n<p><img decoding=\"async\" src=\"https:\/\/librosdelzorrorojo.com\/wp-content\/uploads\/2024\/10\/ICEC.jpg\" alt=\"\" width=\"380\" height=\"85\" class=\"alignnone size-full wp-image-29096\" \/><\/p>\n","protected":false},"excerpt":{"rendered":"Has vist mai un llibre orquestra? Benjamin Gottwald dibuixa aqu\u00ed un univers de sons: el galop d\u2019un cavall, l\u2019eco d\u2019una pilota de ping-pong, l\u2019espetec d\u2019una h\u00e8lix, el rugit d\u2019un lle\u00f3, el murmuri d\u2019un xiuxiueig. El color dels sons! Es tracta d\u2019una experi\u00e8ncia sensorial m\u00faltiple, en qu\u00e8 els sorolls ens arriben a trav\u00e9s de la vista. [&hellip;]","protected":false},"featured_media":27652,"template":"","meta":{"_acf_changed":false},"product_brand":[],"product_cat":[840,843,839],"product_tag":[],"class_list":{"0":"post-27651","1":"product","2":"type-product","3":"status-publish","4":"has-post-thumbnail","6":"product_cat-catala","7":"product_cat-infantiles-ca","8":"product_cat-zona-kids-ca","10":"first","11":"instock","12":"taxable","13":"shipping-taxable","14":"purchasable","15":"product-type-simple"},"acf":[],"yoast_head":"<!-- This site is optimized with the Yoast SEO plugin v25.1 - https:\/\/yoast.com\/wordpress\/plugins\/seo\/ -->\n<title>Aranya toca el piano - Libros del Zorro Rojo<\/title>\n<meta name=\"robots\" content=\"index, follow, max-snippet:-1, max-image-preview:large, max-video-preview:-1\" \/>\n<link rel=\"canonical\" href=\"https:\/\/librosdelzorrorojo.com\/ca\/cataleg\/aranya-toca-el-piano\/\" \/>\n<meta property=\"og:locale\" content=\"ca_ES\" \/>\n<meta property=\"og:type\" content=\"article\" \/>\n<meta property=\"og:title\" content=\"Aranya toca el piano - Libros del Zorro Rojo\" \/>\n<meta property=\"og:description\" content=\"Has vist mai un llibre orquestra? Benjamin Gottwald dibuixa aqu\u00ed un univers de sons: el galop d\u2019un cavall, l\u2019eco d\u2019una pilota de ping-pong, l\u2019espetec d\u2019una h\u00e8lix, el rugit d\u2019un lle\u00f3, el murmuri d\u2019un xiuxiueig. El color dels sons! Es tracta d\u2019una experi\u00e8ncia sensorial m\u00faltiple, en qu\u00e8 els sorolls ens arriben a trav\u00e9s de la vista. [&hellip;]\" \/>\n<meta property=\"og:url\" content=\"https:\/\/librosdelzorrorojo.com\/ca\/cataleg\/aranya-toca-el-piano\/\" \/>\n<meta property=\"og:site_name\" content=\"Libros del Zorro Rojo\" \/>\n<meta property=\"article:modified_time\" content=\"2024-12-13T10:54:53+00:00\" \/>\n<meta property=\"og:image\" content=\"https:\/\/librosdelzorrorojo.com\/wp-content\/uploads\/2024\/03\/COVER_Arana_WEB.jpg\" \/>\n\t<meta property=\"og:image:width\" content=\"850\" \/>\n\t<meta property=\"og:image:height\" content=\"1186\" \/>\n\t<meta property=\"og:image:type\" content=\"image\/jpeg\" \/>\n<meta name=\"twitter:card\" content=\"summary_large_image\" \/>\n<meta name=\"twitter:label1\" content=\"Temps estimat de lectura\" \/>\n\t<meta name=\"twitter:data1\" content=\"2 minuts\" \/>\n<script type=\"application\/ld+json\" class=\"yoast-schema-graph\">{\"@context\":\"https:\/\/schema.org\",\"@graph\":[{\"@type\":\"WebPage\",\"@id\":\"https:\/\/librosdelzorrorojo.com\/ca\/cataleg\/aranya-toca-el-piano\/\",\"url\":\"https:\/\/librosdelzorrorojo.com\/ca\/cataleg\/aranya-toca-el-piano\/\",\"name\":\"Aranya toca el piano - Libros del Zorro Rojo\",\"isPartOf\":{\"@id\":\"https:\/\/librosdelzorrorojo.com\/#website\"},\"primaryImageOfPage\":{\"@id\":\"https:\/\/librosdelzorrorojo.com\/ca\/cataleg\/aranya-toca-el-piano\/#primaryimage\"},\"image\":{\"@id\":\"https:\/\/librosdelzorrorojo.com\/ca\/cataleg\/aranya-toca-el-piano\/#primaryimage\"},\"thumbnailUrl\":\"https:\/\/librosdelzorrorojo.com\/wp-content\/uploads\/2024\/03\/COVER_Arana_WEB.jpg\",\"datePublished\":\"2024-03-15T10:16:44+00:00\",\"dateModified\":\"2024-12-13T10:54:53+00:00\",\"breadcrumb\":{\"@id\":\"https:\/\/librosdelzorrorojo.com\/ca\/cataleg\/aranya-toca-el-piano\/#breadcrumb\"},\"inLanguage\":\"ca\",\"potentialAction\":[{\"@type\":\"ReadAction\",\"target\":[\"https:\/\/librosdelzorrorojo.com\/ca\/cataleg\/aranya-toca-el-piano\/\"]}]},{\"@type\":\"ImageObject\",\"inLanguage\":\"ca\",\"@id\":\"https:\/\/librosdelzorrorojo.com\/ca\/cataleg\/aranya-toca-el-piano\/#primaryimage\",\"url\":\"https:\/\/librosdelzorrorojo.com\/wp-content\/uploads\/2024\/03\/COVER_Arana_WEB.jpg\",\"contentUrl\":\"https:\/\/librosdelzorrorojo.com\/wp-content\/uploads\/2024\/03\/COVER_Arana_WEB.jpg\",\"width\":850,\"height\":1186,\"caption\":\"COVER Arana WEB\"},{\"@type\":\"BreadcrumbList\",\"@id\":\"https:\/\/librosdelzorrorojo.com\/ca\/cataleg\/aranya-toca-el-piano\/#breadcrumb\",\"itemListElement\":[{\"@type\":\"ListItem\",\"position\":1,\"name\":\"Portada\",\"item\":\"https:\/\/librosdelzorrorojo.com\/ca\/\"},{\"@type\":\"ListItem\",\"position\":2,\"name\":\"Cat\u00e0leg\",\"item\":\"https:\/\/librosdelzorrorojo.com\/ca\/cataleg\/\"},{\"@type\":\"ListItem\",\"position\":3,\"name\":\"Aranya toca el piano\"}]},{\"@type\":\"WebSite\",\"@id\":\"https:\/\/librosdelzorrorojo.com\/#website\",\"url\":\"https:\/\/librosdelzorrorojo.com\/\",\"name\":\"Libros del Zorro Rojo\",\"description\":\"Libros ilustrados\",\"potentialAction\":[{\"@type\":\"SearchAction\",\"target\":{\"@type\":\"EntryPoint\",\"urlTemplate\":\"https:\/\/librosdelzorrorojo.com\/?s={search_term_string}\"},\"query-input\":{\"@type\":\"PropertyValueSpecification\",\"valueRequired\":true,\"valueName\":\"search_term_string\"}}],\"inLanguage\":\"ca\"}]}<\/script>\n<!-- \/ Yoast SEO plugin. -->","yoast_head_json":{"title":"Aranya toca el piano - Libros del Zorro Rojo","robots":{"index":"index","follow":"follow","max-snippet":"max-snippet:-1","max-image-preview":"max-image-preview:large","max-video-preview":"max-video-preview:-1"},"canonical":"https:\/\/librosdelzorrorojo.com\/ca\/cataleg\/aranya-toca-el-piano\/","og_locale":"ca_ES","og_type":"article","og_title":"Aranya toca el piano - Libros del Zorro Rojo","og_description":"Has vist mai un llibre orquestra? Benjamin Gottwald dibuixa aqu\u00ed un univers de sons: el galop d\u2019un cavall, l\u2019eco d\u2019una pilota de ping-pong, l\u2019espetec d\u2019una h\u00e8lix, el rugit d\u2019un lle\u00f3, el murmuri d\u2019un xiuxiueig. El color dels sons! Es tracta d\u2019una experi\u00e8ncia sensorial m\u00faltiple, en qu\u00e8 els sorolls ens arriben a trav\u00e9s de la vista. [&hellip;]","og_url":"https:\/\/librosdelzorrorojo.com\/ca\/cataleg\/aranya-toca-el-piano\/","og_site_name":"Libros del Zorro Rojo","article_modified_time":"2024-12-13T10:54:53+00:00","og_image":[{"width":850,"height":1186,"url":"https:\/\/librosdelzorrorojo.com\/wp-content\/uploads\/2024\/03\/COVER_Arana_WEB.jpg","type":"image\/jpeg"}],"twitter_card":"summary_large_image","twitter_misc":{"Temps estimat de lectura":"2 minuts"},"schema":{"@context":"https:\/\/schema.org","@graph":[{"@type":"WebPage","@id":"https:\/\/librosdelzorrorojo.com\/ca\/cataleg\/aranya-toca-el-piano\/","url":"https:\/\/librosdelzorrorojo.com\/ca\/cataleg\/aranya-toca-el-piano\/","name":"Aranya toca el piano - Libros del Zorro Rojo","isPartOf":{"@id":"https:\/\/librosdelzorrorojo.com\/#website"},"primaryImageOfPage":{"@id":"https:\/\/librosdelzorrorojo.com\/ca\/cataleg\/aranya-toca-el-piano\/#primaryimage"},"image":{"@id":"https:\/\/librosdelzorrorojo.com\/ca\/cataleg\/aranya-toca-el-piano\/#primaryimage"},"thumbnailUrl":"https:\/\/librosdelzorrorojo.com\/wp-content\/uploads\/2024\/03\/COVER_Arana_WEB.jpg","datePublished":"2024-03-15T10:16:44+00:00","dateModified":"2024-12-13T10:54:53+00:00","breadcrumb":{"@id":"https:\/\/librosdelzorrorojo.com\/ca\/cataleg\/aranya-toca-el-piano\/#breadcrumb"},"inLanguage":"ca","potentialAction":[{"@type":"ReadAction","target":["https:\/\/librosdelzorrorojo.com\/ca\/cataleg\/aranya-toca-el-piano\/"]}]},{"@type":"ImageObject","inLanguage":"ca","@id":"https:\/\/librosdelzorrorojo.com\/ca\/cataleg\/aranya-toca-el-piano\/#primaryimage","url":"https:\/\/librosdelzorrorojo.com\/wp-content\/uploads\/2024\/03\/COVER_Arana_WEB.jpg","contentUrl":"https:\/\/librosdelzorrorojo.com\/wp-content\/uploads\/2024\/03\/COVER_Arana_WEB.jpg","width":850,"height":1186,"caption":"COVER Arana WEB"},{"@type":"BreadcrumbList","@id":"https:\/\/librosdelzorrorojo.com\/ca\/cataleg\/aranya-toca-el-piano\/#breadcrumb","itemListElement":[{"@type":"ListItem","position":1,"name":"Portada","item":"https:\/\/librosdelzorrorojo.com\/ca\/"},{"@type":"ListItem","position":2,"name":"Cat\u00e0leg","item":"https:\/\/librosdelzorrorojo.com\/ca\/cataleg\/"},{"@type":"ListItem","position":3,"name":"Aranya toca el piano"}]},{"@type":"WebSite","@id":"https:\/\/librosdelzorrorojo.com\/#website","url":"https:\/\/librosdelzorrorojo.com\/","name":"Libros del Zorro Rojo","description":"Libros ilustrados","potentialAction":[{"@type":"SearchAction","target":{"@type":"EntryPoint","urlTemplate":"https:\/\/librosdelzorrorojo.com\/?s={search_term_string}"},"query-input":{"@type":"PropertyValueSpecification","valueRequired":true,"valueName":"search_term_string"}}],"inLanguage":"ca"}]}},"_links":{"self":[{"href":"https:\/\/librosdelzorrorojo.com\/ca\/wp-json\/wp\/v2\/product\/27651","targetHints":{"allow":["GET"]}}],"collection":[{"href":"https:\/\/librosdelzorrorojo.com\/ca\/wp-json\/wp\/v2\/product"}],"about":[{"href":"https:\/\/librosdelzorrorojo.com\/ca\/wp-json\/wp\/v2\/types\/product"}],"wp:featuredmedia":[{"embeddable":true,"href":"https:\/\/librosdelzorrorojo.com\/ca\/wp-json\/wp\/v2\/media\/27652"}],"wp:attachment":[{"href":"https:\/\/librosdelzorrorojo.com\/ca\/wp-json\/wp\/v2\/media?parent=27651"}],"wp:term":[{"taxonomy":"product_brand","embeddable":true,"href":"https:\/\/librosdelzorrorojo.com\/ca\/wp-json\/wp\/v2\/product_brand?post=27651"},{"taxonomy":"product_cat","embeddable":true,"href":"https:\/\/librosdelzorrorojo.com\/ca\/wp-json\/wp\/v2\/product_cat?post=27651"},{"taxonomy":"product_tag","embeddable":true,"href":"https:\/\/librosdelzorrorojo.com\/ca\/wp-json\/wp\/v2\/product_tag?post=27651"}],"curies":[{"name":"wp","href":"https:\/\/api.w.org\/{rel}","templated":true}]}}