{"id":27648,"date":"2024-04-03T08:10:40","date_gmt":"2024-04-03T06:10:40","guid":{"rendered":"https:\/\/librosdelzorrorojo.com\/catalogo\/arana-toca-el-piano\/"},"modified":"2024-12-13T11:53:52","modified_gmt":"2024-12-13T10:53:52","slug":"arana-toca-el-piano","status":"publish","type":"product","link":"https:\/\/librosdelzorrorojo.com\/ca\/cataleg\/arana-toca-el-piano\/","title":{"rendered":"Ara\u00f1a toca el piano"},"content":{"rendered":"<p>\u00bfHas visto alguna vez un libro orquesta? Benjamin Gottwald dibuja aqu\u00ed un universo de sonidos: el galope de un caballo, el eco de una pelota de ping-pong, el estruendo de una h\u00e9lice, el rugido de un le\u00f3n, el rumor de un susurro. \u00a1El color de los sonidos!<\/p>\n<p>Se trata de una experiencia sensorial m\u00faltiple, pues los sonidos llegan a trav\u00e9s de la vista. El desaf\u00edo y el juego est\u00e1n en la invitaci\u00f3n a que ni\u00f1os y adultos lean en voz alta las ilustraciones. \u00bfC\u00f3mo suena un submarino que surca por las profundidades del oc\u00e9ano?<\/p>\n<p>A trav\u00e9s de im\u00e1genes repletas de movimiento y humor, Gottwald estimula la imaginaci\u00f3n de los lectores mientras subraya la diversidad de sonidos que nos rodean y en los que a menudo no reparamos. No es casualidad que el libro haya recibido galardones tan importantes como el Premio Alem\u00e1n de Literatura Juvenil en la categor\u00eda de \u00e1lbum, el Premio Andersen al mejor libro silente, el Premio de Libro Ilustrado de Hamburgo y una menci\u00f3n especial en el Premio BolognaRagazzi.<\/p>\n<p><img decoding=\"async\" src=\"https:\/\/librosdelzorrorojo.com\/wp-content\/uploads\/2024\/10\/ICEC.jpg\" alt=\"\" width=\"380\" height=\"85\" class=\"alignnone size-full wp-image-29095\" \/><\/p>\n","protected":false},"excerpt":{"rendered":"\u00bfHas visto alguna vez un libro orquesta? Benjamin Gottwald dibuja aqu\u00ed un universo de sonidos: el galope de un caballo, el eco de una pelota de ping-pong, el estruendo de una h\u00e9lice, el rugido de un le\u00f3n, el rumor de un susurro. \u00a1El color de los sonidos! Se trata de una experiencia sensorial m\u00faltiple, pues [&hellip;]","protected":false},"featured_media":27636,"template":"","meta":{"_acf_changed":false},"product_brand":[],"product_cat":[844,843,839],"product_tag":[],"class_list":{"0":"post-27648","1":"product","2":"type-product","3":"status-publish","4":"has-post-thumbnail","6":"product_cat-castella","7":"product_cat-infantiles-ca","8":"product_cat-zona-kids-ca","10":"first","11":"instock","12":"taxable","13":"shipping-taxable","14":"purchasable","15":"product-type-simple"},"acf":[],"yoast_head":"<!-- This site is optimized with the Yoast SEO plugin v25.1 - https:\/\/yoast.com\/wordpress\/plugins\/seo\/ -->\n<title>Ara\u00f1a toca el piano - Libros del Zorro Rojo<\/title>\n<meta name=\"robots\" content=\"index, follow, max-snippet:-1, max-image-preview:large, max-video-preview:-1\" \/>\n<link rel=\"canonical\" href=\"https:\/\/librosdelzorrorojo.com\/ca\/cataleg\/arana-toca-el-piano\/\" \/>\n<meta property=\"og:locale\" content=\"ca_ES\" \/>\n<meta property=\"og:type\" content=\"article\" \/>\n<meta property=\"og:title\" content=\"Ara\u00f1a toca el piano - Libros del Zorro Rojo\" \/>\n<meta property=\"og:description\" content=\"\u00bfHas visto alguna vez un libro orquesta? Benjamin Gottwald dibuja aqu\u00ed un universo de sonidos: el galope de un caballo, el eco de una pelota de ping-pong, el estruendo de una h\u00e9lice, el rugido de un le\u00f3n, el rumor de un susurro. \u00a1El color de los sonidos! Se trata de una experiencia sensorial m\u00faltiple, pues [&hellip;]\" \/>\n<meta property=\"og:url\" content=\"https:\/\/librosdelzorrorojo.com\/ca\/cataleg\/arana-toca-el-piano\/\" \/>\n<meta property=\"og:site_name\" content=\"Libros del Zorro Rojo\" \/>\n<meta property=\"article:modified_time\" content=\"2024-12-13T10:53:52+00:00\" \/>\n<meta property=\"og:image\" content=\"https:\/\/librosdelzorrorojo.com\/wp-content\/uploads\/2024\/03\/COVER_Aranya.jpg\" \/>\n\t<meta property=\"og:image:width\" content=\"850\" \/>\n\t<meta property=\"og:image:height\" content=\"1186\" \/>\n\t<meta property=\"og:image:type\" content=\"image\/jpeg\" \/>\n<meta name=\"twitter:card\" content=\"summary_large_image\" \/>\n<meta name=\"twitter:label1\" content=\"Temps estimat de lectura\" \/>\n\t<meta name=\"twitter:data1\" content=\"1 minut\" \/>\n<script type=\"application\/ld+json\" class=\"yoast-schema-graph\">{\"@context\":\"https:\/\/schema.org\",\"@graph\":[{\"@type\":\"WebPage\",\"@id\":\"https:\/\/librosdelzorrorojo.com\/ca\/cataleg\/arana-toca-el-piano\/\",\"url\":\"https:\/\/librosdelzorrorojo.com\/ca\/cataleg\/arana-toca-el-piano\/\",\"name\":\"Ara\u00f1a toca el piano - Libros del Zorro Rojo\",\"isPartOf\":{\"@id\":\"https:\/\/librosdelzorrorojo.com\/#website\"},\"primaryImageOfPage\":{\"@id\":\"https:\/\/librosdelzorrorojo.com\/ca\/cataleg\/arana-toca-el-piano\/#primaryimage\"},\"image\":{\"@id\":\"https:\/\/librosdelzorrorojo.com\/ca\/cataleg\/arana-toca-el-piano\/#primaryimage\"},\"thumbnailUrl\":\"https:\/\/librosdelzorrorojo.com\/wp-content\/uploads\/2024\/03\/COVER_Aranya.jpg\",\"datePublished\":\"2024-04-03T06:10:40+00:00\",\"dateModified\":\"2024-12-13T10:53:52+00:00\",\"breadcrumb\":{\"@id\":\"https:\/\/librosdelzorrorojo.com\/ca\/cataleg\/arana-toca-el-piano\/#breadcrumb\"},\"inLanguage\":\"ca\",\"potentialAction\":[{\"@type\":\"ReadAction\",\"target\":[\"https:\/\/librosdelzorrorojo.com\/ca\/cataleg\/arana-toca-el-piano\/\"]}]},{\"@type\":\"ImageObject\",\"inLanguage\":\"ca\",\"@id\":\"https:\/\/librosdelzorrorojo.com\/ca\/cataleg\/arana-toca-el-piano\/#primaryimage\",\"url\":\"https:\/\/librosdelzorrorojo.com\/wp-content\/uploads\/2024\/03\/COVER_Aranya.jpg\",\"contentUrl\":\"https:\/\/librosdelzorrorojo.com\/wp-content\/uploads\/2024\/03\/COVER_Aranya.jpg\",\"width\":850,\"height\":1186,\"caption\":\"COVER Aranya\"},{\"@type\":\"BreadcrumbList\",\"@id\":\"https:\/\/librosdelzorrorojo.com\/ca\/cataleg\/arana-toca-el-piano\/#breadcrumb\",\"itemListElement\":[{\"@type\":\"ListItem\",\"position\":1,\"name\":\"Portada\",\"item\":\"https:\/\/librosdelzorrorojo.com\/ca\/\"},{\"@type\":\"ListItem\",\"position\":2,\"name\":\"Cat\u00e0leg\",\"item\":\"https:\/\/librosdelzorrorojo.com\/ca\/cataleg\/\"},{\"@type\":\"ListItem\",\"position\":3,\"name\":\"Ara\u00f1a toca el piano\"}]},{\"@type\":\"WebSite\",\"@id\":\"https:\/\/librosdelzorrorojo.com\/#website\",\"url\":\"https:\/\/librosdelzorrorojo.com\/\",\"name\":\"Libros del Zorro Rojo\",\"description\":\"Libros ilustrados\",\"potentialAction\":[{\"@type\":\"SearchAction\",\"target\":{\"@type\":\"EntryPoint\",\"urlTemplate\":\"https:\/\/librosdelzorrorojo.com\/?s={search_term_string}\"},\"query-input\":{\"@type\":\"PropertyValueSpecification\",\"valueRequired\":true,\"valueName\":\"search_term_string\"}}],\"inLanguage\":\"ca\"}]}<\/script>\n<!-- \/ Yoast SEO plugin. -->","yoast_head_json":{"title":"Ara\u00f1a toca el piano - Libros del Zorro Rojo","robots":{"index":"index","follow":"follow","max-snippet":"max-snippet:-1","max-image-preview":"max-image-preview:large","max-video-preview":"max-video-preview:-1"},"canonical":"https:\/\/librosdelzorrorojo.com\/ca\/cataleg\/arana-toca-el-piano\/","og_locale":"ca_ES","og_type":"article","og_title":"Ara\u00f1a toca el piano - Libros del Zorro Rojo","og_description":"\u00bfHas visto alguna vez un libro orquesta? Benjamin Gottwald dibuja aqu\u00ed un universo de sonidos: el galope de un caballo, el eco de una pelota de ping-pong, el estruendo de una h\u00e9lice, el rugido de un le\u00f3n, el rumor de un susurro. \u00a1El color de los sonidos! Se trata de una experiencia sensorial m\u00faltiple, pues [&hellip;]","og_url":"https:\/\/librosdelzorrorojo.com\/ca\/cataleg\/arana-toca-el-piano\/","og_site_name":"Libros del Zorro Rojo","article_modified_time":"2024-12-13T10:53:52+00:00","og_image":[{"width":850,"height":1186,"url":"https:\/\/librosdelzorrorojo.com\/wp-content\/uploads\/2024\/03\/COVER_Aranya.jpg","type":"image\/jpeg"}],"twitter_card":"summary_large_image","twitter_misc":{"Temps estimat de lectura":"1 minut"},"schema":{"@context":"https:\/\/schema.org","@graph":[{"@type":"WebPage","@id":"https:\/\/librosdelzorrorojo.com\/ca\/cataleg\/arana-toca-el-piano\/","url":"https:\/\/librosdelzorrorojo.com\/ca\/cataleg\/arana-toca-el-piano\/","name":"Ara\u00f1a toca el piano - Libros del Zorro Rojo","isPartOf":{"@id":"https:\/\/librosdelzorrorojo.com\/#website"},"primaryImageOfPage":{"@id":"https:\/\/librosdelzorrorojo.com\/ca\/cataleg\/arana-toca-el-piano\/#primaryimage"},"image":{"@id":"https:\/\/librosdelzorrorojo.com\/ca\/cataleg\/arana-toca-el-piano\/#primaryimage"},"thumbnailUrl":"https:\/\/librosdelzorrorojo.com\/wp-content\/uploads\/2024\/03\/COVER_Aranya.jpg","datePublished":"2024-04-03T06:10:40+00:00","dateModified":"2024-12-13T10:53:52+00:00","breadcrumb":{"@id":"https:\/\/librosdelzorrorojo.com\/ca\/cataleg\/arana-toca-el-piano\/#breadcrumb"},"inLanguage":"ca","potentialAction":[{"@type":"ReadAction","target":["https:\/\/librosdelzorrorojo.com\/ca\/cataleg\/arana-toca-el-piano\/"]}]},{"@type":"ImageObject","inLanguage":"ca","@id":"https:\/\/librosdelzorrorojo.com\/ca\/cataleg\/arana-toca-el-piano\/#primaryimage","url":"https:\/\/librosdelzorrorojo.com\/wp-content\/uploads\/2024\/03\/COVER_Aranya.jpg","contentUrl":"https:\/\/librosdelzorrorojo.com\/wp-content\/uploads\/2024\/03\/COVER_Aranya.jpg","width":850,"height":1186,"caption":"COVER Aranya"},{"@type":"BreadcrumbList","@id":"https:\/\/librosdelzorrorojo.com\/ca\/cataleg\/arana-toca-el-piano\/#breadcrumb","itemListElement":[{"@type":"ListItem","position":1,"name":"Portada","item":"https:\/\/librosdelzorrorojo.com\/ca\/"},{"@type":"ListItem","position":2,"name":"Cat\u00e0leg","item":"https:\/\/librosdelzorrorojo.com\/ca\/cataleg\/"},{"@type":"ListItem","position":3,"name":"Ara\u00f1a toca el piano"}]},{"@type":"WebSite","@id":"https:\/\/librosdelzorrorojo.com\/#website","url":"https:\/\/librosdelzorrorojo.com\/","name":"Libros del Zorro Rojo","description":"Libros ilustrados","potentialAction":[{"@type":"SearchAction","target":{"@type":"EntryPoint","urlTemplate":"https:\/\/librosdelzorrorojo.com\/?s={search_term_string}"},"query-input":{"@type":"PropertyValueSpecification","valueRequired":true,"valueName":"search_term_string"}}],"inLanguage":"ca"}]}},"_links":{"self":[{"href":"https:\/\/librosdelzorrorojo.com\/ca\/wp-json\/wp\/v2\/product\/27648","targetHints":{"allow":["GET"]}}],"collection":[{"href":"https:\/\/librosdelzorrorojo.com\/ca\/wp-json\/wp\/v2\/product"}],"about":[{"href":"https:\/\/librosdelzorrorojo.com\/ca\/wp-json\/wp\/v2\/types\/product"}],"wp:featuredmedia":[{"embeddable":true,"href":"https:\/\/librosdelzorrorojo.com\/ca\/wp-json\/wp\/v2\/media\/27636"}],"wp:attachment":[{"href":"https:\/\/librosdelzorrorojo.com\/ca\/wp-json\/wp\/v2\/media?parent=27648"}],"wp:term":[{"taxonomy":"product_brand","embeddable":true,"href":"https:\/\/librosdelzorrorojo.com\/ca\/wp-json\/wp\/v2\/product_brand?post=27648"},{"taxonomy":"product_cat","embeddable":true,"href":"https:\/\/librosdelzorrorojo.com\/ca\/wp-json\/wp\/v2\/product_cat?post=27648"},{"taxonomy":"product_tag","embeddable":true,"href":"https:\/\/librosdelzorrorojo.com\/ca\/wp-json\/wp\/v2\/product_tag?post=27648"}],"curies":[{"name":"wp","href":"https:\/\/api.w.org\/{rel}","templated":true}]}}