{"id":27495,"date":"2024-03-06T11:12:00","date_gmt":"2024-03-06T10:12:00","guid":{"rendered":"https:\/\/librosdelzorrorojo.com\/catalogo\/soy-leyenda\/"},"modified":"2025-08-18T17:11:27","modified_gmt":"2025-08-18T15:11:27","slug":"soy-leyenda","status":"publish","type":"product","link":"https:\/\/librosdelzorrorojo.com\/ca\/cataleg\/soy-leyenda\/","title":{"rendered":"Soy leyenda"},"content":{"rendered":"<p>Una plaga ha acabado con la humanidad. El \u00fanico superviviente que no se ha convertido en vampiro es Neville, que de d\u00eda caza muertos vivientes dispersos entre las ruinas de la civilizaci\u00f3n y de noche debe atrincherarse ante el asedio de una legi\u00f3n sedienta de sangre humana.<\/p>\n<p>Escrita en 1954, <i>Soy leyenda<\/i> se ha consagrado como una obra maestra por su impacto en la cultura popular y su influencia en la literatura de terror y ciencia ficci\u00f3n. A trav\u00e9s de una t\u00e9cnica tan inquietante como la trama, las ilustraciones de Jorge Gonz\u00e1lez no solo captan sino que amplifican este cl\u00e1sico sobre la soledad, el aislamiento y el instinto tan humano de supervivencia que persiste en circunstancias inesperadas \u2014o repentinamente previsibles en el momento de publicarse esta edici\u00f3n\u2014 como un nuevo orden postapocal\u00edptico.<\/p>\n<p><img decoding=\"async\" src=\"https:\/\/librosdelzorrorojo.com\/wp-content\/uploads\/2024\/10\/ICEC.jpg\" alt=\"\" width=\"380\" height=\"85\" class=\"alignnone size-full wp-image-29095\" \/><\/p>\n<p><img decoding=\"async\" title=\"logotipo del ministerio de cultura dglcle00\" src=\"https:\/\/librosdelzorrorojo.com\/wp-content\/uploads\/2024\/04\/logotipo-del-ministerio-de-cultura-dglcle00-scaled.jpg\" alt=\"logotipo del ministerio de cultura dglcle00\" width=\"282\" height=\"79\" class=\"alignnone  wp-image-30770\" srcset=\"https:\/\/librosdelzorrorojo.com\/wp-content\/uploads\/2024\/04\/logotipo-del-ministerio-de-cultura-dglcle00-scaled.jpg 2560w, https:\/\/librosdelzorrorojo.com\/wp-content\/uploads\/2024\/04\/logotipo-del-ministerio-de-cultura-dglcle00-600x168.jpg 600w, https:\/\/librosdelzorrorojo.com\/wp-content\/uploads\/2024\/04\/logotipo-del-ministerio-de-cultura-dglcle00-1024x286.jpg 1024w, https:\/\/librosdelzorrorojo.com\/wp-content\/uploads\/2024\/04\/logotipo-del-ministerio-de-cultura-dglcle00-768x214.jpg 768w, https:\/\/librosdelzorrorojo.com\/wp-content\/uploads\/2024\/04\/logotipo-del-ministerio-de-cultura-dglcle00-1536x429.jpg 1536w, https:\/\/librosdelzorrorojo.com\/wp-content\/uploads\/2024\/04\/logotipo-del-ministerio-de-cultura-dglcle00-2048x572.jpg 2048w, https:\/\/librosdelzorrorojo.com\/wp-content\/uploads\/2024\/04\/logotipo-del-ministerio-de-cultura-dglcle00-800x223.jpg 800w\" sizes=\"(max-width: 282px) 100vw, 282px\" \/> \u00a0 \u00a0 <img decoding=\"async\" src=\"https:\/\/librosdelzorrorojo.com\/wp-content\/uploads\/2022\/09\/logopflprincipal-582x600.jpg\" alt=\"\" width=\"76\" height=\"78\" class=\"alignnone wp-image-29129\" srcset=\"https:\/\/librosdelzorrorojo.com\/wp-content\/uploads\/2022\/09\/logopflprincipal-582x600.jpg 582w, https:\/\/librosdelzorrorojo.com\/wp-content\/uploads\/2022\/09\/logopflprincipal-993x1024.jpg 993w, https:\/\/librosdelzorrorojo.com\/wp-content\/uploads\/2022\/09\/logopflprincipal-768x792.jpg 768w, https:\/\/librosdelzorrorojo.com\/wp-content\/uploads\/2022\/09\/logopflprincipal-1489x1536.jpg 1489w, https:\/\/librosdelzorrorojo.com\/wp-content\/uploads\/2022\/09\/logopflprincipal-800x825.jpg 800w, https:\/\/librosdelzorrorojo.com\/wp-content\/uploads\/2022\/09\/logopflprincipal.jpg 1619w\" sizes=\"(max-width: 76px) 100vw, 76px\" \/><\/p>\n","protected":false},"excerpt":{"rendered":"Una plaga ha acabado con la humanidad. El \u00fanico superviviente que no se ha convertido en vampiro es Neville, que de d\u00eda caza muertos vivientes dispersos entre las ruinas de la civilizaci\u00f3n y de noche debe atrincherarse ante el asedio de una legi\u00f3n sedienta de sangre humana. Escrita en 1954, Soy leyenda se ha consagrado [&hellip;]","protected":false},"featured_media":27338,"template":"","meta":{"_acf_changed":false},"product_brand":[],"product_cat":[844,3156,846],"product_tag":[],"class_list":{"0":"post-27495","1":"product","2":"type-product","3":"status-publish","4":"has-post-thumbnail","6":"product_cat-castella","7":"product_cat-juvenil-adult","8":"product_cat-novedades-ca","10":"first","11":"instock","12":"taxable","13":"shipping-taxable","14":"purchasable","15":"product-type-simple"},"acf":[],"yoast_head":"<!-- This site is optimized with the Yoast SEO plugin v25.1 - https:\/\/yoast.com\/wordpress\/plugins\/seo\/ -->\n<title>Soy leyenda - Libros del Zorro Rojo<\/title>\n<meta name=\"robots\" content=\"index, follow, max-snippet:-1, max-image-preview:large, max-video-preview:-1\" \/>\n<link rel=\"canonical\" href=\"https:\/\/librosdelzorrorojo.com\/ca\/cataleg\/soy-leyenda\/\" \/>\n<meta property=\"og:locale\" content=\"ca_ES\" \/>\n<meta property=\"og:type\" content=\"article\" \/>\n<meta property=\"og:title\" content=\"Soy leyenda - Libros del Zorro Rojo\" \/>\n<meta property=\"og:description\" content=\"Una plaga ha acabado con la humanidad. El \u00fanico superviviente que no se ha convertido en vampiro es Neville, que de d\u00eda caza muertos vivientes dispersos entre las ruinas de la civilizaci\u00f3n y de noche debe atrincherarse ante el asedio de una legi\u00f3n sedienta de sangre humana. Escrita en 1954, Soy leyenda se ha consagrado [&hellip;]\" \/>\n<meta property=\"og:url\" content=\"https:\/\/librosdelzorrorojo.com\/ca\/cataleg\/soy-leyenda\/\" \/>\n<meta property=\"og:site_name\" content=\"Libros del Zorro Rojo\" \/>\n<meta property=\"article:modified_time\" content=\"2025-08-18T15:11:27+00:00\" \/>\n<meta property=\"og:image\" content=\"https:\/\/librosdelzorrorojo.com\/wp-content\/uploads\/2024\/02\/COVER_Soy-leyenda_WEB.jpg\" \/>\n\t<meta property=\"og:image:width\" content=\"850\" \/>\n\t<meta property=\"og:image:height\" content=\"1193\" \/>\n\t<meta property=\"og:image:type\" content=\"image\/jpeg\" \/>\n<meta name=\"twitter:card\" content=\"summary_large_image\" \/>\n<meta name=\"twitter:label1\" content=\"Temps estimat de lectura\" \/>\n\t<meta name=\"twitter:data1\" content=\"1 minut\" \/>\n<script type=\"application\/ld+json\" class=\"yoast-schema-graph\">{\"@context\":\"https:\/\/schema.org\",\"@graph\":[{\"@type\":\"WebPage\",\"@id\":\"https:\/\/librosdelzorrorojo.com\/ca\/cataleg\/soy-leyenda\/\",\"url\":\"https:\/\/librosdelzorrorojo.com\/ca\/cataleg\/soy-leyenda\/\",\"name\":\"Soy leyenda - Libros del Zorro Rojo\",\"isPartOf\":{\"@id\":\"https:\/\/librosdelzorrorojo.com\/#website\"},\"primaryImageOfPage\":{\"@id\":\"https:\/\/librosdelzorrorojo.com\/ca\/cataleg\/soy-leyenda\/#primaryimage\"},\"image\":{\"@id\":\"https:\/\/librosdelzorrorojo.com\/ca\/cataleg\/soy-leyenda\/#primaryimage\"},\"thumbnailUrl\":\"https:\/\/librosdelzorrorojo.com\/wp-content\/uploads\/2024\/02\/COVER_Soy-leyenda_WEB.jpg\",\"datePublished\":\"2024-03-06T10:12:00+00:00\",\"dateModified\":\"2025-08-18T15:11:27+00:00\",\"breadcrumb\":{\"@id\":\"https:\/\/librosdelzorrorojo.com\/ca\/cataleg\/soy-leyenda\/#breadcrumb\"},\"inLanguage\":\"ca\",\"potentialAction\":[{\"@type\":\"ReadAction\",\"target\":[\"https:\/\/librosdelzorrorojo.com\/ca\/cataleg\/soy-leyenda\/\"]}]},{\"@type\":\"ImageObject\",\"inLanguage\":\"ca\",\"@id\":\"https:\/\/librosdelzorrorojo.com\/ca\/cataleg\/soy-leyenda\/#primaryimage\",\"url\":\"https:\/\/librosdelzorrorojo.com\/wp-content\/uploads\/2024\/02\/COVER_Soy-leyenda_WEB.jpg\",\"contentUrl\":\"https:\/\/librosdelzorrorojo.com\/wp-content\/uploads\/2024\/02\/COVER_Soy-leyenda_WEB.jpg\",\"width\":850,\"height\":1193,\"caption\":\"COVER Soy leyenda WEB\"},{\"@type\":\"BreadcrumbList\",\"@id\":\"https:\/\/librosdelzorrorojo.com\/ca\/cataleg\/soy-leyenda\/#breadcrumb\",\"itemListElement\":[{\"@type\":\"ListItem\",\"position\":1,\"name\":\"Portada\",\"item\":\"https:\/\/librosdelzorrorojo.com\/ca\/\"},{\"@type\":\"ListItem\",\"position\":2,\"name\":\"Cat\u00e0leg\",\"item\":\"https:\/\/librosdelzorrorojo.com\/ca\/cataleg\/\"},{\"@type\":\"ListItem\",\"position\":3,\"name\":\"Soy leyenda\"}]},{\"@type\":\"WebSite\",\"@id\":\"https:\/\/librosdelzorrorojo.com\/#website\",\"url\":\"https:\/\/librosdelzorrorojo.com\/\",\"name\":\"Libros del Zorro Rojo\",\"description\":\"Libros ilustrados\",\"potentialAction\":[{\"@type\":\"SearchAction\",\"target\":{\"@type\":\"EntryPoint\",\"urlTemplate\":\"https:\/\/librosdelzorrorojo.com\/?s={search_term_string}\"},\"query-input\":{\"@type\":\"PropertyValueSpecification\",\"valueRequired\":true,\"valueName\":\"search_term_string\"}}],\"inLanguage\":\"ca\"}]}<\/script>\n<!-- \/ Yoast SEO plugin. -->","yoast_head_json":{"title":"Soy leyenda - Libros del Zorro Rojo","robots":{"index":"index","follow":"follow","max-snippet":"max-snippet:-1","max-image-preview":"max-image-preview:large","max-video-preview":"max-video-preview:-1"},"canonical":"https:\/\/librosdelzorrorojo.com\/ca\/cataleg\/soy-leyenda\/","og_locale":"ca_ES","og_type":"article","og_title":"Soy leyenda - Libros del Zorro Rojo","og_description":"Una plaga ha acabado con la humanidad. El \u00fanico superviviente que no se ha convertido en vampiro es Neville, que de d\u00eda caza muertos vivientes dispersos entre las ruinas de la civilizaci\u00f3n y de noche debe atrincherarse ante el asedio de una legi\u00f3n sedienta de sangre humana. Escrita en 1954, Soy leyenda se ha consagrado [&hellip;]","og_url":"https:\/\/librosdelzorrorojo.com\/ca\/cataleg\/soy-leyenda\/","og_site_name":"Libros del Zorro Rojo","article_modified_time":"2025-08-18T15:11:27+00:00","og_image":[{"width":850,"height":1193,"url":"https:\/\/librosdelzorrorojo.com\/wp-content\/uploads\/2024\/02\/COVER_Soy-leyenda_WEB.jpg","type":"image\/jpeg"}],"twitter_card":"summary_large_image","twitter_misc":{"Temps estimat de lectura":"1 minut"},"schema":{"@context":"https:\/\/schema.org","@graph":[{"@type":"WebPage","@id":"https:\/\/librosdelzorrorojo.com\/ca\/cataleg\/soy-leyenda\/","url":"https:\/\/librosdelzorrorojo.com\/ca\/cataleg\/soy-leyenda\/","name":"Soy leyenda - Libros del Zorro Rojo","isPartOf":{"@id":"https:\/\/librosdelzorrorojo.com\/#website"},"primaryImageOfPage":{"@id":"https:\/\/librosdelzorrorojo.com\/ca\/cataleg\/soy-leyenda\/#primaryimage"},"image":{"@id":"https:\/\/librosdelzorrorojo.com\/ca\/cataleg\/soy-leyenda\/#primaryimage"},"thumbnailUrl":"https:\/\/librosdelzorrorojo.com\/wp-content\/uploads\/2024\/02\/COVER_Soy-leyenda_WEB.jpg","datePublished":"2024-03-06T10:12:00+00:00","dateModified":"2025-08-18T15:11:27+00:00","breadcrumb":{"@id":"https:\/\/librosdelzorrorojo.com\/ca\/cataleg\/soy-leyenda\/#breadcrumb"},"inLanguage":"ca","potentialAction":[{"@type":"ReadAction","target":["https:\/\/librosdelzorrorojo.com\/ca\/cataleg\/soy-leyenda\/"]}]},{"@type":"ImageObject","inLanguage":"ca","@id":"https:\/\/librosdelzorrorojo.com\/ca\/cataleg\/soy-leyenda\/#primaryimage","url":"https:\/\/librosdelzorrorojo.com\/wp-content\/uploads\/2024\/02\/COVER_Soy-leyenda_WEB.jpg","contentUrl":"https:\/\/librosdelzorrorojo.com\/wp-content\/uploads\/2024\/02\/COVER_Soy-leyenda_WEB.jpg","width":850,"height":1193,"caption":"COVER Soy leyenda WEB"},{"@type":"BreadcrumbList","@id":"https:\/\/librosdelzorrorojo.com\/ca\/cataleg\/soy-leyenda\/#breadcrumb","itemListElement":[{"@type":"ListItem","position":1,"name":"Portada","item":"https:\/\/librosdelzorrorojo.com\/ca\/"},{"@type":"ListItem","position":2,"name":"Cat\u00e0leg","item":"https:\/\/librosdelzorrorojo.com\/ca\/cataleg\/"},{"@type":"ListItem","position":3,"name":"Soy leyenda"}]},{"@type":"WebSite","@id":"https:\/\/librosdelzorrorojo.com\/#website","url":"https:\/\/librosdelzorrorojo.com\/","name":"Libros del Zorro Rojo","description":"Libros ilustrados","potentialAction":[{"@type":"SearchAction","target":{"@type":"EntryPoint","urlTemplate":"https:\/\/librosdelzorrorojo.com\/?s={search_term_string}"},"query-input":{"@type":"PropertyValueSpecification","valueRequired":true,"valueName":"search_term_string"}}],"inLanguage":"ca"}]}},"_links":{"self":[{"href":"https:\/\/librosdelzorrorojo.com\/ca\/wp-json\/wp\/v2\/product\/27495","targetHints":{"allow":["GET"]}}],"collection":[{"href":"https:\/\/librosdelzorrorojo.com\/ca\/wp-json\/wp\/v2\/product"}],"about":[{"href":"https:\/\/librosdelzorrorojo.com\/ca\/wp-json\/wp\/v2\/types\/product"}],"wp:featuredmedia":[{"embeddable":true,"href":"https:\/\/librosdelzorrorojo.com\/ca\/wp-json\/wp\/v2\/media\/27338"}],"wp:attachment":[{"href":"https:\/\/librosdelzorrorojo.com\/ca\/wp-json\/wp\/v2\/media?parent=27495"}],"wp:term":[{"taxonomy":"product_brand","embeddable":true,"href":"https:\/\/librosdelzorrorojo.com\/ca\/wp-json\/wp\/v2\/product_brand?post=27495"},{"taxonomy":"product_cat","embeddable":true,"href":"https:\/\/librosdelzorrorojo.com\/ca\/wp-json\/wp\/v2\/product_cat?post=27495"},{"taxonomy":"product_tag","embeddable":true,"href":"https:\/\/librosdelzorrorojo.com\/ca\/wp-json\/wp\/v2\/product_tag?post=27495"}],"curies":[{"name":"wp","href":"https:\/\/api.w.org\/{rel}","templated":true}]}}