{"id":27451,"date":"2024-02-22T09:39:15","date_gmt":"2024-02-22T08:39:15","guid":{"rendered":"https:\/\/librosdelzorrorojo.com\/catalogo\/apetito-de-elefante\/"},"modified":"2024-03-07T11:42:10","modified_gmt":"2024-03-07T10:42:10","slug":"apetito-de-elefante","status":"publish","type":"product","link":"https:\/\/librosdelzorrorojo.com\/ca\/cataleg\/apetito-de-elefante\/","title":{"rendered":"Apetito de elefante"},"content":{"rendered":"<p>La se\u00f1ora Ara\u00f1a ha tejido una tela entre dos \u00e1rboles de la sabana que, mientras se pasea por all\u00ed, el se\u00f1or Elefante decide usar como columpio. La se\u00f1ora Ara\u00f1a, con apetito de elefante, tira del hilo y captura su presa: \u00a1zas! Y es que solo piensa en el banquete, mientras el se\u00f1or Elefante lo que ve en el peligroso plan de su amiga es una oportunidad para divertirse. Un \u00e1lbum que reflexiona sobre el v\u00ednculo amistoso y las cosas que hacemos por los dem\u00e1s.<\/p>\n<p>\u00c9ric Battut nos ofrece otra historia enternecedora que, con un estilo minimalista y repleta de colores c\u00e1lidos, perfila con humor el encuentro de esta pareja de personajes inolvidables.<\/p>\n","protected":false},"excerpt":{"rendered":"La se\u00f1ora Ara\u00f1a ha tejido una tela entre dos \u00e1rboles de la sabana que, mientras se pasea por all\u00ed, el se\u00f1or Elefante decide usar como columpio. La se\u00f1ora Ara\u00f1a, con apetito de elefante, tira del hilo y captura su presa: \u00a1zas! Y es que solo piensa en el banquete, mientras el se\u00f1or Elefante lo que [&hellip;]","protected":false},"featured_media":27277,"template":"","meta":{"_acf_changed":false},"product_brand":[],"product_cat":[844,843,839],"product_tag":[],"class_list":{"0":"post-27451","1":"product","2":"type-product","3":"status-publish","4":"has-post-thumbnail","6":"product_cat-castella","7":"product_cat-infantiles-ca","8":"product_cat-zona-kids-ca","9":"vinculo-apetito-de-elefante","11":"first","12":"instock","13":"taxable","14":"shipping-taxable","15":"purchasable","16":"product-type-simple"},"acf":[],"yoast_head":"<!-- This site is optimized with the Yoast SEO plugin v25.1 - https:\/\/yoast.com\/wordpress\/plugins\/seo\/ -->\n<title>Apetito de elefante - Libros del Zorro Rojo<\/title>\n<meta name=\"robots\" content=\"index, follow, max-snippet:-1, max-image-preview:large, max-video-preview:-1\" \/>\n<link rel=\"canonical\" href=\"https:\/\/librosdelzorrorojo.com\/ca\/cataleg\/apetito-de-elefante\/\" \/>\n<meta property=\"og:locale\" content=\"ca_ES\" \/>\n<meta property=\"og:type\" content=\"article\" \/>\n<meta property=\"og:title\" content=\"Apetito de elefante - Libros del Zorro Rojo\" \/>\n<meta property=\"og:description\" content=\"La se\u00f1ora Ara\u00f1a ha tejido una tela entre dos \u00e1rboles de la sabana que, mientras se pasea por all\u00ed, el se\u00f1or Elefante decide usar como columpio. La se\u00f1ora Ara\u00f1a, con apetito de elefante, tira del hilo y captura su presa: \u00a1zas! Y es que solo piensa en el banquete, mientras el se\u00f1or Elefante lo que [&hellip;]\" \/>\n<meta property=\"og:url\" content=\"https:\/\/librosdelzorrorojo.com\/ca\/cataleg\/apetito-de-elefante\/\" \/>\n<meta property=\"og:site_name\" content=\"Libros del Zorro Rojo\" \/>\n<meta property=\"article:modified_time\" content=\"2024-03-07T10:42:10+00:00\" \/>\n<meta property=\"og:image\" content=\"https:\/\/librosdelzorrorojo.com\/wp-content\/uploads\/2024\/01\/COVER_Elefante_WEB.jpg\" \/>\n\t<meta property=\"og:image:width\" content=\"850\" \/>\n\t<meta property=\"og:image:height\" content=\"1201\" \/>\n\t<meta property=\"og:image:type\" content=\"image\/jpeg\" \/>\n<meta name=\"twitter:card\" content=\"summary_large_image\" \/>\n<meta name=\"twitter:label1\" content=\"Temps estimat de lectura\" \/>\n\t<meta name=\"twitter:data1\" content=\"1 minut\" \/>\n<script type=\"application\/ld+json\" class=\"yoast-schema-graph\">{\"@context\":\"https:\/\/schema.org\",\"@graph\":[{\"@type\":\"WebPage\",\"@id\":\"https:\/\/librosdelzorrorojo.com\/ca\/cataleg\/apetito-de-elefante\/\",\"url\":\"https:\/\/librosdelzorrorojo.com\/ca\/cataleg\/apetito-de-elefante\/\",\"name\":\"Apetito de elefante - Libros del Zorro Rojo\",\"isPartOf\":{\"@id\":\"https:\/\/librosdelzorrorojo.com\/#website\"},\"primaryImageOfPage\":{\"@id\":\"https:\/\/librosdelzorrorojo.com\/ca\/cataleg\/apetito-de-elefante\/#primaryimage\"},\"image\":{\"@id\":\"https:\/\/librosdelzorrorojo.com\/ca\/cataleg\/apetito-de-elefante\/#primaryimage\"},\"thumbnailUrl\":\"https:\/\/librosdelzorrorojo.com\/wp-content\/uploads\/2024\/01\/COVER_Elefante_WEB.jpg\",\"datePublished\":\"2024-02-22T08:39:15+00:00\",\"dateModified\":\"2024-03-07T10:42:10+00:00\",\"breadcrumb\":{\"@id\":\"https:\/\/librosdelzorrorojo.com\/ca\/cataleg\/apetito-de-elefante\/#breadcrumb\"},\"inLanguage\":\"ca\",\"potentialAction\":[{\"@type\":\"ReadAction\",\"target\":[\"https:\/\/librosdelzorrorojo.com\/ca\/cataleg\/apetito-de-elefante\/\"]}]},{\"@type\":\"ImageObject\",\"inLanguage\":\"ca\",\"@id\":\"https:\/\/librosdelzorrorojo.com\/ca\/cataleg\/apetito-de-elefante\/#primaryimage\",\"url\":\"https:\/\/librosdelzorrorojo.com\/wp-content\/uploads\/2024\/01\/COVER_Elefante_WEB.jpg\",\"contentUrl\":\"https:\/\/librosdelzorrorojo.com\/wp-content\/uploads\/2024\/01\/COVER_Elefante_WEB.jpg\",\"width\":850,\"height\":1201,\"caption\":\"COVER Elefante WEB\"},{\"@type\":\"BreadcrumbList\",\"@id\":\"https:\/\/librosdelzorrorojo.com\/ca\/cataleg\/apetito-de-elefante\/#breadcrumb\",\"itemListElement\":[{\"@type\":\"ListItem\",\"position\":1,\"name\":\"Portada\",\"item\":\"https:\/\/librosdelzorrorojo.com\/ca\/\"},{\"@type\":\"ListItem\",\"position\":2,\"name\":\"Cat\u00e0leg\",\"item\":\"https:\/\/librosdelzorrorojo.com\/ca\/cataleg\/\"},{\"@type\":\"ListItem\",\"position\":3,\"name\":\"Apetito de elefante\"}]},{\"@type\":\"WebSite\",\"@id\":\"https:\/\/librosdelzorrorojo.com\/#website\",\"url\":\"https:\/\/librosdelzorrorojo.com\/\",\"name\":\"Libros del Zorro Rojo\",\"description\":\"Libros ilustrados\",\"potentialAction\":[{\"@type\":\"SearchAction\",\"target\":{\"@type\":\"EntryPoint\",\"urlTemplate\":\"https:\/\/librosdelzorrorojo.com\/?s={search_term_string}\"},\"query-input\":{\"@type\":\"PropertyValueSpecification\",\"valueRequired\":true,\"valueName\":\"search_term_string\"}}],\"inLanguage\":\"ca\"}]}<\/script>\n<!-- \/ Yoast SEO plugin. -->","yoast_head_json":{"title":"Apetito de elefante - Libros del Zorro Rojo","robots":{"index":"index","follow":"follow","max-snippet":"max-snippet:-1","max-image-preview":"max-image-preview:large","max-video-preview":"max-video-preview:-1"},"canonical":"https:\/\/librosdelzorrorojo.com\/ca\/cataleg\/apetito-de-elefante\/","og_locale":"ca_ES","og_type":"article","og_title":"Apetito de elefante - Libros del Zorro Rojo","og_description":"La se\u00f1ora Ara\u00f1a ha tejido una tela entre dos \u00e1rboles de la sabana que, mientras se pasea por all\u00ed, el se\u00f1or Elefante decide usar como columpio. La se\u00f1ora Ara\u00f1a, con apetito de elefante, tira del hilo y captura su presa: \u00a1zas! Y es que solo piensa en el banquete, mientras el se\u00f1or Elefante lo que [&hellip;]","og_url":"https:\/\/librosdelzorrorojo.com\/ca\/cataleg\/apetito-de-elefante\/","og_site_name":"Libros del Zorro Rojo","article_modified_time":"2024-03-07T10:42:10+00:00","og_image":[{"width":850,"height":1201,"url":"https:\/\/librosdelzorrorojo.com\/wp-content\/uploads\/2024\/01\/COVER_Elefante_WEB.jpg","type":"image\/jpeg"}],"twitter_card":"summary_large_image","twitter_misc":{"Temps estimat de lectura":"1 minut"},"schema":{"@context":"https:\/\/schema.org","@graph":[{"@type":"WebPage","@id":"https:\/\/librosdelzorrorojo.com\/ca\/cataleg\/apetito-de-elefante\/","url":"https:\/\/librosdelzorrorojo.com\/ca\/cataleg\/apetito-de-elefante\/","name":"Apetito de elefante - Libros del Zorro Rojo","isPartOf":{"@id":"https:\/\/librosdelzorrorojo.com\/#website"},"primaryImageOfPage":{"@id":"https:\/\/librosdelzorrorojo.com\/ca\/cataleg\/apetito-de-elefante\/#primaryimage"},"image":{"@id":"https:\/\/librosdelzorrorojo.com\/ca\/cataleg\/apetito-de-elefante\/#primaryimage"},"thumbnailUrl":"https:\/\/librosdelzorrorojo.com\/wp-content\/uploads\/2024\/01\/COVER_Elefante_WEB.jpg","datePublished":"2024-02-22T08:39:15+00:00","dateModified":"2024-03-07T10:42:10+00:00","breadcrumb":{"@id":"https:\/\/librosdelzorrorojo.com\/ca\/cataleg\/apetito-de-elefante\/#breadcrumb"},"inLanguage":"ca","potentialAction":[{"@type":"ReadAction","target":["https:\/\/librosdelzorrorojo.com\/ca\/cataleg\/apetito-de-elefante\/"]}]},{"@type":"ImageObject","inLanguage":"ca","@id":"https:\/\/librosdelzorrorojo.com\/ca\/cataleg\/apetito-de-elefante\/#primaryimage","url":"https:\/\/librosdelzorrorojo.com\/wp-content\/uploads\/2024\/01\/COVER_Elefante_WEB.jpg","contentUrl":"https:\/\/librosdelzorrorojo.com\/wp-content\/uploads\/2024\/01\/COVER_Elefante_WEB.jpg","width":850,"height":1201,"caption":"COVER Elefante WEB"},{"@type":"BreadcrumbList","@id":"https:\/\/librosdelzorrorojo.com\/ca\/cataleg\/apetito-de-elefante\/#breadcrumb","itemListElement":[{"@type":"ListItem","position":1,"name":"Portada","item":"https:\/\/librosdelzorrorojo.com\/ca\/"},{"@type":"ListItem","position":2,"name":"Cat\u00e0leg","item":"https:\/\/librosdelzorrorojo.com\/ca\/cataleg\/"},{"@type":"ListItem","position":3,"name":"Apetito de elefante"}]},{"@type":"WebSite","@id":"https:\/\/librosdelzorrorojo.com\/#website","url":"https:\/\/librosdelzorrorojo.com\/","name":"Libros del Zorro Rojo","description":"Libros ilustrados","potentialAction":[{"@type":"SearchAction","target":{"@type":"EntryPoint","urlTemplate":"https:\/\/librosdelzorrorojo.com\/?s={search_term_string}"},"query-input":{"@type":"PropertyValueSpecification","valueRequired":true,"valueName":"search_term_string"}}],"inLanguage":"ca"}]}},"_links":{"self":[{"href":"https:\/\/librosdelzorrorojo.com\/ca\/wp-json\/wp\/v2\/product\/27451","targetHints":{"allow":["GET"]}}],"collection":[{"href":"https:\/\/librosdelzorrorojo.com\/ca\/wp-json\/wp\/v2\/product"}],"about":[{"href":"https:\/\/librosdelzorrorojo.com\/ca\/wp-json\/wp\/v2\/types\/product"}],"wp:featuredmedia":[{"embeddable":true,"href":"https:\/\/librosdelzorrorojo.com\/ca\/wp-json\/wp\/v2\/media\/27277"}],"wp:attachment":[{"href":"https:\/\/librosdelzorrorojo.com\/ca\/wp-json\/wp\/v2\/media?parent=27451"}],"wp:term":[{"taxonomy":"product_brand","embeddable":true,"href":"https:\/\/librosdelzorrorojo.com\/ca\/wp-json\/wp\/v2\/product_brand?post=27451"},{"taxonomy":"product_cat","embeddable":true,"href":"https:\/\/librosdelzorrorojo.com\/ca\/wp-json\/wp\/v2\/product_cat?post=27451"},{"taxonomy":"product_tag","embeddable":true,"href":"https:\/\/librosdelzorrorojo.com\/ca\/wp-json\/wp\/v2\/product_tag?post=27451"}],"curies":[{"name":"wp","href":"https:\/\/api.w.org\/{rel}","templated":true}]}}