{"id":27402,"date":"2024-03-13T10:00:13","date_gmt":"2024-03-13T09:00:13","guid":{"rendered":"https:\/\/librosdelzorrorojo.com\/catalogo\/cuentos-oscuros\/"},"modified":"2024-12-13T10:57:04","modified_gmt":"2024-12-13T09:57:04","slug":"cuentos-oscuros","status":"publish","type":"product","link":"https:\/\/librosdelzorrorojo.com\/ca\/cataleg\/cuentos-oscuros\/","title":{"rendered":"Cuentos oscuros"},"content":{"rendered":"<p><span lang=\"ES-TRAD\">Shirley Jackson, autora de obras maestras como <i>La maldici\u00f3n de Hill House<\/i> y <i>Siempre hemos vivido en el castillo, <\/i>firm\u00f3 tambi\u00e9n numerosos relatos; no solo \u00abLa loter\u00eda\u00bb (1948), <\/span>cuya c\u00e9lebre aparici\u00f3n en<i> The New Yorke<\/i>r caus\u00f3 tanto revuelo<span lang=\"ES-TRAD\"> y que, durante d\u00e9cadas, fue la \u00fanica obra verdaderamente conocida de una autora por lo dem\u00e1s relegada, durante largo tiempo, a los rincones del \u00abg\u00e9nero\u00bb (ll\u00e1mese horror g\u00f3tico o terror). Autora cuyo genio literario por fin aflora con la fuerza que merece ante lectores de todo tipo. <\/span><span lang=\"ES-TRAD\"><\/span><\/p>\n<p><span lang=\"ES-TRAD\">\u00a0<\/span>Esta selecci\u00f3n, coeditada con la editorial Min\u00fascula e ilustrada por Carmen Segovia \u00a0\u00a0\u2014cuya singularidad al retratar situaciones y personajes oscuros con<span lang=\"EN-US\"> una paleta c\u00e1lida<\/span> le ha valido<span lang=\"ES-TRAD\"> numerosas distinciones<\/span>\u2014 re\u00fane once cuentos que revelan una mirada penetrante sobre la oscuridad que permea la vida cotidiana, combinada con un talento peculiar para valerse de narradores poco fiables y crear personajes tan retorcidos como aparentemente ordinarios y hasta respetables.<\/p>\n<p>Aqu\u00ed los l\u00edmites entre lo real y lo sobrenatural acaban por desdibujarse entre costumbres o rutinas diarias y aterradoras: una esposa mod\u00e9lica que oculta pensamientos homicidas, un ciudadano ejemplar que podr\u00eda ser un asesino en serie\u2026 <span lang=\"ES-TRAD\">En el mundo de Shirley Jackson nada es lo que parece y no hay lugar seguro.<\/span><\/p>\n<p><img decoding=\"async\" src=\"https:\/\/librosdelzorrorojo.com\/wp-content\/uploads\/2024\/10\/ICEC.jpg\" alt=\"\" width=\"380\" height=\"85\" class=\"alignnone size-full wp-image-29095\" \/><\/p>\n","protected":false},"excerpt":{"rendered":"Shirley Jackson, autora de obras maestras como La maldici\u00f3n de Hill House y Siempre hemos vivido en el castillo, firm\u00f3 tambi\u00e9n numerosos relatos; no solo \u00abLa loter\u00eda\u00bb (1948), cuya c\u00e9lebre aparici\u00f3n en The New Yorker caus\u00f3 tanto revuelo y que, durante d\u00e9cadas, fue la \u00fanica obra verdaderamente conocida de una autora por lo dem\u00e1s relegada, [&hellip;]","protected":false},"featured_media":27387,"template":"","meta":{"_acf_changed":false},"product_brand":[],"product_cat":[844,3156,846],"product_tag":[],"class_list":{"0":"post-27402","1":"product","2":"type-product","3":"status-publish","4":"has-post-thumbnail","6":"product_cat-castella","7":"product_cat-juvenil-adult","8":"product_cat-novedades-ca","10":"first","11":"instock","12":"taxable","13":"shipping-taxable","14":"purchasable","15":"product-type-simple"},"acf":[],"yoast_head":"<!-- This site is optimized with the Yoast SEO plugin v25.1 - https:\/\/yoast.com\/wordpress\/plugins\/seo\/ -->\n<title>Cuentos oscuros - Libros del Zorro Rojo<\/title>\n<meta name=\"robots\" content=\"index, follow, max-snippet:-1, max-image-preview:large, max-video-preview:-1\" \/>\n<link rel=\"canonical\" href=\"https:\/\/librosdelzorrorojo.com\/ca\/cataleg\/cuentos-oscuros\/\" \/>\n<meta property=\"og:locale\" content=\"ca_ES\" \/>\n<meta property=\"og:type\" content=\"article\" \/>\n<meta property=\"og:title\" content=\"Cuentos oscuros - Libros del Zorro Rojo\" \/>\n<meta property=\"og:description\" content=\"Shirley Jackson, autora de obras maestras como La maldici\u00f3n de Hill House y Siempre hemos vivido en el castillo, firm\u00f3 tambi\u00e9n numerosos relatos; no solo \u00abLa loter\u00eda\u00bb (1948), cuya c\u00e9lebre aparici\u00f3n en The New Yorker caus\u00f3 tanto revuelo y que, durante d\u00e9cadas, fue la \u00fanica obra verdaderamente conocida de una autora por lo dem\u00e1s relegada, [&hellip;]\" \/>\n<meta property=\"og:url\" content=\"https:\/\/librosdelzorrorojo.com\/ca\/cataleg\/cuentos-oscuros\/\" \/>\n<meta property=\"og:site_name\" content=\"Libros del Zorro Rojo\" \/>\n<meta property=\"article:modified_time\" content=\"2024-12-13T09:57:04+00:00\" \/>\n<meta property=\"og:image\" content=\"https:\/\/librosdelzorrorojo.com\/wp-content\/uploads\/2024\/02\/COVER_Cuentos-oscuros_WEB.jpg\" \/>\n\t<meta property=\"og:image:width\" content=\"850\" \/>\n\t<meta property=\"og:image:height\" content=\"1202\" \/>\n\t<meta property=\"og:image:type\" content=\"image\/jpeg\" \/>\n<meta name=\"twitter:card\" content=\"summary_large_image\" \/>\n<meta name=\"twitter:label1\" content=\"Temps estimat de lectura\" \/>\n\t<meta name=\"twitter:data1\" content=\"1 minut\" \/>\n<script type=\"application\/ld+json\" class=\"yoast-schema-graph\">{\"@context\":\"https:\/\/schema.org\",\"@graph\":[{\"@type\":\"WebPage\",\"@id\":\"https:\/\/librosdelzorrorojo.com\/ca\/cataleg\/cuentos-oscuros\/\",\"url\":\"https:\/\/librosdelzorrorojo.com\/ca\/cataleg\/cuentos-oscuros\/\",\"name\":\"Cuentos oscuros - Libros del Zorro Rojo\",\"isPartOf\":{\"@id\":\"https:\/\/librosdelzorrorojo.com\/#website\"},\"primaryImageOfPage\":{\"@id\":\"https:\/\/librosdelzorrorojo.com\/ca\/cataleg\/cuentos-oscuros\/#primaryimage\"},\"image\":{\"@id\":\"https:\/\/librosdelzorrorojo.com\/ca\/cataleg\/cuentos-oscuros\/#primaryimage\"},\"thumbnailUrl\":\"https:\/\/librosdelzorrorojo.com\/wp-content\/uploads\/2024\/02\/COVER_Cuentos-oscuros_WEB.jpg\",\"datePublished\":\"2024-03-13T09:00:13+00:00\",\"dateModified\":\"2024-12-13T09:57:04+00:00\",\"breadcrumb\":{\"@id\":\"https:\/\/librosdelzorrorojo.com\/ca\/cataleg\/cuentos-oscuros\/#breadcrumb\"},\"inLanguage\":\"ca\",\"potentialAction\":[{\"@type\":\"ReadAction\",\"target\":[\"https:\/\/librosdelzorrorojo.com\/ca\/cataleg\/cuentos-oscuros\/\"]}]},{\"@type\":\"ImageObject\",\"inLanguage\":\"ca\",\"@id\":\"https:\/\/librosdelzorrorojo.com\/ca\/cataleg\/cuentos-oscuros\/#primaryimage\",\"url\":\"https:\/\/librosdelzorrorojo.com\/wp-content\/uploads\/2024\/02\/COVER_Cuentos-oscuros_WEB.jpg\",\"contentUrl\":\"https:\/\/librosdelzorrorojo.com\/wp-content\/uploads\/2024\/02\/COVER_Cuentos-oscuros_WEB.jpg\",\"width\":850,\"height\":1202,\"caption\":\"COVER Cuentos oscuros WEB\"},{\"@type\":\"BreadcrumbList\",\"@id\":\"https:\/\/librosdelzorrorojo.com\/ca\/cataleg\/cuentos-oscuros\/#breadcrumb\",\"itemListElement\":[{\"@type\":\"ListItem\",\"position\":1,\"name\":\"Portada\",\"item\":\"https:\/\/librosdelzorrorojo.com\/ca\/\"},{\"@type\":\"ListItem\",\"position\":2,\"name\":\"Cat\u00e0leg\",\"item\":\"https:\/\/librosdelzorrorojo.com\/ca\/cataleg\/\"},{\"@type\":\"ListItem\",\"position\":3,\"name\":\"Cuentos oscuros\"}]},{\"@type\":\"WebSite\",\"@id\":\"https:\/\/librosdelzorrorojo.com\/#website\",\"url\":\"https:\/\/librosdelzorrorojo.com\/\",\"name\":\"Libros del Zorro Rojo\",\"description\":\"Libros ilustrados\",\"potentialAction\":[{\"@type\":\"SearchAction\",\"target\":{\"@type\":\"EntryPoint\",\"urlTemplate\":\"https:\/\/librosdelzorrorojo.com\/?s={search_term_string}\"},\"query-input\":{\"@type\":\"PropertyValueSpecification\",\"valueRequired\":true,\"valueName\":\"search_term_string\"}}],\"inLanguage\":\"ca\"}]}<\/script>\n<!-- \/ Yoast SEO plugin. -->","yoast_head_json":{"title":"Cuentos oscuros - Libros del Zorro Rojo","robots":{"index":"index","follow":"follow","max-snippet":"max-snippet:-1","max-image-preview":"max-image-preview:large","max-video-preview":"max-video-preview:-1"},"canonical":"https:\/\/librosdelzorrorojo.com\/ca\/cataleg\/cuentos-oscuros\/","og_locale":"ca_ES","og_type":"article","og_title":"Cuentos oscuros - Libros del Zorro Rojo","og_description":"Shirley Jackson, autora de obras maestras como La maldici\u00f3n de Hill House y Siempre hemos vivido en el castillo, firm\u00f3 tambi\u00e9n numerosos relatos; no solo \u00abLa loter\u00eda\u00bb (1948), cuya c\u00e9lebre aparici\u00f3n en The New Yorker caus\u00f3 tanto revuelo y que, durante d\u00e9cadas, fue la \u00fanica obra verdaderamente conocida de una autora por lo dem\u00e1s relegada, [&hellip;]","og_url":"https:\/\/librosdelzorrorojo.com\/ca\/cataleg\/cuentos-oscuros\/","og_site_name":"Libros del Zorro Rojo","article_modified_time":"2024-12-13T09:57:04+00:00","og_image":[{"width":850,"height":1202,"url":"https:\/\/librosdelzorrorojo.com\/wp-content\/uploads\/2024\/02\/COVER_Cuentos-oscuros_WEB.jpg","type":"image\/jpeg"}],"twitter_card":"summary_large_image","twitter_misc":{"Temps estimat de lectura":"1 minut"},"schema":{"@context":"https:\/\/schema.org","@graph":[{"@type":"WebPage","@id":"https:\/\/librosdelzorrorojo.com\/ca\/cataleg\/cuentos-oscuros\/","url":"https:\/\/librosdelzorrorojo.com\/ca\/cataleg\/cuentos-oscuros\/","name":"Cuentos oscuros - Libros del Zorro Rojo","isPartOf":{"@id":"https:\/\/librosdelzorrorojo.com\/#website"},"primaryImageOfPage":{"@id":"https:\/\/librosdelzorrorojo.com\/ca\/cataleg\/cuentos-oscuros\/#primaryimage"},"image":{"@id":"https:\/\/librosdelzorrorojo.com\/ca\/cataleg\/cuentos-oscuros\/#primaryimage"},"thumbnailUrl":"https:\/\/librosdelzorrorojo.com\/wp-content\/uploads\/2024\/02\/COVER_Cuentos-oscuros_WEB.jpg","datePublished":"2024-03-13T09:00:13+00:00","dateModified":"2024-12-13T09:57:04+00:00","breadcrumb":{"@id":"https:\/\/librosdelzorrorojo.com\/ca\/cataleg\/cuentos-oscuros\/#breadcrumb"},"inLanguage":"ca","potentialAction":[{"@type":"ReadAction","target":["https:\/\/librosdelzorrorojo.com\/ca\/cataleg\/cuentos-oscuros\/"]}]},{"@type":"ImageObject","inLanguage":"ca","@id":"https:\/\/librosdelzorrorojo.com\/ca\/cataleg\/cuentos-oscuros\/#primaryimage","url":"https:\/\/librosdelzorrorojo.com\/wp-content\/uploads\/2024\/02\/COVER_Cuentos-oscuros_WEB.jpg","contentUrl":"https:\/\/librosdelzorrorojo.com\/wp-content\/uploads\/2024\/02\/COVER_Cuentos-oscuros_WEB.jpg","width":850,"height":1202,"caption":"COVER Cuentos oscuros WEB"},{"@type":"BreadcrumbList","@id":"https:\/\/librosdelzorrorojo.com\/ca\/cataleg\/cuentos-oscuros\/#breadcrumb","itemListElement":[{"@type":"ListItem","position":1,"name":"Portada","item":"https:\/\/librosdelzorrorojo.com\/ca\/"},{"@type":"ListItem","position":2,"name":"Cat\u00e0leg","item":"https:\/\/librosdelzorrorojo.com\/ca\/cataleg\/"},{"@type":"ListItem","position":3,"name":"Cuentos oscuros"}]},{"@type":"WebSite","@id":"https:\/\/librosdelzorrorojo.com\/#website","url":"https:\/\/librosdelzorrorojo.com\/","name":"Libros del Zorro Rojo","description":"Libros ilustrados","potentialAction":[{"@type":"SearchAction","target":{"@type":"EntryPoint","urlTemplate":"https:\/\/librosdelzorrorojo.com\/?s={search_term_string}"},"query-input":{"@type":"PropertyValueSpecification","valueRequired":true,"valueName":"search_term_string"}}],"inLanguage":"ca"}]}},"_links":{"self":[{"href":"https:\/\/librosdelzorrorojo.com\/ca\/wp-json\/wp\/v2\/product\/27402","targetHints":{"allow":["GET"]}}],"collection":[{"href":"https:\/\/librosdelzorrorojo.com\/ca\/wp-json\/wp\/v2\/product"}],"about":[{"href":"https:\/\/librosdelzorrorojo.com\/ca\/wp-json\/wp\/v2\/types\/product"}],"wp:featuredmedia":[{"embeddable":true,"href":"https:\/\/librosdelzorrorojo.com\/ca\/wp-json\/wp\/v2\/media\/27387"}],"wp:attachment":[{"href":"https:\/\/librosdelzorrorojo.com\/ca\/wp-json\/wp\/v2\/media?parent=27402"}],"wp:term":[{"taxonomy":"product_brand","embeddable":true,"href":"https:\/\/librosdelzorrorojo.com\/ca\/wp-json\/wp\/v2\/product_brand?post=27402"},{"taxonomy":"product_cat","embeddable":true,"href":"https:\/\/librosdelzorrorojo.com\/ca\/wp-json\/wp\/v2\/product_cat?post=27402"},{"taxonomy":"product_tag","embeddable":true,"href":"https:\/\/librosdelzorrorojo.com\/ca\/wp-json\/wp\/v2\/product_tag?post=27402"}],"curies":[{"name":"wp","href":"https:\/\/api.w.org\/{rel}","templated":true}]}}