{"id":27306,"date":"2024-02-22T09:41:26","date_gmt":"2024-02-22T08:41:26","guid":{"rendered":"https:\/\/librosdelzorrorojo.com\/?post_type=product&#038;p=27306"},"modified":"2024-03-07T11:44:27","modified_gmt":"2024-03-07T10:44:27","slug":"una-fam-delefant","status":"publish","type":"product","link":"https:\/\/librosdelzorrorojo.com\/ca\/cataleg\/una-fam-delefant\/","title":{"rendered":"Una fam d\u2019elefant"},"content":{"rendered":"<p><span lang=\"CA\">La senyora Aranya ha teixit una teranyina entre dos arbres de la sabana i, mentre es passeja per all\u00e0, el senyor Elefant decideix utilitzar-la com a gronxador. La senyora Aranya, amb una fam d\u2019elefant, estira el fil i captura la seva presa: pam! I \u00e9s que ella nom\u00e9s pensa en el banquet, mentre que l\u2019Elefant sols hi sap veure l\u2019oportunitat de divertir-se tot i el perill\u00f3s pla de la seva amiga. Un \u00e0lbum que celebra l\u2019amistat. <\/span><\/p>\n<p><span lang=\"CA\">\u00c9ric Battut ens ofereix una hist\u00f2ria que entendreix i, amb un estil minimalista i ple de colors c\u00e0lids, perfila amb humor la trobada d\u2019aquesta parella de personatges inoblidables.<\/span><\/p>\n","protected":false},"excerpt":{"rendered":"La senyora Aranya ha teixit una teranyina entre dos arbres de la sabana i, mentre es passeja per all\u00e0, el senyor Elefant decideix utilitzar-la com a gronxador. La senyora Aranya, amb una fam d\u2019elefant, estira el fil i captura la seva presa: pam! I \u00e9s que ella nom\u00e9s pensa en el banquet, mentre que l\u2019Elefant [&hellip;]","protected":false},"featured_media":27304,"template":"","meta":{"_acf_changed":false},"product_brand":[],"product_cat":[840,843,839],"product_tag":[],"class_list":{"0":"post-27306","1":"product","2":"type-product","3":"status-publish","4":"has-post-thumbnail","6":"product_cat-catala","7":"product_cat-infantiles-ca","8":"product_cat-zona-kids-ca","9":"vinculo-apetito-de-elefante","11":"first","12":"instock","13":"taxable","14":"shipping-taxable","15":"purchasable","16":"product-type-simple"},"acf":[],"yoast_head":"<!-- This site is optimized with the Yoast SEO plugin v25.1 - https:\/\/yoast.com\/wordpress\/plugins\/seo\/ -->\n<title>Una fam d\u2019elefant - Libros del Zorro Rojo<\/title>\n<meta name=\"robots\" content=\"index, follow, max-snippet:-1, max-image-preview:large, max-video-preview:-1\" \/>\n<link rel=\"canonical\" href=\"https:\/\/librosdelzorrorojo.com\/ca\/cataleg\/una-fam-delefant\/\" \/>\n<meta property=\"og:locale\" content=\"ca_ES\" \/>\n<meta property=\"og:type\" content=\"article\" \/>\n<meta property=\"og:title\" content=\"Una fam d\u2019elefant - Libros del Zorro Rojo\" \/>\n<meta property=\"og:description\" content=\"La senyora Aranya ha teixit una teranyina entre dos arbres de la sabana i, mentre es passeja per all\u00e0, el senyor Elefant decideix utilitzar-la com a gronxador. La senyora Aranya, amb una fam d\u2019elefant, estira el fil i captura la seva presa: pam! I \u00e9s que ella nom\u00e9s pensa en el banquet, mentre que l\u2019Elefant [&hellip;]\" \/>\n<meta property=\"og:url\" content=\"https:\/\/librosdelzorrorojo.com\/ca\/cataleg\/una-fam-delefant\/\" \/>\n<meta property=\"og:site_name\" content=\"Libros del Zorro Rojo\" \/>\n<meta property=\"article:modified_time\" content=\"2024-03-07T10:44:27+00:00\" \/>\n<meta property=\"og:image\" content=\"https:\/\/librosdelzorrorojo.com\/wp-content\/uploads\/2024\/01\/COVER_Elefante_WEB-1.jpg\" \/>\n\t<meta property=\"og:image:width\" content=\"850\" \/>\n\t<meta property=\"og:image:height\" content=\"1201\" \/>\n\t<meta property=\"og:image:type\" content=\"image\/jpeg\" \/>\n<meta name=\"twitter:card\" content=\"summary_large_image\" \/>\n<meta name=\"twitter:label1\" content=\"Temps estimat de lectura\" \/>\n\t<meta name=\"twitter:data1\" content=\"1 minut\" \/>\n<script type=\"application\/ld+json\" class=\"yoast-schema-graph\">{\"@context\":\"https:\/\/schema.org\",\"@graph\":[{\"@type\":\"WebPage\",\"@id\":\"https:\/\/librosdelzorrorojo.com\/ca\/cataleg\/una-fam-delefant\/\",\"url\":\"https:\/\/librosdelzorrorojo.com\/ca\/cataleg\/una-fam-delefant\/\",\"name\":\"Una fam d\u2019elefant - Libros del Zorro Rojo\",\"isPartOf\":{\"@id\":\"https:\/\/librosdelzorrorojo.com\/#website\"},\"primaryImageOfPage\":{\"@id\":\"https:\/\/librosdelzorrorojo.com\/ca\/cataleg\/una-fam-delefant\/#primaryimage\"},\"image\":{\"@id\":\"https:\/\/librosdelzorrorojo.com\/ca\/cataleg\/una-fam-delefant\/#primaryimage\"},\"thumbnailUrl\":\"https:\/\/librosdelzorrorojo.com\/wp-content\/uploads\/2024\/01\/COVER_Elefante_WEB-1.jpg\",\"datePublished\":\"2024-02-22T08:41:26+00:00\",\"dateModified\":\"2024-03-07T10:44:27+00:00\",\"breadcrumb\":{\"@id\":\"https:\/\/librosdelzorrorojo.com\/ca\/cataleg\/una-fam-delefant\/#breadcrumb\"},\"inLanguage\":\"ca\",\"potentialAction\":[{\"@type\":\"ReadAction\",\"target\":[\"https:\/\/librosdelzorrorojo.com\/ca\/cataleg\/una-fam-delefant\/\"]}]},{\"@type\":\"ImageObject\",\"inLanguage\":\"ca\",\"@id\":\"https:\/\/librosdelzorrorojo.com\/ca\/cataleg\/una-fam-delefant\/#primaryimage\",\"url\":\"https:\/\/librosdelzorrorojo.com\/wp-content\/uploads\/2024\/01\/COVER_Elefante_WEB-1.jpg\",\"contentUrl\":\"https:\/\/librosdelzorrorojo.com\/wp-content\/uploads\/2024\/01\/COVER_Elefante_WEB-1.jpg\",\"width\":850,\"height\":1201,\"caption\":\"COVER Elefante WEB 1\"},{\"@type\":\"BreadcrumbList\",\"@id\":\"https:\/\/librosdelzorrorojo.com\/ca\/cataleg\/una-fam-delefant\/#breadcrumb\",\"itemListElement\":[{\"@type\":\"ListItem\",\"position\":1,\"name\":\"Portada\",\"item\":\"https:\/\/librosdelzorrorojo.com\/ca\/\"},{\"@type\":\"ListItem\",\"position\":2,\"name\":\"Cat\u00e0leg\",\"item\":\"https:\/\/librosdelzorrorojo.com\/ca\/cataleg\/\"},{\"@type\":\"ListItem\",\"position\":3,\"name\":\"Una fam d\u2019elefant\"}]},{\"@type\":\"WebSite\",\"@id\":\"https:\/\/librosdelzorrorojo.com\/#website\",\"url\":\"https:\/\/librosdelzorrorojo.com\/\",\"name\":\"Libros del Zorro Rojo\",\"description\":\"Libros ilustrados\",\"potentialAction\":[{\"@type\":\"SearchAction\",\"target\":{\"@type\":\"EntryPoint\",\"urlTemplate\":\"https:\/\/librosdelzorrorojo.com\/?s={search_term_string}\"},\"query-input\":{\"@type\":\"PropertyValueSpecification\",\"valueRequired\":true,\"valueName\":\"search_term_string\"}}],\"inLanguage\":\"ca\"}]}<\/script>\n<!-- \/ Yoast SEO plugin. -->","yoast_head_json":{"title":"Una fam d\u2019elefant - Libros del Zorro Rojo","robots":{"index":"index","follow":"follow","max-snippet":"max-snippet:-1","max-image-preview":"max-image-preview:large","max-video-preview":"max-video-preview:-1"},"canonical":"https:\/\/librosdelzorrorojo.com\/ca\/cataleg\/una-fam-delefant\/","og_locale":"ca_ES","og_type":"article","og_title":"Una fam d\u2019elefant - Libros del Zorro Rojo","og_description":"La senyora Aranya ha teixit una teranyina entre dos arbres de la sabana i, mentre es passeja per all\u00e0, el senyor Elefant decideix utilitzar-la com a gronxador. La senyora Aranya, amb una fam d\u2019elefant, estira el fil i captura la seva presa: pam! I \u00e9s que ella nom\u00e9s pensa en el banquet, mentre que l\u2019Elefant [&hellip;]","og_url":"https:\/\/librosdelzorrorojo.com\/ca\/cataleg\/una-fam-delefant\/","og_site_name":"Libros del Zorro Rojo","article_modified_time":"2024-03-07T10:44:27+00:00","og_image":[{"width":850,"height":1201,"url":"https:\/\/librosdelzorrorojo.com\/wp-content\/uploads\/2024\/01\/COVER_Elefante_WEB-1.jpg","type":"image\/jpeg"}],"twitter_card":"summary_large_image","twitter_misc":{"Temps estimat de lectura":"1 minut"},"schema":{"@context":"https:\/\/schema.org","@graph":[{"@type":"WebPage","@id":"https:\/\/librosdelzorrorojo.com\/ca\/cataleg\/una-fam-delefant\/","url":"https:\/\/librosdelzorrorojo.com\/ca\/cataleg\/una-fam-delefant\/","name":"Una fam d\u2019elefant - Libros del Zorro Rojo","isPartOf":{"@id":"https:\/\/librosdelzorrorojo.com\/#website"},"primaryImageOfPage":{"@id":"https:\/\/librosdelzorrorojo.com\/ca\/cataleg\/una-fam-delefant\/#primaryimage"},"image":{"@id":"https:\/\/librosdelzorrorojo.com\/ca\/cataleg\/una-fam-delefant\/#primaryimage"},"thumbnailUrl":"https:\/\/librosdelzorrorojo.com\/wp-content\/uploads\/2024\/01\/COVER_Elefante_WEB-1.jpg","datePublished":"2024-02-22T08:41:26+00:00","dateModified":"2024-03-07T10:44:27+00:00","breadcrumb":{"@id":"https:\/\/librosdelzorrorojo.com\/ca\/cataleg\/una-fam-delefant\/#breadcrumb"},"inLanguage":"ca","potentialAction":[{"@type":"ReadAction","target":["https:\/\/librosdelzorrorojo.com\/ca\/cataleg\/una-fam-delefant\/"]}]},{"@type":"ImageObject","inLanguage":"ca","@id":"https:\/\/librosdelzorrorojo.com\/ca\/cataleg\/una-fam-delefant\/#primaryimage","url":"https:\/\/librosdelzorrorojo.com\/wp-content\/uploads\/2024\/01\/COVER_Elefante_WEB-1.jpg","contentUrl":"https:\/\/librosdelzorrorojo.com\/wp-content\/uploads\/2024\/01\/COVER_Elefante_WEB-1.jpg","width":850,"height":1201,"caption":"COVER Elefante WEB 1"},{"@type":"BreadcrumbList","@id":"https:\/\/librosdelzorrorojo.com\/ca\/cataleg\/una-fam-delefant\/#breadcrumb","itemListElement":[{"@type":"ListItem","position":1,"name":"Portada","item":"https:\/\/librosdelzorrorojo.com\/ca\/"},{"@type":"ListItem","position":2,"name":"Cat\u00e0leg","item":"https:\/\/librosdelzorrorojo.com\/ca\/cataleg\/"},{"@type":"ListItem","position":3,"name":"Una fam d\u2019elefant"}]},{"@type":"WebSite","@id":"https:\/\/librosdelzorrorojo.com\/#website","url":"https:\/\/librosdelzorrorojo.com\/","name":"Libros del Zorro Rojo","description":"Libros ilustrados","potentialAction":[{"@type":"SearchAction","target":{"@type":"EntryPoint","urlTemplate":"https:\/\/librosdelzorrorojo.com\/?s={search_term_string}"},"query-input":{"@type":"PropertyValueSpecification","valueRequired":true,"valueName":"search_term_string"}}],"inLanguage":"ca"}]}},"_links":{"self":[{"href":"https:\/\/librosdelzorrorojo.com\/ca\/wp-json\/wp\/v2\/product\/27306","targetHints":{"allow":["GET"]}}],"collection":[{"href":"https:\/\/librosdelzorrorojo.com\/ca\/wp-json\/wp\/v2\/product"}],"about":[{"href":"https:\/\/librosdelzorrorojo.com\/ca\/wp-json\/wp\/v2\/types\/product"}],"wp:featuredmedia":[{"embeddable":true,"href":"https:\/\/librosdelzorrorojo.com\/ca\/wp-json\/wp\/v2\/media\/27304"}],"wp:attachment":[{"href":"https:\/\/librosdelzorrorojo.com\/ca\/wp-json\/wp\/v2\/media?parent=27306"}],"wp:term":[{"taxonomy":"product_brand","embeddable":true,"href":"https:\/\/librosdelzorrorojo.com\/ca\/wp-json\/wp\/v2\/product_brand?post=27306"},{"taxonomy":"product_cat","embeddable":true,"href":"https:\/\/librosdelzorrorojo.com\/ca\/wp-json\/wp\/v2\/product_cat?post=27306"},{"taxonomy":"product_tag","embeddable":true,"href":"https:\/\/librosdelzorrorojo.com\/ca\/wp-json\/wp\/v2\/product_tag?post=27306"}],"curies":[{"name":"wp","href":"https:\/\/api.w.org\/{rel}","templated":true}]}}