{"id":27272,"date":"2024-02-28T10:01:43","date_gmt":"2024-02-28T09:01:43","guid":{"rendered":"https:\/\/librosdelzorrorojo.com\/catalogo\/jim\/"},"modified":"2026-04-21T15:46:28","modified_gmt":"2026-04-21T13:46:28","slug":"jim","status":"publish","type":"product","link":"https:\/\/librosdelzorrorojo.com\/ca\/cataleg\/jim\/","title":{"rendered":"Jim"},"content":{"rendered":"<div>\n<p><span lang=\"ES-TRAD\">\u00bfC\u00f3mo llenar el vac\u00edo tras la muerte del perro que nos ha acompa\u00f1ado a lo largo de m\u00e1s de una d\u00e9cada? <\/span><span lang=\"ES-TRAD\"><\/span><\/p>\n<p><span lang=\"ES-TRAD\">A Fran\u00e7ois Schuiten, aclamado autor de series de culto como <i>Las ciudades oscuras,<\/i> se le impuso un \u00fanico remedio a la desesperaci\u00f3n tras la p\u00e9rdida de Jim: dibujarlo. Dibujarlo a diario, con l\u00e1piz, tinta y l\u00e1grimas, pero no solo como terapia para aliviar la pena, como estrategia ilusoria para conservarlo un poco m\u00e1s a su lado, sino tambi\u00e9n como un m\u00e9todo profundo para conocer la dimensi\u00f3n del v\u00ednculo que los hab\u00eda unido de manera firme e invisible. De esta disciplina \u2014que vino a reemplazar los largos paseos\u2014 naci\u00f3 <i>Jim,<\/i> a la vez evocaci\u00f3n de los momentos compartidos y exploraci\u00f3n del misterio de las relaciones entre perros y amos.\u00a0<\/span><span lang=\"ES-TRAD\"><\/span><\/p>\n<\/div>\n","protected":false},"excerpt":{"rendered":"\u00bfC\u00f3mo llenar el vac\u00edo tras la muerte del perro que nos ha acompa\u00f1ado a lo largo de m\u00e1s de una d\u00e9cada? A Fran\u00e7ois Schuiten, aclamado autor de series de culto como Las ciudades oscuras, se le impuso un \u00fanico remedio a la desesperaci\u00f3n tras la p\u00e9rdida de Jim: dibujarlo. Dibujarlo a diario, con l\u00e1piz, tinta [&hellip;]","protected":false},"featured_media":27260,"template":"","meta":{"_acf_changed":false},"product_brand":[],"product_cat":[844,3156,846],"product_tag":[],"class_list":{"0":"post-27272","1":"product","2":"type-product","3":"status-publish","4":"has-post-thumbnail","6":"product_cat-castella","7":"product_cat-juvenil-adult","8":"product_cat-novedades-ca","10":"first","11":"outofstock","12":"taxable","13":"shipping-taxable","14":"purchasable","15":"product-type-simple"},"acf":[],"yoast_head":"<!-- This site is optimized with the Yoast SEO plugin v25.1 - https:\/\/yoast.com\/wordpress\/plugins\/seo\/ -->\n<title>Jim - Libros del Zorro Rojo<\/title>\n<meta name=\"robots\" content=\"index, follow, max-snippet:-1, max-image-preview:large, max-video-preview:-1\" \/>\n<link rel=\"canonical\" href=\"https:\/\/librosdelzorrorojo.com\/ca\/cataleg\/jim\/\" \/>\n<meta property=\"og:locale\" content=\"ca_ES\" \/>\n<meta property=\"og:type\" content=\"article\" \/>\n<meta property=\"og:title\" content=\"Jim - Libros del Zorro Rojo\" \/>\n<meta property=\"og:description\" content=\"\u00bfC\u00f3mo llenar el vac\u00edo tras la muerte del perro que nos ha acompa\u00f1ado a lo largo de m\u00e1s de una d\u00e9cada? A Fran\u00e7ois Schuiten, aclamado autor de series de culto como Las ciudades oscuras, se le impuso un \u00fanico remedio a la desesperaci\u00f3n tras la p\u00e9rdida de Jim: dibujarlo. Dibujarlo a diario, con l\u00e1piz, tinta [&hellip;]\" \/>\n<meta property=\"og:url\" content=\"https:\/\/librosdelzorrorojo.com\/ca\/cataleg\/jim\/\" \/>\n<meta property=\"og:site_name\" content=\"Libros del Zorro Rojo\" \/>\n<meta property=\"article:modified_time\" content=\"2026-04-21T13:46:28+00:00\" \/>\n<meta property=\"og:image\" content=\"https:\/\/librosdelzorrorojo.com\/wp-content\/uploads\/2024\/01\/COVER_Jim_WEB.jpg\" \/>\n\t<meta property=\"og:image:width\" content=\"850\" \/>\n\t<meta property=\"og:image:height\" content=\"1104\" \/>\n\t<meta property=\"og:image:type\" content=\"image\/jpeg\" \/>\n<meta name=\"twitter:card\" content=\"summary_large_image\" \/>\n<meta name=\"twitter:label1\" content=\"Temps estimat de lectura\" \/>\n\t<meta name=\"twitter:data1\" content=\"1 minut\" \/>\n<script type=\"application\/ld+json\" class=\"yoast-schema-graph\">{\"@context\":\"https:\/\/schema.org\",\"@graph\":[{\"@type\":\"WebPage\",\"@id\":\"https:\/\/librosdelzorrorojo.com\/ca\/cataleg\/jim\/\",\"url\":\"https:\/\/librosdelzorrorojo.com\/ca\/cataleg\/jim\/\",\"name\":\"Jim - Libros del Zorro Rojo\",\"isPartOf\":{\"@id\":\"https:\/\/librosdelzorrorojo.com\/#website\"},\"primaryImageOfPage\":{\"@id\":\"https:\/\/librosdelzorrorojo.com\/ca\/cataleg\/jim\/#primaryimage\"},\"image\":{\"@id\":\"https:\/\/librosdelzorrorojo.com\/ca\/cataleg\/jim\/#primaryimage\"},\"thumbnailUrl\":\"https:\/\/librosdelzorrorojo.com\/wp-content\/uploads\/2024\/01\/COVER_Jim_WEB.jpg\",\"datePublished\":\"2024-02-28T09:01:43+00:00\",\"dateModified\":\"2026-04-21T13:46:28+00:00\",\"breadcrumb\":{\"@id\":\"https:\/\/librosdelzorrorojo.com\/ca\/cataleg\/jim\/#breadcrumb\"},\"inLanguage\":\"ca\",\"potentialAction\":[{\"@type\":\"ReadAction\",\"target\":[\"https:\/\/librosdelzorrorojo.com\/ca\/cataleg\/jim\/\"]}]},{\"@type\":\"ImageObject\",\"inLanguage\":\"ca\",\"@id\":\"https:\/\/librosdelzorrorojo.com\/ca\/cataleg\/jim\/#primaryimage\",\"url\":\"https:\/\/librosdelzorrorojo.com\/wp-content\/uploads\/2024\/01\/COVER_Jim_WEB.jpg\",\"contentUrl\":\"https:\/\/librosdelzorrorojo.com\/wp-content\/uploads\/2024\/01\/COVER_Jim_WEB.jpg\",\"width\":850,\"height\":1104,\"caption\":\"COVER Jim WEB\"},{\"@type\":\"BreadcrumbList\",\"@id\":\"https:\/\/librosdelzorrorojo.com\/ca\/cataleg\/jim\/#breadcrumb\",\"itemListElement\":[{\"@type\":\"ListItem\",\"position\":1,\"name\":\"Portada\",\"item\":\"https:\/\/librosdelzorrorojo.com\/ca\/\"},{\"@type\":\"ListItem\",\"position\":2,\"name\":\"Cat\u00e0leg\",\"item\":\"https:\/\/librosdelzorrorojo.com\/ca\/cataleg\/\"},{\"@type\":\"ListItem\",\"position\":3,\"name\":\"Jim\"}]},{\"@type\":\"WebSite\",\"@id\":\"https:\/\/librosdelzorrorojo.com\/#website\",\"url\":\"https:\/\/librosdelzorrorojo.com\/\",\"name\":\"Libros del Zorro Rojo\",\"description\":\"Libros ilustrados\",\"potentialAction\":[{\"@type\":\"SearchAction\",\"target\":{\"@type\":\"EntryPoint\",\"urlTemplate\":\"https:\/\/librosdelzorrorojo.com\/?s={search_term_string}\"},\"query-input\":{\"@type\":\"PropertyValueSpecification\",\"valueRequired\":true,\"valueName\":\"search_term_string\"}}],\"inLanguage\":\"ca\"}]}<\/script>\n<!-- \/ Yoast SEO plugin. -->","yoast_head_json":{"title":"Jim - Libros del Zorro Rojo","robots":{"index":"index","follow":"follow","max-snippet":"max-snippet:-1","max-image-preview":"max-image-preview:large","max-video-preview":"max-video-preview:-1"},"canonical":"https:\/\/librosdelzorrorojo.com\/ca\/cataleg\/jim\/","og_locale":"ca_ES","og_type":"article","og_title":"Jim - Libros del Zorro Rojo","og_description":"\u00bfC\u00f3mo llenar el vac\u00edo tras la muerte del perro que nos ha acompa\u00f1ado a lo largo de m\u00e1s de una d\u00e9cada? A Fran\u00e7ois Schuiten, aclamado autor de series de culto como Las ciudades oscuras, se le impuso un \u00fanico remedio a la desesperaci\u00f3n tras la p\u00e9rdida de Jim: dibujarlo. Dibujarlo a diario, con l\u00e1piz, tinta [&hellip;]","og_url":"https:\/\/librosdelzorrorojo.com\/ca\/cataleg\/jim\/","og_site_name":"Libros del Zorro Rojo","article_modified_time":"2026-04-21T13:46:28+00:00","og_image":[{"width":850,"height":1104,"url":"https:\/\/librosdelzorrorojo.com\/wp-content\/uploads\/2024\/01\/COVER_Jim_WEB.jpg","type":"image\/jpeg"}],"twitter_card":"summary_large_image","twitter_misc":{"Temps estimat de lectura":"1 minut"},"schema":{"@context":"https:\/\/schema.org","@graph":[{"@type":"WebPage","@id":"https:\/\/librosdelzorrorojo.com\/ca\/cataleg\/jim\/","url":"https:\/\/librosdelzorrorojo.com\/ca\/cataleg\/jim\/","name":"Jim - Libros del Zorro Rojo","isPartOf":{"@id":"https:\/\/librosdelzorrorojo.com\/#website"},"primaryImageOfPage":{"@id":"https:\/\/librosdelzorrorojo.com\/ca\/cataleg\/jim\/#primaryimage"},"image":{"@id":"https:\/\/librosdelzorrorojo.com\/ca\/cataleg\/jim\/#primaryimage"},"thumbnailUrl":"https:\/\/librosdelzorrorojo.com\/wp-content\/uploads\/2024\/01\/COVER_Jim_WEB.jpg","datePublished":"2024-02-28T09:01:43+00:00","dateModified":"2026-04-21T13:46:28+00:00","breadcrumb":{"@id":"https:\/\/librosdelzorrorojo.com\/ca\/cataleg\/jim\/#breadcrumb"},"inLanguage":"ca","potentialAction":[{"@type":"ReadAction","target":["https:\/\/librosdelzorrorojo.com\/ca\/cataleg\/jim\/"]}]},{"@type":"ImageObject","inLanguage":"ca","@id":"https:\/\/librosdelzorrorojo.com\/ca\/cataleg\/jim\/#primaryimage","url":"https:\/\/librosdelzorrorojo.com\/wp-content\/uploads\/2024\/01\/COVER_Jim_WEB.jpg","contentUrl":"https:\/\/librosdelzorrorojo.com\/wp-content\/uploads\/2024\/01\/COVER_Jim_WEB.jpg","width":850,"height":1104,"caption":"COVER Jim WEB"},{"@type":"BreadcrumbList","@id":"https:\/\/librosdelzorrorojo.com\/ca\/cataleg\/jim\/#breadcrumb","itemListElement":[{"@type":"ListItem","position":1,"name":"Portada","item":"https:\/\/librosdelzorrorojo.com\/ca\/"},{"@type":"ListItem","position":2,"name":"Cat\u00e0leg","item":"https:\/\/librosdelzorrorojo.com\/ca\/cataleg\/"},{"@type":"ListItem","position":3,"name":"Jim"}]},{"@type":"WebSite","@id":"https:\/\/librosdelzorrorojo.com\/#website","url":"https:\/\/librosdelzorrorojo.com\/","name":"Libros del Zorro Rojo","description":"Libros ilustrados","potentialAction":[{"@type":"SearchAction","target":{"@type":"EntryPoint","urlTemplate":"https:\/\/librosdelzorrorojo.com\/?s={search_term_string}"},"query-input":{"@type":"PropertyValueSpecification","valueRequired":true,"valueName":"search_term_string"}}],"inLanguage":"ca"}]}},"_links":{"self":[{"href":"https:\/\/librosdelzorrorojo.com\/ca\/wp-json\/wp\/v2\/product\/27272","targetHints":{"allow":["GET"]}}],"collection":[{"href":"https:\/\/librosdelzorrorojo.com\/ca\/wp-json\/wp\/v2\/product"}],"about":[{"href":"https:\/\/librosdelzorrorojo.com\/ca\/wp-json\/wp\/v2\/types\/product"}],"wp:featuredmedia":[{"embeddable":true,"href":"https:\/\/librosdelzorrorojo.com\/ca\/wp-json\/wp\/v2\/media\/27260"}],"wp:attachment":[{"href":"https:\/\/librosdelzorrorojo.com\/ca\/wp-json\/wp\/v2\/media?parent=27272"}],"wp:term":[{"taxonomy":"product_brand","embeddable":true,"href":"https:\/\/librosdelzorrorojo.com\/ca\/wp-json\/wp\/v2\/product_brand?post=27272"},{"taxonomy":"product_cat","embeddable":true,"href":"https:\/\/librosdelzorrorojo.com\/ca\/wp-json\/wp\/v2\/product_cat?post=27272"},{"taxonomy":"product_tag","embeddable":true,"href":"https:\/\/librosdelzorrorojo.com\/ca\/wp-json\/wp\/v2\/product_tag?post=27272"}],"curies":[{"name":"wp","href":"https:\/\/api.w.org\/{rel}","templated":true}]}}