{"id":27233,"date":"2024-03-06T10:00:42","date_gmt":"2024-03-06T09:00:42","guid":{"rendered":"https:\/\/librosdelzorrorojo.com\/?post_type=product&#038;p=27233"},"modified":"2025-09-11T13:07:11","modified_gmt":"2025-09-11T11:07:11","slug":"i-ara-on-soc","status":"publish","type":"product","link":"https:\/\/librosdelzorrorojo.com\/ca\/cataleg\/i-ara-on-soc\/","title":{"rendered":"I ara, on soc?"},"content":{"rendered":"<p><span lang=\"CA\">Quan estem perduts, acostumem a orientar-nos amb un mapa, tot i que de vegades no resulti tan senzill. En aquesta nova entrega de la s\u00e8rie emblem\u00e0tica de Shinsuke Yoshitake, Y<\/span><span lang=\"CA\">\u016b<\/span><span lang=\"CA\"> apr\u00e8n a interpretar les claus que la seva mare li dibuixa per tal de fer un enc\u00e0rrec i tornar a casa. A la seva manera, acaba inventant camins.<\/span><\/p>\n<p><span lang=\"CA\">Perqu\u00e8 la veritable aventura comen\u00e7a m\u00e9s aviat a l\u2019hora de tornar i entre pregunta i pregunta, recurs molt popular entre els m\u00e9s menuts per comprendre el m\u00f3n. Pot haver tants mapes com coses vulguem saber: des d\u2019on \u00e9s la peixateria del mercat fins a com ens sentim i a qu\u00e8 s\u2019assembla el futur, quines coses ens agrada fer de deb\u00f2 i quin \u00e9s el nostre amagatall preferit. \u00a0<\/span><\/p>\n<p><i><span lang=\"CA\">I ara, on soc? <\/span><\/i><span lang=\"CA\">\u00e9s un llibre ple d\u2019humor, enginy i recursos perqu\u00e8 els petits lectors joves s\u2019endinsin en alguns temes aparentment complexos.<\/span><span lang=\"CA\"><\/span><\/p>\n","protected":false},"excerpt":{"rendered":"Quan estem perduts, acostumem a orientar-nos amb un mapa, tot i que de vegades no resulti tan senzill. En aquesta nova entrega de la s\u00e8rie emblem\u00e0tica de Shinsuke Yoshitake, Y\u016b apr\u00e8n a interpretar les claus que la seva mare li dibuixa per tal de fer un enc\u00e0rrec i tornar a casa. A la seva manera, [&hellip;]","protected":false},"featured_media":27234,"template":"","meta":{"_acf_changed":false},"product_brand":[],"product_cat":[840,843,839],"product_tag":[],"class_list":{"0":"post-27233","1":"product","2":"type-product","3":"status-publish","4":"has-post-thumbnail","6":"product_cat-catala","7":"product_cat-infantiles-ca","8":"product_cat-zona-kids-ca","9":"vinculo-y-ahora-donde-estoy","11":"first","12":"instock","13":"taxable","14":"shipping-taxable","15":"purchasable","16":"product-type-simple"},"acf":[],"yoast_head":"<!-- This site is optimized with the Yoast SEO plugin v25.1 - https:\/\/yoast.com\/wordpress\/plugins\/seo\/ -->\n<title>I ara, on soc? - Libros del Zorro Rojo<\/title>\n<meta name=\"robots\" content=\"index, follow, max-snippet:-1, max-image-preview:large, max-video-preview:-1\" \/>\n<link rel=\"canonical\" href=\"https:\/\/librosdelzorrorojo.com\/ca\/cataleg\/i-ara-on-soc\/\" \/>\n<meta property=\"og:locale\" content=\"ca_ES\" \/>\n<meta property=\"og:type\" content=\"article\" \/>\n<meta property=\"og:title\" content=\"I ara, on soc? - Libros del Zorro Rojo\" \/>\n<meta property=\"og:description\" content=\"Quan estem perduts, acostumem a orientar-nos amb un mapa, tot i que de vegades no resulti tan senzill. En aquesta nova entrega de la s\u00e8rie emblem\u00e0tica de Shinsuke Yoshitake, Y\u016b apr\u00e8n a interpretar les claus que la seva mare li dibuixa per tal de fer un enc\u00e0rrec i tornar a casa. A la seva manera, [&hellip;]\" \/>\n<meta property=\"og:url\" content=\"https:\/\/librosdelzorrorojo.com\/ca\/cataleg\/i-ara-on-soc\/\" \/>\n<meta property=\"og:site_name\" content=\"Libros del Zorro Rojo\" \/>\n<meta property=\"article:modified_time\" content=\"2025-09-11T11:07:11+00:00\" \/>\n<meta property=\"og:image\" content=\"https:\/\/librosdelzorrorojo.com\/wp-content\/uploads\/2024\/01\/COVER_nombre_WEB-1.jpg\" \/>\n\t<meta property=\"og:image:width\" content=\"850\" \/>\n\t<meta property=\"og:image:height\" content=\"1068\" \/>\n\t<meta property=\"og:image:type\" content=\"image\/jpeg\" \/>\n<meta name=\"twitter:card\" content=\"summary_large_image\" \/>\n<meta name=\"twitter:label1\" content=\"Temps estimat de lectura\" \/>\n\t<meta name=\"twitter:data1\" content=\"1 minut\" \/>\n<script type=\"application\/ld+json\" class=\"yoast-schema-graph\">{\"@context\":\"https:\/\/schema.org\",\"@graph\":[{\"@type\":\"WebPage\",\"@id\":\"https:\/\/librosdelzorrorojo.com\/ca\/cataleg\/i-ara-on-soc\/\",\"url\":\"https:\/\/librosdelzorrorojo.com\/ca\/cataleg\/i-ara-on-soc\/\",\"name\":\"I ara, on soc? - Libros del Zorro Rojo\",\"isPartOf\":{\"@id\":\"https:\/\/librosdelzorrorojo.com\/#website\"},\"primaryImageOfPage\":{\"@id\":\"https:\/\/librosdelzorrorojo.com\/ca\/cataleg\/i-ara-on-soc\/#primaryimage\"},\"image\":{\"@id\":\"https:\/\/librosdelzorrorojo.com\/ca\/cataleg\/i-ara-on-soc\/#primaryimage\"},\"thumbnailUrl\":\"https:\/\/librosdelzorrorojo.com\/wp-content\/uploads\/2024\/01\/COVER_nombre_WEB-1.jpg\",\"datePublished\":\"2024-03-06T09:00:42+00:00\",\"dateModified\":\"2025-09-11T11:07:11+00:00\",\"breadcrumb\":{\"@id\":\"https:\/\/librosdelzorrorojo.com\/ca\/cataleg\/i-ara-on-soc\/#breadcrumb\"},\"inLanguage\":\"ca\",\"potentialAction\":[{\"@type\":\"ReadAction\",\"target\":[\"https:\/\/librosdelzorrorojo.com\/ca\/cataleg\/i-ara-on-soc\/\"]}]},{\"@type\":\"ImageObject\",\"inLanguage\":\"ca\",\"@id\":\"https:\/\/librosdelzorrorojo.com\/ca\/cataleg\/i-ara-on-soc\/#primaryimage\",\"url\":\"https:\/\/librosdelzorrorojo.com\/wp-content\/uploads\/2024\/01\/COVER_nombre_WEB-1.jpg\",\"contentUrl\":\"https:\/\/librosdelzorrorojo.com\/wp-content\/uploads\/2024\/01\/COVER_nombre_WEB-1.jpg\",\"width\":850,\"height\":1068,\"caption\":\"COVER nombre WEB 1\"},{\"@type\":\"BreadcrumbList\",\"@id\":\"https:\/\/librosdelzorrorojo.com\/ca\/cataleg\/i-ara-on-soc\/#breadcrumb\",\"itemListElement\":[{\"@type\":\"ListItem\",\"position\":1,\"name\":\"Portada\",\"item\":\"https:\/\/librosdelzorrorojo.com\/ca\/\"},{\"@type\":\"ListItem\",\"position\":2,\"name\":\"Cat\u00e0leg\",\"item\":\"https:\/\/librosdelzorrorojo.com\/ca\/cataleg\/\"},{\"@type\":\"ListItem\",\"position\":3,\"name\":\"I ara, on soc?\"}]},{\"@type\":\"WebSite\",\"@id\":\"https:\/\/librosdelzorrorojo.com\/#website\",\"url\":\"https:\/\/librosdelzorrorojo.com\/\",\"name\":\"Libros del Zorro Rojo\",\"description\":\"Libros ilustrados\",\"potentialAction\":[{\"@type\":\"SearchAction\",\"target\":{\"@type\":\"EntryPoint\",\"urlTemplate\":\"https:\/\/librosdelzorrorojo.com\/?s={search_term_string}\"},\"query-input\":{\"@type\":\"PropertyValueSpecification\",\"valueRequired\":true,\"valueName\":\"search_term_string\"}}],\"inLanguage\":\"ca\"}]}<\/script>\n<!-- \/ Yoast SEO plugin. -->","yoast_head_json":{"title":"I ara, on soc? - Libros del Zorro Rojo","robots":{"index":"index","follow":"follow","max-snippet":"max-snippet:-1","max-image-preview":"max-image-preview:large","max-video-preview":"max-video-preview:-1"},"canonical":"https:\/\/librosdelzorrorojo.com\/ca\/cataleg\/i-ara-on-soc\/","og_locale":"ca_ES","og_type":"article","og_title":"I ara, on soc? - Libros del Zorro Rojo","og_description":"Quan estem perduts, acostumem a orientar-nos amb un mapa, tot i que de vegades no resulti tan senzill. En aquesta nova entrega de la s\u00e8rie emblem\u00e0tica de Shinsuke Yoshitake, Y\u016b apr\u00e8n a interpretar les claus que la seva mare li dibuixa per tal de fer un enc\u00e0rrec i tornar a casa. A la seva manera, [&hellip;]","og_url":"https:\/\/librosdelzorrorojo.com\/ca\/cataleg\/i-ara-on-soc\/","og_site_name":"Libros del Zorro Rojo","article_modified_time":"2025-09-11T11:07:11+00:00","og_image":[{"width":850,"height":1068,"url":"https:\/\/librosdelzorrorojo.com\/wp-content\/uploads\/2024\/01\/COVER_nombre_WEB-1.jpg","type":"image\/jpeg"}],"twitter_card":"summary_large_image","twitter_misc":{"Temps estimat de lectura":"1 minut"},"schema":{"@context":"https:\/\/schema.org","@graph":[{"@type":"WebPage","@id":"https:\/\/librosdelzorrorojo.com\/ca\/cataleg\/i-ara-on-soc\/","url":"https:\/\/librosdelzorrorojo.com\/ca\/cataleg\/i-ara-on-soc\/","name":"I ara, on soc? - Libros del Zorro Rojo","isPartOf":{"@id":"https:\/\/librosdelzorrorojo.com\/#website"},"primaryImageOfPage":{"@id":"https:\/\/librosdelzorrorojo.com\/ca\/cataleg\/i-ara-on-soc\/#primaryimage"},"image":{"@id":"https:\/\/librosdelzorrorojo.com\/ca\/cataleg\/i-ara-on-soc\/#primaryimage"},"thumbnailUrl":"https:\/\/librosdelzorrorojo.com\/wp-content\/uploads\/2024\/01\/COVER_nombre_WEB-1.jpg","datePublished":"2024-03-06T09:00:42+00:00","dateModified":"2025-09-11T11:07:11+00:00","breadcrumb":{"@id":"https:\/\/librosdelzorrorojo.com\/ca\/cataleg\/i-ara-on-soc\/#breadcrumb"},"inLanguage":"ca","potentialAction":[{"@type":"ReadAction","target":["https:\/\/librosdelzorrorojo.com\/ca\/cataleg\/i-ara-on-soc\/"]}]},{"@type":"ImageObject","inLanguage":"ca","@id":"https:\/\/librosdelzorrorojo.com\/ca\/cataleg\/i-ara-on-soc\/#primaryimage","url":"https:\/\/librosdelzorrorojo.com\/wp-content\/uploads\/2024\/01\/COVER_nombre_WEB-1.jpg","contentUrl":"https:\/\/librosdelzorrorojo.com\/wp-content\/uploads\/2024\/01\/COVER_nombre_WEB-1.jpg","width":850,"height":1068,"caption":"COVER nombre WEB 1"},{"@type":"BreadcrumbList","@id":"https:\/\/librosdelzorrorojo.com\/ca\/cataleg\/i-ara-on-soc\/#breadcrumb","itemListElement":[{"@type":"ListItem","position":1,"name":"Portada","item":"https:\/\/librosdelzorrorojo.com\/ca\/"},{"@type":"ListItem","position":2,"name":"Cat\u00e0leg","item":"https:\/\/librosdelzorrorojo.com\/ca\/cataleg\/"},{"@type":"ListItem","position":3,"name":"I ara, on soc?"}]},{"@type":"WebSite","@id":"https:\/\/librosdelzorrorojo.com\/#website","url":"https:\/\/librosdelzorrorojo.com\/","name":"Libros del Zorro Rojo","description":"Libros ilustrados","potentialAction":[{"@type":"SearchAction","target":{"@type":"EntryPoint","urlTemplate":"https:\/\/librosdelzorrorojo.com\/?s={search_term_string}"},"query-input":{"@type":"PropertyValueSpecification","valueRequired":true,"valueName":"search_term_string"}}],"inLanguage":"ca"}]}},"_links":{"self":[{"href":"https:\/\/librosdelzorrorojo.com\/ca\/wp-json\/wp\/v2\/product\/27233","targetHints":{"allow":["GET"]}}],"collection":[{"href":"https:\/\/librosdelzorrorojo.com\/ca\/wp-json\/wp\/v2\/product"}],"about":[{"href":"https:\/\/librosdelzorrorojo.com\/ca\/wp-json\/wp\/v2\/types\/product"}],"wp:featuredmedia":[{"embeddable":true,"href":"https:\/\/librosdelzorrorojo.com\/ca\/wp-json\/wp\/v2\/media\/27234"}],"wp:attachment":[{"href":"https:\/\/librosdelzorrorojo.com\/ca\/wp-json\/wp\/v2\/media?parent=27233"}],"wp:term":[{"taxonomy":"product_brand","embeddable":true,"href":"https:\/\/librosdelzorrorojo.com\/ca\/wp-json\/wp\/v2\/product_brand?post=27233"},{"taxonomy":"product_cat","embeddable":true,"href":"https:\/\/librosdelzorrorojo.com\/ca\/wp-json\/wp\/v2\/product_cat?post=27233"},{"taxonomy":"product_tag","embeddable":true,"href":"https:\/\/librosdelzorrorojo.com\/ca\/wp-json\/wp\/v2\/product_tag?post=27233"}],"curies":[{"name":"wp","href":"https:\/\/api.w.org\/{rel}","templated":true}]}}