{"id":27177,"date":"2024-03-20T10:13:00","date_gmt":"2024-03-20T09:13:00","guid":{"rendered":"https:\/\/librosdelzorrorojo.com\/catalogo\/despues-de-las-olas\/"},"modified":"2026-04-27T12:51:17","modified_gmt":"2026-04-27T10:51:17","slug":"despues-de-las-olas","status":"publish","type":"product","link":"https:\/\/librosdelzorrorojo.com\/ca\/cataleg\/despues-de-las-olas\/","title":{"rendered":"Despu\u00e9s de las olas"},"content":{"rendered":"<p><span lang=\"ES-TRAD\">Nunca sabemos qu\u00e9 aventura nos depara el camino. Para los protagonistas de esta historia, viajar acompa\u00f1ado es mejor que hacerlo solo, perderse parece una buena forma de encontrarse y, ante un imprevisto, la imaginaci\u00f3n se convierte en gran aliada. Como la familia que uno elige, o el compa\u00f1ero de viajes y fatigas. Y porque todo aquello que se siembra tarde o temprano acaba dando frutos. <\/span><\/p>\n<p><span lang=\"ES-TRAD\">Sandrine Kao, autora de <i>La caricia del viento <\/i>(Libros del Zorro Rojo, 2022), nos gu\u00eda en un bell\u00edsimo viaje por la naturaleza, a trav\u00e9s de vi\u00f1etas y paisajes tan vivos como delicados. Los dibujos y los textos, que hacen pensar en haikus, elaboran pensamientos tan sencillos como trascendentales.<\/span><\/p>\n","protected":false},"excerpt":{"rendered":"Nunca sabemos qu\u00e9 aventura nos depara el camino. Para los protagonistas de esta historia, viajar acompa\u00f1ado es mejor que hacerlo solo, perderse parece una buena forma de encontrarse y, ante un imprevisto, la imaginaci\u00f3n se convierte en gran aliada. Como la familia que uno elige, o el compa\u00f1ero de viajes y fatigas. Y porque todo [&hellip;]","protected":false},"featured_media":27168,"template":"","meta":{"_acf_changed":false},"product_brand":[],"product_cat":[844,843,839],"product_tag":[],"class_list":{"0":"post-27177","1":"product","2":"type-product","3":"status-publish","4":"has-post-thumbnail","6":"product_cat-castella","7":"product_cat-infantiles-ca","8":"product_cat-zona-kids-ca","9":"vinculo-despues-de-las-olas","11":"first","12":"instock","13":"taxable","14":"shipping-taxable","15":"purchasable","16":"product-type-simple"},"acf":[],"yoast_head":"<!-- This site is optimized with the Yoast SEO plugin v25.1 - https:\/\/yoast.com\/wordpress\/plugins\/seo\/ -->\n<title>Despu\u00e9s de las olas - Libros del Zorro Rojo<\/title>\n<meta name=\"robots\" content=\"index, follow, max-snippet:-1, max-image-preview:large, max-video-preview:-1\" \/>\n<link rel=\"canonical\" href=\"https:\/\/librosdelzorrorojo.com\/ca\/cataleg\/despues-de-las-olas\/\" \/>\n<meta property=\"og:locale\" content=\"ca_ES\" \/>\n<meta property=\"og:type\" content=\"article\" \/>\n<meta property=\"og:title\" content=\"Despu\u00e9s de las olas - Libros del Zorro Rojo\" \/>\n<meta property=\"og:description\" content=\"Nunca sabemos qu\u00e9 aventura nos depara el camino. Para los protagonistas de esta historia, viajar acompa\u00f1ado es mejor que hacerlo solo, perderse parece una buena forma de encontrarse y, ante un imprevisto, la imaginaci\u00f3n se convierte en gran aliada. Como la familia que uno elige, o el compa\u00f1ero de viajes y fatigas. Y porque todo [&hellip;]\" \/>\n<meta property=\"og:url\" content=\"https:\/\/librosdelzorrorojo.com\/ca\/cataleg\/despues-de-las-olas\/\" \/>\n<meta property=\"og:site_name\" content=\"Libros del Zorro Rojo\" \/>\n<meta property=\"article:modified_time\" content=\"2026-04-27T10:51:17+00:00\" \/>\n<meta property=\"og:image\" content=\"https:\/\/librosdelzorrorojo.com\/wp-content\/uploads\/2024\/01\/COVER_Dsp_olas_WEB.jpg\" \/>\n\t<meta property=\"og:image:width\" content=\"850\" \/>\n\t<meta property=\"og:image:height\" content=\"1423\" \/>\n\t<meta property=\"og:image:type\" content=\"image\/jpeg\" \/>\n<meta name=\"twitter:card\" content=\"summary_large_image\" \/>\n<meta name=\"twitter:label1\" content=\"Temps estimat de lectura\" \/>\n\t<meta name=\"twitter:data1\" content=\"1 minut\" \/>\n<script type=\"application\/ld+json\" class=\"yoast-schema-graph\">{\"@context\":\"https:\/\/schema.org\",\"@graph\":[{\"@type\":\"WebPage\",\"@id\":\"https:\/\/librosdelzorrorojo.com\/ca\/cataleg\/despues-de-las-olas\/\",\"url\":\"https:\/\/librosdelzorrorojo.com\/ca\/cataleg\/despues-de-las-olas\/\",\"name\":\"Despu\u00e9s de las olas - Libros del Zorro Rojo\",\"isPartOf\":{\"@id\":\"https:\/\/librosdelzorrorojo.com\/#website\"},\"primaryImageOfPage\":{\"@id\":\"https:\/\/librosdelzorrorojo.com\/ca\/cataleg\/despues-de-las-olas\/#primaryimage\"},\"image\":{\"@id\":\"https:\/\/librosdelzorrorojo.com\/ca\/cataleg\/despues-de-las-olas\/#primaryimage\"},\"thumbnailUrl\":\"https:\/\/librosdelzorrorojo.com\/wp-content\/uploads\/2024\/01\/COVER_Dsp_olas_WEB.jpg\",\"datePublished\":\"2024-03-20T09:13:00+00:00\",\"dateModified\":\"2026-04-27T10:51:17+00:00\",\"breadcrumb\":{\"@id\":\"https:\/\/librosdelzorrorojo.com\/ca\/cataleg\/despues-de-las-olas\/#breadcrumb\"},\"inLanguage\":\"ca\",\"potentialAction\":[{\"@type\":\"ReadAction\",\"target\":[\"https:\/\/librosdelzorrorojo.com\/ca\/cataleg\/despues-de-las-olas\/\"]}]},{\"@type\":\"ImageObject\",\"inLanguage\":\"ca\",\"@id\":\"https:\/\/librosdelzorrorojo.com\/ca\/cataleg\/despues-de-las-olas\/#primaryimage\",\"url\":\"https:\/\/librosdelzorrorojo.com\/wp-content\/uploads\/2024\/01\/COVER_Dsp_olas_WEB.jpg\",\"contentUrl\":\"https:\/\/librosdelzorrorojo.com\/wp-content\/uploads\/2024\/01\/COVER_Dsp_olas_WEB.jpg\",\"width\":850,\"height\":1423,\"caption\":\"COVER Dsp olas WEB\"},{\"@type\":\"BreadcrumbList\",\"@id\":\"https:\/\/librosdelzorrorojo.com\/ca\/cataleg\/despues-de-las-olas\/#breadcrumb\",\"itemListElement\":[{\"@type\":\"ListItem\",\"position\":1,\"name\":\"Portada\",\"item\":\"https:\/\/librosdelzorrorojo.com\/ca\/\"},{\"@type\":\"ListItem\",\"position\":2,\"name\":\"Cat\u00e0leg\",\"item\":\"https:\/\/librosdelzorrorojo.com\/ca\/cataleg\/\"},{\"@type\":\"ListItem\",\"position\":3,\"name\":\"Despu\u00e9s de las olas\"}]},{\"@type\":\"WebSite\",\"@id\":\"https:\/\/librosdelzorrorojo.com\/#website\",\"url\":\"https:\/\/librosdelzorrorojo.com\/\",\"name\":\"Libros del Zorro Rojo\",\"description\":\"Libros ilustrados\",\"potentialAction\":[{\"@type\":\"SearchAction\",\"target\":{\"@type\":\"EntryPoint\",\"urlTemplate\":\"https:\/\/librosdelzorrorojo.com\/?s={search_term_string}\"},\"query-input\":{\"@type\":\"PropertyValueSpecification\",\"valueRequired\":true,\"valueName\":\"search_term_string\"}}],\"inLanguage\":\"ca\"}]}<\/script>\n<!-- \/ Yoast SEO plugin. -->","yoast_head_json":{"title":"Despu\u00e9s de las olas - Libros del Zorro Rojo","robots":{"index":"index","follow":"follow","max-snippet":"max-snippet:-1","max-image-preview":"max-image-preview:large","max-video-preview":"max-video-preview:-1"},"canonical":"https:\/\/librosdelzorrorojo.com\/ca\/cataleg\/despues-de-las-olas\/","og_locale":"ca_ES","og_type":"article","og_title":"Despu\u00e9s de las olas - Libros del Zorro Rojo","og_description":"Nunca sabemos qu\u00e9 aventura nos depara el camino. Para los protagonistas de esta historia, viajar acompa\u00f1ado es mejor que hacerlo solo, perderse parece una buena forma de encontrarse y, ante un imprevisto, la imaginaci\u00f3n se convierte en gran aliada. Como la familia que uno elige, o el compa\u00f1ero de viajes y fatigas. Y porque todo [&hellip;]","og_url":"https:\/\/librosdelzorrorojo.com\/ca\/cataleg\/despues-de-las-olas\/","og_site_name":"Libros del Zorro Rojo","article_modified_time":"2026-04-27T10:51:17+00:00","og_image":[{"width":850,"height":1423,"url":"https:\/\/librosdelzorrorojo.com\/wp-content\/uploads\/2024\/01\/COVER_Dsp_olas_WEB.jpg","type":"image\/jpeg"}],"twitter_card":"summary_large_image","twitter_misc":{"Temps estimat de lectura":"1 minut"},"schema":{"@context":"https:\/\/schema.org","@graph":[{"@type":"WebPage","@id":"https:\/\/librosdelzorrorojo.com\/ca\/cataleg\/despues-de-las-olas\/","url":"https:\/\/librosdelzorrorojo.com\/ca\/cataleg\/despues-de-las-olas\/","name":"Despu\u00e9s de las olas - Libros del Zorro Rojo","isPartOf":{"@id":"https:\/\/librosdelzorrorojo.com\/#website"},"primaryImageOfPage":{"@id":"https:\/\/librosdelzorrorojo.com\/ca\/cataleg\/despues-de-las-olas\/#primaryimage"},"image":{"@id":"https:\/\/librosdelzorrorojo.com\/ca\/cataleg\/despues-de-las-olas\/#primaryimage"},"thumbnailUrl":"https:\/\/librosdelzorrorojo.com\/wp-content\/uploads\/2024\/01\/COVER_Dsp_olas_WEB.jpg","datePublished":"2024-03-20T09:13:00+00:00","dateModified":"2026-04-27T10:51:17+00:00","breadcrumb":{"@id":"https:\/\/librosdelzorrorojo.com\/ca\/cataleg\/despues-de-las-olas\/#breadcrumb"},"inLanguage":"ca","potentialAction":[{"@type":"ReadAction","target":["https:\/\/librosdelzorrorojo.com\/ca\/cataleg\/despues-de-las-olas\/"]}]},{"@type":"ImageObject","inLanguage":"ca","@id":"https:\/\/librosdelzorrorojo.com\/ca\/cataleg\/despues-de-las-olas\/#primaryimage","url":"https:\/\/librosdelzorrorojo.com\/wp-content\/uploads\/2024\/01\/COVER_Dsp_olas_WEB.jpg","contentUrl":"https:\/\/librosdelzorrorojo.com\/wp-content\/uploads\/2024\/01\/COVER_Dsp_olas_WEB.jpg","width":850,"height":1423,"caption":"COVER Dsp olas WEB"},{"@type":"BreadcrumbList","@id":"https:\/\/librosdelzorrorojo.com\/ca\/cataleg\/despues-de-las-olas\/#breadcrumb","itemListElement":[{"@type":"ListItem","position":1,"name":"Portada","item":"https:\/\/librosdelzorrorojo.com\/ca\/"},{"@type":"ListItem","position":2,"name":"Cat\u00e0leg","item":"https:\/\/librosdelzorrorojo.com\/ca\/cataleg\/"},{"@type":"ListItem","position":3,"name":"Despu\u00e9s de las olas"}]},{"@type":"WebSite","@id":"https:\/\/librosdelzorrorojo.com\/#website","url":"https:\/\/librosdelzorrorojo.com\/","name":"Libros del Zorro Rojo","description":"Libros ilustrados","potentialAction":[{"@type":"SearchAction","target":{"@type":"EntryPoint","urlTemplate":"https:\/\/librosdelzorrorojo.com\/?s={search_term_string}"},"query-input":{"@type":"PropertyValueSpecification","valueRequired":true,"valueName":"search_term_string"}}],"inLanguage":"ca"}]}},"_links":{"self":[{"href":"https:\/\/librosdelzorrorojo.com\/ca\/wp-json\/wp\/v2\/product\/27177","targetHints":{"allow":["GET"]}}],"collection":[{"href":"https:\/\/librosdelzorrorojo.com\/ca\/wp-json\/wp\/v2\/product"}],"about":[{"href":"https:\/\/librosdelzorrorojo.com\/ca\/wp-json\/wp\/v2\/types\/product"}],"wp:featuredmedia":[{"embeddable":true,"href":"https:\/\/librosdelzorrorojo.com\/ca\/wp-json\/wp\/v2\/media\/27168"}],"wp:attachment":[{"href":"https:\/\/librosdelzorrorojo.com\/ca\/wp-json\/wp\/v2\/media?parent=27177"}],"wp:term":[{"taxonomy":"product_brand","embeddable":true,"href":"https:\/\/librosdelzorrorojo.com\/ca\/wp-json\/wp\/v2\/product_brand?post=27177"},{"taxonomy":"product_cat","embeddable":true,"href":"https:\/\/librosdelzorrorojo.com\/ca\/wp-json\/wp\/v2\/product_cat?post=27177"},{"taxonomy":"product_tag","embeddable":true,"href":"https:\/\/librosdelzorrorojo.com\/ca\/wp-json\/wp\/v2\/product_tag?post=27177"}],"curies":[{"name":"wp","href":"https:\/\/api.w.org\/{rel}","templated":true}]}}